{"id":12,"date":"2013-03-29T15:26:39","date_gmt":"2013-03-29T15:26:39","guid":{"rendered":"http:\/\/bluecoronaclients.com\/dev\/abeslimo\/?page_id=12"},"modified":"2025-05-13T11:22:25","modified_gmt":"2025-05-13T15:22:25","slug":"blog","status":"publish","type":"page","link":"https:\/\/www.fredastaire.com\/barcelona\/ca\/blog\/","title":{"rendered":"Entra. Relaxa't. Llegeix. Balla!"},"content":{"rendered":"\t\t<div data-elementor-type=\"wp-page\" data-elementor-id=\"12\" class=\"elementor elementor-12\" data-elementor-settings=\"{&quot;ha_cmc_init_switcher&quot;:&quot;no&quot;}\" data-elementor-post-type=\"page\">\n\t\t\t\t\t\t<section class=\"elementor-section elementor-top-section elementor-element elementor-element-6ad4332 elementor-section-height-min-height elementor-section-boxed elementor-section-height-default elementor-section-items-middle\" data-id=\"6ad4332\" data-element_type=\"section\" data-e-type=\"section\" data-settings=\"{&quot;background_background&quot;:&quot;classic&quot;,&quot;_ha_eqh_enable&quot;:false}\">\n\t\t\t\t\t\t\t<div class=\"elementor-background-overlay\"><\/div>\n\t\t\t\t\t\t\t<div class=\"elementor-container elementor-column-gap-default\">\n\t\t\t\t\t<div class=\"elementor-column elementor-col-100 elementor-top-column elementor-element elementor-element-b68126f\" data-id=\"b68126f\" data-element_type=\"column\" data-e-type=\"column\">\n\t\t\t<div class=\"elementor-widget-wrap elementor-element-populated\">\n\t\t\t\t\t\t<div class=\"elementor-element elementor-element-65a307d2 elementor-widget elementor-widget-heading\" data-id=\"65a307d2\" data-element_type=\"widget\" data-e-type=\"widget\" data-widget_type=\"heading.default\">\n\t\t\t\t<div class=\"elementor-widget-container\">\n\t\t\t\t\t<h2 class=\"elementor-heading-title elementor-size-default\">Dance Blog<\/h2>\t\t\t\t<\/div>\n\t\t\t\t<\/div>\n\t\t\t\t\t<\/div>\n\t\t<\/div>\n\t\t\t\t\t<\/div>\n\t\t<\/section>\n\t\t\t\t<section class=\"elementor-section elementor-top-section elementor-element elementor-element-3b3d52f elementor-section-boxed elementor-section-height-default elementor-section-height-default\" data-id=\"3b3d52f\" data-element_type=\"section\" data-e-type=\"section\" data-settings=\"{&quot;_ha_eqh_enable&quot;:false}\">\n\t\t\t\t\t\t<div class=\"elementor-container elementor-column-gap-default\">\n\t\t\t\t\t<div class=\"elementor-column elementor-col-100 elementor-top-column elementor-element elementor-element-39e91029\" data-id=\"39e91029\" data-element_type=\"column\" data-e-type=\"column\">\n\t\t\t<div class=\"elementor-widget-wrap elementor-element-populated\">\n\t\t\t\t\t\t<div class=\"elementor-element elementor-element-614c62b7 elementor-widget elementor-widget-heading\" data-id=\"614c62b7\" data-element_type=\"widget\" data-e-type=\"widget\" data-widget_type=\"heading.default\">\n\t\t\t\t<div class=\"elementor-widget-container\">\n\t\t\t\t\t<h2 class=\"elementor-heading-title elementor-size-default\">Step In. Kick Back. Read Up. Dance On!<\/h2>\t\t\t\t<\/div>\n\t\t\t\t<\/div>\n\t\t<div class=\"elementor-element elementor-element-0dc0c82 e-flex e-con-boxed e-con e-parent\" data-id=\"0dc0c82\" data-element_type=\"container\" data-e-type=\"container\" data-settings=\"{&quot;_ha_eqh_enable&quot;:false}\">\n\t\t\t\t\t<div class=\"e-con-inner\">\n\t\t<div class=\"elementor-element elementor-element-6d3a6a5 e-con-full e-flex e-con e-child\" data-id=\"6d3a6a5\" data-element_type=\"container\" data-e-type=\"container\" data-settings=\"{&quot;_ha_eqh_enable&quot;:false}\">\n\t\t\t\t<div class=\"elementor-element elementor-element-2a68677 elementor-widget elementor-widget-ucaddon_post_list\" data-id=\"2a68677\" data-element_type=\"widget\" data-e-type=\"widget\" data-widget_type=\"ucaddon_post_list.default\">\n\t\t\t\t<div class=\"elementor-widget-container\">\n\t\t\t\t\t\n<!-- start Post List -->\n\t\t<link id='font-awesome-css' href='https:\/\/www.fredastaire.com\/barcelona\/wp-content\/plugins\/unlimited-elements-for-elementor-premium\/assets_libraries\/font-awesome6\/fontawesome-all.min.css' type='text\/css' rel='stylesheet' >\n\t\t<link id='font-awesome-4-shim-css' href='https:\/\/www.fredastaire.com\/barcelona\/wp-content\/plugins\/unlimited-elements-for-elementor-premium\/assets_libraries\/font-awesome6\/fontawesome-v4-shims.min.css' type='text\/css' rel='stylesheet' >\n\n<style>\/* widget: Post List *\/\n\n\n\n#uc_post_list_elementor_2a68677\n{\n  display:grid;\n}\n\n\n#uc_post_list_elementor_2a68677 .uc_post_list_image div\n{\n  background-size:cover;\n  background-position:center;\n}\n\n\n.uc_post_list .uc_post_list_box{\n\tposition: relative;\n\toverflow: hidden;\n\tdisplay: flex;\n}\n\n#uc_post_list_elementor_2a68677 .uc_post_list_image\n{\n  flex-grow:0;\n  flex-shrink:0;\n}\n\n#uc_post_list_elementor_2a68677 .uc_post_list_image img\n{\n  width:100%;\n  display:block;\n  transition:0.3s;\n  \n}\n\n\n.uc_post_list_title a{\n\tcolor: #333333;\n}\n.uc_post_list_date{\n\tfont-size: 12px;\n}\n\n#uc_post_list_elementor_2a68677 .uc_post_list_content\n{\n  display:flex;\n  flex-direction:column;\n  flex:1;\n}\n\n#uc_post_list_elementor_2a68677 .uc_more_btn{\n\n  text-align:center;\n  text-decoration:none;\n  transition:0.3s;\n}\n\n#uc_post_list_elementor_2a68677 .button-on-side\n{\n  display:flex;\n  align-items:center;\n}\n\n\n.ue-grid-item-category a\n{\n  display:inline-block;\n  font-size:10px;\n  text-transform:uppercase;\n}\n\n#uc_post_list_elementor_2a68677 .ue-meta-data\n{\n  \n  display:flex;\n\n  flex-wrap: wrap;\n  line-height:1em;\n}\n\n#uc_post_list_elementor_2a68677 .ue-grid-item-meta-data\n{\n      display:inline-flex;\n      align-items:center;\n}\n\n.ue-grid-item-meta-data\n{\n  font-size:12px;\n}\n\n#uc_post_list_elementor_2a68677 .ue-grid-item-meta-data-icon\n{\n  line-height:1em;\n}\n\n#uc_post_list_elementor_2a68677 .ue-grid-item-meta-data-icon svg\n{\n  width:1em;\n  height:1em;\n}\n\n\n\n#uc_post_list_elementor_2a68677 .ue-debug-meta\n{\n  padding:10px;\n  border:1px solid red;\n  position:relative;\n  line-height:1.5em;\n  font-size:11px;\n  width:100%;\n}\n\n.uc-remote-parent .uc_post_list_box{\n\tcursor:pointer;\n}\n\n#uc_post_list_elementor_2a68677 .ue-post-link-overlay\n{\n  display:block;\n  position:absolute;\n  top:0;\n  bottom:0;\n  right:0;\n  left:0;\n}\n\n<\/style>\n\n<div class=\"uc_post_list uc-items-wrapper \" id=\"uc_post_list_elementor_2a68677\"  >    \t\n  <div class=\"uc_post_list_box\">\n    \n  \t    <div class=\"uc_post_list_image\">\n      <a href=\"https:\/\/www.fredastaire.com\/barcelona\/ca\/blog\/featured-blog\/se-puede-bailar-salsa-en-barcelona\/\" title=\"\u00bfSe puede bailar salsa en Barcelona?\" target=\"_self\">\n          \n            <img decoding=\"async\" src=\"https:\/\/www.fredastaire.com\/barcelona\/wp-content\/uploads\/sites\/520\/2026\/05\/CS-BLOG-POSTS-4-1024x1024.jpg\"  src=\"https:\/\/www.fredastaire.com\/barcelona\/wp-content\/uploads\/sites\/520\/2026\/05\/CS-BLOG-POSTS-4-1024x1024.jpg\" alt=\"CS - BLOG POSTS (4)\" width=\"1024\" height=\"1024\">\n        \t\n        \n      <\/a>\n    <\/div>\n  \t\t\n  \n    <div class=\"uc_post_list_content\">\n      <div class=\"uc_post_list_content_inside\">\n        \n                        \n         <div class=\"uc_post_list_title\"><a target=\"_self\" href=\"https:\/\/www.fredastaire.com\/barcelona\/ca\/blog\/featured-blog\/se-puede-bailar-salsa-en-barcelona\/\" title=\"\u00bfSe puede bailar salsa en Barcelona?\">\u00bfSe puede bailar salsa en Barcelona?<\/a><\/div>\t\n         \n        <div class=\"ue-meta-data\">\n            <div class=\"ue-grid-item-meta-data\"><span class=\"ue-grid-item-meta-data-icon\"><i class='fas fa-calendar-week'><\/i><\/span>  maig 7, 2026<\/div>                                   \n            \n          \n                        \n            \n                        \n                        \n            \n              \n          <\/div>         \n                \n         <div class=\"uc_post_content\">Si alguna vez te lo has preguntado, la respuesta es s\u00ed. Bailar salsa en Barcelona es una experiencia...<\/div>        \n                 \t        \n           <a target=\"_self\" href='https:\/\/www.fredastaire.com\/barcelona\/ca\/blog\/featured-blog\/se-puede-bailar-salsa-en-barcelona\/' class=\"uc_more_btn elementor-animation-grow \" title=\"\">Read More<\/a>\n              \n                 \n      <\/div>\n    <\/div>\n     \n       \n  \n   <\/div>\n\n<\/div>\n\n\n  <div id=\"uc_post_list_elementor_2a68677_empty_message\" class=\"ue-no-posts-found\"  style=\"display:none\" >No posts found<\/div>\n\n\n<!-- end Post List -->\t\t\t\t<\/div>\n\t\t\t\t<\/div>\n\t\t\t\t<\/div>\n\t\t<div class=\"elementor-element elementor-element-3dff499 e-con-full e-flex e-con e-child\" data-id=\"3dff499\" data-element_type=\"container\" data-e-type=\"container\" data-settings=\"{&quot;_ha_eqh_enable&quot;:false}\">\n\t\t\t\t<div class=\"elementor-element elementor-element-8f30dbb elementor-widget elementor-widget-heading\" data-id=\"8f30dbb\" data-element_type=\"widget\" data-e-type=\"widget\" data-widget_type=\"heading.default\">\n\t\t\t\t<div class=\"elementor-widget-container\">\n\t\t\t\t\t<h2 class=\"elementor-heading-title elementor-size-default\">Blog Categories<\/h2>\t\t\t\t<\/div>\n\t\t\t\t<\/div>\n\t\t\t\t<div class=\"elementor-element elementor-element-28bd8b6 elementor-widget elementor-widget-sidebar\" data-id=\"28bd8b6\" data-element_type=\"widget\" data-e-type=\"widget\" data-widget_type=\"sidebar.default\">\n\t\t\t\t<div class=\"elementor-widget-container\">\n\t\t\t\t\t<section id=\"block-2\" class=\"widget widget_block widget_categories\"><div class=\"wp-block-categories-dropdown wp-block-categories\"><label class=\"wp-block-categories__label\" for=\"wp-block-categories-1\">Categories<\/label><select  name='category_name' id='wp-block-categories-1' class='postform'>\n\t<option value='-1'>Selecciona Categoria<\/option>\n\t<option class=\"level-0\" value=\"april-fools-day\">April Fools Day<\/option>\n\t<option class=\"level-0\" value=\"ballroom-dances\">Ballroom Dances<\/option>\n\t<option class=\"level-0\" value=\"careers-in-dance\">Careers In Dance<\/option>\n\t<option class=\"level-0\" value=\"chinese-new-year\">Chinese New Year<\/option>\n\t<option class=\"level-0\" value=\"dance-competitions\">Dance Competitions<\/option>\n\t<option class=\"level-0\" value=\"dance-info-news-trends\">Dance Info, News &amp; Trends<\/option>\n\t<option class=\"level-0\" value=\"dance-lessons\">Dance Lessons<\/option>\n\t<option class=\"level-0\" value=\"during-your-dance-lesson\">During Your Dance Lesson<\/option>\n\t<option class=\"level-0\" value=\"fathers-day\">Fathers Day<\/option>\n\t<option class=\"level-0\" value=\"featured\">Featured<\/option>\n\t<option class=\"level-0\" value=\"featured-blog\">Featured Blog<\/option>\n\t<option class=\"level-0\" value=\"fred-astaire-fads-history\">Fred Astaire &amp; Fads History<\/option>\n\t<option class=\"level-0\" value=\"heart-health-month\">Heart Health Month<\/option>\n\t<option class=\"level-0\" value=\"holidays\">Holidays<\/option>\n\t<option class=\"level-0\" value=\"international-womens-day\">International Womens Day<\/option>\n\t<option class=\"level-0\" value=\"lifestyle-self-improvement\">Lifestyle &amp; Self Improvement<\/option>\n\t<option class=\"level-0\" value=\"march-madness\">march madness<\/option>\n\t<option class=\"level-0\" value=\"mental-health-month\">Mental Health Month<\/option>\n\t<option class=\"level-0\" value=\"most-popular\">Most Popular<\/option>\n\t<option class=\"level-0\" value=\"mothers-day\">mothers day<\/option>\n\t<option class=\"level-0\" value=\"nutrition-health\">Nutrition &amp; Health<\/option>\n\t<option class=\"level-0\" value=\"rhythm-timing\">Rhythm &amp; Timing<\/option>\n\t<option class=\"level-0\" value=\"romance-relationships\">Romance &amp; Relationships<\/option>\n\t<option class=\"level-0\" value=\"staying-young\">Staying Young<\/option>\n\t<option class=\"level-0\" value=\"stress-awareness-month\">Stress Awareness Month<\/option>\n\t<option class=\"level-0\" value=\"stress-relief\">Stress Relief<\/option>\n\t<option class=\"level-0\" value=\"uncategorized\">Uncategorized<\/option>\n\t<option class=\"level-0\" value=\"valentines-day\">Valentines Day<\/option>\n\t<option class=\"level-0\" value=\"world-cup-series\">World Cup Series<\/option>\n\t<option class=\"level-0\" value=\"your-wedding-dance\">Your Wedding Dance<\/option>\n<\/select><script>\n( ( [ dropdownId, homeUrl ] ) => {\n\t\tconst dropdown = document.getElementById( dropdownId );\n\t\tfunction onSelectChange() {\n\t\t\tsetTimeout( () => {\n\t\t\t\tif ( 'escape' === dropdown.dataset.lastkey ) {\n\t\t\t\t\treturn;\n\t\t\t\t}\n\t\t\t\tif ( dropdown.value && dropdown instanceof HTMLSelectElement ) {\n\t\t\t\t\tconst url = new URL( homeUrl );\n\t\t\t\t\turl.searchParams.set( dropdown.name, dropdown.value );\n\t\t\t\t\tlocation.href = url.href;\n\t\t\t\t}\n\t\t\t}, 250 );\n\t\t}\n\t\tfunction onKeyUp( event ) {\n\t\t\tif ( 'Escape' === event.key ) {\n\t\t\t\tdropdown.dataset.lastkey = 'escape';\n\t\t\t} else {\n\t\t\t\tdelete dropdown.dataset.lastkey;\n\t\t\t}\n\t\t}\n\t\tfunction onClick() {\n\t\t\tdelete dropdown.dataset.lastkey;\n\t\t}\n\t\tdropdown.addEventListener( 'keyup', onKeyUp );\n\t\tdropdown.addEventListener( 'click', onClick );\n\t\tdropdown.addEventListener( 'change', onSelectChange );\n\t} )( [\"wp-block-categories-1\",\"https:\/\/www.fredastaire.com\/barcelona\/ca\"] );\n\/\/# sourceURL=build_dropdown_script_block_core_categories\n<\/script>\n\n<\/div><\/section><section id=\"search-2\" class=\"widget widget_search\"><form role=\"search\" method=\"get\" class=\"search-form\" action=\"https:\/\/www.fredastaire.com\/barcelona\/ca\/\">\n\t\t\t\t<label>\n\t\t\t\t\t<span class=\"screen-reader-text\">Cerca:<\/span>\n\t\t\t\t\t<input type=\"search\" class=\"search-field\" placeholder=\"Cerca &hellip;\" value=\"\" name=\"s\" \/>\n\t\t\t\t<\/label>\n\t\t\t\t<input type=\"submit\" class=\"search-submit\" value=\"Cerca\" \/>\n\t\t\t<\/form><\/section>\n\t\t<section id=\"recent-posts-2\" class=\"widget widget_recent_entries\">\n\t\t<h2 class=\"widget-title\">Entrades recents<\/h2>\n\t\t<ul>\n\t\t\t\t\t\t\t\t\t\t\t<li>\n\t\t\t\t\t<a href=\"https:\/\/www.fredastaire.com\/barcelona\/ca\/blog\/dance-lessons\/empezar-a-bailar\/\">\u00bfA qu\u00e9 edad es demasiado tarde para empezar a bailar?<\/a>\n\t\t\t\t\t\t\t\t\t<\/li>\n\t\t\t\t\t\t\t\t\t\t\t<li>\n\t\t\t\t\t<a href=\"https:\/\/www.fredastaire.com\/barcelona\/ca\/blog\/ballroom-dances\/bailes-de-salon\/\">\u00bfQu\u00e9 bailes entran en bailes de sal\u00f3n?<\/a>\n\t\t\t\t\t\t\t\t\t<\/li>\n\t\t\t\t\t\t\t\t\t\t\t<li>\n\t\t\t\t\t<a href=\"https:\/\/www.fredastaire.com\/barcelona\/ca\/blog\/featured-blog\/se-puede-bailar-salsa-en-barcelona\/\">\u00bfSe puede bailar salsa en Barcelona?<\/a>\n\t\t\t\t\t\t\t\t\t<\/li>\n\t\t\t\t\t<\/ul>\n\n\t\t<\/section>\t\t\t\t<\/div>\n\t\t\t\t<\/div>\n\t\t\t\t<\/div>\n\t\t\t\t\t<\/div>\n\t\t\t\t<\/div>\n\t\t\t\t\t<\/div>\n\t\t<\/div>\n\t\t\t\t\t<\/div>\n\t\t<\/section>\n\t\t\t\t<section class=\"elementor-section elementor-top-section elementor-element elementor-element-16609971 elementor-section-boxed elementor-section-height-default elementor-section-height-default\" data-id=\"16609971\" data-element_type=\"section\" data-e-type=\"section\" data-settings=\"{&quot;background_background&quot;:&quot;classic&quot;,&quot;_ha_eqh_enable&quot;:false}\">\n\t\t\t\t\t\t<div class=\"elementor-container elementor-column-gap-default\">\n\t\t\t\t\t<div class=\"elementor-column elementor-col-100 elementor-top-column elementor-element elementor-element-73413243\" data-id=\"73413243\" data-element_type=\"column\" data-e-type=\"column\">\n\t\t\t<div class=\"elementor-widget-wrap elementor-element-populated\">\n\t\t\t\t\t\t<div class=\"elementor-element elementor-element-58f47014 ha-has-bg-overlay elementor-widget elementor-widget-heading\" data-id=\"58f47014\" data-element_type=\"widget\" data-e-type=\"widget\" data-widget_type=\"heading.default\">\n\t\t\t\t<div class=\"elementor-widget-container\">\n\t\t\t\t\t<h2 class=\"elementor-heading-title elementor-size-default\">Latest Blogs<\/h2>\t\t\t\t<\/div>\n\t\t\t\t<\/div>\n\t\t\t\t<div class=\"elementor-element elementor-element-3b8ab971 elementor-grid-3 elementor-grid-tablet-2 elementor-grid-mobile-1 elementor-posts--thumbnail-top elementor-card-shadow-yes elementor-posts__hover-gradient elementor-widget elementor-widget-posts\" data-id=\"3b8ab971\" data-element_type=\"widget\" data-e-type=\"widget\" data-settings=\"{&quot;pagination_type&quot;:&quot;prev_next&quot;,&quot;cards_columns&quot;:&quot;3&quot;,&quot;cards_columns_tablet&quot;:&quot;2&quot;,&quot;cards_columns_mobile&quot;:&quot;1&quot;,&quot;cards_row_gap&quot;:{&quot;unit&quot;:&quot;px&quot;,&quot;size&quot;:35,&quot;sizes&quot;:[]},&quot;cards_row_gap_laptop&quot;:{&quot;unit&quot;:&quot;px&quot;,&quot;size&quot;:&quot;&quot;,&quot;sizes&quot;:[]},&quot;cards_row_gap_tablet&quot;:{&quot;unit&quot;:&quot;px&quot;,&quot;size&quot;:&quot;&quot;,&quot;sizes&quot;:[]},&quot;cards_row_gap_mobile&quot;:{&quot;unit&quot;:&quot;px&quot;,&quot;size&quot;:&quot;&quot;,&quot;sizes&quot;:[]}}\" data-widget_type=\"posts.cards\">\n\t\t\t\t<div class=\"elementor-widget-container\">\n\t\t\t\t\t\t\t<div class=\"elementor-posts-container elementor-posts elementor-posts--skin-cards elementor-grid\" role=\"list\">\n\t\t\t\t<article class=\"elementor-post elementor-grid-item post-8202 post type-post status-publish format-standard has-post-thumbnail hentry category-dance-lessons\" role=\"listitem\">\n\t\t\t<div class=\"elementor-post__card\">\n\t\t\t\t<a class=\"elementor-post__thumbnail__link\" href=\"https:\/\/www.fredastaire.com\/barcelona\/ca\/blog\/dance-lessons\/empezar-a-bailar\/\" tabindex=\"-1\" ><div class=\"elementor-post__thumbnail\"><img decoding=\"async\" width=\"300\" height=\"300\" src=\"https:\/\/www.fredastaire.com\/barcelona\/wp-content\/uploads\/sites\/520\/2026\/05\/CS-BLOG-POSTS-6-300x300.jpg\" class=\"attachment-medium size-medium wp-image-8211\" alt=\"\" srcset=\"https:\/\/www.fredastaire.com\/barcelona\/wp-content\/uploads\/sites\/520\/2026\/05\/CS-BLOG-POSTS-6-300x300.jpg 300w, https:\/\/www.fredastaire.com\/barcelona\/wp-content\/uploads\/sites\/520\/2026\/05\/CS-BLOG-POSTS-6-1024x1024.jpg 1024w, https:\/\/www.fredastaire.com\/barcelona\/wp-content\/uploads\/sites\/520\/2026\/05\/CS-BLOG-POSTS-6-150x150.jpg 150w, https:\/\/www.fredastaire.com\/barcelona\/wp-content\/uploads\/sites\/520\/2026\/05\/CS-BLOG-POSTS-6-768x768.jpg 768w, https:\/\/www.fredastaire.com\/barcelona\/wp-content\/uploads\/sites\/520\/2026\/05\/CS-BLOG-POSTS-6-12x12.jpg 12w, https:\/\/www.fredastaire.com\/barcelona\/wp-content\/uploads\/sites\/520\/2026\/05\/CS-BLOG-POSTS-6-600x600.jpg 600w, https:\/\/www.fredastaire.com\/barcelona\/wp-content\/uploads\/sites\/520\/2026\/05\/CS-BLOG-POSTS-6-100x100.jpg 100w, https:\/\/www.fredastaire.com\/barcelona\/wp-content\/uploads\/sites\/520\/2026\/05\/CS-BLOG-POSTS-6.jpg 1080w\" sizes=\"(max-width: 300px) 100vw, 300px\" \/><\/div><\/a>\n\t\t\t\t<div class=\"elementor-post__text\">\n\t\t\t\t<h3 class=\"elementor-post__title\">\n\t\t\t<a href=\"https:\/\/www.fredastaire.com\/barcelona\/ca\/blog\/dance-lessons\/empezar-a-bailar\/\" >\n\t\t\t\t\u00bfA qu\u00e9 edad es demasiado tarde para empezar a bailar?\t\t\t<\/a>\n\t\t<\/h3>\n\t\t\t\t<div class=\"elementor-post__excerpt\">\n\t\t\t<p>En realidad, no existe una edad &#8216;demasiado tarde&#8217; para empezar a bailar. No importa si tienes 20, 30, 50 o m\u00e1s. El baile no tiene fecha de caducidad. Lo \u00fanico que cambia con la edad no es si puedes empezar\u2026 sino c\u00f3mo empiezas.  <\/p>\n\t\t<\/div>\n\t\t\n\t\t<a class=\"elementor-post__read-more\" href=\"https:\/\/www.fredastaire.com\/barcelona\/ca\/blog\/dance-lessons\/empezar-a-bailar\/\" aria-label=\"Read more about \u00bfA qu\u00e9 edad es demasiado tarde para empezar a bailar?\" tabindex=\"-1\" >\n\t\t\tRead More \u00bb\t\t<\/a>\n\n\t\t\t\t<\/div>\n\t\t\t\t<div class=\"elementor-post__meta-data\">\n\t\t\t\t\t<span class=\"elementor-post-date\">\n\t\t\tmaig 7, 2026\t\t<\/span>\n\t\t\t\t<\/div>\n\t\t\t\t\t<\/div>\n\t\t<\/article>\n\t\t\t\t<article class=\"elementor-post elementor-grid-item post-8203 post type-post status-publish format-standard has-post-thumbnail hentry category-ballroom-dances\" role=\"listitem\">\n\t\t\t<div class=\"elementor-post__card\">\n\t\t\t\t<a class=\"elementor-post__thumbnail__link\" href=\"https:\/\/www.fredastaire.com\/barcelona\/ca\/blog\/ballroom-dances\/bailes-de-salon\/\" tabindex=\"-1\" ><div class=\"elementor-post__thumbnail\"><img loading=\"lazy\" decoding=\"async\" width=\"300\" height=\"300\" src=\"https:\/\/www.fredastaire.com\/barcelona\/wp-content\/uploads\/sites\/520\/2026\/05\/CS-BLOG-POSTS-5-300x300.jpg\" class=\"attachment-medium size-medium wp-image-8209\" alt=\"\" srcset=\"https:\/\/www.fredastaire.com\/barcelona\/wp-content\/uploads\/sites\/520\/2026\/05\/CS-BLOG-POSTS-5-300x300.jpg 300w, https:\/\/www.fredastaire.com\/barcelona\/wp-content\/uploads\/sites\/520\/2026\/05\/CS-BLOG-POSTS-5-1024x1024.jpg 1024w, https:\/\/www.fredastaire.com\/barcelona\/wp-content\/uploads\/sites\/520\/2026\/05\/CS-BLOG-POSTS-5-150x150.jpg 150w, https:\/\/www.fredastaire.com\/barcelona\/wp-content\/uploads\/sites\/520\/2026\/05\/CS-BLOG-POSTS-5-768x768.jpg 768w, https:\/\/www.fredastaire.com\/barcelona\/wp-content\/uploads\/sites\/520\/2026\/05\/CS-BLOG-POSTS-5-12x12.jpg 12w, https:\/\/www.fredastaire.com\/barcelona\/wp-content\/uploads\/sites\/520\/2026\/05\/CS-BLOG-POSTS-5-600x600.jpg 600w, https:\/\/www.fredastaire.com\/barcelona\/wp-content\/uploads\/sites\/520\/2026\/05\/CS-BLOG-POSTS-5-100x100.jpg 100w, https:\/\/www.fredastaire.com\/barcelona\/wp-content\/uploads\/sites\/520\/2026\/05\/CS-BLOG-POSTS-5.jpg 1080w\" sizes=\"(max-width: 300px) 100vw, 300px\" \/><\/div><\/a>\n\t\t\t\t<div class=\"elementor-post__text\">\n\t\t\t\t<h3 class=\"elementor-post__title\">\n\t\t\t<a href=\"https:\/\/www.fredastaire.com\/barcelona\/ca\/blog\/ballroom-dances\/bailes-de-salon\/\" >\n\t\t\t\t\u00bfQu\u00e9 bailes entran en bailes de sal\u00f3n?\t\t\t<\/a>\n\t\t<\/h3>\n\t\t\t\t<div class=\"elementor-post__excerpt\">\n\t\t\t<p>Cuando la gente habla de bailes de sal\u00f3n, muchas veces imagina parejas elegantes desliz\u00e1ndose por una pista al ritmo de un vals. Pero la realidad es mucho m\u00e1s rica y variada.<\/p>\n\t\t<\/div>\n\t\t\n\t\t<a class=\"elementor-post__read-more\" href=\"https:\/\/www.fredastaire.com\/barcelona\/ca\/blog\/ballroom-dances\/bailes-de-salon\/\" aria-label=\"Read more about \u00bfQu\u00e9 bailes entran en bailes de sal\u00f3n?\" tabindex=\"-1\" >\n\t\t\tRead More \u00bb\t\t<\/a>\n\n\t\t\t\t<\/div>\n\t\t\t\t<div class=\"elementor-post__meta-data\">\n\t\t\t\t\t<span class=\"elementor-post-date\">\n\t\t\tmaig 7, 2026\t\t<\/span>\n\t\t\t\t<\/div>\n\t\t\t\t\t<\/div>\n\t\t<\/article>\n\t\t\t\t<article class=\"elementor-post elementor-grid-item post-8204 post type-post status-publish format-standard has-post-thumbnail hentry category-featured-blog\" role=\"listitem\">\n\t\t\t<div class=\"elementor-post__card\">\n\t\t\t\t<a class=\"elementor-post__thumbnail__link\" href=\"https:\/\/www.fredastaire.com\/barcelona\/ca\/blog\/featured-blog\/se-puede-bailar-salsa-en-barcelona\/\" tabindex=\"-1\" ><div class=\"elementor-post__thumbnail\"><img loading=\"lazy\" decoding=\"async\" width=\"300\" height=\"300\" src=\"https:\/\/www.fredastaire.com\/barcelona\/wp-content\/uploads\/sites\/520\/2026\/05\/CS-BLOG-POSTS-4-300x300.jpg\" class=\"attachment-medium size-medium wp-image-8206\" alt=\"\" srcset=\"https:\/\/www.fredastaire.com\/barcelona\/wp-content\/uploads\/sites\/520\/2026\/05\/CS-BLOG-POSTS-4-300x300.jpg 300w, https:\/\/www.fredastaire.com\/barcelona\/wp-content\/uploads\/sites\/520\/2026\/05\/CS-BLOG-POSTS-4-1024x1024.jpg 1024w, https:\/\/www.fredastaire.com\/barcelona\/wp-content\/uploads\/sites\/520\/2026\/05\/CS-BLOG-POSTS-4-150x150.jpg 150w, https:\/\/www.fredastaire.com\/barcelona\/wp-content\/uploads\/sites\/520\/2026\/05\/CS-BLOG-POSTS-4-768x768.jpg 768w, https:\/\/www.fredastaire.com\/barcelona\/wp-content\/uploads\/sites\/520\/2026\/05\/CS-BLOG-POSTS-4-12x12.jpg 12w, https:\/\/www.fredastaire.com\/barcelona\/wp-content\/uploads\/sites\/520\/2026\/05\/CS-BLOG-POSTS-4-600x600.jpg 600w, https:\/\/www.fredastaire.com\/barcelona\/wp-content\/uploads\/sites\/520\/2026\/05\/CS-BLOG-POSTS-4-100x100.jpg 100w, https:\/\/www.fredastaire.com\/barcelona\/wp-content\/uploads\/sites\/520\/2026\/05\/CS-BLOG-POSTS-4.jpg 1080w\" sizes=\"(max-width: 300px) 100vw, 300px\" \/><\/div><\/a>\n\t\t\t\t<div class=\"elementor-post__text\">\n\t\t\t\t<h3 class=\"elementor-post__title\">\n\t\t\t<a href=\"https:\/\/www.fredastaire.com\/barcelona\/ca\/blog\/featured-blog\/se-puede-bailar-salsa-en-barcelona\/\" >\n\t\t\t\t\u00bfSe puede bailar salsa en Barcelona?\t\t\t<\/a>\n\t\t<\/h3>\n\t\t\t\t<div class=\"elementor-post__excerpt\">\n\t\t\t<p>Si alguna vez te lo has preguntado, la respuesta es s\u00ed. Bailar salsa en Barcelona es una experiencia que pocas ciudades europeas pueden igualar: hay m\u00fasica, eventos, locales y una comunidad de bailarines que no para de crecer.<\/p>\n\t\t<\/div>\n\t\t\n\t\t<a class=\"elementor-post__read-more\" href=\"https:\/\/www.fredastaire.com\/barcelona\/ca\/blog\/featured-blog\/se-puede-bailar-salsa-en-barcelona\/\" aria-label=\"Read more about \u00bfSe puede bailar salsa en Barcelona?\" tabindex=\"-1\" >\n\t\t\tRead More \u00bb\t\t<\/a>\n\n\t\t\t\t<\/div>\n\t\t\t\t<div class=\"elementor-post__meta-data\">\n\t\t\t\t\t<span class=\"elementor-post-date\">\n\t\t\tmaig 7, 2026\t\t<\/span>\n\t\t\t\t<\/div>\n\t\t\t\t\t<\/div>\n\t\t<\/article>\n\t\t\t\t<\/div>\n\t\t\n\t\t\t\t\t\t<\/div>\n\t\t\t\t<\/div>\n\t\t\t\t\t<\/div>\n\t\t<\/div>\n\t\t\t\t\t<\/div>\n\t\t<\/section>\n\t\t\t\t<\/div>\n\t\t","protected":false},"excerpt":{"rendered":"<p>Bloc de dansa Entra. Relaxa&#039;t. Llegeix. Balla! Ter\u00e0pia r\u00edtmica: els beneficis per a la salut mental del ball de sal\u00f3 - Mes de la salut mental 10 de maig de 2023 Descobreix com el ball de sal\u00f3 pot millorar la salut mental. Des de reduir l&#039;estr\u00e8s fins a millorar les habilitats cognitives,... Llegeix m\u00e9s No s&#039;han trobat publicacions Categories del bloc \u00daltims blocs<\/p>","protected":false},"author":2,"featured_media":0,"parent":0,"menu_order":0,"comment_status":"closed","ping_status":"closed","template":"","meta":{"_acf_changed":false,"footnotes":""},"class_list":["post-12","page","type-page","status-publish","hentry"],"acf":[],"_links":{"self":[{"href":"https:\/\/www.fredastaire.com\/barcelona\/ca\/wp-json\/wp\/v2\/pages\/12","targetHints":{"allow":["GET"]}}],"collection":[{"href":"https:\/\/www.fredastaire.com\/barcelona\/ca\/wp-json\/wp\/v2\/pages"}],"about":[{"href":"https:\/\/www.fredastaire.com\/barcelona\/ca\/wp-json\/wp\/v2\/types\/page"}],"author":[{"embeddable":true,"href":"https:\/\/www.fredastaire.com\/barcelona\/ca\/wp-json\/wp\/v2\/users\/2"}],"replies":[{"embeddable":true,"href":"https:\/\/www.fredastaire.com\/barcelona\/ca\/wp-json\/wp\/v2\/comments?post=12"}],"version-history":[{"count":0,"href":"https:\/\/www.fredastaire.com\/barcelona\/ca\/wp-json\/wp\/v2\/pages\/12\/revisions"}],"wp:attachment":[{"href":"https:\/\/www.fredastaire.com\/barcelona\/ca\/wp-json\/wp\/v2\/media?parent=12"}],"curies":[{"name":"wp","href":"https:\/\/api.w.org\/{rel}","templated":true}]}}