{"id":5759,"date":"2019-03-28T07:12:09","date_gmt":"2019-03-28T11:12:09","guid":{"rendered":"https:\/\/www.fredastaire.com\/barcelona\/?page_id=5759"},"modified":"2025-11-19T18:19:54","modified_gmt":"2025-11-19T23:19:54","slug":"argentine-tango","status":"publish","type":"page","link":"https:\/\/www.fredastaire.com\/barcelona\/ca\/argentine-tango\/","title":{"rendered":"Tango Argent\u00ed"},"content":{"rendered":"<div data-elementor-type=\"wp-page\" data-elementor-id=\"5759\" class=\"elementor elementor-5759\" data-elementor-settings=\"{&quot;ha_cmc_init_switcher&quot;:&quot;no&quot;}\" data-elementor-post-type=\"page\">\n\t\t\t\t\t\t<section class=\"elementor-section elementor-top-section elementor-element elementor-element-7173fd58 elementor-section-height-min-height elementor-section-boxed elementor-section-height-default elementor-section-items-middle\" data-id=\"7173fd58\" data-element_type=\"section\" data-e-type=\"section\" data-settings=\"{&quot;background_background&quot;:&quot;classic&quot;,&quot;_ha_eqh_enable&quot;:false}\">\n\t\t\t\t\t\t<div class=\"elementor-container elementor-column-gap-default\">\n\t\t\t\t\t<div class=\"elementor-column elementor-col-100 elementor-top-column elementor-element elementor-element-62430d83\" data-id=\"62430d83\" data-element_type=\"column\" data-e-type=\"column\">\n\t\t\t<div class=\"elementor-widget-wrap\">\n\t\t\t\t\t\t\t<\/div>\n\t\t<\/div>\n\t\t\t\t\t<\/div>\n\t\t<\/section>\n\t\t\t\t<section class=\"elementor-section elementor-top-section elementor-element elementor-element-5eba56bc elementor-section-boxed elementor-section-height-default elementor-section-height-default\" data-id=\"5eba56bc\" data-element_type=\"section\" data-e-type=\"section\" data-settings=\"{&quot;_ha_eqh_enable&quot;:false}\">\n\t\t\t\t\t\t<div class=\"elementor-container elementor-column-gap-default\">\n\t\t\t\t\t<div class=\"elementor-column elementor-col-50 elementor-top-column elementor-element elementor-element-12c872e1\" data-id=\"12c872e1\" data-element_type=\"column\" data-e-type=\"column\">\n\t\t\t<div class=\"elementor-widget-wrap elementor-element-populated\">\n\t\t\t\t\t\t<div class=\"elementor-element elementor-element-1545b550 elementor-widget elementor-widget-heading\" data-id=\"1545b550\" data-element_type=\"widget\" data-e-type=\"widget\" data-widget_type=\"heading.default\">\n\t\t\t\t<div class=\"elementor-widget-container\">\n\t\t\t\t\t<h1 class=\"elementor-heading-title elementor-size-default\">l'Aut\u00e8ntic Tango Argent\u00ed<\/h1>\t\t\t\t<\/div>\n\t\t\t\t<\/div>\n\t\t\t\t<div class=\"elementor-element elementor-element-1a7175c1 elementor-widget__width-inherit elementor-widget elementor-widget-text-editor\" data-id=\"1a7175c1\" data-element_type=\"widget\" data-e-type=\"widget\" data-widget_type=\"text-editor.default\">\n\t\t\t\t<div class=\"elementor-widget-container\">\n\t\t\t\t\t\t\t\t\t<p>Hi ha moltes llegendes i hist\u00f2ries sobre els or\u00edgens i el desenvolupament del Tango. El Tango \u00e9s un ball i un estil musical que es va originar a Buenos Aires (Argentina) a finals del segle XIX i principis del XX, desenvolupat en el gresol de cultures que era la ciutat en aquell moment. En aquella \u00e8poca, la paraula \"tango\" s\u2019utilitzava per descriure diversos tipus de m\u00fasica i de ball.<\/p>\n<p>Els or\u00edgens exactes del Tango \u2014tant el ball com la paraula en si\u2014 es perden en el mite i en una una hist\u00f2ria no documentada. La teoria generalment acceptada \u00e9s que a mitjans del segle XIX, es van portar esclaus africans a l'Argentina i van comen\u00e7ar a influir en la cultura local. La paraula \u201ctango\u201d pot ser directament d'origen afric\u00e0, que significa \u201clloc tancat\u201d o \u201cterreny reservat\u201d. O pot derivar del portugu\u00e8s (i del verb llat\u00ed tanguere, tocar) i va ser adquirida pels africans als vaixells. Sigui quin sigui el seu origen, la paraula \u201ctango\u201d va adquirir el significat est\u00e0ndard del lloc on els esclaus africans i altres es reunien per ballar.<\/p>\n<div class=\"read-more-text\">\n<p>El m\u00e9s probable \u00e9s que el Tango naix\u00e9s en els locals de ball Afro-Argentins freq\u00fcentats per \"compadritos\", joves, en la seva majoria natius i pobres, als quals els agradava vestir amb barrets d'ala ampla, mocadors solts i botes de tal\u00f3 alt amb ganivets ficats despreocupadament en el cintur\u00f3. Els \"compadritos\" van portar el Tango als Corrals Vells -el barri dels escorxadors de Buenos Aires- i el van introduir en diversos locals de mala mort on es ballava: bars, salons de ball i bordells. Va ser aqu\u00ed on els ritmes africans es van trobar amb la m\u00fasica de la milonga argentina (una polca de ritme r\u00e0pid) i aviat es van inventar i es van imposar nous passos.<\/p>\n<p>Amb el temps, tothom es va assabentar de l'exist\u00e8ncia del Tango i, a principis del segle XX, el Tango, com a ball i com a forma embrion\u00e0ria de m\u00fasica popular, s'havia afermat fermament a la seva ciutat natal. Aviat es va estendre a les ciutats de prov\u00edncies de l'Argentina i, a trav\u00e9s del Riu de la Plata, va arribar fins a Montevideo, la capital de l'Uruguai, on es va convertir en part de la cultura urbana tant com a Buenos Aires.<\/p>\n<p>La difusi\u00f3 mundial del Tango es va produir a comen\u00e7aments del segle XX, quan els fills de fam\u00edlies acomodades de la societat argentina van viatjar a Par\u00eds i van introduir el tango en una societat \u00e0vida d\u2019innovaci\u00f3 i no completament reticent a la naturalesa atrevida del ball ni a ballar amb joves llatinoamericans. Cap al 1913, el Tango s\u2019havia convertit en un fenomen internacional a Par\u00eds, Londres i Nova York. L\u2019elit argentina, que fins aleshores havia menyspreat el Tango, es va veure ara obligada a acceptar-lo amb orgull nacional.\nEl Tango es va estendre per tot el m\u00f3n durant les d\u00e8cades de 1920 i 1930 i va arribar a ser una expressi\u00f3 fonamental de la cultura argentina, amb l\u2019Edat d\u2019Or que va durar fins als anys 40 i 50. La recuperaci\u00f3 actual va comen\u00e7ar a principis dels anys 80, quan l\u2019espectacle Tango Argentino va rec\u00f3rrer el m\u00f3n, creant una versi\u00f3 deslumbrant del Tango que, diuen, va estimular el seu ressorgiment als EE.\u202fUU., Europa i Jap\u00f3.\nL\u2019any 2008 es va viure novament un per\u00edode de renovaci\u00f3, amb tensi\u00f3 entre l'estil internacional i l\u2019argent\u00ed, entre el desig de recrear l\u2019Edat d\u2019Or i el de evolucionar-lo a la llum de la cultura i els valors moderns. Avui dia existeix una explosi\u00f3 d\u2019inter\u00e8s a tot el m\u00f3n, amb llocs per ballar a moltes ciutats i pobles, i un circuit creixent de festivals internacionals.<\/p>\n<p>Si est\u00e0s buscant un nou hobby, una manera de connectar amb la teva parella, vols millorar la teva vida social, o vols portar les teves habilitats de ball al seg\u00fcent nivell, Fred Astaire Dance Studios Barcelona et far\u00e0 ballar amb confian\u00e7a\u2026 i gaudir des de la teva primera classe!<\/p>\n<\/div>\t\t\t\t\t\t\t\t<\/div>\n\t\t\t\t<\/div>\n\t\t\t\t<div class=\"elementor-element elementor-element-5ee0a17a elementor-widget elementor-widget-video\" data-id=\"5ee0a17a\" data-element_type=\"widget\" data-e-type=\"widget\" data-settings=\"{&quot;youtube_url&quot;:&quot;https:\\\/\\\/youtu.be\\\/MUw0cBwUuI8&quot;,&quot;video_type&quot;:&quot;youtube&quot;,&quot;controls&quot;:&quot;yes&quot;}\" data-widget_type=\"video.default\">\n\t\t\t\t<div class=\"elementor-widget-container\">\n\t\t\t\t\t\t\t<div class=\"elementor-wrapper elementor-open-inline\">\n\t\t\t<div class=\"elementor-video\"><\/div>\t\t<\/div>\n\t\t\t\t\t\t<\/div>\n\t\t\t\t<\/div>\n\t\t\t\t\t<\/div>\n\t\t<\/div>\n\t\t\t\t<div class=\"elementor-column elementor-col-50 elementor-top-column elementor-element elementor-element-156302d6\" data-id=\"156302d6\" data-element_type=\"column\" data-e-type=\"column\">\n\t\t\t<div class=\"elementor-widget-wrap elementor-element-populated\">\n\t\t\t\t\t\t<div class=\"elementor-element elementor-element-66711014 elementor-widget elementor-widget-ucaddon_simple_list_menu\" data-id=\"66711014\" data-element_type=\"widget\" data-e-type=\"widget\" data-widget_type=\"ucaddon_simple_list_menu.default\">\n\t\t\t\t<div class=\"elementor-widget-container\">\n\t\t\t\t\t\n<!-- start List Menu -->\n\t\t<link id='font-awesome-css' href='https:\/\/www.fredastaire.com\/barcelona\/wp-content\/plugins\/unlimited-elements-for-elementor-premium\/assets_libraries\/font-awesome6\/fontawesome-all.min.css' type='text\/css' rel='stylesheet' >\n\t\t<link id='font-awesome-4-shim-css' href='https:\/\/www.fredastaire.com\/barcelona\/wp-content\/plugins\/unlimited-elements-for-elementor-premium\/assets_libraries\/font-awesome6\/fontawesome-v4-shims.min.css' type='text\/css' rel='stylesheet' >\n\n<style>\/* widget: List Menu *\/\n\n#uc_simple_list_menu_elementor_66711014\n{\n  text-align:left;\n}\n#uc_simple_list_menu_elementor_66711014 ul\n{\n  padding:0;\n  list-style:none;\n  margin:0;\n}\n\n#uc_simple_list_menu_elementor_66711014 ul li\n{\n  padding:0;\n  list-style:none;\n  margin:0;\n}\n\n#uc_simple_list_menu_elementor_66711014 ul li.current_page_item\n{\n  background-color:#f2f2f2;\n}\n\n#uc_simple_list_menu_elementor_66711014 ul ul li.current_page_item\n{\n  background-color:#EFEFEF;\n}\n\n#uc_simple_list_menu_elementor_66711014 ul ul ul li.current_page_item\n{\n  background-color:#e6e6e6;\n}\n\n#uc_simple_list_menu_elementor_66711014 ul li:last-child\n{\n  border-bottom:none;\n}\n\n#uc_simple_list_menu_elementor_66711014 ul li a\n{\n  text-decoration:none;\n  display:block;\n}\n\n#uc_simple_list_menu_elementor_66711014 ul li a:before {\n   font-family: \"Font Awesome 5 Free\";\n   content: \"\\f00c\";\n   display: inline-block;\n   vertical-align: middle;\n   font-weight: 900;\n}\n\n\n<\/style>\n\n<div id=\"uc_simple_list_menu_elementor_66711014\" class=\"simple_list_menu\">\n<ul id=\"menu-types-of-dance\" class=\"uc-list-menu\"><li id=\"menu-item-7280\" class=\"menu-item menu-item-type-custom menu-item-object-custom menu-item-has-children menu-item-7280\"><a href=\"#\">Ritme<\/a>\n<ul class=\"sub-menu\">\n\t<li id=\"menu-item-7266\" class=\"menu-item menu-item-type-post_type menu-item-object-page menu-item-7266\"><a href=\"https:\/\/www.fredastaire.com\/barcelona\/ca\/salsa\/\">Salsa<\/a><\/li>\n\t<li id=\"menu-item-7271\" class=\"menu-item menu-item-type-post_type menu-item-object-page menu-item-7271\"><a href=\"https:\/\/www.fredastaire.com\/barcelona\/ca\/mambo\/\">Mambo<\/a><\/li>\n\t<li id=\"menu-item-7273\" class=\"menu-item menu-item-type-post_type menu-item-object-page menu-item-7273\"><a href=\"https:\/\/www.fredastaire.com\/barcelona\/ca\/hustle\/\">Hustle<\/a><\/li>\n\t<li id=\"menu-item-7275\" class=\"menu-item menu-item-type-post_type menu-item-object-page menu-item-7275\"><a href=\"https:\/\/www.fredastaire.com\/barcelona\/ca\/east-coast-swing\/\">East Coast Swing<\/a><\/li>\n\t<li id=\"menu-item-7261\" class=\"menu-item menu-item-type-post_type menu-item-object-page menu-item-7261\"><a href=\"https:\/\/www.fredastaire.com\/barcelona\/ca\/west-coast-swing\/\">West Coast Swing<\/a><\/li>\n\t<li id=\"menu-item-7270\" class=\"menu-item menu-item-type-post_type menu-item-object-page menu-item-7270\"><a href=\"https:\/\/www.fredastaire.com\/barcelona\/ca\/merengue\/\">Merengue<\/a><\/li>\n\t<li id=\"menu-item-7267\" class=\"menu-item menu-item-type-post_type menu-item-object-page menu-item-7267\"><a href=\"https:\/\/www.fredastaire.com\/barcelona\/ca\/rumba\/\">Rumba<\/a><\/li>\n\t<li id=\"menu-item-7276\" class=\"menu-item menu-item-type-post_type menu-item-object-page menu-item-7276\"><a href=\"https:\/\/www.fredastaire.com\/barcelona\/ca\/cha-cha\/\">Xa-xa-x\u00e0<\/a><\/li>\n\t<li id=\"menu-item-7265\" class=\"menu-item menu-item-type-post_type menu-item-object-page menu-item-7265\"><a href=\"https:\/\/www.fredastaire.com\/barcelona\/ca\/samba\/\">Samba<\/a><\/li>\n\t<li id=\"menu-item-7277\" class=\"menu-item menu-item-type-post_type menu-item-object-page menu-item-7277\"><a href=\"https:\/\/www.fredastaire.com\/barcelona\/ca\/bolero\/\">Bolero<\/a><\/li>\n\t<li id=\"menu-item-7269\" class=\"menu-item menu-item-type-post_type menu-item-object-page menu-item-7269\"><a href=\"https:\/\/www.fredastaire.com\/barcelona\/ca\/paso-doble\/\">Paso Doble<\/a><\/li>\n\t<li id=\"menu-item-7272\" class=\"menu-item menu-item-type-post_type menu-item-object-page menu-item-7272\"><a href=\"https:\/\/www.fredastaire.com\/barcelona\/ca\/jive\/\">Jive<\/a><\/li>\n\t<li id=\"menu-item-7260\" class=\"menu-item menu-item-type-post_type menu-item-object-page menu-item-7260\"><a href=\"https:\/\/www.fredastaire.com\/barcelona\/ca\/bachata\/\">Bachata<\/a><\/li>\n<\/ul>\n<\/li>\n<li id=\"menu-item-7281\" class=\"menu-item menu-item-type-custom menu-item-object-custom menu-item-has-children menu-item-7281\"><a href=\"#\">Suau<\/a>\n<ul class=\"sub-menu\">\n\t<li id=\"menu-item-7278\" class=\"menu-item menu-item-type-post_type menu-item-object-page menu-item-7278\"><a href=\"https:\/\/www.fredastaire.com\/barcelona\/ca\/argentine-tango\/\">Tango Argent\u00ed<\/a><\/li>\n\t<li id=\"menu-item-7264\" class=\"menu-item menu-item-type-post_type menu-item-object-page menu-item-7264\"><a href=\"https:\/\/www.fredastaire.com\/barcelona\/ca\/tango\/\">Tango<\/a><\/li>\n\t<li id=\"menu-item-7274\" class=\"menu-item menu-item-type-post_type menu-item-object-page menu-item-7274\"><a href=\"https:\/\/www.fredastaire.com\/barcelona\/ca\/foxtrot\/\">Foxtrot<\/a><\/li>\n\t<li id=\"menu-item-7262\" class=\"menu-item menu-item-type-post_type menu-item-object-page menu-item-7262\"><a href=\"https:\/\/www.fredastaire.com\/barcelona\/ca\/waltz\/\">Vals<\/a><\/li>\n\t<li id=\"menu-item-7263\" class=\"menu-item menu-item-type-post_type menu-item-object-page menu-item-7263\"><a href=\"https:\/\/www.fredastaire.com\/barcelona\/ca\/viennese-waltz\/\">Vals Vien\u00e8s<\/a><\/li>\n\t<li id=\"menu-item-7268\" class=\"menu-item menu-item-type-post_type menu-item-object-page menu-item-7268\"><a href=\"https:\/\/www.fredastaire.com\/barcelona\/ca\/quickstep\/\">Quickstep<\/a><\/li>\n<\/ul>\n<\/li>\n<li id=\"menu-item-7282\" class=\"menu-item menu-item-type-custom menu-item-object-custom menu-item-has-children menu-item-7282\"><a href=\"#\">Country Western<\/a>\n<ul class=\"sub-menu\">\n\t<li id=\"menu-item-7259\" class=\"menu-item menu-item-type-post_type menu-item-object-page menu-item-7259\"><a href=\"https:\/\/www.fredastaire.com\/barcelona\/ca\/country-western-two-step\/\">Two-Step<\/a><\/li>\n<\/ul>\n<\/li>\n<\/ul>\n<\/div>\n<!-- end List Menu -->\t\t\t\t<\/div>\n\t\t\t\t<\/div>\n\t\t\t\t\t<\/div>\n\t\t<\/div>\n\t\t\t\t\t<\/div>\n\t\t<\/section>\n\t\t\t\t<\/div>","protected":false},"excerpt":{"rendered":"<p>Authentically Argentine Tango There are many legends and stories about the origins and development of tango. Tango is a dance and music that originated in Buenos Aires at the turn of the century, developed in the melting pot of cultures that was Buenos Aires. The word Tango was used at the time to describe various [&hellip;]<\/p>\n","protected":false},"author":4,"featured_media":0,"parent":0,"menu_order":0,"comment_status":"closed","ping_status":"closed","template":"","meta":{"_acf_changed":false,"footnotes":""},"class_list":["post-5759","page","type-page","status-publish","hentry"],"acf":[],"_links":{"self":[{"href":"https:\/\/www.fredastaire.com\/barcelona\/ca\/wp-json\/wp\/v2\/pages\/5759","targetHints":{"allow":["GET"]}}],"collection":[{"href":"https:\/\/www.fredastaire.com\/barcelona\/ca\/wp-json\/wp\/v2\/pages"}],"about":[{"href":"https:\/\/www.fredastaire.com\/barcelona\/ca\/wp-json\/wp\/v2\/types\/page"}],"author":[{"embeddable":true,"href":"https:\/\/www.fredastaire.com\/barcelona\/ca\/wp-json\/wp\/v2\/users\/4"}],"replies":[{"embeddable":true,"href":"https:\/\/www.fredastaire.com\/barcelona\/ca\/wp-json\/wp\/v2\/comments?post=5759"}],"version-history":[{"count":0,"href":"https:\/\/www.fredastaire.com\/barcelona\/ca\/wp-json\/wp\/v2\/pages\/5759\/revisions"}],"wp:attachment":[{"href":"https:\/\/www.fredastaire.com\/barcelona\/ca\/wp-json\/wp\/v2\/media?parent=5759"}],"curies":[{"name":"wp","href":"https:\/\/api.w.org\/{rel}","templated":true}]}}