{"id":5765,"date":"2019-03-28T07:22:22","date_gmt":"2019-03-28T11:22:22","guid":{"rendered":"https:\/\/www.fredastaire.com\/barcelona\/?page_id=5765"},"modified":"2026-04-07T10:41:04","modified_gmt":"2026-04-07T08:41:04","slug":"cha-cha","status":"publish","type":"page","link":"https:\/\/www.fredastaire.com\/barcelona\/ca\/cha-cha\/","title":{"rendered":"Xa-xa-x\u00e0"},"content":{"rendered":"<div data-elementor-type=\"wp-page\" data-elementor-id=\"5765\" class=\"elementor elementor-5765\" data-elementor-settings=\"{&quot;ha_cmc_init_switcher&quot;:&quot;no&quot;}\" data-elementor-post-type=\"page\">\n\t\t\t\t\t\t<section class=\"elementor-section elementor-top-section elementor-element elementor-element-1ff68bee elementor-section-height-min-height elementor-section-boxed elementor-section-height-default elementor-section-items-middle\" data-id=\"1ff68bee\" data-element_type=\"section\" data-e-type=\"section\" data-settings=\"{&quot;background_background&quot;:&quot;classic&quot;,&quot;_ha_eqh_enable&quot;:false}\">\n\t\t\t\t\t\t<div class=\"elementor-container elementor-column-gap-default\">\n\t\t\t\t\t<div class=\"elementor-column elementor-col-100 elementor-top-column elementor-element elementor-element-7d6bd442\" data-id=\"7d6bd442\" data-element_type=\"column\" data-e-type=\"column\">\n\t\t\t<div class=\"elementor-widget-wrap\">\n\t\t\t\t\t\t\t<\/div>\n\t\t<\/div>\n\t\t\t\t\t<\/div>\n\t\t<\/section>\n\t\t\t\t<section class=\"elementor-section elementor-top-section elementor-element elementor-element-411fb807 elementor-section-boxed elementor-section-height-default elementor-section-height-default\" data-id=\"411fb807\" data-element_type=\"section\" data-e-type=\"section\" data-settings=\"{&quot;_ha_eqh_enable&quot;:false}\">\n\t\t\t\t\t\t<div class=\"elementor-container elementor-column-gap-default\">\n\t\t\t\t\t<div class=\"elementor-column elementor-col-50 elementor-top-column elementor-element elementor-element-c79e86e\" data-id=\"c79e86e\" data-element_type=\"column\" data-e-type=\"column\">\n\t\t\t<div class=\"elementor-widget-wrap elementor-element-populated\">\n\t\t\t\t\t\t<div class=\"elementor-element elementor-element-671887b2 elementor-widget elementor-widget-heading\" data-id=\"671887b2\" data-element_type=\"widget\" data-e-type=\"widget\" data-widget_type=\"heading.default\">\n\t\t\t\t<div class=\"elementor-widget-container\">\n\t\t\t\t\t<h1 class=\"elementor-heading-title elementor-size-default\">T'agrada el Cha Cha Ch\u00e1 amb molt de ritme?<\/h1>\t\t\t\t<\/div>\n\t\t\t\t<\/div>\n\t\t\t\t<div class=\"elementor-element elementor-element-37eb782e elementor-widget__width-inherit elementor-widget elementor-widget-text-editor\" data-id=\"37eb782e\" data-element_type=\"widget\" data-e-type=\"widget\" data-widget_type=\"text-editor.default\">\n\t\t\t\t<div class=\"elementor-widget-container\">\n\t\t\t\t\t\t\t\t\t<p>El Cha Cha Ch\u00e1 \u00e9s un ball d'origen cub\u00e0, i el seu nom prov\u00e9 del ritme desenvolupat per una s\u00edncopa del quart temps. El Cha Cha Ch\u00e1 obt\u00e9 el seu sabor, ritme i encant de la derivaci\u00f3 de tres fonts prim\u00e0ries: el Mambo, la Rumba i, indirectament, el Lindy (cadascun ballat al mateix pas triple un-dos-tres).<\/p>\n<p>El Cha Cha Ch\u00e1, tot i que va sorgir d'arrels llatinoamericanes a Cuba, va florir realment sota la influ\u00e8ncia nord-americana. Tot i que s'identifica estretament amb el Mambo esmentat anteriorment, el Cha Cha Ch\u00e1 t\u00e9 prou individualitat intr\u00ednseca per ser classificat com un ball diferent. S'ha escrit molt sobre la hist\u00f2ria de la Rumba i el Mambo, mentre que s'ha explorat poc sobre els or\u00edgens del Cha Cha Ch\u00e1, tot i que \u00e9s un ball a tenir en compte.<\/p>\n<p>El tempo del Cha Cha Ch\u00e1 va de lent i staccato a r\u00e0pid i animat. \u00c9s un ball molt marcat pel ritme de la m\u00fasica, i resulta dif\u00edcil no deixar que les pr\u00f2pies emocions s\u2019hi reflecteixin. Aquesta faceta, m\u00e9s que cap altra, fa que el ball sigui divertit per a persones de totes les edats. \u00c9s un tipus de ball en qu\u00e8 cal deixar-se portar.\nEl Cha Cha Ch\u00e1 es balla en un punt, ja que els passos s\u00f3n for\u00e7a compactes i els peus normalment no estan separats m\u00e9s de 30 cm. Popularitzat als anys 50 amb m\u00fasica d\u2019artistes com Tito Puente i Tito Rodr\u00edguez, avui dia tamb\u00e9 es balla amb m\u00fasica popular de discoteca.<\/p>\n<p>Comen\u00e7a avui mateix! Posa\u2019t en contacte amb nosaltres a Fred Astaire Dance Studios Barcelona i pregunta per la nostra Oferta de Benvinguda!<\/p>\t\t\t\t\t\t\t\t<\/div>\n\t\t\t\t<\/div>\n\t\t\t\t<div class=\"elementor-element elementor-element-20ea80c4 elementor-widget elementor-widget-video\" data-id=\"20ea80c4\" data-element_type=\"widget\" data-e-type=\"widget\" data-settings=\"{&quot;youtube_url&quot;:&quot;https:\\\/\\\/youtu.be\\\/KeCI9_hQv0A&quot;,&quot;video_type&quot;:&quot;youtube&quot;,&quot;controls&quot;:&quot;yes&quot;}\" data-widget_type=\"video.default\">\n\t\t\t\t<div class=\"elementor-widget-container\">\n\t\t\t\t\t\t\t<div class=\"elementor-wrapper elementor-open-inline\">\n\t\t\t<div class=\"elementor-video\"><\/div>\t\t<\/div>\n\t\t\t\t\t\t<\/div>\n\t\t\t\t<\/div>\n\t\t\t\t\t<\/div>\n\t\t<\/div>\n\t\t\t\t<div class=\"elementor-column elementor-col-50 elementor-top-column elementor-element elementor-element-5fa62a37\" data-id=\"5fa62a37\" data-element_type=\"column\" data-e-type=\"column\">\n\t\t\t<div class=\"elementor-widget-wrap elementor-element-populated\">\n\t\t\t\t\t\t<div class=\"elementor-element elementor-element-63a47eb6 elementor-widget elementor-widget-ucaddon_simple_list_menu\" data-id=\"63a47eb6\" data-element_type=\"widget\" data-e-type=\"widget\" data-widget_type=\"ucaddon_simple_list_menu.default\">\n\t\t\t\t<div class=\"elementor-widget-container\">\n\t\t\t\t\t\n<!-- start List Menu -->\n\t\t<link id='font-awesome-css' href='https:\/\/www.fredastaire.com\/barcelona\/wp-content\/plugins\/unlimited-elements-for-elementor-premium\/assets_libraries\/font-awesome6\/fontawesome-all.min.css' type='text\/css' rel='stylesheet' >\n\t\t<link id='font-awesome-4-shim-css' href='https:\/\/www.fredastaire.com\/barcelona\/wp-content\/plugins\/unlimited-elements-for-elementor-premium\/assets_libraries\/font-awesome6\/fontawesome-v4-shims.min.css' type='text\/css' rel='stylesheet' >\n\n<style>\/* widget: List Menu *\/\n\n#uc_simple_list_menu_elementor_63a47eb6\n{\n  text-align:left;\n}\n#uc_simple_list_menu_elementor_63a47eb6 ul\n{\n  padding:0;\n  list-style:none;\n  margin:0;\n}\n\n#uc_simple_list_menu_elementor_63a47eb6 ul li\n{\n  padding:0;\n  list-style:none;\n  margin:0;\n}\n\n#uc_simple_list_menu_elementor_63a47eb6 ul li.current_page_item\n{\n  background-color:#f2f2f2;\n}\n\n#uc_simple_list_menu_elementor_63a47eb6 ul ul li.current_page_item\n{\n  background-color:#EFEFEF;\n}\n\n#uc_simple_list_menu_elementor_63a47eb6 ul ul ul li.current_page_item\n{\n  background-color:#e6e6e6;\n}\n\n#uc_simple_list_menu_elementor_63a47eb6 ul li:last-child\n{\n  border-bottom:none;\n}\n\n#uc_simple_list_menu_elementor_63a47eb6 ul li a\n{\n  text-decoration:none;\n  display:block;\n}\n\n#uc_simple_list_menu_elementor_63a47eb6 ul li a:before {\n   font-family: \"Font Awesome 5 Free\";\n   content: \"\\f00c\";\n   display: inline-block;\n   vertical-align: middle;\n   font-weight: 900;\n}\n\n\n<\/style>\n\n<div id=\"uc_simple_list_menu_elementor_63a47eb6\" class=\"simple_list_menu\">\n<ul id=\"menu-types-of-dance\" class=\"uc-list-menu\"><li id=\"menu-item-7280\" class=\"menu-item menu-item-type-custom menu-item-object-custom menu-item-has-children menu-item-7280\"><a href=\"#\">Ritme<\/a>\n<ul class=\"sub-menu\">\n\t<li id=\"menu-item-7266\" class=\"menu-item menu-item-type-post_type menu-item-object-page menu-item-7266\"><a href=\"https:\/\/www.fredastaire.com\/barcelona\/ca\/salsa\/\">Salsa<\/a><\/li>\n\t<li id=\"menu-item-7271\" class=\"menu-item menu-item-type-post_type menu-item-object-page menu-item-7271\"><a href=\"https:\/\/www.fredastaire.com\/barcelona\/ca\/mambo\/\">Mambo<\/a><\/li>\n\t<li id=\"menu-item-7273\" class=\"menu-item menu-item-type-post_type menu-item-object-page menu-item-7273\"><a href=\"https:\/\/www.fredastaire.com\/barcelona\/ca\/hustle\/\">Hustle<\/a><\/li>\n\t<li id=\"menu-item-7275\" class=\"menu-item menu-item-type-post_type menu-item-object-page menu-item-7275\"><a href=\"https:\/\/www.fredastaire.com\/barcelona\/ca\/east-coast-swing\/\">East Coast Swing<\/a><\/li>\n\t<li id=\"menu-item-7261\" class=\"menu-item menu-item-type-post_type menu-item-object-page menu-item-7261\"><a href=\"https:\/\/www.fredastaire.com\/barcelona\/ca\/west-coast-swing\/\">West Coast Swing<\/a><\/li>\n\t<li id=\"menu-item-7270\" class=\"menu-item menu-item-type-post_type menu-item-object-page menu-item-7270\"><a href=\"https:\/\/www.fredastaire.com\/barcelona\/ca\/merengue\/\">Merengue<\/a><\/li>\n\t<li id=\"menu-item-7267\" class=\"menu-item menu-item-type-post_type menu-item-object-page menu-item-7267\"><a href=\"https:\/\/www.fredastaire.com\/barcelona\/ca\/rumba\/\">Rumba<\/a><\/li>\n\t<li id=\"menu-item-7276\" class=\"menu-item menu-item-type-post_type menu-item-object-page menu-item-7276\"><a href=\"https:\/\/www.fredastaire.com\/barcelona\/ca\/cha-cha\/\">Xa-xa-x\u00e0<\/a><\/li>\n\t<li id=\"menu-item-7265\" class=\"menu-item menu-item-type-post_type menu-item-object-page menu-item-7265\"><a href=\"https:\/\/www.fredastaire.com\/barcelona\/ca\/samba\/\">Samba<\/a><\/li>\n\t<li id=\"menu-item-7277\" class=\"menu-item menu-item-type-post_type menu-item-object-page menu-item-7277\"><a href=\"https:\/\/www.fredastaire.com\/barcelona\/ca\/bolero\/\">Bolero<\/a><\/li>\n\t<li id=\"menu-item-7269\" class=\"menu-item menu-item-type-post_type menu-item-object-page menu-item-7269\"><a href=\"https:\/\/www.fredastaire.com\/barcelona\/ca\/paso-doble\/\">Paso Doble<\/a><\/li>\n\t<li id=\"menu-item-7272\" class=\"menu-item menu-item-type-post_type menu-item-object-page menu-item-7272\"><a href=\"https:\/\/www.fredastaire.com\/barcelona\/ca\/jive\/\">Jive<\/a><\/li>\n\t<li id=\"menu-item-7260\" class=\"menu-item menu-item-type-post_type menu-item-object-page menu-item-7260\"><a href=\"https:\/\/www.fredastaire.com\/barcelona\/ca\/bachata\/\">Bachata<\/a><\/li>\n<\/ul>\n<\/li>\n<li id=\"menu-item-7281\" class=\"menu-item menu-item-type-custom menu-item-object-custom menu-item-has-children menu-item-7281\"><a href=\"#\">Suau<\/a>\n<ul class=\"sub-menu\">\n\t<li id=\"menu-item-7278\" class=\"menu-item menu-item-type-post_type menu-item-object-page menu-item-7278\"><a href=\"https:\/\/www.fredastaire.com\/barcelona\/ca\/argentine-tango\/\">Tango Argent\u00ed<\/a><\/li>\n\t<li id=\"menu-item-7264\" class=\"menu-item menu-item-type-post_type menu-item-object-page menu-item-7264\"><a href=\"https:\/\/www.fredastaire.com\/barcelona\/ca\/tango\/\">Tango<\/a><\/li>\n\t<li id=\"menu-item-7274\" class=\"menu-item menu-item-type-post_type menu-item-object-page menu-item-7274\"><a href=\"https:\/\/www.fredastaire.com\/barcelona\/ca\/foxtrot\/\">Foxtrot<\/a><\/li>\n\t<li id=\"menu-item-7262\" class=\"menu-item menu-item-type-post_type menu-item-object-page menu-item-7262\"><a href=\"https:\/\/www.fredastaire.com\/barcelona\/ca\/waltz\/\">Vals<\/a><\/li>\n\t<li id=\"menu-item-7263\" class=\"menu-item menu-item-type-post_type menu-item-object-page menu-item-7263\"><a href=\"https:\/\/www.fredastaire.com\/barcelona\/ca\/viennese-waltz\/\">Vals Vien\u00e8s<\/a><\/li>\n\t<li id=\"menu-item-7268\" class=\"menu-item menu-item-type-post_type menu-item-object-page menu-item-7268\"><a href=\"https:\/\/www.fredastaire.com\/barcelona\/ca\/quickstep\/\">Quickstep<\/a><\/li>\n<\/ul>\n<\/li>\n<li id=\"menu-item-7282\" class=\"menu-item menu-item-type-custom menu-item-object-custom menu-item-has-children menu-item-7282\"><a href=\"#\">Country Western<\/a>\n<ul class=\"sub-menu\">\n\t<li id=\"menu-item-7259\" class=\"menu-item menu-item-type-post_type menu-item-object-page menu-item-7259\"><a href=\"https:\/\/www.fredastaire.com\/barcelona\/ca\/country-western-two-step\/\">Two-Step<\/a><\/li>\n<\/ul>\n<\/li>\n<\/ul>\n<\/div>\n<!-- end List Menu -->\t\t\t\t<\/div>\n\t\t\t\t<\/div>\n\t\t\t\t\t<\/div>\n\t\t<\/div>\n\t\t\t\t\t<\/div>\n\t\t<\/section>\n\t\t\t\t<\/div>","protected":false},"excerpt":{"rendered":"<p>Love A Funky Cha Cha? Cha Cha is a dance of Cuban origin, and derives its name from the rhythm developed by a syncopation of the fourth beat. Cha Cha gathers its flavor, rhythm and charm from a derivation of three primary sources: the Mambo, Rumba, and indirectly, the Lindy (with each being danced to [&hellip;]<\/p>\n","protected":false},"author":1371,"featured_media":0,"parent":0,"menu_order":0,"comment_status":"closed","ping_status":"closed","template":"","meta":{"_acf_changed":false,"footnotes":""},"class_list":["post-5765","page","type-page","status-publish","hentry"],"acf":[],"_links":{"self":[{"href":"https:\/\/www.fredastaire.com\/barcelona\/ca\/wp-json\/wp\/v2\/pages\/5765","targetHints":{"allow":["GET"]}}],"collection":[{"href":"https:\/\/www.fredastaire.com\/barcelona\/ca\/wp-json\/wp\/v2\/pages"}],"about":[{"href":"https:\/\/www.fredastaire.com\/barcelona\/ca\/wp-json\/wp\/v2\/types\/page"}],"author":[{"embeddable":true,"href":"https:\/\/www.fredastaire.com\/barcelona\/ca\/wp-json\/wp\/v2\/users\/1371"}],"replies":[{"embeddable":true,"href":"https:\/\/www.fredastaire.com\/barcelona\/ca\/wp-json\/wp\/v2\/comments?post=5765"}],"version-history":[{"count":0,"href":"https:\/\/www.fredastaire.com\/barcelona\/ca\/wp-json\/wp\/v2\/pages\/5765\/revisions"}],"wp:attachment":[{"href":"https:\/\/www.fredastaire.com\/barcelona\/ca\/wp-json\/wp\/v2\/media?parent=5765"}],"curies":[{"name":"wp","href":"https:\/\/api.w.org\/{rel}","templated":true}]}}