{"id":5774,"date":"2019-03-28T07:41:24","date_gmt":"2019-03-28T11:41:24","guid":{"rendered":"https:\/\/www.fredastaire.com\/barcelona\/?page_id=5774"},"modified":"2026-04-07T11:26:08","modified_gmt":"2026-04-07T09:26:08","slug":"hustle","status":"publish","type":"page","link":"https:\/\/www.fredastaire.com\/barcelona\/ca\/hustle\/","title":{"rendered":"Hustle"},"content":{"rendered":"<div data-elementor-type=\"wp-page\" data-elementor-id=\"5774\" class=\"elementor elementor-5774\" data-elementor-settings=\"{&quot;ha_cmc_init_switcher&quot;:&quot;no&quot;}\" data-elementor-post-type=\"page\">\n\t\t\t\t\t\t<section class=\"elementor-section elementor-top-section elementor-element elementor-element-29ce855a elementor-section-height-min-height elementor-section-boxed elementor-section-height-default elementor-section-items-middle\" data-id=\"29ce855a\" data-element_type=\"section\" data-e-type=\"section\" data-settings=\"{&quot;background_background&quot;:&quot;classic&quot;,&quot;_ha_eqh_enable&quot;:false}\">\n\t\t\t\t\t\t<div class=\"elementor-container elementor-column-gap-default\">\n\t\t\t\t\t<div class=\"elementor-column elementor-col-100 elementor-top-column elementor-element elementor-element-8e193d2\" data-id=\"8e193d2\" data-element_type=\"column\" data-e-type=\"column\">\n\t\t\t<div class=\"elementor-widget-wrap\">\n\t\t\t\t\t\t\t<\/div>\n\t\t<\/div>\n\t\t\t\t\t<\/div>\n\t\t<\/section>\n\t\t\t\t<section class=\"elementor-section elementor-top-section elementor-element elementor-element-31cd21b6 elementor-section-boxed elementor-section-height-default elementor-section-height-default\" data-id=\"31cd21b6\" data-element_type=\"section\" data-e-type=\"section\" data-settings=\"{&quot;_ha_eqh_enable&quot;:false}\">\n\t\t\t\t\t\t<div class=\"elementor-container elementor-column-gap-default\">\n\t\t\t\t\t<div class=\"elementor-column elementor-col-50 elementor-top-column elementor-element elementor-element-222bef3f\" data-id=\"222bef3f\" data-element_type=\"column\" data-e-type=\"column\">\n\t\t\t<div class=\"elementor-widget-wrap elementor-element-populated\">\n\t\t\t\t\t\t<div class=\"elementor-element elementor-element-e9e764d elementor-widget elementor-widget-heading\" data-id=\"e9e764d\" data-element_type=\"widget\" data-e-type=\"widget\" data-widget_type=\"heading.default\">\n\t\t\t\t<div class=\"elementor-widget-container\">\n\t\t\t\t\t<h1 class=\"elementor-heading-title elementor-size-default\">Endinsa't en la Febre Disco!<\/h1>\t\t\t\t<\/div>\n\t\t\t\t<\/div>\n\t\t\t\t<div class=\"elementor-element elementor-element-31bd9b35 elementor-widget__width-inherit elementor-widget elementor-widget-text-editor\" data-id=\"31bd9b35\" data-element_type=\"widget\" data-e-type=\"widget\" data-widget_type=\"text-editor.default\">\n\t\t\t\t<div class=\"elementor-widget-container\">\n\t\t\t\t\t\t\t\t\t<p>A finals dels anys seixanta i durant els setanta, les discoteques, amb sistemes de so d\u2019alta qualitat i llums intermitents, es van convertir en una forma popular d\u2019entreteniment a Europa i als Estats Units. A comen\u00e7aments dels setanta, a les discoteques es ballava sobretot estil lliure (similar a l\u2019estil \u201crock\u201d que mostraven estrelles del pop de l\u2019\u00e8poca com els Jackson Five), amb el requisit previ de portar pantalons de campana i sabates amb plataforma.<\/p><div class=\"read-more-text\"><p>L\u2019any 1973, en una discoteca anomenada The Grand Ballroom, es mostrava un nou tipus de \u201ctouch dance\u201d sense nom, interpretat per dones. Aquest senzill pas de 6 temps, amb una forma molt b\u00e0sica que inclo\u00efa girs individuals cap a dins i cap a fora, donaria lloc al que m\u00e9s tard es coneixeria com a \u201cHustle\u201d.\nEls joves del club s\u2019hi van fixar i es van interessar per aquest nou ball.<\/p><p>A mesura que va comen\u00e7ar a guanyar popularitat i m\u00e9s persones s\u2019hi van sumar, el Hustle va comen\u00e7ar a evolucionar. A les discoteques llatines de l\u2019\u00e8poca, com The Corso, Barney Goo Goo\u2019s i The Ipanema, la m\u00fasica disco s\u2019utilitzava com a pont entre els sets de les bandes en viu.\nEn aquests clubs, el \u201ctouch dancing\u201d sempre havia estat present en forma de Mambo, Salsa, Cha Cha Ch\u00e1 i Bolero. Tot i que es considerava principalment un ball de contacte, el Hustle va comen\u00e7ar a executar-se majorit\u00e0riament costat a costat i incorporava molts dels patrons de girs complexos del Mambo.\nEl ball tamb\u00e9 inclo\u00efa m\u00faltiples girs i canvis de m\u00e0 amb un moviment de bra\u00e7os tipus corda; per aix\u00f2, el ball es va comen\u00e7ar a con\u00e8ixer com a \u201cRope Hustle\u201d o \u201cLatin Hustle\u201d.<\/p><p>A mesura que van sorgir concursos de ball a tot Estats Units i el fenomen es va expandir, molts ballarins de Hustle tamb\u00e9 formaven part de la comunitat professional d\u2019arts esc\u00e8niques i van aportar moviments llargs i bal\u00e8tics dels bra\u00e7os, aix\u00ed com elasticitat a la dansa.\nPer aquella \u00e8poca, el ball va comen\u00e7ar a passar d\u2019un patr\u00f3 lineal a un de m\u00e9s rotatiu. Amb l\u2019augment dels concursos, els joves competidors buscaven destacar-se, de manera que es van introduir moviments acrob\u00e0tics i d\u2019adagio per a actuacions i competicions.\nL\u2019any 1975, aquest nou \u00e0mbit d\u2019entreteniment va inspirar discoteques, hotels i programes de televisi\u00f3 a contractar joves professionals innovadors per actuar. Amb aquestes noves oportunitats, els ballarins buscaven maneres creatives d\u2019emocionar el p\u00fablic dels clubs.<\/p><p>Al llarg dels \u00faltims anys de la d\u00e8cada dels 70, tot i que el Hustle encara s\u2019ensenyava en moltes formes diferents (Hustle de 4 temps, el Latin o Rope Hustle) a les escoles de ball, la versi\u00f3 m\u00e9s emocionant era la que feien els ballarins i competidors dels clubs de Nova York, que executaven el Hustle de 3 temps (&amp;-1-2-3).\nEls ballarins de Hustle de Nova York dels anys 70 van obrir el cam\u00ed per a la resta de la comunitat Hustle als Estats Units. A mesura que el ball continuava evolucionant, el Hustle va comen\u00e7ar a incorporar elements d\u2019altres estils de ball, incloent-hi el ball de sal\u00f3 smooth, del qual va prendre moviments de despla\u00e7ament i pivots, aix\u00ed com altres formes de ball en parella com el Swing i els balls de Ritme Llat\u00ed.<\/p><p>L'Hustle es balla amb m\u00fasica pop dance contempor\u00e0nia dels \u00faltims 20 anys. \u00c9s un ball r\u00e0pid i fluid, amb la dona girant gaireb\u00e9 constantment, mentre el seu company l'atrau i l'allunya. La interpretaci\u00f3 r\u00edtmica lliure \u00e9s caracter\u00edstica d'aquest ball. Aix\u00ed que, a qu\u00e8 esperes? Truca'ns a Fred Astaire Dance Studios \u2013 Barcelona. Vine a veure'ns! Estem a 2,7 km del Palau G\u00fcell i pregunta per la nostra Oferta Introductoria per a nous estudiants... els nostres talentosos i amigables instructors de ball et podran ajudar a realitzar\u00a0<em>el teu<\/em>\u00a0Objectius de ball de sal\u00f3!<\/p><\/div>\t\t\t\t\t\t\t\t<\/div>\n\t\t\t\t<\/div>\n\t\t\t\t<div class=\"elementor-element elementor-element-585daaeb elementor-widget elementor-widget-video\" data-id=\"585daaeb\" data-element_type=\"widget\" data-e-type=\"widget\" data-settings=\"{&quot;youtube_url&quot;:&quot;https:\\\/\\\/youtu.be\\\/hmF_wATx1t0&quot;,&quot;video_type&quot;:&quot;youtube&quot;,&quot;controls&quot;:&quot;yes&quot;}\" data-widget_type=\"video.default\">\n\t\t\t\t<div class=\"elementor-widget-container\">\n\t\t\t\t\t\t\t<div class=\"elementor-wrapper elementor-open-inline\">\n\t\t\t<div class=\"elementor-video\"><\/div>\t\t<\/div>\n\t\t\t\t\t\t<\/div>\n\t\t\t\t<\/div>\n\t\t\t\t\t<\/div>\n\t\t<\/div>\n\t\t\t\t<div class=\"elementor-column elementor-col-50 elementor-top-column elementor-element elementor-element-3240279a\" data-id=\"3240279a\" data-element_type=\"column\" data-e-type=\"column\">\n\t\t\t<div class=\"elementor-widget-wrap elementor-element-populated\">\n\t\t\t\t\t\t<div class=\"elementor-element elementor-element-481697b3 elementor-widget elementor-widget-ucaddon_simple_list_menu\" data-id=\"481697b3\" data-element_type=\"widget\" data-e-type=\"widget\" data-widget_type=\"ucaddon_simple_list_menu.default\">\n\t\t\t\t<div class=\"elementor-widget-container\">\n\t\t\t\t\t\n<!-- start List Menu -->\n\t\t<link id='font-awesome-css' href='https:\/\/www.fredastaire.com\/barcelona\/wp-content\/plugins\/unlimited-elements-for-elementor-premium\/assets_libraries\/font-awesome6\/fontawesome-all.min.css' type='text\/css' rel='stylesheet' >\n\t\t<link id='font-awesome-4-shim-css' href='https:\/\/www.fredastaire.com\/barcelona\/wp-content\/plugins\/unlimited-elements-for-elementor-premium\/assets_libraries\/font-awesome6\/fontawesome-v4-shims.min.css' type='text\/css' rel='stylesheet' >\n\n<style>\/* widget: List Menu *\/\n\n#uc_simple_list_menu_elementor_481697b3\n{\n  text-align:left;\n}\n#uc_simple_list_menu_elementor_481697b3 ul\n{\n  padding:0;\n  list-style:none;\n  margin:0;\n}\n\n#uc_simple_list_menu_elementor_481697b3 ul li\n{\n  padding:0;\n  list-style:none;\n  margin:0;\n}\n\n#uc_simple_list_menu_elementor_481697b3 ul li.current_page_item\n{\n  background-color:#f2f2f2;\n}\n\n#uc_simple_list_menu_elementor_481697b3 ul ul li.current_page_item\n{\n  background-color:#EFEFEF;\n}\n\n#uc_simple_list_menu_elementor_481697b3 ul ul ul li.current_page_item\n{\n  background-color:#e6e6e6;\n}\n\n#uc_simple_list_menu_elementor_481697b3 ul li:last-child\n{\n  border-bottom:none;\n}\n\n#uc_simple_list_menu_elementor_481697b3 ul li a\n{\n  text-decoration:none;\n  display:block;\n}\n\n#uc_simple_list_menu_elementor_481697b3 ul li a:before {\n   font-family: \"Font Awesome 5 Free\";\n   content: \"\\f00c\";\n   display: inline-block;\n   vertical-align: middle;\n   font-weight: 900;\n}\n\n\n<\/style>\n\n<div id=\"uc_simple_list_menu_elementor_481697b3\" class=\"simple_list_menu\">\n<ul id=\"menu-types-of-dance\" class=\"uc-list-menu\"><li id=\"menu-item-7280\" class=\"menu-item menu-item-type-custom menu-item-object-custom menu-item-has-children menu-item-7280\"><a href=\"#\">Ritme<\/a>\n<ul class=\"sub-menu\">\n\t<li id=\"menu-item-7266\" class=\"menu-item menu-item-type-post_type menu-item-object-page menu-item-7266\"><a href=\"https:\/\/www.fredastaire.com\/barcelona\/ca\/salsa\/\">Salsa<\/a><\/li>\n\t<li id=\"menu-item-7271\" class=\"menu-item menu-item-type-post_type menu-item-object-page menu-item-7271\"><a href=\"https:\/\/www.fredastaire.com\/barcelona\/ca\/mambo\/\">Mambo<\/a><\/li>\n\t<li id=\"menu-item-7273\" class=\"menu-item menu-item-type-post_type menu-item-object-page menu-item-7273\"><a href=\"https:\/\/www.fredastaire.com\/barcelona\/ca\/hustle\/\">Hustle<\/a><\/li>\n\t<li id=\"menu-item-7275\" class=\"menu-item menu-item-type-post_type menu-item-object-page menu-item-7275\"><a href=\"https:\/\/www.fredastaire.com\/barcelona\/ca\/east-coast-swing\/\">East Coast Swing<\/a><\/li>\n\t<li id=\"menu-item-7261\" class=\"menu-item menu-item-type-post_type menu-item-object-page menu-item-7261\"><a href=\"https:\/\/www.fredastaire.com\/barcelona\/ca\/west-coast-swing\/\">West Coast Swing<\/a><\/li>\n\t<li id=\"menu-item-7270\" class=\"menu-item menu-item-type-post_type menu-item-object-page menu-item-7270\"><a href=\"https:\/\/www.fredastaire.com\/barcelona\/ca\/merengue\/\">Merengue<\/a><\/li>\n\t<li id=\"menu-item-7267\" class=\"menu-item menu-item-type-post_type menu-item-object-page menu-item-7267\"><a href=\"https:\/\/www.fredastaire.com\/barcelona\/ca\/rumba\/\">Rumba<\/a><\/li>\n\t<li id=\"menu-item-7276\" class=\"menu-item menu-item-type-post_type menu-item-object-page menu-item-7276\"><a href=\"https:\/\/www.fredastaire.com\/barcelona\/ca\/cha-cha\/\">Xa-xa-x\u00e0<\/a><\/li>\n\t<li id=\"menu-item-7265\" class=\"menu-item menu-item-type-post_type menu-item-object-page menu-item-7265\"><a href=\"https:\/\/www.fredastaire.com\/barcelona\/ca\/samba\/\">Samba<\/a><\/li>\n\t<li id=\"menu-item-7277\" class=\"menu-item menu-item-type-post_type menu-item-object-page menu-item-7277\"><a href=\"https:\/\/www.fredastaire.com\/barcelona\/ca\/bolero\/\">Bolero<\/a><\/li>\n\t<li id=\"menu-item-7269\" class=\"menu-item menu-item-type-post_type menu-item-object-page menu-item-7269\"><a href=\"https:\/\/www.fredastaire.com\/barcelona\/ca\/paso-doble\/\">Paso Doble<\/a><\/li>\n\t<li id=\"menu-item-7272\" class=\"menu-item menu-item-type-post_type menu-item-object-page menu-item-7272\"><a href=\"https:\/\/www.fredastaire.com\/barcelona\/ca\/jive\/\">Jive<\/a><\/li>\n\t<li id=\"menu-item-7260\" class=\"menu-item menu-item-type-post_type menu-item-object-page menu-item-7260\"><a href=\"https:\/\/www.fredastaire.com\/barcelona\/ca\/bachata\/\">Bachata<\/a><\/li>\n<\/ul>\n<\/li>\n<li id=\"menu-item-7281\" class=\"menu-item menu-item-type-custom menu-item-object-custom menu-item-has-children menu-item-7281\"><a href=\"#\">Suau<\/a>\n<ul class=\"sub-menu\">\n\t<li id=\"menu-item-7278\" class=\"menu-item menu-item-type-post_type menu-item-object-page menu-item-7278\"><a href=\"https:\/\/www.fredastaire.com\/barcelona\/ca\/argentine-tango\/\">Tango Argent\u00ed<\/a><\/li>\n\t<li id=\"menu-item-7264\" class=\"menu-item menu-item-type-post_type menu-item-object-page menu-item-7264\"><a href=\"https:\/\/www.fredastaire.com\/barcelona\/ca\/tango\/\">Tango<\/a><\/li>\n\t<li id=\"menu-item-7274\" class=\"menu-item menu-item-type-post_type menu-item-object-page menu-item-7274\"><a href=\"https:\/\/www.fredastaire.com\/barcelona\/ca\/foxtrot\/\">Foxtrot<\/a><\/li>\n\t<li id=\"menu-item-7262\" class=\"menu-item menu-item-type-post_type menu-item-object-page menu-item-7262\"><a href=\"https:\/\/www.fredastaire.com\/barcelona\/ca\/waltz\/\">Vals<\/a><\/li>\n\t<li id=\"menu-item-7263\" class=\"menu-item menu-item-type-post_type menu-item-object-page menu-item-7263\"><a href=\"https:\/\/www.fredastaire.com\/barcelona\/ca\/viennese-waltz\/\">Vals Vien\u00e8s<\/a><\/li>\n\t<li id=\"menu-item-7268\" class=\"menu-item menu-item-type-post_type menu-item-object-page menu-item-7268\"><a href=\"https:\/\/www.fredastaire.com\/barcelona\/ca\/quickstep\/\">Quickstep<\/a><\/li>\n<\/ul>\n<\/li>\n<li id=\"menu-item-7282\" class=\"menu-item menu-item-type-custom menu-item-object-custom menu-item-has-children menu-item-7282\"><a href=\"#\">Country Western<\/a>\n<ul class=\"sub-menu\">\n\t<li id=\"menu-item-7259\" class=\"menu-item menu-item-type-post_type menu-item-object-page menu-item-7259\"><a href=\"https:\/\/www.fredastaire.com\/barcelona\/ca\/country-western-two-step\/\">Two-Step<\/a><\/li>\n<\/ul>\n<\/li>\n<\/ul>\n<\/div>\n<!-- end List Menu -->\t\t\t\t<\/div>\n\t\t\t\t<\/div>\n\t\t\t\t\t<\/div>\n\t\t<\/div>\n\t\t\t\t\t<\/div>\n\t\t<\/section>\n\t\t\t\t<\/div>","protected":false},"excerpt":{"rendered":"<p>Hustle Into Disco Fever! In the late 1960s and throughout the 1970s, discotheques (or discos), with high quality sound systems and flashing lights became a popular form of entertainment in Europe and the U.S. Early \u201870s dancing in discos was mostly freestyle dancing (similar to the \u201crock\u201d style exhibited by pop stars of the day [&hellip;]<\/p>\n","protected":false},"author":4,"featured_media":0,"parent":0,"menu_order":0,"comment_status":"closed","ping_status":"closed","template":"","meta":{"_acf_changed":false,"footnotes":""},"class_list":["post-5774","page","type-page","status-publish","hentry"],"acf":[],"_links":{"self":[{"href":"https:\/\/www.fredastaire.com\/barcelona\/ca\/wp-json\/wp\/v2\/pages\/5774","targetHints":{"allow":["GET"]}}],"collection":[{"href":"https:\/\/www.fredastaire.com\/barcelona\/ca\/wp-json\/wp\/v2\/pages"}],"about":[{"href":"https:\/\/www.fredastaire.com\/barcelona\/ca\/wp-json\/wp\/v2\/types\/page"}],"author":[{"embeddable":true,"href":"https:\/\/www.fredastaire.com\/barcelona\/ca\/wp-json\/wp\/v2\/users\/4"}],"replies":[{"embeddable":true,"href":"https:\/\/www.fredastaire.com\/barcelona\/ca\/wp-json\/wp\/v2\/comments?post=5774"}],"version-history":[{"count":0,"href":"https:\/\/www.fredastaire.com\/barcelona\/ca\/wp-json\/wp\/v2\/pages\/5774\/revisions"}],"wp:attachment":[{"href":"https:\/\/www.fredastaire.com\/barcelona\/ca\/wp-json\/wp\/v2\/media?parent=5774"}],"curies":[{"name":"wp","href":"https:\/\/api.w.org\/{rel}","templated":true}]}}