{"id":5839,"date":"2019-03-29T02:31:43","date_gmt":"2019-03-29T06:31:43","guid":{"rendered":"https:\/\/www.fredastaire.com\/barcelona\/?page_id=5839"},"modified":"2026-04-07T11:32:17","modified_gmt":"2026-04-07T09:32:17","slug":"merengue","status":"publish","type":"page","link":"https:\/\/www.fredastaire.com\/barcelona\/ca\/merengue\/","title":{"rendered":"Merengue"},"content":{"rendered":"<div data-elementor-type=\"wp-page\" data-elementor-id=\"5839\" class=\"elementor elementor-5839\" data-elementor-settings=\"{&quot;ha_cmc_init_switcher&quot;:&quot;no&quot;}\" data-elementor-post-type=\"page\">\n\t\t\t\t\t\t<section class=\"elementor-section elementor-top-section elementor-element elementor-element-514fb06d elementor-section-height-min-height elementor-section-boxed elementor-section-height-default elementor-section-items-middle\" data-id=\"514fb06d\" data-element_type=\"section\" data-e-type=\"section\" data-settings=\"{&quot;background_background&quot;:&quot;classic&quot;,&quot;_ha_eqh_enable&quot;:false}\">\n\t\t\t\t\t\t<div class=\"elementor-container elementor-column-gap-default\">\n\t\t\t\t\t<div class=\"elementor-column elementor-col-100 elementor-top-column elementor-element elementor-element-2cc3c249\" data-id=\"2cc3c249\" data-element_type=\"column\" data-e-type=\"column\">\n\t\t\t<div class=\"elementor-widget-wrap\">\n\t\t\t\t\t\t\t<\/div>\n\t\t<\/div>\n\t\t\t\t\t<\/div>\n\t\t<\/section>\n\t\t\t\t<section class=\"elementor-section elementor-top-section elementor-element elementor-element-603c3914 elementor-section-boxed elementor-section-height-default elementor-section-height-default\" data-id=\"603c3914\" data-element_type=\"section\" data-e-type=\"section\" data-settings=\"{&quot;_ha_eqh_enable&quot;:false}\">\n\t\t\t\t\t\t<div class=\"elementor-container elementor-column-gap-default\">\n\t\t\t\t\t<div class=\"elementor-column elementor-col-50 elementor-top-column elementor-element elementor-element-48fba928\" data-id=\"48fba928\" data-element_type=\"column\" data-e-type=\"column\">\n\t\t\t<div class=\"elementor-widget-wrap elementor-element-populated\">\n\t\t\t\t\t\t<div class=\"elementor-element elementor-element-438406a4 elementor-widget elementor-widget-heading\" data-id=\"438406a4\" data-element_type=\"widget\" data-e-type=\"widget\" data-widget_type=\"heading.default\">\n\t\t\t\t<div class=\"elementor-widget-container\">\n\t\t\t\t\t<h1 class=\"elementor-heading-title elementor-size-default\">Merengue <\/h1>\t\t\t\t<\/div>\n\t\t\t\t<\/div>\n\t\t\t\t<div class=\"elementor-element elementor-element-3cf82067 elementor-widget__width-inherit elementor-widget elementor-widget-text-editor\" data-id=\"3cf82067\" data-element_type=\"widget\" data-e-type=\"widget\" data-widget_type=\"text-editor.default\">\n\t\t\t\t<div class=\"elementor-widget-container\">\n\t\t\t\t\t\t\t\t\t<p>Tant Hait\u00ed com la Rep\u00fablica Dominicana reclamen el Merengue com a propi. Segons la tradici\u00f3 haitiana, un antic governant del pa\u00eds tenia un fill coix a qui li agradava ballar. Perqu\u00e8 aquest estimat pr\u00edncep no se sent\u00eds cohibit per la seva malaltia, tot el poble va comen\u00e7ar a ballar com si tots fossin coixos. La versi\u00f3 dominicana \u00e9s que el ball es va originar en una festa que es va celebrar en honor d'un heroi de guerra que tornava. Quan el valent guerrer es va aixecar per ballar, va coixejar de la cama esquerra ferida. En lloc de fer-lo sentir cohibit, tots els homes presents van ballar amb la cama esquerra.<\/p>\n<div class=\"read-more-text\">\n<p>En ambd\u00f3s pa\u00efsos, durant moltes generacions, el Merengue es va ensenyar i es va ballar tenint en compte aquestes hist\u00f2ries. Quan les parelles s'aixecaven per ballar el Merengue, l'home es recolzava sobre la cama esquerra i la dona sobre la dreta; flexionant els genolls una mica m\u00e9s del que \u00e9s habitual i alhora inclinant el cos lleugerament cap al mateix costat. Tant els haitians com els dominicans es refereixen al Merengue com el seu \"ball cantat\"; aix\u00f2 \u00e9s comprensible si tenim en compte la brillantor estimulant del ritme entretallat. El Merengue es balla al ritme de m\u00fasica llatina.<\/p>\n<p>Tant si busqueu un nou hobby com una manera de connectar amb la vostra parella, com si voleu portar les vostres habilitats de ball al seg\u00fcent nivell, o simplement voleu millorar la vostra vida social, els m\u00e8todes d'ensenyament de Fred Astaire us proporcionaran taxes d'aprenentatge m\u00e9s r\u00e0pides, nivells d'assoliment m\u00e9s alts i m\u00e9s DIVERSI\u00d3! Poseu-vos en contacte amb nosaltres avui mateix a Barcelona, ens encantaria ajudar-vos a comen\u00e7ar!<\/p>\n<\/div>\t\t\t\t\t\t\t\t<\/div>\n\t\t\t\t<\/div>\n\t\t\t\t<div class=\"elementor-element elementor-element-15e598ad elementor-widget elementor-widget-video\" data-id=\"15e598ad\" data-element_type=\"widget\" data-e-type=\"widget\" data-settings=\"{&quot;youtube_url&quot;:&quot;https:\\\/\\\/youtu.be\\\/DOivuVHhq0Y&quot;,&quot;video_type&quot;:&quot;youtube&quot;,&quot;controls&quot;:&quot;yes&quot;}\" data-widget_type=\"video.default\">\n\t\t\t\t<div class=\"elementor-widget-container\">\n\t\t\t\t\t\t\t<div class=\"elementor-wrapper elementor-open-inline\">\n\t\t\t<div class=\"elementor-video\"><\/div>\t\t<\/div>\n\t\t\t\t\t\t<\/div>\n\t\t\t\t<\/div>\n\t\t\t\t\t<\/div>\n\t\t<\/div>\n\t\t\t\t<div class=\"elementor-column elementor-col-50 elementor-top-column elementor-element elementor-element-384f938e\" data-id=\"384f938e\" data-element_type=\"column\" data-e-type=\"column\">\n\t\t\t<div class=\"elementor-widget-wrap elementor-element-populated\">\n\t\t\t\t\t\t<div class=\"elementor-element elementor-element-64da0862 elementor-widget elementor-widget-ucaddon_simple_list_menu\" data-id=\"64da0862\" data-element_type=\"widget\" data-e-type=\"widget\" data-widget_type=\"ucaddon_simple_list_menu.default\">\n\t\t\t\t<div class=\"elementor-widget-container\">\n\t\t\t\t\t\n<!-- start List Menu -->\n\t\t<link id='font-awesome-css' href='https:\/\/www.fredastaire.com\/barcelona\/wp-content\/plugins\/unlimited-elements-for-elementor-premium\/assets_libraries\/font-awesome6\/fontawesome-all.min.css' type='text\/css' rel='stylesheet' >\n\t\t<link id='font-awesome-4-shim-css' href='https:\/\/www.fredastaire.com\/barcelona\/wp-content\/plugins\/unlimited-elements-for-elementor-premium\/assets_libraries\/font-awesome6\/fontawesome-v4-shims.min.css' type='text\/css' rel='stylesheet' >\n\n<style>\/* widget: List Menu *\/\n\n#uc_simple_list_menu_elementor_64da0862\n{\n  text-align:left;\n}\n#uc_simple_list_menu_elementor_64da0862 ul\n{\n  padding:0;\n  list-style:none;\n  margin:0;\n}\n\n#uc_simple_list_menu_elementor_64da0862 ul li\n{\n  padding:0;\n  list-style:none;\n  margin:0;\n}\n\n#uc_simple_list_menu_elementor_64da0862 ul li.current_page_item\n{\n  background-color:#f2f2f2;\n}\n\n#uc_simple_list_menu_elementor_64da0862 ul ul li.current_page_item\n{\n  background-color:#f2f2f2;\n}\n\n#uc_simple_list_menu_elementor_64da0862 ul ul ul li.current_page_item\n{\n  background-color:#e6e6e6;\n}\n\n#uc_simple_list_menu_elementor_64da0862 ul li:last-child\n{\n  border-bottom:none;\n}\n\n#uc_simple_list_menu_elementor_64da0862 ul li a\n{\n  text-decoration:none;\n  display:block;\n}\n\n#uc_simple_list_menu_elementor_64da0862 ul li a:before {\n   font-family: \"Font Awesome 5 Free\";\n   content: \"\\f00c\";\n   display: inline-block;\n   vertical-align: middle;\n   font-weight: 900;\n}\n\n\n<\/style>\n\n<div id=\"uc_simple_list_menu_elementor_64da0862\" class=\"simple_list_menu\">\n<ul id=\"menu-types-of-dance\" class=\"uc-list-menu\"><li id=\"menu-item-7280\" class=\"menu-item menu-item-type-custom menu-item-object-custom menu-item-has-children menu-item-7280\"><a href=\"#\">Ritme<\/a>\n<ul class=\"sub-menu\">\n\t<li id=\"menu-item-7266\" class=\"menu-item menu-item-type-post_type menu-item-object-page menu-item-7266\"><a href=\"https:\/\/www.fredastaire.com\/barcelona\/ca\/salsa\/\">Salsa<\/a><\/li>\n\t<li id=\"menu-item-7271\" class=\"menu-item menu-item-type-post_type menu-item-object-page menu-item-7271\"><a href=\"https:\/\/www.fredastaire.com\/barcelona\/ca\/mambo\/\">Mambo<\/a><\/li>\n\t<li id=\"menu-item-7273\" class=\"menu-item menu-item-type-post_type menu-item-object-page menu-item-7273\"><a href=\"https:\/\/www.fredastaire.com\/barcelona\/ca\/hustle\/\">Hustle<\/a><\/li>\n\t<li id=\"menu-item-7275\" class=\"menu-item menu-item-type-post_type menu-item-object-page menu-item-7275\"><a href=\"https:\/\/www.fredastaire.com\/barcelona\/ca\/east-coast-swing\/\">East Coast Swing<\/a><\/li>\n\t<li id=\"menu-item-7261\" class=\"menu-item menu-item-type-post_type menu-item-object-page menu-item-7261\"><a href=\"https:\/\/www.fredastaire.com\/barcelona\/ca\/west-coast-swing\/\">West Coast Swing<\/a><\/li>\n\t<li id=\"menu-item-7270\" class=\"menu-item menu-item-type-post_type menu-item-object-page menu-item-7270\"><a href=\"https:\/\/www.fredastaire.com\/barcelona\/ca\/merengue\/\">Merengue<\/a><\/li>\n\t<li id=\"menu-item-7267\" class=\"menu-item menu-item-type-post_type menu-item-object-page menu-item-7267\"><a href=\"https:\/\/www.fredastaire.com\/barcelona\/ca\/rumba\/\">Rumba<\/a><\/li>\n\t<li id=\"menu-item-7276\" class=\"menu-item menu-item-type-post_type menu-item-object-page menu-item-7276\"><a href=\"https:\/\/www.fredastaire.com\/barcelona\/ca\/cha-cha\/\">Xa-xa-x\u00e0<\/a><\/li>\n\t<li id=\"menu-item-7265\" class=\"menu-item menu-item-type-post_type menu-item-object-page menu-item-7265\"><a href=\"https:\/\/www.fredastaire.com\/barcelona\/ca\/samba\/\">Samba<\/a><\/li>\n\t<li id=\"menu-item-7277\" class=\"menu-item menu-item-type-post_type menu-item-object-page menu-item-7277\"><a href=\"https:\/\/www.fredastaire.com\/barcelona\/ca\/bolero\/\">Bolero<\/a><\/li>\n\t<li id=\"menu-item-7269\" class=\"menu-item menu-item-type-post_type menu-item-object-page menu-item-7269\"><a href=\"https:\/\/www.fredastaire.com\/barcelona\/ca\/paso-doble\/\">Paso Doble<\/a><\/li>\n\t<li id=\"menu-item-7272\" class=\"menu-item menu-item-type-post_type menu-item-object-page menu-item-7272\"><a href=\"https:\/\/www.fredastaire.com\/barcelona\/ca\/jive\/\">Jive<\/a><\/li>\n\t<li id=\"menu-item-7260\" class=\"menu-item menu-item-type-post_type menu-item-object-page menu-item-7260\"><a href=\"https:\/\/www.fredastaire.com\/barcelona\/ca\/bachata\/\">Bachata<\/a><\/li>\n<\/ul>\n<\/li>\n<li id=\"menu-item-7281\" class=\"menu-item menu-item-type-custom menu-item-object-custom menu-item-has-children menu-item-7281\"><a href=\"#\">Suau<\/a>\n<ul class=\"sub-menu\">\n\t<li id=\"menu-item-7278\" class=\"menu-item menu-item-type-post_type menu-item-object-page menu-item-7278\"><a href=\"https:\/\/www.fredastaire.com\/barcelona\/ca\/argentine-tango\/\">Tango Argent\u00ed<\/a><\/li>\n\t<li id=\"menu-item-7264\" class=\"menu-item menu-item-type-post_type menu-item-object-page menu-item-7264\"><a href=\"https:\/\/www.fredastaire.com\/barcelona\/ca\/tango\/\">Tango<\/a><\/li>\n\t<li id=\"menu-item-7274\" class=\"menu-item menu-item-type-post_type menu-item-object-page menu-item-7274\"><a href=\"https:\/\/www.fredastaire.com\/barcelona\/ca\/foxtrot\/\">Foxtrot<\/a><\/li>\n\t<li id=\"menu-item-7262\" class=\"menu-item menu-item-type-post_type menu-item-object-page menu-item-7262\"><a href=\"https:\/\/www.fredastaire.com\/barcelona\/ca\/waltz\/\">Vals<\/a><\/li>\n\t<li id=\"menu-item-7263\" class=\"menu-item menu-item-type-post_type menu-item-object-page menu-item-7263\"><a href=\"https:\/\/www.fredastaire.com\/barcelona\/ca\/viennese-waltz\/\">Vals Vien\u00e8s<\/a><\/li>\n\t<li id=\"menu-item-7268\" class=\"menu-item menu-item-type-post_type menu-item-object-page menu-item-7268\"><a href=\"https:\/\/www.fredastaire.com\/barcelona\/ca\/quickstep\/\">Quickstep<\/a><\/li>\n<\/ul>\n<\/li>\n<li id=\"menu-item-7282\" class=\"menu-item menu-item-type-custom menu-item-object-custom menu-item-has-children menu-item-7282\"><a href=\"#\">Country Western<\/a>\n<ul class=\"sub-menu\">\n\t<li id=\"menu-item-7259\" class=\"menu-item menu-item-type-post_type menu-item-object-page menu-item-7259\"><a href=\"https:\/\/www.fredastaire.com\/barcelona\/ca\/country-western-two-step\/\">Two-Step<\/a><\/li>\n<\/ul>\n<\/li>\n<\/ul>\n<\/div>\n<!-- end List Menu -->\t\t\t\t<\/div>\n\t\t\t\t<\/div>\n\t\t\t\t\t<\/div>\n\t\t<\/div>\n\t\t\t\t\t<\/div>\n\t\t<\/section>\n\t\t\t\t<\/div>","protected":false},"excerpt":{"rendered":"<p>Merengue Both Haiti and the Dominican Republic claim Merengue as their own. According to Haitian lore, an earlier ruler of their country had a lame son who liked to dance. In order that this beloved prince would not feel self-conscious about his affliction, the entire populace took to dancing as though they all were lame. [&hellip;]<\/p>\n","protected":false},"author":4,"featured_media":0,"parent":0,"menu_order":0,"comment_status":"closed","ping_status":"closed","template":"","meta":{"_acf_changed":false,"footnotes":""},"class_list":["post-5839","page","type-page","status-publish","hentry"],"acf":[],"_links":{"self":[{"href":"https:\/\/www.fredastaire.com\/barcelona\/ca\/wp-json\/wp\/v2\/pages\/5839","targetHints":{"allow":["GET"]}}],"collection":[{"href":"https:\/\/www.fredastaire.com\/barcelona\/ca\/wp-json\/wp\/v2\/pages"}],"about":[{"href":"https:\/\/www.fredastaire.com\/barcelona\/ca\/wp-json\/wp\/v2\/types\/page"}],"author":[{"embeddable":true,"href":"https:\/\/www.fredastaire.com\/barcelona\/ca\/wp-json\/wp\/v2\/users\/4"}],"replies":[{"embeddable":true,"href":"https:\/\/www.fredastaire.com\/barcelona\/ca\/wp-json\/wp\/v2\/comments?post=5839"}],"version-history":[{"count":0,"href":"https:\/\/www.fredastaire.com\/barcelona\/ca\/wp-json\/wp\/v2\/pages\/5839\/revisions"}],"wp:attachment":[{"href":"https:\/\/www.fredastaire.com\/barcelona\/ca\/wp-json\/wp\/v2\/media?parent=5839"}],"curies":[{"name":"wp","href":"https:\/\/api.w.org\/{rel}","templated":true}]}}