{"id":5854,"date":"2019-03-29T02:41:44","date_gmt":"2019-03-29T06:41:44","guid":{"rendered":"https:\/\/www.fredastaire.com\/barcelona\/?page_id=5854"},"modified":"2026-04-07T11:21:34","modified_gmt":"2026-04-07T09:21:34","slug":"salsa","status":"publish","type":"page","link":"https:\/\/www.fredastaire.com\/barcelona\/ca\/salsa\/","title":{"rendered":"Salsa"},"content":{"rendered":"<div data-elementor-type=\"wp-page\" data-elementor-id=\"5854\" class=\"elementor elementor-5854\" data-elementor-settings=\"{&quot;ha_cmc_init_switcher&quot;:&quot;no&quot;}\" data-elementor-post-type=\"page\">\n\t\t\t\t\t\t<section class=\"elementor-section elementor-top-section elementor-element elementor-element-45ff9993 elementor-section-height-min-height elementor-section-boxed elementor-section-height-default elementor-section-items-middle\" data-id=\"45ff9993\" data-element_type=\"section\" data-e-type=\"section\" data-settings=\"{&quot;background_background&quot;:&quot;classic&quot;,&quot;_ha_eqh_enable&quot;:false}\">\n\t\t\t\t\t\t<div class=\"elementor-container elementor-column-gap-default\">\n\t\t\t\t\t<div class=\"elementor-column elementor-col-100 elementor-top-column elementor-element elementor-element-1d11fb1e\" data-id=\"1d11fb1e\" data-element_type=\"column\" data-e-type=\"column\">\n\t\t\t<div class=\"elementor-widget-wrap\">\n\t\t\t\t\t\t\t<\/div>\n\t\t<\/div>\n\t\t\t\t\t<\/div>\n\t\t<\/section>\n\t\t\t\t<section class=\"elementor-section elementor-top-section elementor-element elementor-element-71009dcc elementor-section-boxed elementor-section-height-default elementor-section-height-default\" data-id=\"71009dcc\" data-element_type=\"section\" data-e-type=\"section\" data-settings=\"{&quot;_ha_eqh_enable&quot;:false}\">\n\t\t\t\t\t\t<div class=\"elementor-container elementor-column-gap-default\">\n\t\t\t\t\t<div class=\"elementor-column elementor-col-50 elementor-top-column elementor-element elementor-element-685d00ab\" data-id=\"685d00ab\" data-element_type=\"column\" data-e-type=\"column\">\n\t\t\t<div class=\"elementor-widget-wrap elementor-element-populated\">\n\t\t\t\t\t\t<div class=\"elementor-element elementor-element-5b9d4b27 elementor-widget elementor-widget-heading\" data-id=\"5b9d4b27\" data-element_type=\"widget\" data-e-type=\"widget\" data-widget_type=\"heading.default\">\n\t\t\t\t<div class=\"elementor-widget-container\">\n\t\t\t\t\t<h1 class=\"elementor-heading-title elementor-size-default\">Salsa<\/h1>\t\t\t\t<\/div>\n\t\t\t\t<\/div>\n\t\t\t\t<div class=\"elementor-element elementor-element-f4ca0a0 elementor-widget__width-inherit elementor-widget elementor-widget-text-editor\" data-id=\"f4ca0a0\" data-element_type=\"widget\" data-e-type=\"widget\" data-widget_type=\"text-editor.default\">\n\t\t\t\t<div class=\"elementor-widget-container\">\n\t\t\t\t\t\t\t\t\t<p>Desbordant d\u2019un estil sensual, la Salsa ho t\u00e9 tot: passi\u00f3, energia i alegria. Com a forma de ball, la Salsa t\u00e9 els seus or\u00edgens en la rumba (el son cub\u00e0 i el ball afrocub\u00e0). Pel que fa a l\u2019estil de m\u00fasica popular, la Salsa evoluciona cont\u00ednuament, i els nous estils de ball modern s\u2019associen i es denominen segons les zones geogr\u00e0fiques on es desenvolupen.\nAlguns dels estils de Salsa m\u00e9s populars s\u00f3n el cub\u00e0, el colombi\u00e0, el de Los Angeles, el de Nova York (o estil Eddie Torres), el Palladium, el portoriqueny, la Rueda i l\u2019On Clave.<\/p><div class=\"read-more-text\"><p>A principis de la d\u00e8cada dels anys 70, a Nova York, diversos estudis de ball independents i franquiciats, intuint l\u2019auge de popularitat d\u2019aquesta forma de ball, van aprofitar la moda de la Salsa per desenvolupar un pla d\u2019estudis estandarditzat amb el qual ensenyar el ball a un p\u00fablic entusiasta. La Salsa que s\u2019ensenya a Fred Astaire Dance Studios es basa en els patrons del Mambo, per\u00f2 es balla en l\u2019\u201cu\u201d. Contacta amb nosaltres i pregunta per la nostra Oferta de Benvinguda! T\u2019esperem a la pista de ball!<\/p><\/div>\t\t\t\t\t\t\t\t<\/div>\n\t\t\t\t<\/div>\n\t\t\t\t<div class=\"elementor-element elementor-element-38d787d9 elementor-widget elementor-widget-video\" data-id=\"38d787d9\" data-element_type=\"widget\" data-e-type=\"widget\" data-settings=\"{&quot;youtube_url&quot;:&quot;https:\\\/\\\/youtu.be\\\/9Me31WhuIjA&quot;,&quot;video_type&quot;:&quot;youtube&quot;,&quot;controls&quot;:&quot;yes&quot;}\" data-widget_type=\"video.default\">\n\t\t\t\t<div class=\"elementor-widget-container\">\n\t\t\t\t\t\t\t<div class=\"elementor-wrapper elementor-open-inline\">\n\t\t\t<div class=\"elementor-video\"><\/div>\t\t<\/div>\n\t\t\t\t\t\t<\/div>\n\t\t\t\t<\/div>\n\t\t\t\t\t<\/div>\n\t\t<\/div>\n\t\t\t\t<div class=\"elementor-column elementor-col-50 elementor-top-column elementor-element elementor-element-699ce11f\" data-id=\"699ce11f\" data-element_type=\"column\" data-e-type=\"column\">\n\t\t\t<div class=\"elementor-widget-wrap elementor-element-populated\">\n\t\t\t\t\t\t<div class=\"elementor-element elementor-element-184962e6 elementor-widget elementor-widget-ucaddon_simple_list_menu\" data-id=\"184962e6\" data-element_type=\"widget\" data-e-type=\"widget\" data-widget_type=\"ucaddon_simple_list_menu.default\">\n\t\t\t\t<div class=\"elementor-widget-container\">\n\t\t\t\t\t\n<!-- start List Menu -->\n\t\t<link id='font-awesome-css' href='https:\/\/www.fredastaire.com\/barcelona\/wp-content\/plugins\/unlimited-elements-for-elementor-premium\/assets_libraries\/font-awesome6\/fontawesome-all.min.css' type='text\/css' rel='stylesheet' >\n\t\t<link id='font-awesome-4-shim-css' href='https:\/\/www.fredastaire.com\/barcelona\/wp-content\/plugins\/unlimited-elements-for-elementor-premium\/assets_libraries\/font-awesome6\/fontawesome-v4-shims.min.css' type='text\/css' rel='stylesheet' >\n\n<style>\/* widget: List Menu *\/\n\n#uc_simple_list_menu_elementor_184962e6\n{\n  text-align:left;\n}\n#uc_simple_list_menu_elementor_184962e6 ul\n{\n  padding:0;\n  list-style:none;\n  margin:0;\n}\n\n#uc_simple_list_menu_elementor_184962e6 ul li\n{\n  padding:0;\n  list-style:none;\n  margin:0;\n}\n\n#uc_simple_list_menu_elementor_184962e6 ul li.current_page_item\n{\n  background-color:#f2f2f2;\n}\n\n#uc_simple_list_menu_elementor_184962e6 ul ul li.current_page_item\n{\n  background-color:#EFEFEF;\n}\n\n#uc_simple_list_menu_elementor_184962e6 ul ul ul li.current_page_item\n{\n  background-color:#e6e6e6;\n}\n\n#uc_simple_list_menu_elementor_184962e6 ul li:last-child\n{\n  border-bottom:none;\n}\n\n#uc_simple_list_menu_elementor_184962e6 ul li a\n{\n  text-decoration:none;\n  display:block;\n}\n\n#uc_simple_list_menu_elementor_184962e6 ul li a:before {\n   font-family: \"Font Awesome 5 Free\";\n   content: \"\\f00c\";\n   display: inline-block;\n   vertical-align: middle;\n   font-weight: 900;\n}\n\n\n<\/style>\n\n<div id=\"uc_simple_list_menu_elementor_184962e6\" class=\"simple_list_menu\">\n<ul id=\"menu-types-of-dance\" class=\"uc-list-menu\"><li id=\"menu-item-7280\" class=\"menu-item menu-item-type-custom menu-item-object-custom menu-item-has-children menu-item-7280\"><a href=\"#\">Ritme<\/a>\n<ul class=\"sub-menu\">\n\t<li id=\"menu-item-7266\" class=\"menu-item menu-item-type-post_type menu-item-object-page menu-item-7266\"><a href=\"https:\/\/www.fredastaire.com\/barcelona\/ca\/salsa\/\">Salsa<\/a><\/li>\n\t<li id=\"menu-item-7271\" class=\"menu-item menu-item-type-post_type menu-item-object-page menu-item-7271\"><a href=\"https:\/\/www.fredastaire.com\/barcelona\/ca\/mambo\/\">Mambo<\/a><\/li>\n\t<li id=\"menu-item-7273\" class=\"menu-item menu-item-type-post_type menu-item-object-page menu-item-7273\"><a href=\"https:\/\/www.fredastaire.com\/barcelona\/ca\/hustle\/\">Hustle<\/a><\/li>\n\t<li id=\"menu-item-7275\" class=\"menu-item menu-item-type-post_type menu-item-object-page menu-item-7275\"><a href=\"https:\/\/www.fredastaire.com\/barcelona\/ca\/east-coast-swing\/\">East Coast Swing<\/a><\/li>\n\t<li id=\"menu-item-7261\" class=\"menu-item menu-item-type-post_type menu-item-object-page menu-item-7261\"><a href=\"https:\/\/www.fredastaire.com\/barcelona\/ca\/west-coast-swing\/\">West Coast Swing<\/a><\/li>\n\t<li id=\"menu-item-7270\" class=\"menu-item menu-item-type-post_type menu-item-object-page menu-item-7270\"><a href=\"https:\/\/www.fredastaire.com\/barcelona\/ca\/merengue\/\">Merengue<\/a><\/li>\n\t<li id=\"menu-item-7267\" class=\"menu-item menu-item-type-post_type menu-item-object-page menu-item-7267\"><a href=\"https:\/\/www.fredastaire.com\/barcelona\/ca\/rumba\/\">Rumba<\/a><\/li>\n\t<li id=\"menu-item-7276\" class=\"menu-item menu-item-type-post_type menu-item-object-page menu-item-7276\"><a href=\"https:\/\/www.fredastaire.com\/barcelona\/ca\/cha-cha\/\">Xa-xa-x\u00e0<\/a><\/li>\n\t<li id=\"menu-item-7265\" class=\"menu-item menu-item-type-post_type menu-item-object-page menu-item-7265\"><a href=\"https:\/\/www.fredastaire.com\/barcelona\/ca\/samba\/\">Samba<\/a><\/li>\n\t<li id=\"menu-item-7277\" class=\"menu-item menu-item-type-post_type menu-item-object-page menu-item-7277\"><a href=\"https:\/\/www.fredastaire.com\/barcelona\/ca\/bolero\/\">Bolero<\/a><\/li>\n\t<li id=\"menu-item-7269\" class=\"menu-item menu-item-type-post_type menu-item-object-page menu-item-7269\"><a href=\"https:\/\/www.fredastaire.com\/barcelona\/ca\/paso-doble\/\">Paso Doble<\/a><\/li>\n\t<li id=\"menu-item-7272\" class=\"menu-item menu-item-type-post_type menu-item-object-page menu-item-7272\"><a href=\"https:\/\/www.fredastaire.com\/barcelona\/ca\/jive\/\">Jive<\/a><\/li>\n\t<li id=\"menu-item-7260\" class=\"menu-item menu-item-type-post_type menu-item-object-page menu-item-7260\"><a href=\"https:\/\/www.fredastaire.com\/barcelona\/ca\/bachata\/\">Bachata<\/a><\/li>\n<\/ul>\n<\/li>\n<li id=\"menu-item-7281\" class=\"menu-item menu-item-type-custom menu-item-object-custom menu-item-has-children menu-item-7281\"><a href=\"#\">Suau<\/a>\n<ul class=\"sub-menu\">\n\t<li id=\"menu-item-7278\" class=\"menu-item menu-item-type-post_type menu-item-object-page menu-item-7278\"><a href=\"https:\/\/www.fredastaire.com\/barcelona\/ca\/argentine-tango\/\">Tango Argent\u00ed<\/a><\/li>\n\t<li id=\"menu-item-7264\" class=\"menu-item menu-item-type-post_type menu-item-object-page menu-item-7264\"><a href=\"https:\/\/www.fredastaire.com\/barcelona\/ca\/tango\/\">Tango<\/a><\/li>\n\t<li id=\"menu-item-7274\" class=\"menu-item menu-item-type-post_type menu-item-object-page menu-item-7274\"><a href=\"https:\/\/www.fredastaire.com\/barcelona\/ca\/foxtrot\/\">Foxtrot<\/a><\/li>\n\t<li id=\"menu-item-7262\" class=\"menu-item menu-item-type-post_type menu-item-object-page menu-item-7262\"><a href=\"https:\/\/www.fredastaire.com\/barcelona\/ca\/waltz\/\">Vals<\/a><\/li>\n\t<li id=\"menu-item-7263\" class=\"menu-item menu-item-type-post_type menu-item-object-page menu-item-7263\"><a href=\"https:\/\/www.fredastaire.com\/barcelona\/ca\/viennese-waltz\/\">Vals Vien\u00e8s<\/a><\/li>\n\t<li id=\"menu-item-7268\" class=\"menu-item menu-item-type-post_type menu-item-object-page menu-item-7268\"><a href=\"https:\/\/www.fredastaire.com\/barcelona\/ca\/quickstep\/\">Quickstep<\/a><\/li>\n<\/ul>\n<\/li>\n<li id=\"menu-item-7282\" class=\"menu-item menu-item-type-custom menu-item-object-custom menu-item-has-children menu-item-7282\"><a href=\"#\">Country Western<\/a>\n<ul class=\"sub-menu\">\n\t<li id=\"menu-item-7259\" class=\"menu-item menu-item-type-post_type menu-item-object-page menu-item-7259\"><a href=\"https:\/\/www.fredastaire.com\/barcelona\/ca\/country-western-two-step\/\">Two-Step<\/a><\/li>\n<\/ul>\n<\/li>\n<\/ul>\n<\/div>\n<!-- end List Menu -->\t\t\t\t<\/div>\n\t\t\t\t<\/div>\n\t\t\t\t\t<\/div>\n\t\t<\/div>\n\t\t\t\t\t<\/div>\n\t\t<\/section>\n\t\t\t\t<\/div>","protected":false},"excerpt":{"rendered":"<p>Salsa Oozing with a sensuous style, Salsa has it all \u2013 passion, energy, and joy. As a dance form, Salsa has its origins in the Cuban Son and the Afro-Cuban dance, Rumba. As it relates to the popular music style, Salsa is continuously evolving, and new modern dance styles are associated and named according to [&hellip;]<\/p>\n","protected":false},"author":4,"featured_media":0,"parent":0,"menu_order":0,"comment_status":"closed","ping_status":"closed","template":"","meta":{"_acf_changed":false,"footnotes":""},"class_list":["post-5854","page","type-page","status-publish","hentry"],"acf":[],"_links":{"self":[{"href":"https:\/\/www.fredastaire.com\/barcelona\/ca\/wp-json\/wp\/v2\/pages\/5854","targetHints":{"allow":["GET"]}}],"collection":[{"href":"https:\/\/www.fredastaire.com\/barcelona\/ca\/wp-json\/wp\/v2\/pages"}],"about":[{"href":"https:\/\/www.fredastaire.com\/barcelona\/ca\/wp-json\/wp\/v2\/types\/page"}],"author":[{"embeddable":true,"href":"https:\/\/www.fredastaire.com\/barcelona\/ca\/wp-json\/wp\/v2\/users\/4"}],"replies":[{"embeddable":true,"href":"https:\/\/www.fredastaire.com\/barcelona\/ca\/wp-json\/wp\/v2\/comments?post=5854"}],"version-history":[{"count":0,"href":"https:\/\/www.fredastaire.com\/barcelona\/ca\/wp-json\/wp\/v2\/pages\/5854\/revisions"}],"wp:attachment":[{"href":"https:\/\/www.fredastaire.com\/barcelona\/ca\/wp-json\/wp\/v2\/media?parent=5854"}],"curies":[{"name":"wp","href":"https:\/\/api.w.org\/{rel}","templated":true}]}}