{"id":5864,"date":"2019-03-29T02:46:37","date_gmt":"2019-03-29T06:46:37","guid":{"rendered":"https:\/\/www.fredastaire.com\/barcelona\/?page_id=5864"},"modified":"2024-08-05T11:58:39","modified_gmt":"2024-08-05T15:58:39","slug":"history-fred-astaire-dance-studios","status":"publish","type":"page","link":"https:\/\/www.fredastaire.com\/barcelona\/ca\/history-fred-astaire-dance-studios\/","title":{"rendered":"La Hist\u00f2ria de Fred Astaire Dance Studios"},"content":{"rendered":"<div data-elementor-type=\"wp-page\" data-elementor-id=\"5864\" class=\"elementor elementor-5864\" data-elementor-settings=\"{&quot;ha_cmc_init_switcher&quot;:&quot;no&quot;}\" data-elementor-post-type=\"page\">\n\t\t\t\t\t\t<section class=\"elementor-section elementor-top-section elementor-element elementor-element-77b5f7ba elementor-section-height-min-height elementor-section-boxed elementor-section-height-default elementor-section-items-middle\" data-id=\"77b5f7ba\" data-element_type=\"section\" data-e-type=\"section\" data-settings=\"{&quot;background_background&quot;:&quot;classic&quot;,&quot;_ha_eqh_enable&quot;:false}\">\n\t\t\t\t\t\t\t<div class=\"elementor-background-overlay\"><\/div>\n\t\t\t\t\t\t\t<div class=\"elementor-container elementor-column-gap-default\">\n\t\t\t\t\t<div class=\"elementor-column elementor-col-100 elementor-top-column elementor-element elementor-element-3ca6facb\" data-id=\"3ca6facb\" data-element_type=\"column\" data-e-type=\"column\">\n\t\t\t<div class=\"elementor-widget-wrap elementor-element-populated\">\n\t\t\t\t\t\t<div class=\"elementor-element elementor-element-2787c7a1 elementor-widget elementor-widget-heading\" data-id=\"2787c7a1\" data-element_type=\"widget\" data-e-type=\"widget\" data-widget_type=\"heading.default\">\n\t\t\t\t<div class=\"elementor-widget-container\">\n\t\t\t\t\t<h2 class=\"elementor-heading-title elementor-size-default\">La nostra Hist\u00f2ria<\/h2>\t\t\t\t<\/div>\n\t\t\t\t<\/div>\n\t\t\t\t\t<\/div>\n\t\t<\/div>\n\t\t\t\t\t<\/div>\n\t\t<\/section>\n\t\t\t\t<section class=\"elementor-section elementor-top-section elementor-element elementor-element-18521b12 elementor-section-content-middle elementor-section-boxed elementor-section-height-default elementor-section-height-default\" data-id=\"18521b12\" data-element_type=\"section\" data-e-type=\"section\" data-settings=\"{&quot;background_background&quot;:&quot;classic&quot;,&quot;_ha_eqh_enable&quot;:false}\">\n\t\t\t\t\t\t<div class=\"elementor-container elementor-column-gap-no\">\n\t\t\t\t\t<div class=\"elementor-column elementor-col-50 elementor-top-column elementor-element elementor-element-17ea0a8c\" data-id=\"17ea0a8c\" data-element_type=\"column\" data-e-type=\"column\">\n\t\t\t<div class=\"elementor-widget-wrap elementor-element-populated\">\n\t\t\t\t\t\t<div class=\"elementor-element elementor-element-de23452 elementor-widget elementor-widget-heading\" data-id=\"de23452\" data-element_type=\"widget\" data-e-type=\"widget\" data-widget_type=\"heading.default\">\n\t\t\t\t<div class=\"elementor-widget-container\">\n\t\t\t\t\t<h2 class=\"elementor-heading-title elementor-size-default\">La Hist\u00f2ria de Fred Astaire Dance Studios<\/h2>\t\t\t\t<\/div>\n\t\t\t\t<\/div>\n\t\t\t\t<div class=\"elementor-element elementor-element-5ae15048 elementor-widget elementor-widget-text-editor\" data-id=\"5ae15048\" data-element_type=\"widget\" data-e-type=\"widget\" data-widget_type=\"text-editor.default\">\n\t\t\t\t<div class=\"elementor-widget-container\">\n\t\t\t\t\t\t\t\t\t<p>Avui dia, \u00e9s gaireb\u00e9 impossible no trobar a qualsevol mitj\u00e0 de comunicaci\u00f3 una menci\u00f3 al Sr. Fred Astaire en refer\u00e8ncia al ball. Ha deixat una empremta inesborrable en el m\u00f3n i, quan la gent pensa en una llegenda del ball, Fred Astaire \u00e9s el primer que li ve al cap. Estem orgullosos de la nostra gran her\u00e8ncia en el m\u00f3n del ball, que va comen\u00e7ar el 1947 quan el mateix Mestre del ball, el Sr. Fred Astaire, va cofundar la nostra companyia.<\/p><div class=\"read-more-text\"><div class=\"read-more-text\"><p>El Sr. Fred Astaire, considerat el ballar\u00ed polifac\u00e8tic m\u00e9s gran de tots els temps, volia establir una cadena d'estudis amb el seu nom per assegurar-se que les seves t\u00e8cniques es preservarien i es transmetrien al p\u00fablic. El Sr. Astaire va ser fonamental en l'elecci\u00f3 del pla d'estudis de ball i les t\u00e8cniques d'instrucci\u00f3. Amb l'obertura del primer estudi Fred Astaire a Park Avenue, a la ciutat de Nova York, Fred Astaire va portar el seu immens talent del glamour de Hollywood a les pistes de ball dels Estats Units i del m\u00f3n.<\/p><\/div><\/div>\t\t\t\t\t\t\t\t<\/div>\n\t\t\t\t<\/div>\n\t\t\t\t\t<\/div>\n\t\t<\/div>\n\t\t\t\t<div class=\"elementor-column elementor-col-50 elementor-top-column elementor-element elementor-element-35c280cd\" data-id=\"35c280cd\" data-element_type=\"column\" data-e-type=\"column\" data-settings=\"{&quot;background_background&quot;:&quot;classic&quot;}\">\n\t\t\t<div class=\"elementor-widget-wrap elementor-element-populated\">\n\t\t\t\t\t\t<div class=\"elementor-element elementor-element-50237f59 elementor-widget elementor-widget-image\" data-id=\"50237f59\" data-element_type=\"widget\" data-e-type=\"widget\" data-widget_type=\"image.default\">\n\t\t\t\t<div class=\"elementor-widget-container\">\n\t\t\t\t\t\t\t\t\t\t\t\t\t\t\t<img fetchpriority=\"high\" decoding=\"async\" width=\"250\" height=\"320\" src=\"https:\/\/www.fredastaire.com\/barcelona\/wp-content\/uploads\/sites\/520\/2023\/05\/Fred-Astaire.png\" class=\"attachment-full size-full wp-image-7608\" alt=\"\" srcset=\"https:\/\/www.fredastaire.com\/barcelona\/wp-content\/uploads\/sites\/520\/2023\/05\/Fred-Astaire.png 250w, https:\/\/www.fredastaire.com\/barcelona\/wp-content\/uploads\/sites\/520\/2023\/05\/Fred-Astaire-234x300.png 234w\" sizes=\"(max-width: 250px) 100vw, 250px\" \/>\t\t\t\t\t\t\t\t\t\t\t\t\t\t\t<\/div>\n\t\t\t\t<\/div>\n\t\t\t\t\t<\/div>\n\t\t<\/div>\n\t\t\t\t\t<\/div>\n\t\t<\/section>\n\t\t\t\t<section class=\"elementor-section elementor-top-section elementor-element elementor-element-2b88b0e5 elementor-section-boxed elementor-section-height-default elementor-section-height-default\" data-id=\"2b88b0e5\" data-element_type=\"section\" data-e-type=\"section\" data-settings=\"{&quot;_ha_eqh_enable&quot;:false}\">\n\t\t\t\t\t\t<div class=\"elementor-container elementor-column-gap-default\">\n\t\t\t\t\t<div class=\"elementor-column elementor-col-100 elementor-top-column elementor-element elementor-element-1f6e1cfb\" data-id=\"1f6e1cfb\" data-element_type=\"column\" data-e-type=\"column\">\n\t\t\t<div class=\"elementor-widget-wrap elementor-element-populated\">\n\t\t\t\t\t\t<div class=\"elementor-element elementor-element-47d93fcb elementor-widget elementor-widget-text-editor\" data-id=\"47d93fcb\" data-element_type=\"widget\" data-e-type=\"widget\" data-widget_type=\"text-editor.default\">\n\t\t\t\t<div class=\"elementor-widget-container\">\n\t\t\t\t\t\t\t\t\t<p>Astaire va observar una vegada: \u00abAlgunes persones creuen que els bons ballarins neixen.\u00bb\n\u00abTots els bons ballarins que he conegut han rebut classes o entrenaments. Per a mi, ballar sempre ha estat divertit. Gaudeixo de cada minut. Em fa feli\u00e7 poder posar ara els meus coneixements al servei de tantes persones, ajudant-les a guanyar confian\u00e7a en si mateixes i a sentir la satisfacci\u00f3 de l\u2019\u00e8xit.\u00bb<\/p><p>Avui dia, nombrosos estudis de ball franquiciats Fred Astaire, situats en ciutats d\u2019arreu de Nord-am\u00e8rica i tamb\u00e9 a nivell internacional, han de mantenir els m\u00e0xims est\u00e0ndards d\u2019excel\u00b7l\u00e8ncia a trav\u00e9s del nostre International Dance Council i de la certificaci\u00f3 del programa formatiu de Fred Astaire Franchised Dance Studios.\nTot i que el Sr. Astaire ja no \u00e9s f\u00edsicament entre nosaltres, els nostres estudis han format una gran quantitat de ballarins amateurs i professionals que encarnen l\u2019estil i l\u2019eleg\u00e0ncia que el caracteritzaven<\/p>\t\t\t\t\t\t\t\t<\/div>\n\t\t\t\t<\/div>\n\t\t\t\t\t<\/div>\n\t\t<\/div>\n\t\t\t\t\t<\/div>\n\t\t<\/section>\n\t\t\t\t<\/div>","protected":false},"excerpt":{"rendered":"<p>Our History History of Fred Astaire Dance Studios Today, one almost can\u2019t turn on the TV or radio, or open a newspaper, magazine, or web page without hearing a mention of Mr. Fred Astaire in reference to dancing. He has left a lasting impact on the world and when people think of a dancing legend, [&hellip;]<\/p>\n","protected":false},"author":4,"featured_media":0,"parent":0,"menu_order":0,"comment_status":"closed","ping_status":"closed","template":"","meta":{"_acf_changed":false,"footnotes":""},"class_list":["post-5864","page","type-page","status-publish","hentry"],"acf":[],"_links":{"self":[{"href":"https:\/\/www.fredastaire.com\/barcelona\/ca\/wp-json\/wp\/v2\/pages\/5864","targetHints":{"allow":["GET"]}}],"collection":[{"href":"https:\/\/www.fredastaire.com\/barcelona\/ca\/wp-json\/wp\/v2\/pages"}],"about":[{"href":"https:\/\/www.fredastaire.com\/barcelona\/ca\/wp-json\/wp\/v2\/types\/page"}],"author":[{"embeddable":true,"href":"https:\/\/www.fredastaire.com\/barcelona\/ca\/wp-json\/wp\/v2\/users\/4"}],"replies":[{"embeddable":true,"href":"https:\/\/www.fredastaire.com\/barcelona\/ca\/wp-json\/wp\/v2\/comments?post=5864"}],"version-history":[{"count":0,"href":"https:\/\/www.fredastaire.com\/barcelona\/ca\/wp-json\/wp\/v2\/pages\/5864\/revisions"}],"wp:attachment":[{"href":"https:\/\/www.fredastaire.com\/barcelona\/ca\/wp-json\/wp\/v2\/media?parent=5864"}],"curies":[{"name":"wp","href":"https:\/\/api.w.org\/{rel}","templated":true}]}}