{"id":5870,"date":"2019-03-29T02:52:56","date_gmt":"2019-03-29T06:52:56","guid":{"rendered":"https:\/\/www.fredastaire.com\/barcelona\/?page_id=5870"},"modified":"2025-11-19T18:29:48","modified_gmt":"2025-11-19T23:29:48","slug":"viennese-waltz","status":"publish","type":"page","link":"https:\/\/www.fredastaire.com\/barcelona\/ca\/viennese-waltz\/","title":{"rendered":"Vals Vien\u00e8s"},"content":{"rendered":"<div data-elementor-type=\"wp-page\" data-elementor-id=\"5870\" class=\"elementor elementor-5870\" data-elementor-settings=\"{&quot;ha_cmc_init_switcher&quot;:&quot;no&quot;}\" data-elementor-post-type=\"page\">\n\t\t\t\t\t\t<section class=\"elementor-section elementor-top-section elementor-element elementor-element-10cd62a0 elementor-section-height-min-height elementor-section-boxed elementor-section-height-default elementor-section-items-middle\" data-id=\"10cd62a0\" data-element_type=\"section\" data-e-type=\"section\" data-settings=\"{&quot;background_background&quot;:&quot;classic&quot;,&quot;_ha_eqh_enable&quot;:false}\">\n\t\t\t\t\t\t<div class=\"elementor-container elementor-column-gap-default\">\n\t\t\t\t\t<div class=\"elementor-column elementor-col-100 elementor-top-column elementor-element elementor-element-20d64e8a\" data-id=\"20d64e8a\" data-element_type=\"column\" data-e-type=\"column\">\n\t\t\t<div class=\"elementor-widget-wrap\">\n\t\t\t\t\t\t\t<\/div>\n\t\t<\/div>\n\t\t\t\t\t<\/div>\n\t\t<\/section>\n\t\t\t\t<section class=\"elementor-section elementor-top-section elementor-element elementor-element-2436e61b elementor-section-boxed elementor-section-height-default elementor-section-height-default\" data-id=\"2436e61b\" data-element_type=\"section\" data-e-type=\"section\" data-settings=\"{&quot;_ha_eqh_enable&quot;:false}\">\n\t\t\t\t\t\t<div class=\"elementor-container elementor-column-gap-default\">\n\t\t\t\t\t<div class=\"elementor-column elementor-col-50 elementor-top-column elementor-element elementor-element-64c9293\" data-id=\"64c9293\" data-element_type=\"column\" data-e-type=\"column\">\n\t\t\t<div class=\"elementor-widget-wrap elementor-element-populated\">\n\t\t\t\t\t\t<div class=\"elementor-element elementor-element-25883080 elementor-widget elementor-widget-heading\" data-id=\"25883080\" data-element_type=\"widget\" data-e-type=\"widget\" data-widget_type=\"heading.default\">\n\t\t\t\t<div class=\"elementor-widget-container\">\n\t\t\t\t\t<h1 class=\"elementor-heading-title elementor-size-default\">Coneixes B\u00e9 el Vals Vien\u00e8s?<\/h1>\t\t\t\t<\/div>\n\t\t\t\t<\/div>\n\t\t\t\t<div class=\"elementor-element elementor-element-2ac2abe8 elementor-widget__width-inherit elementor-widget elementor-widget-text-editor\" data-id=\"2ac2abe8\" data-element_type=\"widget\" data-e-type=\"widget\" data-widget_type=\"text-editor.default\">\n\t\t\t\t<div class=\"elementor-widget-container\">\n\t\t\t\t\t\t\t\t\t<p>El Vals Vien\u00e8s, tal com es coneix avui dia, va ser ballat per primera vegada per la reialesa europea durant l'\u00e8poca dels compositors austr\u00edacs Johann Strauss I i Johann Strauss II (d\u00e8cada del 1800). El seu carisma i la seva gr\u00e0cia social caracter\u00edstics s\u00f3n t\u00edpics d'aquell per\u00edode de la hist\u00f2ria. El Vals Vien\u00e8s es va convertir en l'\u00fanica dansa d'aquella \u00e8poca que encara \u00e9s interpretada pel p\u00fablic nord-americ\u00e0.<\/p>\n<div class=\"read-more-text\">\n<p>La m\u00fasica del Vals expressa amb eloq\u00fc\u00e8ncia l\u2019alegria despreocupada d\u2019aquells dies passats tan lligats a Viena, El Danubi Blau i Strauss.\n\nLa innovaci\u00f3 m\u00e9s sorprenent de la dansa era la proximidad de les parelles, tan atrevida que nom\u00e9s va arribar a ser socialment acceptada a Gran Bretanya despr\u00e9s que la Reina Vict\u00f2ria la ball\u00e9s en p\u00fablic.\n\n\u00c9s un ball que requereix molt control i resist\u00e8ncia, sobretot a causa del tempo de la m\u00fasica. El Vals Vien\u00e8s \u00e9s un ball progressiu i giratori, i presenta algunes figures que es ballen en un punt.\nEl \"puja i baixa\" s\u2019utilitza al ball, per\u00f2 de manera diferent que en altres balls suaus. Al Vals i al Foxtrot, el ballar\u00ed sol elevar-se per sobre de la seva al\u00e7ada normal dret, per\u00f2 al Vals Vien\u00e8s aix\u00f2 no passa; l\u2019elevaci\u00f3 es crea amb els genolls i el cos.<\/p>\n<p>Des de classes de ball per a casaments, fins a un nou hobby o una manera de connectar amb la teva parella, aprendr\u00e0s m\u00e9s, m\u00e9s r\u00e0pid i amb m\u00e9s DIVERSI\u00d3 a Fred Astaire Dance Studios Barcelona!\nContacta amb nosaltres i pregunta per la nostra Oferta Especial de Benvinguda.<\/p>\n<\/div>\t\t\t\t\t\t\t\t<\/div>\n\t\t\t\t<\/div>\n\t\t\t\t<div class=\"elementor-element elementor-element-3295e46b elementor-widget elementor-widget-video\" data-id=\"3295e46b\" data-element_type=\"widget\" data-e-type=\"widget\" data-settings=\"{&quot;youtube_url&quot;:&quot;https:\\\/\\\/youtu.be\\\/kF1zjTj8xqU&quot;,&quot;video_type&quot;:&quot;youtube&quot;,&quot;controls&quot;:&quot;yes&quot;}\" data-widget_type=\"video.default\">\n\t\t\t\t<div class=\"elementor-widget-container\">\n\t\t\t\t\t\t\t<div class=\"elementor-wrapper elementor-open-inline\">\n\t\t\t<div class=\"elementor-video\"><\/div>\t\t<\/div>\n\t\t\t\t\t\t<\/div>\n\t\t\t\t<\/div>\n\t\t\t\t\t<\/div>\n\t\t<\/div>\n\t\t\t\t<div class=\"elementor-column elementor-col-50 elementor-top-column elementor-element elementor-element-65797a00\" data-id=\"65797a00\" data-element_type=\"column\" data-e-type=\"column\">\n\t\t\t<div class=\"elementor-widget-wrap elementor-element-populated\">\n\t\t\t\t\t\t<div class=\"elementor-element elementor-element-696eda4 elementor-widget elementor-widget-ucaddon_simple_list_menu\" data-id=\"696eda4\" data-element_type=\"widget\" data-e-type=\"widget\" data-widget_type=\"ucaddon_simple_list_menu.default\">\n\t\t\t\t<div class=\"elementor-widget-container\">\n\t\t\t\t\t\n<!-- start List Menu -->\n\t\t<link id='font-awesome-css' href='https:\/\/www.fredastaire.com\/barcelona\/wp-content\/plugins\/unlimited-elements-for-elementor-premium\/assets_libraries\/font-awesome6\/fontawesome-all.min.css' type='text\/css' rel='stylesheet' >\n\t\t<link id='font-awesome-4-shim-css' href='https:\/\/www.fredastaire.com\/barcelona\/wp-content\/plugins\/unlimited-elements-for-elementor-premium\/assets_libraries\/font-awesome6\/fontawesome-v4-shims.min.css' type='text\/css' rel='stylesheet' >\n\n<style>\/* widget: List Menu *\/\n\n#uc_simple_list_menu_elementor_696eda4\n{\n  text-align:left;\n}\n#uc_simple_list_menu_elementor_696eda4 ul\n{\n  padding:0;\n  list-style:none;\n  margin:0;\n}\n\n#uc_simple_list_menu_elementor_696eda4 ul li\n{\n  padding:0;\n  list-style:none;\n  margin:0;\n}\n\n#uc_simple_list_menu_elementor_696eda4 ul li.current_page_item\n{\n  background-color:#f2f2f2;\n}\n\n#uc_simple_list_menu_elementor_696eda4 ul ul li.current_page_item\n{\n  background-color:#EFEFEF;\n}\n\n#uc_simple_list_menu_elementor_696eda4 ul ul ul li.current_page_item\n{\n  background-color:#e6e6e6;\n}\n\n#uc_simple_list_menu_elementor_696eda4 ul li:last-child\n{\n  border-bottom:none;\n}\n\n#uc_simple_list_menu_elementor_696eda4 ul li a\n{\n  text-decoration:none;\n  display:block;\n}\n\n#uc_simple_list_menu_elementor_696eda4 ul li a:before {\n   font-family: \"Font Awesome 5 Free\";\n   content: \"\\f00c\";\n   display: inline-block;\n   vertical-align: middle;\n   font-weight: 900;\n}\n\n\n<\/style>\n\n<div id=\"uc_simple_list_menu_elementor_696eda4\" class=\"simple_list_menu\">\n<ul id=\"menu-types-of-dance\" class=\"uc-list-menu\"><li id=\"menu-item-7280\" class=\"menu-item menu-item-type-custom menu-item-object-custom menu-item-has-children menu-item-7280\"><a href=\"#\">Ritme<\/a>\n<ul class=\"sub-menu\">\n\t<li id=\"menu-item-7266\" class=\"menu-item menu-item-type-post_type menu-item-object-page menu-item-7266\"><a href=\"https:\/\/www.fredastaire.com\/barcelona\/ca\/salsa\/\">Salsa<\/a><\/li>\n\t<li id=\"menu-item-7271\" class=\"menu-item menu-item-type-post_type menu-item-object-page menu-item-7271\"><a href=\"https:\/\/www.fredastaire.com\/barcelona\/ca\/mambo\/\">Mambo<\/a><\/li>\n\t<li id=\"menu-item-7273\" class=\"menu-item menu-item-type-post_type menu-item-object-page menu-item-7273\"><a href=\"https:\/\/www.fredastaire.com\/barcelona\/ca\/hustle\/\">Hustle<\/a><\/li>\n\t<li id=\"menu-item-7275\" class=\"menu-item menu-item-type-post_type menu-item-object-page menu-item-7275\"><a href=\"https:\/\/www.fredastaire.com\/barcelona\/ca\/east-coast-swing\/\">East Coast Swing<\/a><\/li>\n\t<li id=\"menu-item-7261\" class=\"menu-item menu-item-type-post_type menu-item-object-page menu-item-7261\"><a href=\"https:\/\/www.fredastaire.com\/barcelona\/ca\/west-coast-swing\/\">West Coast Swing<\/a><\/li>\n\t<li id=\"menu-item-7270\" class=\"menu-item menu-item-type-post_type menu-item-object-page menu-item-7270\"><a href=\"https:\/\/www.fredastaire.com\/barcelona\/ca\/merengue\/\">Merengue<\/a><\/li>\n\t<li id=\"menu-item-7267\" class=\"menu-item menu-item-type-post_type menu-item-object-page menu-item-7267\"><a href=\"https:\/\/www.fredastaire.com\/barcelona\/ca\/rumba\/\">Rumba<\/a><\/li>\n\t<li id=\"menu-item-7276\" class=\"menu-item menu-item-type-post_type menu-item-object-page menu-item-7276\"><a href=\"https:\/\/www.fredastaire.com\/barcelona\/ca\/cha-cha\/\">Xa-xa-x\u00e0<\/a><\/li>\n\t<li id=\"menu-item-7265\" class=\"menu-item menu-item-type-post_type menu-item-object-page menu-item-7265\"><a href=\"https:\/\/www.fredastaire.com\/barcelona\/ca\/samba\/\">Samba<\/a><\/li>\n\t<li id=\"menu-item-7277\" class=\"menu-item menu-item-type-post_type menu-item-object-page menu-item-7277\"><a href=\"https:\/\/www.fredastaire.com\/barcelona\/ca\/bolero\/\">Bolero<\/a><\/li>\n\t<li id=\"menu-item-7269\" class=\"menu-item menu-item-type-post_type menu-item-object-page menu-item-7269\"><a href=\"https:\/\/www.fredastaire.com\/barcelona\/ca\/paso-doble\/\">Paso Doble<\/a><\/li>\n\t<li id=\"menu-item-7272\" class=\"menu-item menu-item-type-post_type menu-item-object-page menu-item-7272\"><a href=\"https:\/\/www.fredastaire.com\/barcelona\/ca\/jive\/\">Jive<\/a><\/li>\n\t<li id=\"menu-item-7260\" class=\"menu-item menu-item-type-post_type menu-item-object-page menu-item-7260\"><a href=\"https:\/\/www.fredastaire.com\/barcelona\/ca\/bachata\/\">Bachata<\/a><\/li>\n<\/ul>\n<\/li>\n<li id=\"menu-item-7281\" class=\"menu-item menu-item-type-custom menu-item-object-custom menu-item-has-children menu-item-7281\"><a href=\"#\">Suau<\/a>\n<ul class=\"sub-menu\">\n\t<li id=\"menu-item-7278\" class=\"menu-item menu-item-type-post_type menu-item-object-page menu-item-7278\"><a href=\"https:\/\/www.fredastaire.com\/barcelona\/ca\/argentine-tango\/\">Tango Argent\u00ed<\/a><\/li>\n\t<li id=\"menu-item-7264\" class=\"menu-item menu-item-type-post_type menu-item-object-page menu-item-7264\"><a href=\"https:\/\/www.fredastaire.com\/barcelona\/ca\/tango\/\">Tango<\/a><\/li>\n\t<li id=\"menu-item-7274\" class=\"menu-item menu-item-type-post_type menu-item-object-page menu-item-7274\"><a href=\"https:\/\/www.fredastaire.com\/barcelona\/ca\/foxtrot\/\">Foxtrot<\/a><\/li>\n\t<li id=\"menu-item-7262\" class=\"menu-item menu-item-type-post_type menu-item-object-page menu-item-7262\"><a href=\"https:\/\/www.fredastaire.com\/barcelona\/ca\/waltz\/\">Vals<\/a><\/li>\n\t<li id=\"menu-item-7263\" class=\"menu-item menu-item-type-post_type menu-item-object-page menu-item-7263\"><a href=\"https:\/\/www.fredastaire.com\/barcelona\/ca\/viennese-waltz\/\">Vals Vien\u00e8s<\/a><\/li>\n\t<li id=\"menu-item-7268\" class=\"menu-item menu-item-type-post_type menu-item-object-page menu-item-7268\"><a href=\"https:\/\/www.fredastaire.com\/barcelona\/ca\/quickstep\/\">Quickstep<\/a><\/li>\n<\/ul>\n<\/li>\n<li id=\"menu-item-7282\" class=\"menu-item menu-item-type-custom menu-item-object-custom menu-item-has-children menu-item-7282\"><a href=\"#\">Country Western<\/a>\n<ul class=\"sub-menu\">\n\t<li id=\"menu-item-7259\" class=\"menu-item menu-item-type-post_type menu-item-object-page menu-item-7259\"><a href=\"https:\/\/www.fredastaire.com\/barcelona\/ca\/country-western-two-step\/\">Two-Step<\/a><\/li>\n<\/ul>\n<\/li>\n<\/ul>\n<\/div>\n<!-- end List Menu -->\t\t\t\t<\/div>\n\t\t\t\t<\/div>\n\t\t\t\t\t<\/div>\n\t\t<\/div>\n\t\t\t\t\t<\/div>\n\t\t<\/section>\n\t\t\t\t<\/div>","protected":false},"excerpt":{"rendered":"<p>Versed In Viennese Waltz? The Viennese Waltz, as its known today, was first danced by European royalty during the era of the Austrian composers, Johann Strauss I and Johann Strauss II (1800s). Its hallmark charisma and social grace is typical of that period of history. The Viennese Waltz became the only dance of that era [&hellip;]<\/p>\n","protected":false},"author":4,"featured_media":0,"parent":0,"menu_order":0,"comment_status":"closed","ping_status":"closed","template":"","meta":{"_acf_changed":false,"footnotes":""},"class_list":["post-5870","page","type-page","status-publish","hentry"],"acf":[],"_links":{"self":[{"href":"https:\/\/www.fredastaire.com\/barcelona\/ca\/wp-json\/wp\/v2\/pages\/5870","targetHints":{"allow":["GET"]}}],"collection":[{"href":"https:\/\/www.fredastaire.com\/barcelona\/ca\/wp-json\/wp\/v2\/pages"}],"about":[{"href":"https:\/\/www.fredastaire.com\/barcelona\/ca\/wp-json\/wp\/v2\/types\/page"}],"author":[{"embeddable":true,"href":"https:\/\/www.fredastaire.com\/barcelona\/ca\/wp-json\/wp\/v2\/users\/4"}],"replies":[{"embeddable":true,"href":"https:\/\/www.fredastaire.com\/barcelona\/ca\/wp-json\/wp\/v2\/comments?post=5870"}],"version-history":[{"count":0,"href":"https:\/\/www.fredastaire.com\/barcelona\/ca\/wp-json\/wp\/v2\/pages\/5870\/revisions"}],"wp:attachment":[{"href":"https:\/\/www.fredastaire.com\/barcelona\/ca\/wp-json\/wp\/v2\/media?parent=5870"}],"curies":[{"name":"wp","href":"https:\/\/api.w.org\/{rel}","templated":true}]}}