{"id":6542,"date":"2019-04-01T02:29:53","date_gmt":"2019-04-01T06:29:53","guid":{"rendered":"https:\/\/www.fredastaire.com\/barcelona\/?page_id=6542"},"modified":"2024-08-05T11:59:44","modified_gmt":"2024-08-05T15:59:44","slug":"news-press","status":"publish","type":"page","link":"https:\/\/www.fredastaire.com\/barcelona\/ca\/news-press\/","title":{"rendered":"Fred Astaire Dance Studios, a les Not\u00edcies!"},"content":{"rendered":"<div data-elementor-type=\"wp-page\" data-elementor-id=\"6542\" class=\"elementor elementor-6542\" data-elementor-settings=\"{&quot;ha_cmc_init_switcher&quot;:&quot;no&quot;}\" data-elementor-post-type=\"page\">\n\t\t\t\t\t\t<section class=\"elementor-section elementor-top-section elementor-element elementor-element-1eff4187 elementor-section-height-min-height elementor-section-boxed elementor-section-height-default elementor-section-items-middle\" data-id=\"1eff4187\" data-element_type=\"section\" data-e-type=\"section\" data-settings=\"{&quot;background_background&quot;:&quot;classic&quot;,&quot;_ha_eqh_enable&quot;:false}\">\n\t\t\t\t\t\t\t<div class=\"elementor-background-overlay\"><\/div>\n\t\t\t\t\t\t\t<div class=\"elementor-container elementor-column-gap-default\">\n\t\t\t\t\t<div class=\"elementor-column elementor-col-100 elementor-top-column elementor-element elementor-element-787ed03e\" data-id=\"787ed03e\" data-element_type=\"column\" data-e-type=\"column\">\n\t\t\t<div class=\"elementor-widget-wrap elementor-element-populated\">\n\t\t\t\t\t\t<div class=\"elementor-element elementor-element-38b210f9 elementor-widget elementor-widget-heading\" data-id=\"38b210f9\" data-element_type=\"widget\" data-e-type=\"widget\" data-widget_type=\"heading.default\">\n\t\t\t\t<div class=\"elementor-widget-container\">\n\t\t\t\t\t<h1 class=\"elementor-heading-title elementor-size-default\">Not\u00edcies i Premsa<\/h1>\t\t\t\t<\/div>\n\t\t\t\t<\/div>\n\t\t\t\t\t<\/div>\n\t\t<\/div>\n\t\t\t\t\t<\/div>\n\t\t<\/section>\n\t\t\t\t<section class=\"elementor-section elementor-top-section elementor-element elementor-element-3122da66 elementor-section-boxed elementor-section-height-default elementor-section-height-default\" data-id=\"3122da66\" data-element_type=\"section\" data-e-type=\"section\" data-settings=\"{&quot;_ha_eqh_enable&quot;:false}\">\n\t\t\t\t\t\t<div class=\"elementor-container elementor-column-gap-default\">\n\t\t\t\t\t<div class=\"elementor-column elementor-col-100 elementor-top-column elementor-element elementor-element-472ea625\" data-id=\"472ea625\" data-element_type=\"column\" data-e-type=\"column\">\n\t\t\t<div class=\"elementor-widget-wrap elementor-element-populated\">\n\t\t\t\t\t\t<div class=\"elementor-element elementor-element-760f1390 elementor-widget elementor-widget-heading\" data-id=\"760f1390\" data-element_type=\"widget\" data-e-type=\"widget\" data-widget_type=\"heading.default\">\n\t\t\t\t<div class=\"elementor-widget-container\">\n\t\t\t\t\t<h2 class=\"elementor-heading-title elementor-size-default\">Fred Astaire Dance Studios, a les Not\u00edcies!<\/h2>\t\t\t\t<\/div>\n\t\t\t\t<\/div>\n\t\t\t\t<div class=\"elementor-element elementor-element-9ac119b elementor-widget elementor-widget-text-editor\" data-id=\"9ac119b\" data-element_type=\"widget\" data-e-type=\"widget\" data-widget_type=\"text-editor.default\">\n\t\t\t\t<div class=\"elementor-widget-container\">\n\t\t\t\t\t\t\t\t\t<p>A Fred Astaire Dance Studios, sempre \u00e9s emocionant que el nostre equip, els nostres Alumnes i els nostres esdeveniments rebin reconeixement als mitjans de comunicaci\u00f3. Des d\u2019hist\u00f2ries locals de la comunitat fins a not\u00edcies nacionals, el nostre objectiu \u00e9s compartir exemples inspiradors de com el poder positiu i transformador del ball enriqueix la vida \u2014 f\u00edsica, mental, emocional i socialment.\nExplora aquests enlla\u00e7os i potser descobrir\u00e0s alguna cosa nova i fascinant sobre el ball. Despr\u00e9s, acosta\u2019t a Fred Astaire Dance Studios Barcelona i experimenta l'alegria que les classes de ball poden aportar a la teva vida.\u00a0<em>el teu<\/em>\u00a0vida.<\/p>\t\t\t\t\t\t\t\t<\/div>\n\t\t\t\t<\/div>\n\t\t\t\t\t<\/div>\n\t\t<\/div>\n\t\t\t\t\t<\/div>\n\t\t<\/section>\n\t\t\t\t<\/div>","protected":false},"excerpt":{"rendered":"<p>News and Press Fred Astaire Dance Studios, in the News! At Fred Astaire Dance Studios, it\u2019s always exciting when our talented staff &amp; students, and exciting events &amp; locations are celebrated in the media! From local community stories to national news, our goal is to help share the inspiring examples of how the positive and [&hellip;]<\/p>\n","protected":false},"author":4,"featured_media":0,"parent":0,"menu_order":0,"comment_status":"closed","ping_status":"closed","template":"","meta":{"_acf_changed":false,"footnotes":""},"class_list":["post-6542","page","type-page","status-publish","hentry"],"acf":[],"_links":{"self":[{"href":"https:\/\/www.fredastaire.com\/barcelona\/ca\/wp-json\/wp\/v2\/pages\/6542","targetHints":{"allow":["GET"]}}],"collection":[{"href":"https:\/\/www.fredastaire.com\/barcelona\/ca\/wp-json\/wp\/v2\/pages"}],"about":[{"href":"https:\/\/www.fredastaire.com\/barcelona\/ca\/wp-json\/wp\/v2\/types\/page"}],"author":[{"embeddable":true,"href":"https:\/\/www.fredastaire.com\/barcelona\/ca\/wp-json\/wp\/v2\/users\/4"}],"replies":[{"embeddable":true,"href":"https:\/\/www.fredastaire.com\/barcelona\/ca\/wp-json\/wp\/v2\/comments?post=6542"}],"version-history":[{"count":0,"href":"https:\/\/www.fredastaire.com\/barcelona\/ca\/wp-json\/wp\/v2\/pages\/6542\/revisions"}],"wp:attachment":[{"href":"https:\/\/www.fredastaire.com\/barcelona\/ca\/wp-json\/wp\/v2\/media?parent=6542"}],"curies":[{"name":"wp","href":"https:\/\/api.w.org\/{rel}","templated":true}]}}