{"id":7766,"date":"2023-06-05T12:23:59","date_gmt":"2023-06-05T16:23:59","guid":{"rendered":"https:\/\/www.fredastaire.com\/barcelona\/?page_id=7766"},"modified":"2024-08-28T11:01:52","modified_gmt":"2024-08-28T15:01:52","slug":"terms-service","status":"publish","type":"page","link":"https:\/\/www.fredastaire.com\/barcelona\/ca\/terms-service\/","title":{"rendered":"Termes i condicions d&#039;\u00fas del lloc web"},"content":{"rendered":"<div data-elementor-type=\"wp-page\" data-elementor-id=\"7766\" class=\"elementor elementor-7766\" data-elementor-settings=\"{&quot;ha_cmc_init_switcher&quot;:&quot;no&quot;}\" data-elementor-post-type=\"page\">\n\t\t\t\t\t\t<section class=\"elementor-section elementor-top-section elementor-element elementor-element-459ed94d elementor-section-height-min-height elementor-section-boxed elementor-section-height-default elementor-section-items-middle\" data-id=\"459ed94d\" data-element_type=\"section\" data-e-type=\"section\" data-settings=\"{&quot;background_background&quot;:&quot;classic&quot;,&quot;_ha_eqh_enable&quot;:false}\">\n\t\t\t\t\t\t\t<div class=\"elementor-background-overlay\"><\/div>\n\t\t\t\t\t\t\t<div class=\"elementor-container elementor-column-gap-default\">\n\t\t\t\t\t<div class=\"elementor-column elementor-col-100 elementor-top-column elementor-element elementor-element-49d2db31\" data-id=\"49d2db31\" data-element_type=\"column\" data-e-type=\"column\">\n\t\t\t<div class=\"elementor-widget-wrap elementor-element-populated\">\n\t\t\t\t\t\t<div class=\"elementor-element elementor-element-2688e416 elementor-widget elementor-widget-heading\" data-id=\"2688e416\" data-element_type=\"widget\" data-e-type=\"widget\" data-widget_type=\"heading.default\">\n\t\t\t\t<div class=\"elementor-widget-container\">\n\t\t\t\t\t<h1 class=\"elementor-heading-title elementor-size-default\">Termes i Condicions<\/h1>\t\t\t\t<\/div>\n\t\t\t\t<\/div>\n\t\t\t\t\t<\/div>\n\t\t<\/div>\n\t\t\t\t\t<\/div>\n\t\t<\/section>\n\t\t\t\t<section class=\"elementor-section elementor-top-section elementor-element elementor-element-5567bdd9 elementor-section-boxed elementor-section-height-default elementor-section-height-default\" data-id=\"5567bdd9\" data-element_type=\"section\" data-e-type=\"section\" data-settings=\"{&quot;_ha_eqh_enable&quot;:false}\">\n\t\t\t\t\t\t<div class=\"elementor-container elementor-column-gap-default\">\n\t\t\t\t\t<div class=\"elementor-column elementor-col-100 elementor-top-column elementor-element elementor-element-77d661c9\" data-id=\"77d661c9\" data-element_type=\"column\" data-e-type=\"column\">\n\t\t\t<div class=\"elementor-widget-wrap elementor-element-populated\">\n\t\t\t\t\t\t<div class=\"elementor-element elementor-element-212fc074 elementor-widget elementor-widget-heading\" data-id=\"212fc074\" data-element_type=\"widget\" data-e-type=\"widget\" data-widget_type=\"heading.default\">\n\t\t\t\t<div class=\"elementor-widget-container\">\n\t\t\t\t\t<h2 class=\"elementor-heading-title elementor-size-default\">Termes i condicions d&#039;\u00fas del lloc web<\/h2>\t\t\t\t<\/div>\n\t\t\t\t<\/div>\n\t\t\t\t<div class=\"elementor-element elementor-element-15be614 elementor-widget elementor-widget-ucaddon_list\" data-id=\"15be614\" data-element_type=\"widget\" data-e-type=\"widget\" data-widget_type=\"ucaddon_list.default\">\n\t\t\t\t<div class=\"elementor-widget-container\">\n\t\t\t\t\t\n<!-- start List -->\n\t\t<link id='font-awesome-css' href='https:\/\/www.fredastaire.com\/barcelona\/wp-content\/plugins\/unlimited-elements-for-elementor-premium\/assets_libraries\/font-awesome6\/fontawesome-all.min.css' type='text\/css' rel='stylesheet' >\n\t\t<link id='font-awesome-4-shim-css' href='https:\/\/www.fredastaire.com\/barcelona\/wp-content\/plugins\/unlimited-elements-for-elementor-premium\/assets_libraries\/font-awesome6\/fontawesome-v4-shims.min.css' type='text\/css' rel='stylesheet' >\n\n<style>\/* widget: List *\/\n\n\n\n#uc_list_elementor_15be614{\n  display:grid;\n}\n\n#uc_list_elementor_15be614 .ue-list-item\n{\n  display:flex;\n}\n\n\n#uc_list_elementor_15be614 .ue-list-item-image img\n{\n  max-width:100%;\n}\n#uc_list_elementor_15be614 .ue-list-item-text *{\n  margin-bottom:0px;\n}\n\n#uc_list_elementor_15be614 .ue-list-item-index\n{\n  flex-grow:0;\n  flex-shrink:0;\n  display:flex;\n  align-items:center;\n  justify-content:center;\n  line-height:1em;\n}\n\n#uc_list_elementor_15be614 .ue-list-item-index svg\n{\n  height:1em;\n  width:1em;\n}\n\n#uc_list_elementor_15be614 .ue-list-item-content\n{\n  flex-grow:1;\n}\n\n<\/style>\n\n<div id=\"uc_list_elementor_15be614\" class=\"ue-list uc-items-wrapper\"  >\n  <div class=\"ue-list-item elementor-repeater-item-b34aec2\">\n  <div class=\"ue-list-item-index\">\n      1        <\/div>\n  <div class=\"ue-list-item-content\">\n        <h3 class=\"ue-list-item-title\">Termes<\/h3>\n          <div class=\"ue-list-item-text\"><p>En accedir a aquest lloc web, accepteu estar subjecte a aquests Termes i condicions d&#039;\u00fas del lloc web, a totes les lleis i regulacions aplicables, i accepteu que sou responsable del compliment de les lleis locals aplicables. Si no esteu d&#039;acord amb alguna d&#039;aquestes condicions, teniu prohibit utilitzar o accedir a aquest lloc. Els materials continguts en aquest lloc web estan protegits per les lleis de drets d&#039;autor i marques comercials aplicables.<\/p><\/div>\n             <\/div>\n<\/div>\n<div class=\"ue-list-item elementor-repeater-item-de77bac\">\n  <div class=\"ue-list-item-index\">\n      2        <\/div>\n  <div class=\"ue-list-item-content\">\n        <h3 class=\"ue-list-item-title\">Llic\u00e8ncia d&#039;\u00fas<\/h3>\n          <div class=\"ue-list-item-text\"><ol type=\"a\"><li>Es concedeix perm\u00eds per descarregar temporalment una c\u00f2pia dels materials (informaci\u00f3 o programari) del lloc web de Fred Astaire Dance Studios, Inc. nom\u00e9s per a la visualitzaci\u00f3 transit\u00f2ria personal i no comercial. Aix\u00f2 \u00e9s la concessi\u00f3 d&#039;una llic\u00e8ncia, no una transfer\u00e8ncia de t\u00edtol, i sota aquesta llic\u00e8ncia no podeu:<br \/><ol type=\"i\"><li>modificar o copiar els materials;<\/li><li>utilitzar els materials per a qualsevol finalitat comercial o per a qualsevol exhibici\u00f3 p\u00fablica (comercial o no comercial);<\/li><li>intentar descompilar o aplicar enginyeria inversa a qualsevol programari contingut al lloc web de Fred Astaire Dance Studios, Inc.;<\/li><li>eliminar qualsevol copyright o altres anotacions de propietat dels materials; o<\/li><li>transferir els materials a una altra persona o &quot;replicar&quot; els materials en qualsevol altre servidor.<\/li><\/ol><\/li><li>Aquesta llic\u00e8ncia finalitzar\u00e0 autom\u00e0ticament si incompleixes alguna d&#039;aquestes restriccions i pot ser rescindida per Fred Astaire Dance Studios, Inc. en qualsevol moment. En finalitzar la visualitzaci\u00f3 d&#039;aquests materials o en finalitzar aquesta llic\u00e8ncia, has de destruir tots els materials descarregats que tinguis en possessi\u00f3, ja siguin en format electr\u00f2nic o impr\u00e8s.<\/li><\/ol><\/div>\n             <\/div>\n<\/div>\n<div class=\"ue-list-item elementor-repeater-item-e79eb31\">\n  <div class=\"ue-list-item-index\">\n      3        <\/div>\n  <div class=\"ue-list-item-content\">\n        <h3 class=\"ue-list-item-title\">Av\u00eds legal<\/h3>\n          <div class=\"ue-list-item-text\"><ol type=\"a\"><li>Els materials del lloc web de Fred Astaire Dance Studios, Inc. es proporcionen &quot;tal qual&quot;. Fred Astaire Dance Studios, Inc. no ofereix cap garantia, expl\u00edcita o impl\u00edcita, i per la present renuncia i nega totes les altres garanties, incloses, entre d&#039;altres, les garanties o condicions impl\u00edcites de comerciabilitat, idone\u00eftat per a un prop\u00f2sit particular o no infracci\u00f3 de la propietat intel\u00b7lectual o altres violacions de drets. A m\u00e9s, Fred Astaire Dance Studios, Inc. no garanteix ni fa cap declaraci\u00f3 sobre l&#039;exactitud, els resultats probables o la fiabilitat de l&#039;\u00fas dels materials del seu lloc web d&#039;Internet o relacionats amb aquests materials o amb qualsevol lloc enlla\u00e7at a aquest lloc.<\/li><\/ol><\/div>\n             <\/div>\n<\/div>\n<div class=\"ue-list-item elementor-repeater-item-c4b834b\">\n  <div class=\"ue-list-item-index\">\n      4        <\/div>\n  <div class=\"ue-list-item-content\">\n        <h3 class=\"ue-list-item-title\">Limitacions<\/h3>\n          <div class=\"ue-list-item-text\"><p>En cap cas Fred Astaire Dance Studios, Inc o els seus prove\u00efdors seran responsables de cap dany (inclosos, entre d&#039;altres, danys per p\u00e8rdua de dades o beneficis, o per interrupci\u00f3 del negoci) derivats de l&#039;\u00fas o la impossibilitat d&#039;utilitzar els materials del lloc web de Fred Astaire Dance Studios, Inc, fins i tot si Fred Astaire Dance Studios, Inc o un representant autoritzat de Fred Astaire Dance Studios, Inc ha estat notificat oralment o per escrit de la possibilitat d&#039;aquests danys. Com que algunes jurisdiccions no permeten limitacions de garanties impl\u00edcites ni limitacions de responsabilitat per danys conseq\u00fcents o incidentals, \u00e9s possible que aquestes limitacions no s&#039;apliquin al vostre cas.<\/p><\/div>\n             <\/div>\n<\/div>\n<div class=\"ue-list-item elementor-repeater-item-6a12bec\">\n  <div class=\"ue-list-item-index\">\n      5        <\/div>\n  <div class=\"ue-list-item-content\">\n        <h3 class=\"ue-list-item-title\">Revisions i errades<\/h3>\n          <div class=\"ue-list-item-text\"><p>Els materials que apareixen al lloc web de Fred Astaire Dance Studios, Inc. poden incloure errors t\u00e8cnics, tipogr\u00e0fics o fotogr\u00e0fics. Fred Astaire Dance Studios, Inc. no garanteix que cap dels materials del seu lloc web sigui prec\u00eds, complet o actual. Fred Astaire Dance Studios, Inc. pot fer canvis als materials continguts al seu lloc web en qualsevol moment sense previ av\u00eds. Tanmateix, Fred Astaire Dance Studios, Inc. no es compromet a actualitzar els materials.<\/p><\/div>\n             <\/div>\n<\/div>\n<div class=\"ue-list-item elementor-repeater-item-f272466\">\n  <div class=\"ue-list-item-index\">\n      6        <\/div>\n  <div class=\"ue-list-item-content\">\n        <h3 class=\"ue-list-item-title\">Enlla\u00e7os<\/h3>\n          <div class=\"ue-list-item-text\"><p>Fred Astaire Dance Studios, Inc no ha revisat tots els llocs enlla\u00e7ats al seu lloc web d&#039;Internet i no es responsabilitza del contingut de cap d&#039;aquests llocs enlla\u00e7ats. La inclusi\u00f3 de qualsevol enlla\u00e7 no implica l&#039;aprovaci\u00f3 del lloc per part de Fred Astaire Dance Studios, Inc. L&#039;\u00fas de qualsevol lloc web enlla\u00e7at \u00e9s responsabilitat de l&#039;usuari.<\/p><\/div>\n             <\/div>\n<\/div>\n<div class=\"ue-list-item elementor-repeater-item-f9346e7\">\n  <div class=\"ue-list-item-index\">\n      7        <\/div>\n  <div class=\"ue-list-item-content\">\n        <h3 class=\"ue-list-item-title\">Modificacions de les Condicions d&#039;\u00fas del lloc web<\/h3>\n          <div class=\"ue-list-item-text\"><p>Fred Astaire Dance Studios, Inc. pot revisar aquestes condicions d&#039;\u00fas del seu lloc web en qualsevol moment sense previ av\u00eds. En utilitzar aquest lloc web, accepteu quedar vinculat per la versi\u00f3 vigent d&#039;aquestes Condicions d&#039;\u00fas.<\/p><\/div>\n             <\/div>\n<\/div>\n<div class=\"ue-list-item elementor-repeater-item-3a1eefa\">\n  <div class=\"ue-list-item-index\">\n      8        <\/div>\n  <div class=\"ue-list-item-content\">\n        <h3 class=\"ue-list-item-title\">Llei aplicable<\/h3>\n          <div class=\"ue-list-item-text\"><p>Qualsevol reclamaci\u00f3 relacionada amb el lloc web de Fred Astaire Dance Studios, Inc. es regir\u00e0 per les lleis de l&#039;estat de Massachusetts, sense tenir en compte les seves disposicions sobre conflictes de lleis.<\/p><p>Termes i condicions generals aplicables a l&#039;\u00fas d&#039;un lloc web.<\/p><\/div>\n             <\/div>\n<\/div>\n<div class=\"ue-list-item elementor-repeater-item-f2eae14\">\n  <div class=\"ue-list-item-index\">\n      9        <\/div>\n  <div class=\"ue-list-item-content\">\n        <h3 class=\"ue-list-item-title\">ReCAPTCHA<\/h3>\n          <div class=\"ue-list-item-text\"><p><strong>Aquest lloc est\u00e0 protegit per reCAPTCHA i Google <a href=\"https:\/\/policies.google.com\/privacy\" target=\"_blank\" rel=\"noopener\">Pol\u00edtica de Privacitat<\/a> i <a href=\"https:\/\/policies.google.com\/terms\" target=\"_blank\" rel=\"noopener\">Termes i Condicions<\/a> aplicar.<\/strong><\/p><\/div>\n             <\/div>\n<\/div>\n\n<\/div>\n<!-- end List -->\t\t\t\t<\/div>\n\t\t\t\t<\/div>\n\t\t\t\t\t<\/div>\n\t\t<\/div>\n\t\t\t\t\t<\/div>\n\t\t<\/section>\n\t\t\t\t<\/div>","protected":false},"excerpt":{"rendered":"<p>Terms of Service Web Site Terms and Conditions of Use 1 Terms By accessing this web site, you are agreeing to be bound by these web site Terms and Conditions of Use, all applicable laws and regulations, and agree that you are responsible for compliance with any applicable local laws. If you do not agree [&hellip;]<\/p>\n","protected":false},"author":313,"featured_media":0,"parent":0,"menu_order":0,"comment_status":"closed","ping_status":"closed","template":"","meta":{"_acf_changed":false,"footnotes":""},"class_list":["post-7766","page","type-page","status-publish","hentry"],"acf":[],"_links":{"self":[{"href":"https:\/\/www.fredastaire.com\/barcelona\/ca\/wp-json\/wp\/v2\/pages\/7766","targetHints":{"allow":["GET"]}}],"collection":[{"href":"https:\/\/www.fredastaire.com\/barcelona\/ca\/wp-json\/wp\/v2\/pages"}],"about":[{"href":"https:\/\/www.fredastaire.com\/barcelona\/ca\/wp-json\/wp\/v2\/types\/page"}],"author":[{"embeddable":true,"href":"https:\/\/www.fredastaire.com\/barcelona\/ca\/wp-json\/wp\/v2\/users\/313"}],"replies":[{"embeddable":true,"href":"https:\/\/www.fredastaire.com\/barcelona\/ca\/wp-json\/wp\/v2\/comments?post=7766"}],"version-history":[{"count":0,"href":"https:\/\/www.fredastaire.com\/barcelona\/ca\/wp-json\/wp\/v2\/pages\/7766\/revisions"}],"wp:attachment":[{"href":"https:\/\/www.fredastaire.com\/barcelona\/ca\/wp-json\/wp\/v2\/media?parent=7766"}],"curies":[{"name":"wp","href":"https:\/\/api.w.org\/{rel}","templated":true}]}}