{"id":7813,"date":"2023-06-05T13:06:38","date_gmt":"2023-06-05T17:06:38","guid":{"rendered":"https:\/\/www.fredastaire.com\/barcelona\/?page_id=7813"},"modified":"2026-04-07T11:15:45","modified_gmt":"2026-04-07T09:15:45","slug":"about","status":"publish","type":"page","link":"https:\/\/www.fredastaire.com\/barcelona\/ca\/about\/","title":{"rendered":"\u00bfQu\u00e9 hace especial a Fred Astaire Dance Studios?"},"content":{"rendered":"<div data-elementor-type=\"wp-page\" data-elementor-id=\"7813\" class=\"elementor elementor-7813\" data-elementor-settings=\"{&quot;ha_cmc_init_switcher&quot;:&quot;no&quot;}\" data-elementor-post-type=\"page\">\n\t\t\t\t\t\t<section class=\"elementor-section elementor-top-section elementor-element elementor-element-4316e30a elementor-section-height-min-height elementor-section-boxed elementor-section-height-default elementor-section-items-middle\" data-id=\"4316e30a\" data-element_type=\"section\" data-e-type=\"section\" data-settings=\"{&quot;background_background&quot;:&quot;classic&quot;,&quot;_ha_eqh_enable&quot;:false}\">\n\t\t\t\t\t\t\t<div class=\"elementor-background-overlay\"><\/div>\n\t\t\t\t\t\t\t<div class=\"elementor-container elementor-column-gap-default\">\n\t\t\t\t\t<div class=\"elementor-column elementor-col-100 elementor-top-column elementor-element elementor-element-7a0c39e\" data-id=\"7a0c39e\" data-element_type=\"column\" data-e-type=\"column\">\n\t\t\t<div class=\"elementor-widget-wrap elementor-element-populated\">\n\t\t\t\t\t\t<div class=\"elementor-element elementor-element-788fb1f2 elementor-widget elementor-widget-heading\" data-id=\"788fb1f2\" data-element_type=\"widget\" data-e-type=\"widget\" data-widget_type=\"heading.default\">\n\t\t\t\t<div class=\"elementor-widget-container\">\n\t\t\t\t\t<h1 class=\"elementor-heading-title elementor-size-default\">Per qu\u00e8 ballar amb nosaltres?<\/h1>\t\t\t\t<\/div>\n\t\t\t\t<\/div>\n\t\t\t\t\t<\/div>\n\t\t<\/div>\n\t\t\t\t\t<\/div>\n\t\t<\/section>\n\t\t\t\t<section class=\"elementor-section elementor-top-section elementor-element elementor-element-5b4ed2fe elementor-section-boxed elementor-section-height-default elementor-section-height-default\" data-id=\"5b4ed2fe\" data-element_type=\"section\" data-e-type=\"section\" data-settings=\"{&quot;_ha_eqh_enable&quot;:false}\">\n\t\t\t\t\t\t<div class=\"elementor-container elementor-column-gap-default\">\n\t\t\t\t\t<div class=\"elementor-column elementor-col-50 elementor-top-column elementor-element elementor-element-164344b1\" data-id=\"164344b1\" data-element_type=\"column\" data-e-type=\"column\">\n\t\t\t<div class=\"elementor-widget-wrap elementor-element-populated\">\n\t\t\t\t\t\t<div class=\"elementor-element elementor-element-7fffcf4b elementor-widget elementor-widget-heading\" data-id=\"7fffcf4b\" data-element_type=\"widget\" data-e-type=\"widget\" data-widget_type=\"heading.default\">\n\t\t\t\t<div class=\"elementor-widget-container\">\n\t\t\t\t\t<h2 class=\"elementor-heading-title elementor-size-default\">Qu\u00e8 fa especials els estudis de dansa Fred Astaire?<\/h2>\t\t\t\t<\/div>\n\t\t\t\t<\/div>\n\t\t\t\t<div class=\"elementor-element elementor-element-550e42df elementor-widget elementor-widget-text-editor\" data-id=\"550e42df\" data-element_type=\"widget\" data-e-type=\"widget\" data-widget_type=\"text-editor.default\">\n\t\t\t\t<div class=\"elementor-widget-container\">\n\t\t\t\t\t\t\t\t\t<p>Classes de ball nupcial, descobrir una nova afici\u00f3 o una manera de connectar amb la teva parella, millorar la teva vida social i la teva salut f\u00edsica i emocional, o portar les teves habilitats de ball al seg\u00fcent nivell, ballar amb Fred Astaire Dance Studios et permetr\u00e0 aprendre m\u00e9s r\u00e0pid, assolir nivells m\u00e9s alts d\u2019\u00e8xit\u2026 i somriure molt m\u00e9s!\n\nAleshores, per qu\u00e8 escollir Fred Astaire Dance Studios Barcelona?<\/p>\t\t\t\t\t\t\t\t<\/div>\n\t\t\t\t<\/div>\n\t\t\t\t\t<\/div>\n\t\t<\/div>\n\t\t\t\t<div class=\"elementor-column elementor-col-50 elementor-top-column elementor-element elementor-element-3544bc45 elementor-hidden-tablet elementor-hidden-mobile\" data-id=\"3544bc45\" data-element_type=\"column\" data-e-type=\"column\">\n\t\t\t<div class=\"elementor-widget-wrap elementor-element-populated\">\n\t\t\t\t\t\t<div class=\"elementor-element elementor-element-4b6e39b7 elementor-widget elementor-widget-image\" data-id=\"4b6e39b7\" data-element_type=\"widget\" data-e-type=\"widget\" data-widget_type=\"image.default\">\n\t\t\t\t<div class=\"elementor-widget-container\">\n\t\t\t\t\t\t\t\t\t\t\t\t\t\t\t<img fetchpriority=\"high\" decoding=\"async\" width=\"270\" height=\"270\" src=\"https:\/\/www.fredastaire.com\/barcelona\/wp-content\/uploads\/sites\/520\/2023\/05\/fred-astaire-dance-studio2.jpg\" class=\"attachment-large size-large wp-image-7704\" alt=\"\" srcset=\"https:\/\/www.fredastaire.com\/barcelona\/wp-content\/uploads\/sites\/520\/2023\/05\/fred-astaire-dance-studio2.jpg 270w, https:\/\/www.fredastaire.com\/barcelona\/wp-content\/uploads\/sites\/520\/2023\/05\/fred-astaire-dance-studio2-150x150.jpg 150w\" sizes=\"(max-width: 270px) 100vw, 270px\" \/>\t\t\t\t\t\t\t\t\t\t\t\t\t\t\t<\/div>\n\t\t\t\t<\/div>\n\t\t\t\t\t<\/div>\n\t\t<\/div>\n\t\t\t\t\t<\/div>\n\t\t<\/section>\n\t\t\t\t<section class=\"elementor-section elementor-top-section elementor-element elementor-element-64ea9f4b elementor-section-boxed elementor-section-height-default elementor-section-height-default\" data-id=\"64ea9f4b\" data-element_type=\"section\" data-e-type=\"section\" data-settings=\"{&quot;background_background&quot;:&quot;classic&quot;,&quot;_ha_eqh_enable&quot;:false}\">\n\t\t\t\t\t\t<div class=\"elementor-container elementor-column-gap-default\">\n\t\t\t\t\t<div class=\"elementor-column elementor-col-50 elementor-top-column elementor-element elementor-element-cd4900b elementor-hidden-tablet elementor-hidden-mobile\" data-id=\"cd4900b\" data-element_type=\"column\" data-e-type=\"column\">\n\t\t\t<div class=\"elementor-widget-wrap elementor-element-populated\">\n\t\t\t\t\t\t<div class=\"elementor-element elementor-element-4ecae140 elementor-widget elementor-widget-image\" data-id=\"4ecae140\" data-element_type=\"widget\" data-e-type=\"widget\" data-widget_type=\"image.default\">\n\t\t\t\t<div class=\"elementor-widget-container\">\n\t\t\t\t\t\t\t\t\t\t\t\t\t\t\t<img decoding=\"async\" width=\"270\" height=\"270\" src=\"https:\/\/www.fredastaire.com\/barcelona\/wp-content\/uploads\/sites\/520\/2023\/05\/fred-astaire-dance-studio14.jpg\" class=\"attachment-large size-large wp-image-7705\" alt=\"\" srcset=\"https:\/\/www.fredastaire.com\/barcelona\/wp-content\/uploads\/sites\/520\/2023\/05\/fred-astaire-dance-studio14.jpg 270w, https:\/\/www.fredastaire.com\/barcelona\/wp-content\/uploads\/sites\/520\/2023\/05\/fred-astaire-dance-studio14-150x150.jpg 150w\" sizes=\"(max-width: 270px) 100vw, 270px\" \/>\t\t\t\t\t\t\t\t\t\t\t\t\t\t\t<\/div>\n\t\t\t\t<\/div>\n\t\t\t\t\t<\/div>\n\t\t<\/div>\n\t\t\t\t<div class=\"elementor-column elementor-col-50 elementor-top-column elementor-element elementor-element-7869d801\" data-id=\"7869d801\" data-element_type=\"column\" data-e-type=\"column\">\n\t\t\t<div class=\"elementor-widget-wrap elementor-element-populated\">\n\t\t\t\t\t\t<div class=\"elementor-element elementor-element-5e3a711b elementor-widget elementor-widget-text-editor\" data-id=\"5e3a711b\" data-element_type=\"widget\" data-e-type=\"widget\" data-widget_type=\"text-editor.default\">\n\t\t\t\t<div class=\"elementor-widget-container\">\n\t\t\t\t\t\t\t\t\t<p><strong>Perqu\u00e8 a cadascun d'els Fred Astaire Dance Studios t'espera un ambient amable, c\u00e0lid i d'inspiraci\u00f3!<\/strong><\/p><p>Aix\u00f2 \u00e9s el que els nostres clients ens expliquen que perceben des del primer moment que creuen la porta del nostre estudi del carrer Par\u00eds: una energia propera i vibrant, i un aut\u00e8ntic esperit de \u201ccomunitat FADS\u201d, acollidora, 100 % lliure de prejudicis i genu\u00efnament alegre.\n\nLa nostra passi\u00f3 \u00e9s enriquir vides \u2014f\u00edsica, mental, emocional i socialment\u2014 a trav\u00e9s del poder positiu i transformador de la dansa.<\/p><p><strong>Perqu\u00e8 les classes de ball de sal\u00f3 sempre han de ser DIVERTIDES!<\/strong><\/p><p>La filosofia d'ensenyament a tots els estudis de dansa Fred Astaire \u00e9s senzilla i directa: aprendre balls de sal\u00f3 sempre \u00e9s divertit! Treballem amb Alumnes de totes les edats i capacitats, i el nostre ambient amable i inspirador t'ajudar\u00e0 a fer realitat el teu viatge al m\u00f3n del ball de sal\u00f3. Hi ha milers de raons per les quals la gent comen\u00e7a classes de dansa, i un cop vegis com de divertits poden ser els balls de sal\u00f3, sabem que voldr\u00e0s tornar! Som f\u00e0cils de trobar: a nom\u00e9s 700 metres del Celler Rinc\u00f3n Catal\u00e0!<\/p>\t\t\t\t\t\t\t\t<\/div>\n\t\t\t\t<\/div>\n\t\t\t\t\t<\/div>\n\t\t<\/div>\n\t\t\t\t\t<\/div>\n\t\t<\/section>\n\t\t\t\t<section class=\"elementor-section elementor-top-section elementor-element elementor-element-5a922563 elementor-section-boxed elementor-section-height-default elementor-section-height-default\" data-id=\"5a922563\" data-element_type=\"section\" data-e-type=\"section\" data-settings=\"{&quot;_ha_eqh_enable&quot;:false}\">\n\t\t\t\t\t\t<div class=\"elementor-container elementor-column-gap-default\">\n\t\t\t\t\t<div class=\"elementor-column elementor-col-50 elementor-top-column elementor-element elementor-element-453aae38\" data-id=\"453aae38\" data-element_type=\"column\" data-e-type=\"column\">\n\t\t\t<div class=\"elementor-widget-wrap elementor-element-populated\">\n\t\t\t\t\t\t<div class=\"elementor-element elementor-element-1c836bab elementor-widget elementor-widget-text-editor\" data-id=\"1c836bab\" data-element_type=\"widget\" data-e-type=\"widget\" data-widget_type=\"text-editor.default\">\n\t\t\t\t<div class=\"elementor-widget-container\">\n\t\t\t\t\t\t\t\t\t<p><strong>Perqu\u00e8 el ball de sal\u00f3 t\u00e9 tants beneficis!<\/strong><br role=\"presentation\" data-uw-rm-sr=\"\" \/>Els balls de sal\u00f3 s\u00f3n una combinaci\u00f3 perfecta d'activitat f\u00edsica, interacci\u00f3 social i estimulaci\u00f3 mental, i pot aportar molt a la teva vida. \u00c9s un bon exercici; t\u00e9 beneficis documentats per a la salut f\u00edsica i mental; pot millorar la teva vida social i la confian\u00e7a en un mateix; redueix l'estr\u00e8s i la depressi\u00f3; promou la relaxaci\u00f3; \u00e9s una meravellosa v\u00e0lvula d'expressi\u00f3 personal i creativa; i a m\u00e9s \u00e9s DIVERTIT!! Amb totes aquestes raons per comen\u00e7ar a ballar, et desafiem a trobar una bona ra\u00f3 per NO fer-ho.<\/p><p><strong>Perqu\u00e8 el nostre programa de balls de sal\u00f3 t'ajuden a aprendre m\u00e9s r\u00e0pid i a aconseguir m\u00e9s!<\/strong><br role=\"presentation\" data-uw-rm-sr=\"\" \/>El programa de Classes Privades, classes en Grup i Festes de Ball i Pr\u00e0ctica de Fred Astaire Dance Studios garanteix que aprendr\u00e0s tant com sigui possible, en el menor temps possible, amb la m\u00e0xima retenci\u00f3 i la M\u00c9S DIVERTIDA possible. De fet, ballar\u00e0s amb confian\u00e7a al final de la teva primera classe! El nostre repertori cobreix tota la gamma de balls de sal\u00f3: Americ\u00e0, Llat\u00ed, Estil Internacional, Estil de Sal\u00f3, fins i tot Balls d'Exhibici\u00f3 i Arts Teatrals, tant per a ballarins socials com de competici\u00f3.<\/p>\t\t\t\t\t\t\t\t<\/div>\n\t\t\t\t<\/div>\n\t\t\t\t\t<\/div>\n\t\t<\/div>\n\t\t\t\t<div class=\"elementor-column elementor-col-50 elementor-top-column elementor-element elementor-element-4159191c elementor-hidden-tablet elementor-hidden-mobile\" data-id=\"4159191c\" data-element_type=\"column\" data-e-type=\"column\">\n\t\t\t<div class=\"elementor-widget-wrap elementor-element-populated\">\n\t\t\t\t\t\t<div class=\"elementor-element elementor-element-4971002a elementor-widget elementor-widget-image\" data-id=\"4971002a\" data-element_type=\"widget\" data-e-type=\"widget\" data-widget_type=\"image.default\">\n\t\t\t\t<div class=\"elementor-widget-container\">\n\t\t\t\t\t\t\t\t\t\t\t\t\t\t\t<img decoding=\"async\" width=\"270\" height=\"270\" src=\"https:\/\/www.fredastaire.com\/barcelona\/wp-content\/uploads\/sites\/520\/2023\/05\/fred-astaire-dance-studio23.jpg\" class=\"attachment-large size-large wp-image-7706\" alt=\"\" srcset=\"https:\/\/www.fredastaire.com\/barcelona\/wp-content\/uploads\/sites\/520\/2023\/05\/fred-astaire-dance-studio23.jpg 270w, https:\/\/www.fredastaire.com\/barcelona\/wp-content\/uploads\/sites\/520\/2023\/05\/fred-astaire-dance-studio23-150x150.jpg 150w\" sizes=\"(max-width: 270px) 100vw, 270px\" \/>\t\t\t\t\t\t\t\t\t\t\t\t\t\t\t<\/div>\n\t\t\t\t<\/div>\n\t\t\t\t\t<\/div>\n\t\t<\/div>\n\t\t\t\t\t<\/div>\n\t\t<\/section>\n\t\t\t\t<section class=\"elementor-section elementor-top-section elementor-element elementor-element-1519b058 elementor-section-boxed elementor-section-height-default elementor-section-height-default\" data-id=\"1519b058\" data-element_type=\"section\" data-e-type=\"section\" data-settings=\"{&quot;background_background&quot;:&quot;classic&quot;,&quot;_ha_eqh_enable&quot;:false}\">\n\t\t\t\t\t\t<div class=\"elementor-container elementor-column-gap-default\">\n\t\t\t\t\t<div class=\"elementor-column elementor-col-100 elementor-top-column elementor-element elementor-element-49c7eaa0\" data-id=\"49c7eaa0\" data-element_type=\"column\" data-e-type=\"column\">\n\t\t\t<div class=\"elementor-widget-wrap elementor-element-populated\">\n\t\t\t\t\t\t<div class=\"elementor-element elementor-element-45b8803f elementor-widget elementor-widget-text-editor\" data-id=\"45b8803f\" data-element_type=\"widget\" data-e-type=\"widget\" data-widget_type=\"text-editor.default\">\n\t\t\t\t<div class=\"elementor-widget-container\">\n\t\t\t\t\t\t\t\t\t<p><strong>Pel nostre Equip de Professionals i amb talent!<\/strong><br role=\"presentation\" data-uw-rm-sr=\"\">Els Professors de Fred Astaire Dance Studios s\u00f3n destacats professionals de la dansa procedents de diferents parts del m\u00f3n i que senten veritable passi\u00f3 per la seva feina. Molts compten amb titulacions en Belles Arts i s\u00f3n ballarins professionals en actiu, fins i tot premiats en competicions.\nTots els nostres professors completen una formaci\u00f3 rigorosa per certificar-se en el M\u00e8tode Fred Astaire, un programa estructurat que ensenya els fonaments del ball en parella respectant la manera natural d\u2019aprenentatge de cada Alumne. Aquest m\u00e8tode, juntament amb la dedicaci\u00f3, l\u2019entusiasme i la qualitat humana dels nostres professors, et permetr\u00e0 aprofitar al m\u00e0xim cada classe i avan\u00e7ar amb confian\u00e7a i solidesa en el teu cam\u00ed del ball.<\/p>\n<p><strong>Pels nostres grans esdeveniments i competicions de ball de sal\u00f3!<\/strong><br role=\"presentation\" data-uw-rm-sr=\"\">Fred Astaire Dance Studios ofereix una varietat d\u2019esdeveniments locals divertits perqu\u00e8 la teva experi\u00e8ncia amb el ball sigui emocionant i gratificant. Festes amb convidats, showcases, spotlights, esdeveniments de suport a la comunitat, sessions especials de coaching i sortides en grup fora de les instal\u00b7lacions fomenten la interacci\u00f3 social i t\u2019ajuden a aplicar tot all\u00f2 que est\u00e0s aprenent.\n\nA m\u00e9s, la nostra participaci\u00f3 en competicions regionals, nacionals i internacionals Pro-Am i de dansa professional t\u2019ofereix oportunitats inspiradores per competir, viatjar i perfeccionar les teves habilitats de ball en entorns estimulants i de suport.<\/p>\n<p><strong>Per la nostra Oferta de Benvinguda!<\/strong><br role=\"presentation\" data-uw-rm-sr=\"\">Aprofita la nostra Oferta Especial de Benvinguda exclusiva per a nous Alumnes i dona el primer pas per assolir els teus reptes de ball. Contacta amb nosaltres per con\u00e8ixer tots els detalls sobre els programes amb un descompte especial de benvinguda exclusiu per a nous Alumnes (\u00a1que&nbsp;<em>sens dubte<\/em>&nbsp;et faran sortir a ballar!). Vine i comparteix els teus objectius de ball amb nosaltres, t'ajudarem a aconseguir-los!<\/p>\n<p>Esperem veure't aviat a la pista de ball<\/p>\t\t\t\t\t\t\t\t<\/div>\n\t\t\t\t<\/div>\n\t\t\t\t\t<\/div>\n\t\t<\/div>\n\t\t\t\t\t<\/div>\n\t\t<\/section>\n\t\t\t\t<\/div>","protected":false},"excerpt":{"rendered":"<p>Why Dance With Us? What Makes Fred Astaire Dance Studios Special? From wedding dance instruction, a new hobby or way to connect with your partner, improving your social life, physical and emotional health, or taking your dance skills to the next level, dancing with Fred Astaire Dance Studios will result in faster learning, higher levels [&hellip;]<\/p>\n","protected":false},"author":313,"featured_media":0,"parent":0,"menu_order":0,"comment_status":"closed","ping_status":"closed","template":"","meta":{"_acf_changed":false,"footnotes":""},"class_list":["post-7813","page","type-page","status-publish","hentry"],"acf":[],"_links":{"self":[{"href":"https:\/\/www.fredastaire.com\/barcelona\/ca\/wp-json\/wp\/v2\/pages\/7813","targetHints":{"allow":["GET"]}}],"collection":[{"href":"https:\/\/www.fredastaire.com\/barcelona\/ca\/wp-json\/wp\/v2\/pages"}],"about":[{"href":"https:\/\/www.fredastaire.com\/barcelona\/ca\/wp-json\/wp\/v2\/types\/page"}],"author":[{"embeddable":true,"href":"https:\/\/www.fredastaire.com\/barcelona\/ca\/wp-json\/wp\/v2\/users\/313"}],"replies":[{"embeddable":true,"href":"https:\/\/www.fredastaire.com\/barcelona\/ca\/wp-json\/wp\/v2\/comments?post=7813"}],"version-history":[{"count":0,"href":"https:\/\/www.fredastaire.com\/barcelona\/ca\/wp-json\/wp\/v2\/pages\/7813\/revisions"}],"wp:attachment":[{"href":"https:\/\/www.fredastaire.com\/barcelona\/ca\/wp-json\/wp\/v2\/media?parent=7813"}],"curies":[{"name":"wp","href":"https:\/\/api.w.org\/{rel}","templated":true}]}}