{"id":7814,"date":"2023-06-05T13:06:46","date_gmt":"2023-06-05T17:06:46","guid":{"rendered":"https:\/\/www.fredastaire.com\/barcelona\/?page_id=7814"},"modified":"2026-03-20T18:04:19","modified_gmt":"2026-03-20T17:04:19","slug":"teaching-methods","status":"publish","type":"page","link":"https:\/\/www.fredastaire.com\/barcelona\/ca\/teaching-methods\/","title":{"rendered":"M\u00e8todes d'ensenyament Fred Astaire Dance Studios"},"content":{"rendered":"<div data-elementor-type=\"wp-page\" data-elementor-id=\"7814\" class=\"elementor elementor-7814\" data-elementor-settings=\"{&quot;ha_cmc_init_switcher&quot;:&quot;no&quot;}\" data-elementor-post-type=\"page\">\n\t\t\t\t\t\t<section class=\"elementor-section elementor-top-section elementor-element elementor-element-7cb19c35 elementor-section-height-min-height elementor-section-boxed elementor-section-height-default elementor-section-items-middle\" data-id=\"7cb19c35\" data-element_type=\"section\" data-e-type=\"section\" data-settings=\"{&quot;background_background&quot;:&quot;classic&quot;,&quot;_ha_eqh_enable&quot;:false}\">\n\t\t\t\t\t\t\t<div class=\"elementor-background-overlay\"><\/div>\n\t\t\t\t\t\t\t<div class=\"elementor-container elementor-column-gap-default\">\n\t\t\t\t\t<div class=\"elementor-column elementor-col-100 elementor-top-column elementor-element elementor-element-35df2a05\" data-id=\"35df2a05\" data-element_type=\"column\" data-e-type=\"column\">\n\t\t\t<div class=\"elementor-widget-wrap elementor-element-populated\">\n\t\t\t\t\t\t<div class=\"elementor-element elementor-element-6755219b elementor-widget elementor-widget-heading\" data-id=\"6755219b\" data-element_type=\"widget\" data-e-type=\"widget\" data-widget_type=\"heading.default\">\n\t\t\t\t<div class=\"elementor-widget-container\">\n\t\t\t\t\t<h1 class=\"elementor-heading-title elementor-size-default\">La Nostra Metodologia<\/h1>\t\t\t\t<\/div>\n\t\t\t\t<\/div>\n\t\t\t\t\t<\/div>\n\t\t<\/div>\n\t\t\t\t\t<\/div>\n\t\t<\/section>\n\t\t\t\t<section class=\"elementor-section elementor-top-section elementor-element elementor-element-79f02980 elementor-section-boxed elementor-section-height-default elementor-section-height-default\" data-id=\"79f02980\" data-element_type=\"section\" data-e-type=\"section\" data-settings=\"{&quot;_ha_eqh_enable&quot;:false}\">\n\t\t\t\t\t\t<div class=\"elementor-container elementor-column-gap-default\">\n\t\t\t\t\t<div class=\"elementor-column elementor-col-50 elementor-top-column elementor-element elementor-element-17a2a5dd\" data-id=\"17a2a5dd\" data-element_type=\"column\" data-e-type=\"column\">\n\t\t\t<div class=\"elementor-widget-wrap elementor-element-populated\">\n\t\t\t\t\t\t<div class=\"elementor-element elementor-element-69821ebd elementor-widget elementor-widget-heading\" data-id=\"69821ebd\" data-element_type=\"widget\" data-e-type=\"widget\" data-widget_type=\"heading.default\">\n\t\t\t\t<div class=\"elementor-widget-container\">\n\t\t\t\t\t<h2 class=\"elementor-heading-title elementor-size-default\">M\u00e8todes d'Ensenyament de Fred Astaire Dance Studios<\/h2>\t\t\t\t<\/div>\n\t\t\t\t<\/div>\n\t\t\t\t<div class=\"elementor-element elementor-element-22969928 elementor-widget elementor-widget-text-editor\" data-id=\"22969928\" data-element_type=\"widget\" data-e-type=\"widget\" data-widget_type=\"text-editor.default\">\n\t\t\t\t<div class=\"elementor-widget-container\">\n\t\t\t\t\t\t\t\t\t<p>\u00c9s un privilegi per a nosaltres portar el nom comercial \u201cFred Astaire Dance Studios\u201d, i estem compromesos a mantenir l\u2019admirada reputaci\u00f3 del nostre cofundador, el Sr. Fred Astaire, en tot el que fem. L\u2019ambient c\u00e0lid, alegre i 100 % lliure de prejudicis que descobrir\u00e0s a Fred Astaire Dance Studios Barcelona \u00e9s fruit d\u2019aquest comprom\u00eds \u2014i del nostre desig que els nostres alumnes visquin experi\u00e8ncies veritablement motivadores i DIVERTIDES mentre aprenen a ballar!<\/p>\t\t\t\t\t\t\t\t<\/div>\n\t\t\t\t<\/div>\n\t\t\t\t\t<\/div>\n\t\t<\/div>\n\t\t\t\t<div class=\"elementor-column elementor-col-50 elementor-top-column elementor-element elementor-element-2d139ec9 elementor-hidden-tablet elementor-hidden-mobile\" data-id=\"2d139ec9\" data-element_type=\"column\" data-e-type=\"column\">\n\t\t\t<div class=\"elementor-widget-wrap elementor-element-populated\">\n\t\t\t\t\t\t<div class=\"elementor-element elementor-element-3dc69318 elementor-widget elementor-widget-image\" data-id=\"3dc69318\" data-element_type=\"widget\" data-e-type=\"widget\" data-widget_type=\"image.default\">\n\t\t\t\t<div class=\"elementor-widget-container\">\n\t\t\t\t\t\t\t\t\t\t\t\t\t\t\t<img fetchpriority=\"high\" decoding=\"async\" width=\"270\" height=\"270\" src=\"https:\/\/www.fredastaire.com\/barcelona\/wp-content\/uploads\/sites\/520\/2023\/05\/fred-astaire-dance-studio7.jpg\" class=\"attachment-large size-large wp-image-7668\" alt=\"\" srcset=\"https:\/\/www.fredastaire.com\/barcelona\/wp-content\/uploads\/sites\/520\/2023\/05\/fred-astaire-dance-studio7.jpg 270w, https:\/\/www.fredastaire.com\/barcelona\/wp-content\/uploads\/sites\/520\/2023\/05\/fred-astaire-dance-studio7-150x150.jpg 150w\" sizes=\"(max-width: 270px) 100vw, 270px\" \/>\t\t\t\t\t\t\t\t\t\t\t\t\t\t\t<\/div>\n\t\t\t\t<\/div>\n\t\t\t\t\t<\/div>\n\t\t<\/div>\n\t\t\t\t\t<\/div>\n\t\t<\/section>\n\t\t\t\t<section class=\"elementor-section elementor-top-section elementor-element elementor-element-126d9898 elementor-section-boxed elementor-section-height-default elementor-section-height-default\" data-id=\"126d9898\" data-element_type=\"section\" data-e-type=\"section\" data-settings=\"{&quot;background_background&quot;:&quot;classic&quot;,&quot;_ha_eqh_enable&quot;:false}\">\n\t\t\t\t\t\t<div class=\"elementor-container elementor-column-gap-default\">\n\t\t\t\t\t<div class=\"elementor-column elementor-col-50 elementor-top-column elementor-element elementor-element-24e19a38 elementor-hidden-tablet elementor-hidden-mobile\" data-id=\"24e19a38\" data-element_type=\"column\" data-e-type=\"column\" data-settings=\"{&quot;background_background&quot;:&quot;classic&quot;}\">\n\t\t\t<div class=\"elementor-widget-wrap elementor-element-populated\">\n\t\t\t\t\t\t<div class=\"elementor-element elementor-element-7fd6121a elementor-widget elementor-widget-image\" data-id=\"7fd6121a\" data-element_type=\"widget\" data-e-type=\"widget\" data-widget_type=\"image.default\">\n\t\t\t\t<div class=\"elementor-widget-container\">\n\t\t\t\t\t\t\t\t\t\t\t\t\t\t\t<img decoding=\"async\" width=\"270\" height=\"270\" src=\"https:\/\/www.fredastaire.com\/barcelona\/wp-content\/uploads\/sites\/520\/2023\/05\/fred-astaire-dance-studio13.jpg\" class=\"attachment-large size-large wp-image-7669\" alt=\"\" srcset=\"https:\/\/www.fredastaire.com\/barcelona\/wp-content\/uploads\/sites\/520\/2023\/05\/fred-astaire-dance-studio13.jpg 270w, https:\/\/www.fredastaire.com\/barcelona\/wp-content\/uploads\/sites\/520\/2023\/05\/fred-astaire-dance-studio13-150x150.jpg 150w\" sizes=\"(max-width: 270px) 100vw, 270px\" \/>\t\t\t\t\t\t\t\t\t\t\t\t\t\t\t<\/div>\n\t\t\t\t<\/div>\n\t\t\t\t\t<\/div>\n\t\t<\/div>\n\t\t\t\t<div class=\"elementor-column elementor-col-50 elementor-top-column elementor-element elementor-element-7d1c72c6\" data-id=\"7d1c72c6\" data-element_type=\"column\" data-e-type=\"column\">\n\t\t\t<div class=\"elementor-widget-wrap elementor-element-populated\">\n\t\t\t\t\t\t<div class=\"elementor-element elementor-element-5a630548 elementor-widget elementor-widget-heading\" data-id=\"5a630548\" data-element_type=\"widget\" data-e-type=\"widget\" data-widget_type=\"heading.default\">\n\t\t\t\t<div class=\"elementor-widget-container\">\n\t\t\t\t\t<h2 class=\"elementor-heading-title elementor-size-default\">Curriculum de Fred Astaire Dance Studios<\/h2>\t\t\t\t<\/div>\n\t\t\t\t<\/div>\n\t\t\t\t<div class=\"elementor-element elementor-element-72992141 elementor-widget elementor-widget-text-editor\" data-id=\"72992141\" data-element_type=\"widget\" data-e-type=\"widget\" data-widget_type=\"text-editor.default\">\n\t\t\t\t<div class=\"elementor-widget-container\">\n\t\t\t\t\t\t\t\t\tInspirat originalment en el magn\u00edfic estil de ball de Fred Astaire, el programa de balls de sal\u00f3 de Fred Astaire Dance Studios abasta tota la gamma d\u2019estils: Americ\u00e0, Llatinoameric\u00e0, Internacional, d\u2019Exhibici\u00f3, d\u2019Arts Esc\u00e8niques i molt m\u00e9s. Campions de renom mundial i membres registrats del Fred Astaire International Dance Council estudien i revisen cont\u00ednuament el nostre programa per garantir que nom\u00e9s s\u2019ofereixin als nostres alumnes els m\u00e8todes m\u00e9s selectes i actualitzats.\nEl nostre exclusiu m\u00e8tode d\u2019ensenyament inclou un sistema de tres nivells compost per classes privades programades regularment, classes en grup i festes de ball i pr\u00e0ctica.\t\t\t\t\t\t\t\t<\/div>\n\t\t\t\t<\/div>\n\t\t\t\t\t<\/div>\n\t\t<\/div>\n\t\t\t\t\t<\/div>\n\t\t<\/section>\n\t\t\t\t<section class=\"elementor-section elementor-top-section elementor-element elementor-element-178ed908 elementor-section-boxed elementor-section-height-default elementor-section-height-default\" data-id=\"178ed908\" data-element_type=\"section\" data-e-type=\"section\" data-settings=\"{&quot;_ha_eqh_enable&quot;:false}\">\n\t\t\t\t\t\t<div class=\"elementor-container elementor-column-gap-default\">\n\t\t\t\t\t<div class=\"elementor-column elementor-col-50 elementor-top-column elementor-element elementor-element-1cf6dbee\" data-id=\"1cf6dbee\" data-element_type=\"column\" data-e-type=\"column\">\n\t\t\t<div class=\"elementor-widget-wrap elementor-element-populated\">\n\t\t\t\t\t\t<div class=\"elementor-element elementor-element-764421b8 elementor-widget elementor-widget-heading\" data-id=\"764421b8\" data-element_type=\"widget\" data-e-type=\"widget\" data-widget_type=\"heading.default\">\n\t\t\t\t<div class=\"elementor-widget-container\">\n\t\t\t\t\t<h2 class=\"elementor-heading-title elementor-size-default\">Classes Privades\n<\/h2>\t\t\t\t<\/div>\n\t\t\t\t<\/div>\n\t\t\t\t<div class=\"elementor-element elementor-element-5fc8525 elementor-widget elementor-widget-text-editor\" data-id=\"5fc8525\" data-element_type=\"widget\" data-e-type=\"widget\" data-widget_type=\"text-editor.default\">\n\t\t\t\t<div class=\"elementor-widget-container\">\n\t\t\t\t\t\t\t\t\t<p>Les Classes Privades, amb un o m\u00e9s professors, et donen l'atenci\u00f3 especialitzada i personalitzada per sentir-te segur a la pista de ball, alhora que desenvolupes la capacitat de liderar o seguir qualsevol parella. Ens movem al teu ritme, perfeccionant i polint el teu ball constantment.<\/p>\t\t\t\t\t\t\t\t<\/div>\n\t\t\t\t<\/div>\n\t\t\t\t\t<\/div>\n\t\t<\/div>\n\t\t\t\t<div class=\"elementor-column elementor-col-50 elementor-top-column elementor-element elementor-element-5cbe7465 elementor-hidden-tablet elementor-hidden-mobile\" data-id=\"5cbe7465\" data-element_type=\"column\" data-e-type=\"column\">\n\t\t\t<div class=\"elementor-widget-wrap elementor-element-populated\">\n\t\t\t\t\t\t<div class=\"elementor-element elementor-element-5af37d3b elementor-widget elementor-widget-image\" data-id=\"5af37d3b\" data-element_type=\"widget\" data-e-type=\"widget\" data-widget_type=\"image.default\">\n\t\t\t\t<div class=\"elementor-widget-container\">\n\t\t\t\t\t\t\t\t\t\t\t\t\t\t\t<img decoding=\"async\" width=\"270\" height=\"270\" src=\"https:\/\/www.fredastaire.com\/barcelona\/wp-content\/uploads\/sites\/520\/2023\/05\/fred-astaire-dance-studio30.jpg\" class=\"attachment-large size-large wp-image-7670\" alt=\"\" srcset=\"https:\/\/www.fredastaire.com\/barcelona\/wp-content\/uploads\/sites\/520\/2023\/05\/fred-astaire-dance-studio30.jpg 270w, https:\/\/www.fredastaire.com\/barcelona\/wp-content\/uploads\/sites\/520\/2023\/05\/fred-astaire-dance-studio30-150x150.jpg 150w\" sizes=\"(max-width: 270px) 100vw, 270px\" \/>\t\t\t\t\t\t\t\t\t\t\t\t\t\t\t<\/div>\n\t\t\t\t<\/div>\n\t\t\t\t\t<\/div>\n\t\t<\/div>\n\t\t\t\t\t<\/div>\n\t\t<\/section>\n\t\t\t\t<section class=\"elementor-section elementor-top-section elementor-element elementor-element-36840301 elementor-section-boxed elementor-section-height-default elementor-section-height-default\" data-id=\"36840301\" data-element_type=\"section\" data-e-type=\"section\" data-settings=\"{&quot;background_background&quot;:&quot;classic&quot;,&quot;_ha_eqh_enable&quot;:false}\">\n\t\t\t\t\t\t<div class=\"elementor-container elementor-column-gap-default\">\n\t\t\t\t\t<div class=\"elementor-column elementor-col-100 elementor-top-column elementor-element elementor-element-6386774f\" data-id=\"6386774f\" data-element_type=\"column\" data-e-type=\"column\">\n\t\t\t<div class=\"elementor-widget-wrap elementor-element-populated\">\n\t\t\t\t\t\t<div class=\"elementor-element elementor-element-2e2d2b60 elementor-widget elementor-widget-heading\" data-id=\"2e2d2b60\" data-element_type=\"widget\" data-e-type=\"widget\" data-widget_type=\"heading.default\">\n\t\t\t\t<div class=\"elementor-widget-container\">\n\t\t\t\t\t<h2 class=\"elementor-heading-title elementor-size-default\">Classes en Grup<\/h2>\t\t\t\t<\/div>\n\t\t\t\t<\/div>\n\t\t\t\t<div class=\"elementor-element elementor-element-2d5f2f11 elementor-widget elementor-widget-text-editor\" data-id=\"2d5f2f11\" data-element_type=\"widget\" data-e-type=\"widget\" data-widget_type=\"text-editor.default\">\n\t\t\t\t<div class=\"elementor-widget-container\">\n\t\t\t\t\t\t\t\t\tLes Classes en Grup complementen les classes privades, ja que \u00e9s aqu\u00ed on s'aprenen els patrons, la t\u00e8cnica i l'estil. Les Classes en Grup tamb\u00e9 et permeten con\u00e8ixer a altres Alumnes amb objectius similars, desenvolupar l'equilibri i aprendre la mec\u00e0nica del ball.\t\t\t\t\t\t\t\t<\/div>\n\t\t\t\t<\/div>\n\t\t\t\t<div class=\"elementor-element elementor-element-14e6bc81 elementor-widget elementor-widget-heading\" data-id=\"14e6bc81\" data-element_type=\"widget\" data-e-type=\"widget\" data-widget_type=\"heading.default\">\n\t\t\t\t<div class=\"elementor-widget-container\">\n\t\t\t\t\t<h2 class=\"elementor-heading-title elementor-size-default\">Festes de Ball i Pr\u00e0ctica\n<\/h2>\t\t\t\t<\/div>\n\t\t\t\t<\/div>\n\t\t\t\t<div class=\"elementor-element elementor-element-747f714d elementor-widget elementor-widget-text-editor\" data-id=\"747f714d\" data-element_type=\"widget\" data-e-type=\"widget\" data-widget_type=\"text-editor.default\">\n\t\t\t\t<div class=\"elementor-widget-container\">\n\t\t\t\t\t\t\t\t\t<p>Les Festes de Ball i Pr\u00e0ctica programades regularment complementen els coneixements adquirits a les classes privades i en grup. A les Festes de Ball i Pr\u00e0ctica de Fred Astaire Dance Studios Barcelona, abaixem els llums, apugem el volum de la m\u00fasica i gaudim ballant amb persones diferents en un ambient social dist\u00e8s.\nLes Festes de Ball i Pr\u00e0ctica t\u2019ajuden a \u201cposar-ho tot junt\u201d, a identificar millor la m\u00fasica i a aprendre com moure\u2019t per la pista sense xocar amb altres ballarins. S\u00f3n una manera excel\u00b7lent (i divertida!) d\u2019aplicar tot el que est\u00e0s aprenent.<\/p>\t\t\t\t\t\t\t\t<\/div>\n\t\t\t\t<\/div>\n\t\t\t\t\t<\/div>\n\t\t<\/div>\n\t\t\t\t\t<\/div>\n\t\t<\/section>\n\t\t\t\t<section class=\"elementor-section elementor-top-section elementor-element elementor-element-619f3764 elementor-section-boxed elementor-section-height-default elementor-section-height-default\" data-id=\"619f3764\" data-element_type=\"section\" data-e-type=\"section\" data-settings=\"{&quot;background_background&quot;:&quot;classic&quot;,&quot;_ha_eqh_enable&quot;:false}\">\n\t\t\t\t\t\t\t<div class=\"elementor-background-overlay\"><\/div>\n\t\t\t\t\t\t\t<div class=\"elementor-container elementor-column-gap-default\">\n\t\t\t\t\t<div class=\"elementor-column elementor-col-100 elementor-top-column elementor-element elementor-element-5e7b5a7b\" data-id=\"5e7b5a7b\" data-element_type=\"column\" data-e-type=\"column\">\n\t\t\t<div class=\"elementor-widget-wrap elementor-element-populated\">\n\t\t\t\t\t\t<div class=\"elementor-element elementor-element-60e34d67 elementor-widget elementor-widget-heading\" data-id=\"60e34d67\" data-element_type=\"widget\" data-e-type=\"widget\" data-widget_type=\"heading.default\">\n\t\t\t\t<div class=\"elementor-widget-container\">\n\t\t\t\t\t<h2 class=\"elementor-heading-title elementor-size-default\">El Sistema de Trofeus Fred Astaire\n<\/h2>\t\t\t\t<\/div>\n\t\t\t\t<\/div>\n\t\t\t\t<div class=\"elementor-element elementor-element-749e9ba1 elementor-widget elementor-widget-text-editor\" data-id=\"749e9ba1\" data-element_type=\"widget\" data-e-type=\"widget\" data-widget_type=\"text-editor.default\">\n\t\t\t\t<div class=\"elementor-widget-container\">\n\t\t\t\t\t\t\t\t\t<p>El Sistema de Trofeus Fred Astaire Dance Studios t\u2019ofereix una manera f\u00e0cil de seguir el teu progr\u00e9s mentre gaudeixes ballant.\nEls nostres Programes per a Principiants i de Nivell Intermedi ensenyen als Alumnes m\u00e9s nous els patrons de passos i les t\u00e8cniques per moure\u2019s c\u00f2modament per la pista de ball. Des d'aqu\u00ed, els Alumnes poden progressar al Programa Trofeu Bronze (\u00a1el m\u00e9s popular!), que permet ballar en pistes de qualsevol mida, amb qualsevol m\u00fasica, amb qualsevol parella, i sentir-se c\u00f2modes i segurs.\nA partir d\u2019aqu\u00ed, els Alumnes poden continuar amb el Programa Plata i arribar fins a l\u2019Or.<\/p>\t\t\t\t\t\t\t\t<\/div>\n\t\t\t\t<\/div>\n\t\t\t\t<div class=\"elementor-element elementor-element-2436a82b elementor-widget elementor-widget-ha-creative-button happy-addon ha-creative-button\" data-id=\"2436a82b\" data-element_type=\"widget\" data-e-type=\"widget\" data-widget_type=\"ha-creative-button.default\">\n\t\t\t\t<div class=\"elementor-widget-container\">\n\t\t\t\t\t\t\t<div data-magnetic=\"no\" class=\"ha-creative-btn-wrap\">\n\t\t\t<a class=\"ha-creative-btn ha-stl--hermosa ha-eft--exploit\" href=\"\/barcelona\/ca\/online-trophy-system\/\" rel=\"nofollow\"><span>Sistema de Trofeus Online<\/span><\/a>\n\t\t<\/div>\t\t\t\t<\/div>\n\t\t\t\t<\/div>\n\t\t\t\t\t<\/div>\n\t\t<\/div>\n\t\t\t\t\t<\/div>\n\t\t<\/section>\n\t\t\t\t<section class=\"elementor-section elementor-top-section elementor-element elementor-element-13da564a elementor-section-boxed elementor-section-height-default elementor-section-height-default\" data-id=\"13da564a\" data-element_type=\"section\" data-e-type=\"section\" data-settings=\"{&quot;_ha_eqh_enable&quot;:false}\">\n\t\t\t\t\t\t<div class=\"elementor-container elementor-column-gap-default\">\n\t\t\t\t\t<div class=\"elementor-column elementor-col-100 elementor-top-column elementor-element elementor-element-46ef0a86\" data-id=\"46ef0a86\" data-element_type=\"column\" data-e-type=\"column\">\n\t\t\t<div class=\"elementor-widget-wrap elementor-element-populated\">\n\t\t\t\t\t\t<div class=\"elementor-element elementor-element-6a511045 elementor-widget elementor-widget-text-editor\" data-id=\"6a511045\" data-element_type=\"widget\" data-e-type=\"widget\" data-widget_type=\"text-editor.default\">\n\t\t\t\t<div class=\"elementor-widget-container\">\n\t\t\t\t\t\t\t\t\t<p>El ball social \u00e9s un dels passatemps m\u00e9s populars del m\u00f3n, gaudit a tots els pa\u00efsos i per persones de totes les edats. En l\u2019art de con\u00e8ixer gent i portar-se b\u00e9 amb els altres, el ball \u00e9s un veritable avantatge social. La bona not\u00edcia \u00e9s que, com que el ball \u00e9s una forma natural d\u2019autoexpressi\u00f3 humana, tota persona \u00e9s un ballar\u00ed en pot\u00e8ncia!\nA Fred Astaire Dance Studios Barcelona, descobrir\u00e0s que aprendre a ballar (igual que el mateix ball) est\u00e0 ple d\u2019alegria i d\u2019una sensaci\u00f3 d\u2019assoliment. A mesura que comencis a dominar aquest art atemporal, t\u2019adonar\u00e0s dels innombrables beneficis socials, f\u00edsics, emocionals i est\u00e8tics del ball. Tant si ets principiant com si ja tens experi\u00e8ncia en balls de sal\u00f3, el nostre equip far\u00e0 tot el possible per treure el ballar\u00ed que portes dins i ajudar-te a aconseguir els teus objectius.\nI et divertir\u00e0s tant pel cam\u00ed que sabem que voldr\u00e0s continuar venint. Contacta amb nosaltres avui mateix, comencem!<\/p>\t\t\t\t\t\t\t\t<\/div>\n\t\t\t\t<\/div>\n\t\t\t\t\t<\/div>\n\t\t<\/div>\n\t\t\t\t\t<\/div>\n\t\t<\/section>\n\t\t\t\t<\/div>","protected":false},"excerpt":{"rendered":"<p>Teaching Methods Fred Astaire Dance Studios\u2019 Teaching Methods It is our privilege to carry the trade name Fred Astaire Dance Studios, and we are committed to upholding the admired reputation of our co-founder, Mr. Fred Astaire, in everything we do. The warm, joyful, and 100% nonjudgmental atmosphere you\u2019ll discover at Fred Astaire Dance Studios &#8211; [&hellip;]<\/p>\n","protected":false},"author":313,"featured_media":0,"parent":0,"menu_order":0,"comment_status":"closed","ping_status":"closed","template":"","meta":{"_acf_changed":false,"footnotes":""},"class_list":["post-7814","page","type-page","status-publish","hentry"],"acf":[],"_links":{"self":[{"href":"https:\/\/www.fredastaire.com\/barcelona\/ca\/wp-json\/wp\/v2\/pages\/7814","targetHints":{"allow":["GET"]}}],"collection":[{"href":"https:\/\/www.fredastaire.com\/barcelona\/ca\/wp-json\/wp\/v2\/pages"}],"about":[{"href":"https:\/\/www.fredastaire.com\/barcelona\/ca\/wp-json\/wp\/v2\/types\/page"}],"author":[{"embeddable":true,"href":"https:\/\/www.fredastaire.com\/barcelona\/ca\/wp-json\/wp\/v2\/users\/313"}],"replies":[{"embeddable":true,"href":"https:\/\/www.fredastaire.com\/barcelona\/ca\/wp-json\/wp\/v2\/comments?post=7814"}],"version-history":[{"count":0,"href":"https:\/\/www.fredastaire.com\/barcelona\/ca\/wp-json\/wp\/v2\/pages\/7814\/revisions"}],"wp:attachment":[{"href":"https:\/\/www.fredastaire.com\/barcelona\/ca\/wp-json\/wp\/v2\/media?parent=7814"}],"curies":[{"name":"wp","href":"https:\/\/api.w.org\/{rel}","templated":true}]}}