{"id":7911,"date":"2024-08-28T11:01:26","date_gmt":"2024-08-28T15:01:26","guid":{"rendered":"https:\/\/www.fredastaire.com\/barcelona\/?page_id=7911"},"modified":"2024-08-28T11:01:57","modified_gmt":"2024-08-28T15:01:57","slug":"privacy-policy","status":"publish","type":"page","link":"https:\/\/www.fredastaire.com\/barcelona\/ca\/privacy-policy\/","title":{"rendered":"Pol\u00edtica de Privacitat"},"content":{"rendered":"<div data-elementor-type=\"wp-page\" data-elementor-id=\"7911\" class=\"elementor elementor-7911\" data-elementor-settings=\"{&quot;ha_cmc_init_switcher&quot;:&quot;no&quot;}\" data-elementor-post-type=\"page\">\n\t\t\t\t\t\t<section class=\"elementor-section elementor-top-section elementor-element elementor-element-33e1626f elementor-section-height-min-height elementor-section-boxed elementor-section-height-default elementor-section-items-middle\" data-id=\"33e1626f\" data-element_type=\"section\" data-e-type=\"section\" data-settings=\"{&quot;background_background&quot;:&quot;classic&quot;,&quot;_ha_eqh_enable&quot;:false}\">\n\t\t\t\t\t\t\t<div class=\"elementor-background-overlay\"><\/div>\n\t\t\t\t\t\t\t<div class=\"elementor-container elementor-column-gap-default\">\n\t\t\t\t\t<div class=\"elementor-column elementor-col-100 elementor-top-column elementor-element elementor-element-1be82da3\" data-id=\"1be82da3\" data-element_type=\"column\" data-e-type=\"column\">\n\t\t\t<div class=\"elementor-widget-wrap elementor-element-populated\">\n\t\t\t\t\t\t<div class=\"elementor-element elementor-element-5647ebff elementor-widget elementor-widget-heading\" data-id=\"5647ebff\" data-element_type=\"widget\" data-e-type=\"widget\" data-widget_type=\"heading.default\">\n\t\t\t\t<div class=\"elementor-widget-container\">\n\t\t\t\t\t<h1 class=\"elementor-heading-title elementor-size-default\">Pol\u00edtica de Privacitat<\/h1>\t\t\t\t<\/div>\n\t\t\t\t<\/div>\n\t\t\t\t\t<\/div>\n\t\t<\/div>\n\t\t\t\t\t<\/div>\n\t\t<\/section>\n\t\t\t\t<section class=\"elementor-section elementor-top-section elementor-element elementor-element-3a4432d6 elementor-section-boxed elementor-section-height-default elementor-section-height-default\" data-id=\"3a4432d6\" data-element_type=\"section\" data-e-type=\"section\" data-settings=\"{&quot;background_background&quot;:&quot;classic&quot;,&quot;_ha_eqh_enable&quot;:false}\">\n\t\t\t\t\t\t<div class=\"elementor-container elementor-column-gap-default\">\n\t\t\t\t\t<div class=\"elementor-column elementor-col-100 elementor-top-column elementor-element elementor-element-610ee189\" data-id=\"610ee189\" data-element_type=\"column\" data-e-type=\"column\">\n\t\t\t<div class=\"elementor-widget-wrap elementor-element-populated\">\n\t\t\t\t\t\t<div class=\"elementor-element elementor-element-3b499f24 elementor-widget elementor-widget-heading\" data-id=\"3b499f24\" data-element_type=\"widget\" data-e-type=\"widget\" data-widget_type=\"heading.default\">\n\t\t\t\t<div class=\"elementor-widget-container\">\n\t\t\t\t\t<h2 class=\"elementor-heading-title elementor-size-default\">Pol\u00edtica de privacitat de Fredastaire.com<\/h2>\t\t\t\t<\/div>\n\t\t\t\t<\/div>\n\t\t\t\t<div class=\"elementor-element elementor-element-8f90104 elementor-widget elementor-widget-text-editor\" data-id=\"8f90104\" data-element_type=\"widget\" data-e-type=\"widget\" data-widget_type=\"text-editor.default\">\n\t\t\t\t<div class=\"elementor-widget-container\">\n\t\t\t\t\t\t\t\t\t<p>La vostra privadesa \u00e9s molt important per a nosaltres. En conseq\u00fc\u00e8ncia, hem desenvolupat aquesta Pol\u00edtica perqu\u00e8 pugueu entendre com recopilem, utilitzem, comuniquem i divulguem i fem \u00fas de la informaci\u00f3 personal. A continuaci\u00f3, s&#039;explica la nostra pol\u00edtica de privadesa.<\/p><ul><li>Abans o en el moment de recopilar informaci\u00f3 personal, identificarem les finalitats per a les quals es recopila la informaci\u00f3.<\/li><li>Recopilarem i utilitzarem informaci\u00f3 personal \u00fanicament amb l&#039;objectiu de complir els prop\u00f2sits especificats per nosaltres i per a altres prop\u00f2sits compatibles, tret que obtinguem el consentiment de la persona afectada o segons ho exigeixi la llei.<\/li><li>Nom\u00e9s conservarem la informaci\u00f3 personal durant el temps que sigui necessari per al compliment d&#039;aquests prop\u00f2sits.<\/li><li>Recopilarem informaci\u00f3 personal per mitjans legals i justos i, si escau, amb el coneixement o el consentiment de la persona afectada.<\/li><li>Les dades personals han de ser rellevants per a les finalitats per a les quals s&#039;han d&#039;utilitzar i, en la mesura que sigui necessari per a aquestes finalitats, han de ser exactes, completes i actualitzades.<\/li><li>Protegirem la informaci\u00f3 personal mitjan\u00e7ant mesures de seguretat raonables contra la p\u00e8rdua o el robatori, aix\u00ed com contra l&#039;acc\u00e9s, la divulgaci\u00f3, la c\u00f2pia, l&#039;\u00fas o la modificaci\u00f3 no autoritzats.<\/li><li>Posarem a disposici\u00f3 dels clients informaci\u00f3 sobre les nostres pol\u00edtiques i pr\u00e0ctiques relacionades amb la gesti\u00f3 de la informaci\u00f3 personal.<\/li><li><strong>La informaci\u00f3 m\u00f2bil no es vendr\u00e0 a tercers amb finalitats de m\u00e0rqueting o promocions de tercers.<\/strong><\/li><li><strong>Aquest lloc est\u00e0 protegit per reCAPTCHA i Google <a href=\"https:\/\/policies.google.com\/privacy\" target=\"_blank\" rel=\"noopener\">Pol\u00edtica de Privacitat<\/a> i <a href=\"https:\/\/policies.google.com\/terms\" target=\"_blank\" rel=\"noopener\">Termes i Condicions<\/a> aplicar.<\/strong><\/li><\/ul><p><br \/>Ens comprometem a dur a terme la nostra activitat d&#039;acord amb aquests principis per tal de garantir que la confidencialitat de la informaci\u00f3 personal estigui protegida i mantinguda.<\/p>\t\t\t\t\t\t\t\t<\/div>\n\t\t\t\t<\/div>\n\t\t\t\t\t<\/div>\n\t\t<\/div>\n\t\t\t\t\t<\/div>\n\t\t<\/section>\n\t\t\t\t<\/div>","protected":false},"excerpt":{"rendered":"<p>Privacy Policy Fredastaire.com Privacy Policy Your privacy is very important to us. Accordingly, we have developed this Policy in order for you to understand how we collect, use, communicate and disclose and make use of personal information. The following outlines our privacy policy. Before or at the time of collecting personal information, we will identify [&hellip;]<\/p>\n","protected":false},"author":313,"featured_media":0,"parent":0,"menu_order":0,"comment_status":"closed","ping_status":"closed","template":"","meta":{"_acf_changed":false,"footnotes":""},"class_list":["post-7911","page","type-page","status-publish","hentry"],"acf":[],"_links":{"self":[{"href":"https:\/\/www.fredastaire.com\/barcelona\/ca\/wp-json\/wp\/v2\/pages\/7911","targetHints":{"allow":["GET"]}}],"collection":[{"href":"https:\/\/www.fredastaire.com\/barcelona\/ca\/wp-json\/wp\/v2\/pages"}],"about":[{"href":"https:\/\/www.fredastaire.com\/barcelona\/ca\/wp-json\/wp\/v2\/types\/page"}],"author":[{"embeddable":true,"href":"https:\/\/www.fredastaire.com\/barcelona\/ca\/wp-json\/wp\/v2\/users\/313"}],"replies":[{"embeddable":true,"href":"https:\/\/www.fredastaire.com\/barcelona\/ca\/wp-json\/wp\/v2\/comments?post=7911"}],"version-history":[{"count":0,"href":"https:\/\/www.fredastaire.com\/barcelona\/ca\/wp-json\/wp\/v2\/pages\/7911\/revisions"}],"wp:attachment":[{"href":"https:\/\/www.fredastaire.com\/barcelona\/ca\/wp-json\/wp\/v2\/media?parent=7911"}],"curies":[{"name":"wp","href":"https:\/\/api.w.org\/{rel}","templated":true}]}}