{"id":5461,"date":"2019-01-07T06:35:05","date_gmt":"2019-01-07T11:35:05","guid":{"rendered":"http:\/\/fredastairedan.wpengine.com\/default\/?page_id=5461"},"modified":"2025-05-13T11:11:31","modified_gmt":"2025-05-13T15:11:31","slug":"events","status":"publish","type":"page","link":"https:\/\/www.fredastaire.com\/barcelona\/es\/events\/","title":{"rendered":"Programa de Eventos Interactivos de Fred Astaire Dance Studios"},"content":{"rendered":"<div data-elementor-type=\"wp-page\" data-elementor-id=\"5461\" class=\"elementor elementor-5461\" data-elementor-settings=\"{&quot;ha_cmc_init_switcher&quot;:&quot;no&quot;}\" data-elementor-post-type=\"page\">\n\t\t\t\t\t\t<section class=\"elementor-section elementor-top-section elementor-element elementor-element-31bd1cc8 elementor-section-height-min-height elementor-section-boxed elementor-section-height-default elementor-section-items-middle\" data-id=\"31bd1cc8\" data-element_type=\"section\" data-e-type=\"section\" data-settings=\"{&quot;background_background&quot;:&quot;classic&quot;,&quot;_ha_eqh_enable&quot;:false}\">\n\t\t\t\t\t\t\t<div class=\"elementor-background-overlay\"><\/div>\n\t\t\t\t\t\t\t<div class=\"elementor-container elementor-column-gap-default\">\n\t\t\t\t\t<div class=\"elementor-column elementor-col-100 elementor-top-column elementor-element elementor-element-19e120d\" data-id=\"19e120d\" data-element_type=\"column\" data-e-type=\"column\">\n\t\t\t<div class=\"elementor-widget-wrap elementor-element-populated\">\n\t\t\t\t\t\t<div class=\"elementor-element elementor-element-1d30e037 elementor-widget elementor-widget-heading\" data-id=\"1d30e037\" data-element_type=\"widget\" data-e-type=\"widget\" data-widget_type=\"heading.default\">\n\t\t\t\t<div class=\"elementor-widget-container\">\n\t\t\t\t\t<h1 class=\"elementor-heading-title elementor-size-default\">Pr\u00f3ximos Eventos<\/h1>\t\t\t\t<\/div>\n\t\t\t\t<\/div>\n\t\t\t\t\t<\/div>\n\t\t<\/div>\n\t\t\t\t\t<\/div>\n\t\t<\/section>\n\t\t\t\t<section class=\"elementor-section elementor-top-section elementor-element elementor-element-1f0278ea elementor-section-boxed elementor-section-height-default elementor-section-height-default\" data-id=\"1f0278ea\" data-element_type=\"section\" data-e-type=\"section\" data-settings=\"{&quot;_ha_eqh_enable&quot;:false}\">\n\t\t\t\t\t\t<div class=\"elementor-container elementor-column-gap-default\">\n\t\t\t\t\t<div class=\"elementor-column elementor-col-100 elementor-top-column elementor-element elementor-element-4e061992\" data-id=\"4e061992\" data-element_type=\"column\" data-e-type=\"column\">\n\t\t\t<div class=\"elementor-widget-wrap elementor-element-populated\">\n\t\t\t\t\t\t<div class=\"elementor-element elementor-element-5d14875d elementor-widget elementor-widget-heading\" data-id=\"5d14875d\" data-element_type=\"widget\" data-e-type=\"widget\" data-widget_type=\"heading.default\">\n\t\t\t\t<div class=\"elementor-widget-container\">\n\t\t\t\t\t<h2 class=\"elementor-heading-title elementor-size-default\">Programa de Eventos Interactivos de Fred Astaire Dance Studios\n<\/h2>\t\t\t\t<\/div>\n\t\t\t\t<\/div>\n\t\t\t\t<div class=\"elementor-element elementor-element-5ab9bd8c elementor-widget elementor-widget-text-editor\" data-id=\"5ab9bd8c\" data-element_type=\"widget\" data-e-type=\"widget\" data-widget_type=\"text-editor.default\">\n\t\t\t\t<div class=\"elementor-widget-container\">\n\t\t\t\t\t\t\t\t\t<p>Fred Astaire Dance Studios organiza emocionantes eventos tanto a nivel nacional como internacional, que hacen que tu experiencia de baile sea a\u00fan m\u00e1s divertida y gratificante. Consulta nuestro Calendario de Eventos para obtener informaci\u00f3n sobre competiciones Pro-Am de la marca Fred Astaire a nivel regional, interregional, nacional e internacional, as\u00ed como eventos locales del estudio, como Fiestas con Invitados, Excursiones, Actuaciones, Spotlights, Eventos Ben\u00e9ficos y mucho m\u00e1s.\nNuestro objetivo es ofrecer a nuestros Alumnos oportunidades inspiradoras para hacer amigos, disfrutar de espect\u00e1culos de baile, viajar y perfeccionar sus habilidades en destinos emocionantes. \u00a1Pregunta por m\u00e1s informaci\u00f3n sobre cualquiera de estos eventos\u2026 porque la vida es mejor cuando bailas\u2122!<\/p>\t\t\t\t\t\t\t\t<\/div>\n\t\t\t\t<\/div>\n\t\t\t\t\t<\/div>\n\t\t<\/div>\n\t\t\t\t\t<\/div>\n\t\t<\/section>\n\t\t\t\t<section class=\"elementor-section elementor-top-section elementor-element elementor-element-24081b49 elementor-section-boxed elementor-section-height-default elementor-section-height-default\" data-id=\"24081b49\" data-element_type=\"section\" data-e-type=\"section\" data-settings=\"{&quot;background_background&quot;:&quot;classic&quot;,&quot;_ha_eqh_enable&quot;:false}\">\n\t\t\t\t\t\t<div class=\"elementor-container elementor-column-gap-default\">\n\t\t\t\t\t<div class=\"elementor-column elementor-col-100 elementor-top-column elementor-element elementor-element-3e7ed250\" data-id=\"3e7ed250\" data-element_type=\"column\" data-e-type=\"column\">\n\t\t\t<div class=\"elementor-widget-wrap elementor-element-populated\">\n\t\t\t\t\t\t<div class=\"elementor-element elementor-element-83efa2 elementor-widget__width-auto elementor-widget elementor-widget-ucaddon_ue_select_post_filter\" data-id=\"83efa2\" data-element_type=\"widget\" data-e-type=\"widget\" data-widget_type=\"ucaddon_ue_select_post_filter.default\">\n\t\t\t\t<div class=\"elementor-widget-container\">\n\t\t\t\t\t\n<!-- start Select Dropdown Filter -->\n\t\t<link id='font-awesome-css' href='https:\/\/www.fredastaire.com\/barcelona\/wp-content\/plugins\/unlimited-elements-for-elementor-premium\/assets_libraries\/font-awesome6\/fontawesome-all.min.css' type='text\/css' rel='stylesheet' >\n\t\t<link id='font-awesome-4-shim-css' href='https:\/\/www.fredastaire.com\/barcelona\/wp-content\/plugins\/unlimited-elements-for-elementor-premium\/assets_libraries\/font-awesome6\/fontawesome-v4-shims.min.css' type='text\/css' rel='stylesheet' >\n\n<style>\/* widget: Select Dropdown Filter *\/\n\n#uc_ue_select_post_filter_elementor_83efa2.uc-filter-hidden,\n#uc_ue_select_post_filter_elementor_83efa2.uc-filter-initing.uc-initing-filter-hidden{\n  display:none !important;\n}\n\n#uc_ue_select_post_filter_elementor_83efa2 .uc-filter-item-hidden{\n\tdisplay:none;\n}\n\n#uc_ue_select_post_filter_elementor_83efa2 .uc-select-filter__loader{\n\tposition:absolute;\n  \ttop:0px;\n    width:100%;\n    height:100%;\n  \tbackground-color:lightgray;\n}\n\n#uc_ue_select_post_filter_elementor_83efa2.uc-filter-initing .uc-select-filter__loader{\n\t\n  display:block !important;\n}\n\n#uc_ue_select_post_filter_elementor_83efa2.uc-filter-initing{\n  opacity:1 !important;\n}\n\n#uc_ue_select_post_filter_elementor_83efa2 label\n{\n  flex-shrink:1;\n  display:block;\n}\n\n#uc_ue_select_post_filter_elementor_83efa2 \n{\n  align-items:center;\n}\n\n#uc_ue_select_post_filter_elementor_83efa2 select{\n\t-webkit-appearance: none;\n    -moz-appearance: none;\n    appearance:\u00a0none;\n}\n\n#uc_ue_select_post_filter_elementor_83efa2 .uc-select-filter__select-wrapper{\n\tposition: relative;\n}\n\n#uc_ue_select_post_filter_elementor_83efa2 .uc-select-filter__select-indicator{\n\tposition: absolute;\n  \ttop: 50%;\n  \ttransform: translate(0, -50%);\n  \tz-index: 1;\n  \theight: 100%;\n    display: flex;\n    align-items: center;\n    justify-content: center;\n  \tpointer-events: none;\n}\n\n<\/style>\n\n\n<div id=\"uc_ue_select_post_filter_elementor_83efa2\" class=\"uc-select-filter  uc-grid-filter uc-filter-initing\" data-filtertype=\"select\"  data-initafter=\"true\" style=\"\" >\n\n  \n  <div class=\"uc-select-filter__select-wrapper\">\n    <select class=\"uc-select-filter__select select-uc_ue_select_post_filter_elementor_83efa2\">\n\n      \n      \n      <option value=\"\" class=\"uc-select-filter__option  uc-filter-item-hidden  uc-item-all uc-selected\" data-id=\"\" data-slug=\"\" data-taxonomy=\"\"  selected>\n\n          <span  class=\"uc-select-filter__name\">Filtrar tipo de evento<\/span>\n          \n      <\/option>  \n\n      \n      \n      \n      <option value=\"35\" class=\"uc-select-filter__option  uc-filter-item-hidden\" data-id=\"35\" data-slug=\"inter-regional-competitions\" data-taxonomy=\"event_type\" >\n\n          <span  class=\"uc-select-filter__name\">Competiciones interregionales<\/span>\n          \n      <\/option>  \n\n      \n      \n      \n      <option value=\"37\" class=\"uc-select-filter__option  uc-filter-item-hidden\" data-id=\"37\" data-slug=\"local-studio-events\" data-taxonomy=\"event_type\" >\n\n          <span  class=\"uc-select-filter__name\">Eventos en estudios locales<\/span>\n          \n      <\/option>  \n\n      \n      \n      \n      <option value=\"34\" class=\"uc-select-filter__option  uc-filter-item-hidden\" data-id=\"34\" data-slug=\"national-international-competitions\" data-taxonomy=\"event_type\" >\n\n          <span  class=\"uc-select-filter__name\">Concursos nacionales e internacionales<\/span>\n          \n      <\/option>  \n\n      \n      \n      \n      <option value=\"36\" class=\"uc-select-filter__option  uc-filter-item-hidden\" data-id=\"36\" data-slug=\"regional-competitions\" data-taxonomy=\"event_type\" >\n\n          <span  class=\"uc-select-filter__name\">Concursos regionales<\/span>\n          \n      <\/option>  \n\n      \n      \n    <\/select>\n    <div class=\"uc-select-filter__select-indicator\"><i class='fas fa-angle-down'><\/i><\/div>\n  <\/div>  \n\n    \n   \n      \n   \n      \n   \n      \n   \n      \n   \n      \n    \n \n<div class=\"uc-select-filter__loader\" style=\"display:none\"><\/div>\n\n<\/div>\n<!-- end Select Dropdown Filter -->\t\t\t\t<\/div>\n\t\t\t\t<\/div>\n\t\t\t\t<div class=\"elementor-element elementor-element-1dcf0c0c elementor-widget elementor-widget-ucaddon_post_grid\" data-id=\"1dcf0c0c\" data-element_type=\"widget\" data-e-type=\"widget\" data-widget_type=\"ucaddon_post_grid.default\">\n\t\t\t\t<div class=\"elementor-widget-container\">\n\t\t\t\t\t\n<!-- start Post Grid -->\n\n<style>\/* widget: Post Grid *\/\n\n\n\n#uc_post_grid_elementor_1dcf0c0c.uc_post_grid_style_one .uc_post_grid_style_one_wrap {\n   display:grid;\n}\n\n\n\n#uc_post_grid_elementor_1dcf0c0c .uc_post_grid_style_one_item\n{\n  overflow:hidden;\n  position:relative;\n}\n\n#uc_post_grid_elementor_1dcf0c0c .uc_post_image\n{\n  transition:0.3s;\n  position:relative;\n  overflow:hidden;\n}\n\n#uc_post_grid_elementor_1dcf0c0c .uc_post_image img\n{\n  width:100%;\n  display:block;\n  transition:0.3s;\n}\n\n\n\t\n\n\n\n\n\n\n#uc_post_grid_elementor_1dcf0c0c .uc_post_image_overlay\n{\n  position:absolute;\n  top:0px;\n  left:0px;\n  height:100%;\n  width:100%;\n  transition:0.3s;\n}\n\n#uc_post_grid_elementor_1dcf0c0c .uc_more_btn{\n\n  display:inline-block;\n  text-align:center;\n  text-decoration:none;\n  transition:0.3s;\n}\n\n.ue-grid-item-category a\n{\n  display:inline-block;\n  font-size:10px;\n  \n}\n\n.uc_post_title\n{\n  font-size:21px;\n}\n\n\n#uc_post_grid_elementor_1dcf0c0c .ue_post_grid_item\n{\n  display:flex;\n  flex-direction:column;\n}\n\n#uc_post_grid_elementor_1dcf0c0c.uc_post_grid_style_one .uc_content{\n flex-grow:1;\n}\n\n#uc_post_grid_elementor_1dcf0c0c.uc_post_grid_style_one .uc_content > div\n{\n  height:100%;\n  display:flex;\n  flex-direction:column;\n}\n\n#uc_post_grid_elementor_1dcf0c0c .uc_post_button\n{\n  margin-top:auto;\n}\n\n\n\n\n\n\n\n\n\n\n\n\n\n\n\n\n\n\n\n\n\n\n\n\n#uc_post_grid_elementor_1dcf0c0c .ue-meta-data\n{\n  \n  display:flex;\n\n  flex-wrap: wrap;\n  line-height:1em;\n}\n\n#uc_post_grid_elementor_1dcf0c0c .ue-grid-item-meta-data\n{\n      display:inline-flex;\n      align-items:center;\n}\n\n#uc_post_grid_elementor_1dcf0c0c .ue-grid-item-meta-data a{\n  color:inherit;\n}\n\n.ue-grid-item-meta-data\n{\n  font-size:12px;\n}\n\n#uc_post_grid_elementor_1dcf0c0c .ue-grid-item-meta-data-icon\n{\n  line-height:1em;\n}\n\n#uc_post_grid_elementor_1dcf0c0c .ue-grid-item-meta-data-icon svg\n{\n  width:1em;\n  height:1em;\n}\n\n#uc_post_grid_elementor_1dcf0c0c .ue-debug-meta\n{\n  padding:10px;\n  border:1px solid red;\n  position:relative;\n  line-height:1.5em;\n  font-size:11px;\n  width:100%;\n}\n\n<\/style>\n\n<div class=\"uc_post_grid_style_one uc-filterable-grid\" id=\"uc_post_grid_elementor_1dcf0c0c\"  data-ajax='true'  data-filterbehave='ajax'  querydata='{&quot;count_posts&quot;:1,&quot;total_posts&quot;:1,&quot;page&quot;:1,&quot;num_pages&quot;:1}' >\n\t\t<div class=\"uc_post_grid_style_one_wrap ue_post_grid uc-items-wrapper\">\n\t\t\t<div class=\"uc_post_grid_style_one_item ue_post_grid_item ue-item\">\n  \n      <a class=\"uc_post_grid_style_one_image\" href='https:\/\/www.fredastaire.com\/barcelona\/es\/events\/regional-competitions\/event-title\/' target=\"_self\">\n     <div class=\"uc_post_image\">\n     <img decoding=\"async\" src=\"\" >\n     <div class=\"uc_post_image_overlay\"><\/div>\n     <\/div>\n    <\/a>\n   \n  <div class=\"uc_content\">\n    <div>\n      \n             \n    \t        \t\t\t<div class=\"uc_post_title\"><a class=\"\" href='https:\/\/www.fredastaire.com\/barcelona\/es\/events\/regional-competitions\/event-title\/' target=\"_self\"><div>T\u00edtulo del evento<\/div><\/a><\/div>\n      \t  \t\n\t\t  \n      \t  <div class=\"ue-meta-data\">\n                        \n                        \n        \n\t\t\t\n                        \n                        \n                        \n                        \n            \t\t\t\n              \n            \n          <\/div>\n     \n     <div class=\"uc_post_text\"><\/div>    <div class=\"uc_post_button\"><a class=\"uc_more_btn\" href=\"https:\/\/www.fredastaire.com\/barcelona\/es\/events\/regional-competitions\/event-title\/\" target=\"_self\">Seguir Leyendo<\/a><\/div> \t<\/div>\n  <\/div>\n<\/div>\n\n\t\t<\/div>\n\t<\/div>\n\n\n\n  <div id=\"uc_post_grid_elementor_1dcf0c0c_empty_message\" class=\"ue-no-posts-found\"  style=\"display:none\" >No se ha encontrado ning\u00fan puesto<\/div>\n\n\n<!-- end Post Grid -->\t\t\t\t<\/div>\n\t\t\t\t<\/div>\n\t\t\t\t<div class=\"elementor-element elementor-element-5361670d elementor-widget elementor-widget-ucaddon_archive_pagination\" data-id=\"5361670d\" data-element_type=\"widget\" data-e-type=\"widget\" data-widget_type=\"ucaddon_archive_pagination.default\">\n\t\t\t\t<div class=\"elementor-widget-container\">\n\t\t\t\t\t\n<!-- start Post Pagination -->\n\n<style>\/* widget: Post Pagination *\/\n\n#uc_archive_pagination_elementor_5361670d nav\n{\n  padding:0px;\n  margin:0px;\n}\n\n#uc_archive_pagination_elementor_5361670d \n{\n  display:flex;\n  flex-wrap: wrap;\n  justify-content:center;\n}\n\n#uc_archive_pagination_elementor_5361670d .nav-links\n{\n  display:flex;\n  justify-content:center;\n}\n\n#uc_archive_pagination_elementor_5361670d .nav-links > *\n{\n}\n\n#uc_archive_pagination_elementor_5361670d .page-numbers\n{\n  display:flex;\n  \n  align-items:center;\n  justify-content:center;\n  transition:0.3s;\n  line-height:1em;\n}\n\n\n#uc_archive_pagination_elementor_5361670d a.page-numbers, #uc_archive_pagination_elementor_5361670d .dots\n{\n  color:#000000;\n  background-color:;\n}\n\n#uc_archive_pagination_elementor_5361670d a.page-numbers:hover\n{\n  color:#6e6e6e;\n  background-color:#eeeeee;\n}\n\n#uc_archive_pagination_elementor_5361670d .page-numbers.current,\n#uc_archive_pagination_elementor_5361670d .page-numbers.current:hover\n{\n  background-color:#000000;\n  color:#ffffff;\n}\n\n\n#uc_archive_pagination_elementor_5361670d .page-numbers.prev, #uc_archive_pagination_elementor_5361670d .page-numbers.next\n{\n  padding-left:15px;\n  padding-right:15px;\n}\n\n\n\n#uc_archive_pagination_elementor_5361670d .prev:before {\n   font-family: \"Font Awesome 5 Free\";\n   content: \"\\f053\";\n   display: inline-block;\n   vertical-align: middle;\n   font-weight: 900;\n   padding-right:10px;}\n\n#uc_archive_pagination_elementor_5361670d .next:after {\n   font-family: \"Font Awesome 5 Free\";\n   content: \"\\f054\";\n   display: inline-block;\n   vertical-align: middle;\n   font-weight: 900;\n   padding-left:10px;}\n\n#uc_archive_pagination_elementor_5361670d.uc-ajax-loading{\n\topacity:1 !important;\n}\n\n#uc_archive_pagination_elementor_5361670d.uc-ajax-loading .current{\n\tposition:relative;\n    overflow:hidden;\n}\n\n\n#uc_archive_pagination_elementor_5361670d.uc-ajax-loading .current:before{\n  content: \"\";\n  display:block;\n  width:100%;\n  height:100%;\n  box-sizing:border-box;\n  position:absolute;\n  top:0px;\n  left:0px;\n  background-color: #c2c2c2;\n  animation: uc-spinning-border 0.5s linear infinite;\n  opacity:50%;\n  border-radius:inherit;\n}\n\n@keyframes uc-spinning-border {\n\t0%{transform: scale(0);}\n\t100%{transform: scale(1); }\t\n}\n\n\n\n<\/style>\n\n<div id=\"uc_archive_pagination_elementor_5361670d\" class=\"archive_pagination uc-filter-pagination\">\n\n<\/div>\n<!-- end Post Pagination -->\t\t\t\t<\/div>\n\t\t\t\t<\/div>\n\t\t\t\t\t<\/div>\n\t\t<\/div>\n\t\t\t\t\t<\/div>\n\t\t<\/section>\n\t\t\t\t<\/div>","protected":false},"excerpt":{"rendered":"<p>Upcoming Events Fred Astaire Dance Studios\u2019 Interactive Events Schedule Fred Astaire Dance Studios hosts exciting Events across the country and around the world that can make your dance experience even more fun and rewarding. Browse our interactive Events Calendar for information on branded Regional, Inter-Regional, National &amp; International Pro-Am dance competitions \u2013 plus local Fred [&hellip;]<\/p>\n","protected":false},"author":4,"featured_media":0,"parent":0,"menu_order":0,"comment_status":"closed","ping_status":"closed","template":"","meta":{"_acf_changed":false,"footnotes":""},"class_list":["post-5461","page","type-page","status-publish","hentry"],"acf":[],"_links":{"self":[{"href":"https:\/\/www.fredastaire.com\/barcelona\/es\/wp-json\/wp\/v2\/pages\/5461","targetHints":{"allow":["GET"]}}],"collection":[{"href":"https:\/\/www.fredastaire.com\/barcelona\/es\/wp-json\/wp\/v2\/pages"}],"about":[{"href":"https:\/\/www.fredastaire.com\/barcelona\/es\/wp-json\/wp\/v2\/types\/page"}],"author":[{"embeddable":true,"href":"https:\/\/www.fredastaire.com\/barcelona\/es\/wp-json\/wp\/v2\/users\/4"}],"replies":[{"embeddable":true,"href":"https:\/\/www.fredastaire.com\/barcelona\/es\/wp-json\/wp\/v2\/comments?post=5461"}],"version-history":[{"count":0,"href":"https:\/\/www.fredastaire.com\/barcelona\/es\/wp-json\/wp\/v2\/pages\/5461\/revisions"}],"wp:attachment":[{"href":"https:\/\/www.fredastaire.com\/barcelona\/es\/wp-json\/wp\/v2\/media?parent=5461"}],"curies":[{"name":"wp","href":"https:\/\/api.w.org\/{rel}","templated":true}]}}