{"id":5771,"date":"2019-03-28T07:38:15","date_gmt":"2019-03-28T11:38:15","guid":{"rendered":"https:\/\/www.fredastaire.com\/barcelona\/?page_id=5771"},"modified":"2025-11-19T18:25:02","modified_gmt":"2025-11-19T23:25:02","slug":"foxtrot","status":"publish","type":"page","link":"https:\/\/www.fredastaire.com\/barcelona\/es\/foxtrot\/","title":{"rendered":"Foxtrot"},"content":{"rendered":"<div data-elementor-type=\"wp-page\" data-elementor-id=\"5771\" class=\"elementor elementor-5771\" data-elementor-settings=\"{&quot;ha_cmc_init_switcher&quot;:&quot;no&quot;}\" data-elementor-post-type=\"page\">\n\t\t\t\t\t\t<section class=\"elementor-section elementor-top-section elementor-element elementor-element-4b530136 elementor-section-height-min-height elementor-section-boxed elementor-section-height-default elementor-section-items-middle\" data-id=\"4b530136\" data-element_type=\"section\" data-e-type=\"section\" data-settings=\"{&quot;background_background&quot;:&quot;classic&quot;,&quot;_ha_eqh_enable&quot;:false}\">\n\t\t\t\t\t\t<div class=\"elementor-container elementor-column-gap-default\">\n\t\t\t\t\t<div class=\"elementor-column elementor-col-100 elementor-top-column elementor-element elementor-element-1fb0fbe1\" data-id=\"1fb0fbe1\" data-element_type=\"column\" data-e-type=\"column\">\n\t\t\t<div class=\"elementor-widget-wrap\">\n\t\t\t\t\t\t\t<\/div>\n\t\t<\/div>\n\t\t\t\t\t<\/div>\n\t\t<\/section>\n\t\t\t\t<section class=\"elementor-section elementor-top-section elementor-element elementor-element-1ee86ecb elementor-section-boxed elementor-section-height-default elementor-section-height-default\" data-id=\"1ee86ecb\" data-element_type=\"section\" data-e-type=\"section\" data-settings=\"{&quot;_ha_eqh_enable&quot;:false}\">\n\t\t\t\t\t\t<div class=\"elementor-container elementor-column-gap-default\">\n\t\t\t\t\t<div class=\"elementor-column elementor-col-50 elementor-top-column elementor-element elementor-element-7a5ba001\" data-id=\"7a5ba001\" data-element_type=\"column\" data-e-type=\"column\">\n\t\t\t<div class=\"elementor-widget-wrap elementor-element-populated\">\n\t\t\t\t\t\t<div class=\"elementor-element elementor-element-4298b7fb elementor-widget elementor-widget-heading\" data-id=\"4298b7fb\" data-element_type=\"widget\" data-e-type=\"widget\" data-widget_type=\"heading.default\">\n\t\t\t\t<div class=\"elementor-widget-container\">\n\t\t\t\t\t<h1 class=\"elementor-heading-title elementor-size-default\">\u00bfTe Apetece Un Foxtrot?<\/h1>\t\t\t\t<\/div>\n\t\t\t\t<\/div>\n\t\t\t\t<div class=\"elementor-element elementor-element-1832bf59 elementor-widget__width-inherit elementor-widget elementor-widget-text-editor\" data-id=\"1832bf59\" data-element_type=\"widget\" data-e-type=\"widget\" data-widget_type=\"text-editor.default\">\n\t\t\t\t<div class=\"elementor-widget-container\">\n\t\t\t\t\t\t\t\t\t<p>Harry Fox, bailar\u00edn y comediante de Vaudeville, dio su nombre al paso de baile Foxtrot. Se cree que Fox fue el primero en utilizar el llamado \u201cpaso lento\u201d, de donde... surgir\u00eda el Foxtrot.\nEste primer estilo libre del \u201cpaso lento\u201d se populariz\u00f3 alrededor de 1912, durante la \u00e9poca de la m\u00fasica ragtime. Esto marc\u00f3 una fase completamente nueva en los bailes de sal\u00f3n, en la que las parejas bailaban mucho m\u00e1s cerca y pod\u00edan improvisar con la nueva y emocionante m\u00fasica.\nAntes de este per\u00edodo, eran populares bailes como la Polka, el Vals y el One-Step. En estos bailes, las parejas se manten\u00edan m\u00e1s distantes de los brazos y segu\u00edan un patr\u00f3n fijo.<\/p>\n<div class=\"read-more-text\">\n<p>En 1915 se produjo otro cambio: se empezaron a componer nuevas y mel\u00f3dicas canciones \u201cpop\u201d; melod\u00edas como \u201cOh, You Beautiful Doll\u201d e \u201cIda\u201d que llegaron a ser los grandes \u00e9xitos de la \u00e9poca. El p\u00fablico no tard\u00f3 en apreciar el cambio a un estilo musical m\u00e1s suave y r\u00edtmico, y su baile empez\u00f3 a absorber los mejores atributos de los bailes antiguos. Desde 1917 hasta la actualidad, se ha hecho hincapi\u00e9 en un baile m\u00e1s suave y en la expresi\u00f3n individualizada. En 1960, el estilo de baile internacional se abr\u00eda paso en los salones de baile de EE.UU. y muchas de sus t\u00e9cnicas se implementaron en el Foxtrot de estilo americano. La principal diferencia entre los dos estilos es que el Foxtrot Internacional se baila completamente en contacto, manteniendo la posici\u00f3n normal de baile, mientras que el estilo americano permite una total libertad de expresi\u00f3n utilizando varias posiciones de baile. Con su sensaci\u00f3n de suavidad y sofisticaci\u00f3n, la mayor\u00eda de las figuras est\u00e1n dise\u00f1adas para las grandes pistas de baile. Sin embargo, estas mismas figuras tambi\u00e9n son adecuadas para la pista de baile media cuando se bailan de forma m\u00e1s compacta.<\/p>\n<p>En Fred Astaire Dance Studios, aprender\u00e1s m\u00e1s r\u00e1pido y lograr\u00e1s m\u00e1s, independientemente de tu nivel. Y siempre encontrar\u00e1s una comunidad c\u00e1lida y acogedora que te inspirar\u00e1 para alcanzar nuevos retos. Ll\u00e1manos - o mejor a\u00fan, \u00a1p\u00e1sate por aqu\u00ed! \u00a1Te ayudaremos a empezar, hoy mismo!<\/p>\n<\/div>\t\t\t\t\t\t\t\t<\/div>\n\t\t\t\t<\/div>\n\t\t\t\t<div class=\"elementor-element elementor-element-5ad51751 elementor-widget elementor-widget-video\" data-id=\"5ad51751\" data-element_type=\"widget\" data-e-type=\"widget\" data-settings=\"{&quot;youtube_url&quot;:&quot;https:\\\/\\\/youtu.be\\\/VCzuaOnpAsM&quot;,&quot;video_type&quot;:&quot;youtube&quot;,&quot;controls&quot;:&quot;yes&quot;}\" data-widget_type=\"video.default\">\n\t\t\t\t<div class=\"elementor-widget-container\">\n\t\t\t\t\t\t\t<div class=\"elementor-wrapper elementor-open-inline\">\n\t\t\t<div class=\"elementor-video\"><\/div>\t\t<\/div>\n\t\t\t\t\t\t<\/div>\n\t\t\t\t<\/div>\n\t\t\t\t\t<\/div>\n\t\t<\/div>\n\t\t\t\t<div class=\"elementor-column elementor-col-50 elementor-top-column elementor-element elementor-element-77e25a85\" data-id=\"77e25a85\" data-element_type=\"column\" data-e-type=\"column\">\n\t\t\t<div class=\"elementor-widget-wrap elementor-element-populated\">\n\t\t\t\t\t\t<div class=\"elementor-element elementor-element-357aeaf3 elementor-widget elementor-widget-ucaddon_simple_list_menu\" data-id=\"357aeaf3\" data-element_type=\"widget\" data-e-type=\"widget\" data-widget_type=\"ucaddon_simple_list_menu.default\">\n\t\t\t\t<div class=\"elementor-widget-container\">\n\t\t\t\t\t\n<!-- start List Menu -->\n\t\t<link id='font-awesome-css' href='https:\/\/www.fredastaire.com\/barcelona\/wp-content\/plugins\/unlimited-elements-for-elementor-premium\/assets_libraries\/font-awesome6\/fontawesome-all.min.css' type='text\/css' rel='stylesheet' >\n\t\t<link id='font-awesome-4-shim-css' href='https:\/\/www.fredastaire.com\/barcelona\/wp-content\/plugins\/unlimited-elements-for-elementor-premium\/assets_libraries\/font-awesome6\/fontawesome-v4-shims.min.css' type='text\/css' rel='stylesheet' >\n\n<style>\/* widget: List Menu *\/\n\n#uc_simple_list_menu_elementor_357aeaf3\n{\n  text-align:left;\n}\n#uc_simple_list_menu_elementor_357aeaf3 ul\n{\n  padding:0;\n  list-style:none;\n  margin:0;\n}\n\n#uc_simple_list_menu_elementor_357aeaf3 ul li\n{\n  padding:0;\n  list-style:none;\n  margin:0;\n}\n\n#uc_simple_list_menu_elementor_357aeaf3 ul li.current_page_item\n{\n  background-color:#f2f2f2;\n}\n\n#uc_simple_list_menu_elementor_357aeaf3 ul ul li.current_page_item\n{\n  background-color:#EFEFEF;\n}\n\n#uc_simple_list_menu_elementor_357aeaf3 ul ul ul li.current_page_item\n{\n  background-color:#e6e6e6;\n}\n\n#uc_simple_list_menu_elementor_357aeaf3 ul li:last-child\n{\n  border-bottom:none;\n}\n\n#uc_simple_list_menu_elementor_357aeaf3 ul li a\n{\n  text-decoration:none;\n  display:block;\n}\n\n#uc_simple_list_menu_elementor_357aeaf3 ul li a:before {\n   font-family: \"Font Awesome 5 Free\";\n   content: \"\\f00c\";\n   display: inline-block;\n   vertical-align: middle;\n   font-weight: 900;\n}\n\n\n<\/style>\n\n<div id=\"uc_simple_list_menu_elementor_357aeaf3\" class=\"simple_list_menu\">\n<ul id=\"menu-types-of-dance\" class=\"uc-list-menu\"><li id=\"menu-item-7280\" class=\"menu-item menu-item-type-custom menu-item-object-custom menu-item-has-children menu-item-7280\"><a href=\"#\">Ritmo<\/a>\n<ul class=\"sub-menu\">\n\t<li id=\"menu-item-7266\" class=\"menu-item menu-item-type-post_type menu-item-object-page menu-item-7266\"><a href=\"https:\/\/www.fredastaire.com\/barcelona\/es\/salsa\/\">Salsa<\/a><\/li>\n\t<li id=\"menu-item-7271\" class=\"menu-item menu-item-type-post_type menu-item-object-page menu-item-7271\"><a href=\"https:\/\/www.fredastaire.com\/barcelona\/es\/mambo\/\">Mambo<\/a><\/li>\n\t<li id=\"menu-item-7273\" class=\"menu-item menu-item-type-post_type menu-item-object-page menu-item-7273\"><a href=\"https:\/\/www.fredastaire.com\/barcelona\/es\/hustle\/\">Hustle<\/a><\/li>\n\t<li id=\"menu-item-7275\" class=\"menu-item menu-item-type-post_type menu-item-object-page menu-item-7275\"><a href=\"https:\/\/www.fredastaire.com\/barcelona\/es\/east-coast-swing\/\">East Coast Swing<\/a><\/li>\n\t<li id=\"menu-item-7261\" class=\"menu-item menu-item-type-post_type menu-item-object-page menu-item-7261\"><a href=\"https:\/\/www.fredastaire.com\/barcelona\/es\/west-coast-swing\/\">West Coast Swing<\/a><\/li>\n\t<li id=\"menu-item-7270\" class=\"menu-item menu-item-type-post_type menu-item-object-page menu-item-7270\"><a href=\"https:\/\/www.fredastaire.com\/barcelona\/es\/merengue\/\">Merengue<\/a><\/li>\n\t<li id=\"menu-item-7267\" class=\"menu-item menu-item-type-post_type menu-item-object-page menu-item-7267\"><a href=\"https:\/\/www.fredastaire.com\/barcelona\/es\/rumba\/\">Rumba<\/a><\/li>\n\t<li id=\"menu-item-7276\" class=\"menu-item menu-item-type-post_type menu-item-object-page menu-item-7276\"><a href=\"https:\/\/www.fredastaire.com\/barcelona\/es\/cha-cha\/\">Cha Cha Ch\u00e1<\/a><\/li>\n\t<li id=\"menu-item-7265\" class=\"menu-item menu-item-type-post_type menu-item-object-page menu-item-7265\"><a href=\"https:\/\/www.fredastaire.com\/barcelona\/es\/samba\/\">Samba<\/a><\/li>\n\t<li id=\"menu-item-7277\" class=\"menu-item menu-item-type-post_type menu-item-object-page menu-item-7277\"><a href=\"https:\/\/www.fredastaire.com\/barcelona\/es\/bolero\/\">Bolero<\/a><\/li>\n\t<li id=\"menu-item-7269\" class=\"menu-item menu-item-type-post_type menu-item-object-page menu-item-7269\"><a href=\"https:\/\/www.fredastaire.com\/barcelona\/es\/paso-doble\/\">Paso Doble<\/a><\/li>\n\t<li id=\"menu-item-7272\" class=\"menu-item menu-item-type-post_type menu-item-object-page menu-item-7272\"><a href=\"https:\/\/www.fredastaire.com\/barcelona\/es\/jive\/\">Jive<\/a><\/li>\n\t<li id=\"menu-item-7260\" class=\"menu-item menu-item-type-post_type menu-item-object-page menu-item-7260\"><a href=\"https:\/\/www.fredastaire.com\/barcelona\/es\/bachata\/\">Bachata<\/a><\/li>\n<\/ul>\n<\/li>\n<li id=\"menu-item-7281\" class=\"menu-item menu-item-type-custom menu-item-object-custom menu-item-has-children menu-item-7281\"><a href=\"#\">Suave<\/a>\n<ul class=\"sub-menu\">\n\t<li id=\"menu-item-7278\" class=\"menu-item menu-item-type-post_type menu-item-object-page menu-item-7278\"><a href=\"https:\/\/www.fredastaire.com\/barcelona\/es\/argentine-tango\/\">Tango Argentino<\/a><\/li>\n\t<li id=\"menu-item-7264\" class=\"menu-item menu-item-type-post_type menu-item-object-page menu-item-7264\"><a href=\"https:\/\/www.fredastaire.com\/barcelona\/es\/tango\/\">Tango<\/a><\/li>\n\t<li id=\"menu-item-7274\" class=\"menu-item menu-item-type-post_type menu-item-object-page menu-item-7274\"><a href=\"https:\/\/www.fredastaire.com\/barcelona\/es\/foxtrot\/\">Foxtrot<\/a><\/li>\n\t<li id=\"menu-item-7262\" class=\"menu-item menu-item-type-post_type menu-item-object-page menu-item-7262\"><a href=\"https:\/\/www.fredastaire.com\/barcelona\/es\/waltz\/\">Vals<\/a><\/li>\n\t<li id=\"menu-item-7263\" class=\"menu-item menu-item-type-post_type menu-item-object-page menu-item-7263\"><a href=\"https:\/\/www.fredastaire.com\/barcelona\/es\/viennese-waltz\/\">Vals Vien\u00e9s<\/a><\/li>\n\t<li id=\"menu-item-7268\" class=\"menu-item menu-item-type-post_type menu-item-object-page menu-item-7268\"><a href=\"https:\/\/www.fredastaire.com\/barcelona\/es\/quickstep\/\">Quickstep<\/a><\/li>\n<\/ul>\n<\/li>\n<li id=\"menu-item-7282\" class=\"menu-item menu-item-type-custom menu-item-object-custom menu-item-has-children menu-item-7282\"><a href=\"#\">Country Western<\/a>\n<ul class=\"sub-menu\">\n\t<li id=\"menu-item-7259\" class=\"menu-item menu-item-type-post_type menu-item-object-page menu-item-7259\"><a href=\"https:\/\/www.fredastaire.com\/barcelona\/es\/country-western-two-step\/\">Two-Step<\/a><\/li>\n<\/ul>\n<\/li>\n<\/ul>\n<\/div>\n<!-- end List Menu -->\t\t\t\t<\/div>\n\t\t\t\t<\/div>\n\t\t\t\t\t<\/div>\n\t\t<\/div>\n\t\t\t\t\t<\/div>\n\t\t<\/section>\n\t\t\t\t<\/div>","protected":false},"excerpt":{"rendered":"<p>Fancy A Foxtrot? Harry Fox, a vaudeville dancer and comedian lent his name to the Foxtrot dance step. Fox was believed to be the first to use the \u201cslow step,\u201d hence\u2026 the birth of the Foxtrot. This first freestyle use of the \u201cslow step\u201d came into vogue around 1912, during the period of ragtime music. [&hellip;]<\/p>\n","protected":false},"author":4,"featured_media":0,"parent":0,"menu_order":0,"comment_status":"closed","ping_status":"closed","template":"","meta":{"_acf_changed":false,"footnotes":""},"class_list":["post-5771","page","type-page","status-publish","hentry"],"acf":[],"_links":{"self":[{"href":"https:\/\/www.fredastaire.com\/barcelona\/es\/wp-json\/wp\/v2\/pages\/5771","targetHints":{"allow":["GET"]}}],"collection":[{"href":"https:\/\/www.fredastaire.com\/barcelona\/es\/wp-json\/wp\/v2\/pages"}],"about":[{"href":"https:\/\/www.fredastaire.com\/barcelona\/es\/wp-json\/wp\/v2\/types\/page"}],"author":[{"embeddable":true,"href":"https:\/\/www.fredastaire.com\/barcelona\/es\/wp-json\/wp\/v2\/users\/4"}],"replies":[{"embeddable":true,"href":"https:\/\/www.fredastaire.com\/barcelona\/es\/wp-json\/wp\/v2\/comments?post=5771"}],"version-history":[{"count":0,"href":"https:\/\/www.fredastaire.com\/barcelona\/es\/wp-json\/wp\/v2\/pages\/5771\/revisions"}],"wp:attachment":[{"href":"https:\/\/www.fredastaire.com\/barcelona\/es\/wp-json\/wp\/v2\/media?parent=5771"}],"curies":[{"name":"wp","href":"https:\/\/api.w.org\/{rel}","templated":true}]}}