{"id":5774,"date":"2019-03-28T07:41:24","date_gmt":"2019-03-28T11:41:24","guid":{"rendered":"https:\/\/www.fredastaire.com\/barcelona\/?page_id=5774"},"modified":"2026-04-07T11:26:08","modified_gmt":"2026-04-07T09:26:08","slug":"hustle","status":"publish","type":"page","link":"https:\/\/www.fredastaire.com\/barcelona\/es\/hustle\/","title":{"rendered":"Hustle"},"content":{"rendered":"<div data-elementor-type=\"wp-page\" data-elementor-id=\"5774\" class=\"elementor elementor-5774\" data-elementor-settings=\"{&quot;ha_cmc_init_switcher&quot;:&quot;no&quot;}\" data-elementor-post-type=\"page\">\n\t\t\t\t\t\t<section class=\"elementor-section elementor-top-section elementor-element elementor-element-29ce855a elementor-section-height-min-height elementor-section-boxed elementor-section-height-default elementor-section-items-middle\" data-id=\"29ce855a\" data-element_type=\"section\" data-e-type=\"section\" data-settings=\"{&quot;background_background&quot;:&quot;classic&quot;,&quot;_ha_eqh_enable&quot;:false}\">\n\t\t\t\t\t\t<div class=\"elementor-container elementor-column-gap-default\">\n\t\t\t\t\t<div class=\"elementor-column elementor-col-100 elementor-top-column elementor-element elementor-element-8e193d2\" data-id=\"8e193d2\" data-element_type=\"column\" data-e-type=\"column\">\n\t\t\t<div class=\"elementor-widget-wrap\">\n\t\t\t\t\t\t\t<\/div>\n\t\t<\/div>\n\t\t\t\t\t<\/div>\n\t\t<\/section>\n\t\t\t\t<section class=\"elementor-section elementor-top-section elementor-element elementor-element-31cd21b6 elementor-section-boxed elementor-section-height-default elementor-section-height-default\" data-id=\"31cd21b6\" data-element_type=\"section\" data-e-type=\"section\" data-settings=\"{&quot;_ha_eqh_enable&quot;:false}\">\n\t\t\t\t\t\t<div class=\"elementor-container elementor-column-gap-default\">\n\t\t\t\t\t<div class=\"elementor-column elementor-col-50 elementor-top-column elementor-element elementor-element-222bef3f\" data-id=\"222bef3f\" data-element_type=\"column\" data-e-type=\"column\">\n\t\t\t<div class=\"elementor-widget-wrap elementor-element-populated\">\n\t\t\t\t\t\t<div class=\"elementor-element elementor-element-e9e764d elementor-widget elementor-widget-heading\" data-id=\"e9e764d\" data-element_type=\"widget\" data-e-type=\"widget\" data-widget_type=\"heading.default\">\n\t\t\t\t<div class=\"elementor-widget-container\">\n\t\t\t\t\t<h1 class=\"elementor-heading-title elementor-size-default\">\u00a1Sum\u00e9rgete en la Fiebre Disco!<\/h1>\t\t\t\t<\/div>\n\t\t\t\t<\/div>\n\t\t\t\t<div class=\"elementor-element elementor-element-31bd9b35 elementor-widget__width-inherit elementor-widget elementor-widget-text-editor\" data-id=\"31bd9b35\" data-element_type=\"widget\" data-e-type=\"widget\" data-widget_type=\"text-editor.default\">\n\t\t\t\t<div class=\"elementor-widget-container\">\n\t\t\t\t\t\t\t\t\t<p>A finales de los sesenta y durante los setenta, las discotecas, con sistemas de sonido de alta calidad y luces intermitentes, se convirtieron en una forma popular de entretenimiento en Europa y Estados Unidos. A principios de los setenta, en las discotecas se bailaba sobre todo estilo libre (similar al estilo \u2018rock\u201c que exhib\u00edan estrellas del pop de la \u00e9poca como los Jackson Five), con el requisito previo de vestir pantalones de campana y zapatos con plataforma.<\/p><div class=\"read-more-text\"><p>En 1973, en una discoteca llamada The Grand Ballroom, se estaba mostrando un nuevo tipo de \u201ctouch dance\u201d sin nombre, interpretado por mujeres. Este sencillo paso de 6 tiempos, con una forma muy b\u00e1sica que inclu\u00eda giros individuales hacia dentro y hacia fuera, dar\u00eda lugar a lo que m\u00e1s tarde se conocer\u00eda como \u201cHustle\u201d. Los j\u00f3venes del club se fijaron en \u00e9l y se interesaron por este nuevo baile.<\/p><p>A medida que comenz\u00f3 a ganar popularidad y m\u00e1s personas se sumaron, el Hustle empez\u00f3 a evolucionar. En las discotecas latinas de la \u00e9poca, como The Corso, Barney Goo Goo\u2019s y The Ipanema, la m\u00fasica disco se utilizaba como puente entre los sets de las bandas en vivo. En estos clubes, el \u201ctouch dancing\u201d siempre hab\u00eda estado presente en forma de Mambo, Salsa, Cha Cha Ch\u00e1 y Bolero. Aunque se consideraba principalmente un baile de contacto, el Hustle se empez\u00f3 a ejecutar mayormente lado a lado e incorporaba muchos de los patrones de giros complejos del Mambo. El baile tambi\u00e9n inclu\u00eda m\u00faltiples giros y cambios de mano con un movimiento de brazos tipo cuerda; por ello, el baile pas\u00f3 a conocerse como \u201cRope Hustle\u201d o \u201cLatin Hustle\u201d.<\/p><p>A medida que surgieron concursos de baile en todo Estados Unidos y el fen\u00f3meno se expandi\u00f3, muchos bailarines de Hustle tambi\u00e9n formaban parte de la comunidad profesional de artes esc\u00e9nicas y aportaron movimientos largos y bal\u00e9ticos de brazos, as\u00ed como elasticidad a la danza. Por aquel entonces, el baile comenz\u00f3 a pasar de un patr\u00f3n lineal a uno m\u00e1s rotativo. Con el aumento de los concursos, los j\u00f3venes competidores buscaban destacarse, por lo que se introdujeron movimientos acrob\u00e1ticos y de adagio para actuaciones y competiciones. En 1975, este nuevo \u00e1mbito de entretenimiento inspir\u00f3 a discotecas, hoteles y programas de televisi\u00f3n a contratar a j\u00f3venes profesionales innovadores para actuar. Con estas nuevas oportunidades, los bailarines buscaban maneras creativas de emocionar al p\u00fablico de los clubes.<\/p><p>A lo largo de finales de la d\u00e9cada de 1970, aunque el Hustle todav\u00eda se ense\u00f1aba en muchas formas diferentes (Hustle de 4 tiempos, el Latin o Rope Hustle) en las escuelas de baile, la versi\u00f3n m\u00e1s emocionante era la que realizaban los bailarines y competidores de clubes de Nueva York, que ejecutaban el Hustle de 3 tiempos (&amp;-1-2-3). Los bailarines de Hustle de Nueva York de los a\u00f1os 70 allanaron el camino para el resto de la comunidad Hustle en Estados Unidos. A medida que el baile continu\u00f3 evolucionando, el Hustle comenz\u00f3 a incorporar elementos de otros estilos de baile, incluyendo el baile de sal\u00f3n smooth, del cual tom\u00f3 movimientos de desplazamiento y pivotes, as\u00ed como otras formas de baile en pareja como el Swing y los bailes de Ritmo Latino.<\/p><p>El Hustle se baila con m\u00fasica pop bailable contempor\u00e1nea de los \u00faltimos 20 a\u00f1os. Es un baile r\u00e1pido y fluido, con la dama girando casi constantemente, mientras su pareja la acerca y la aleja. La interpretaci\u00f3n r\u00edtmica libre es caracter\u00edstica de este baile. \u00bfEntonces, qu\u00e9 est\u00e1s esperando? Ll\u00e1manos a Fred Astaire Dance Studios \u2013 Barcelona. \u00a1Pasa por aqu\u00ed! Estamos a 2,7 km del Palau G\u00fcell y pregunta por nuestra Oferta de Introducci\u00f3n para nuevos estudiantes\u2026 nuestros talentosos y amables instructores de baile pueden ayudarte a realizar\u00a0<em>su<\/em>\u00a0objetivos en los bailes de sal\u00f3n<\/p><\/div>\t\t\t\t\t\t\t\t<\/div>\n\t\t\t\t<\/div>\n\t\t\t\t<div class=\"elementor-element elementor-element-585daaeb elementor-widget elementor-widget-video\" data-id=\"585daaeb\" data-element_type=\"widget\" data-e-type=\"widget\" data-settings=\"{&quot;youtube_url&quot;:&quot;https:\\\/\\\/youtu.be\\\/hmF_wATx1t0&quot;,&quot;video_type&quot;:&quot;youtube&quot;,&quot;controls&quot;:&quot;yes&quot;}\" data-widget_type=\"video.default\">\n\t\t\t\t<div class=\"elementor-widget-container\">\n\t\t\t\t\t\t\t<div class=\"elementor-wrapper elementor-open-inline\">\n\t\t\t<div class=\"elementor-video\"><\/div>\t\t<\/div>\n\t\t\t\t\t\t<\/div>\n\t\t\t\t<\/div>\n\t\t\t\t\t<\/div>\n\t\t<\/div>\n\t\t\t\t<div class=\"elementor-column elementor-col-50 elementor-top-column elementor-element elementor-element-3240279a\" data-id=\"3240279a\" data-element_type=\"column\" data-e-type=\"column\">\n\t\t\t<div class=\"elementor-widget-wrap elementor-element-populated\">\n\t\t\t\t\t\t<div class=\"elementor-element elementor-element-481697b3 elementor-widget elementor-widget-ucaddon_simple_list_menu\" data-id=\"481697b3\" data-element_type=\"widget\" data-e-type=\"widget\" data-widget_type=\"ucaddon_simple_list_menu.default\">\n\t\t\t\t<div class=\"elementor-widget-container\">\n\t\t\t\t\t\n<!-- start List Menu -->\n\t\t<link id='font-awesome-css' href='https:\/\/www.fredastaire.com\/barcelona\/wp-content\/plugins\/unlimited-elements-for-elementor-premium\/assets_libraries\/font-awesome6\/fontawesome-all.min.css' type='text\/css' rel='stylesheet' >\n\t\t<link id='font-awesome-4-shim-css' href='https:\/\/www.fredastaire.com\/barcelona\/wp-content\/plugins\/unlimited-elements-for-elementor-premium\/assets_libraries\/font-awesome6\/fontawesome-v4-shims.min.css' type='text\/css' rel='stylesheet' >\n\n<style>\/* widget: List Menu *\/\n\n#uc_simple_list_menu_elementor_481697b3\n{\n  text-align:left;\n}\n#uc_simple_list_menu_elementor_481697b3 ul\n{\n  padding:0;\n  list-style:none;\n  margin:0;\n}\n\n#uc_simple_list_menu_elementor_481697b3 ul li\n{\n  padding:0;\n  list-style:none;\n  margin:0;\n}\n\n#uc_simple_list_menu_elementor_481697b3 ul li.current_page_item\n{\n  background-color:#f2f2f2;\n}\n\n#uc_simple_list_menu_elementor_481697b3 ul ul li.current_page_item\n{\n  background-color:#EFEFEF;\n}\n\n#uc_simple_list_menu_elementor_481697b3 ul ul ul li.current_page_item\n{\n  background-color:#e6e6e6;\n}\n\n#uc_simple_list_menu_elementor_481697b3 ul li:last-child\n{\n  border-bottom:none;\n}\n\n#uc_simple_list_menu_elementor_481697b3 ul li a\n{\n  text-decoration:none;\n  display:block;\n}\n\n#uc_simple_list_menu_elementor_481697b3 ul li a:before {\n   font-family: \"Font Awesome 5 Free\";\n   content: \"\\f00c\";\n   display: inline-block;\n   vertical-align: middle;\n   font-weight: 900;\n}\n\n\n<\/style>\n\n<div id=\"uc_simple_list_menu_elementor_481697b3\" class=\"simple_list_menu\">\n<ul id=\"menu-types-of-dance\" class=\"uc-list-menu\"><li id=\"menu-item-7280\" class=\"menu-item menu-item-type-custom menu-item-object-custom menu-item-has-children menu-item-7280\"><a href=\"#\">Ritmo<\/a>\n<ul class=\"sub-menu\">\n\t<li id=\"menu-item-7266\" class=\"menu-item menu-item-type-post_type menu-item-object-page menu-item-7266\"><a href=\"https:\/\/www.fredastaire.com\/barcelona\/es\/salsa\/\">Salsa<\/a><\/li>\n\t<li id=\"menu-item-7271\" class=\"menu-item menu-item-type-post_type menu-item-object-page menu-item-7271\"><a href=\"https:\/\/www.fredastaire.com\/barcelona\/es\/mambo\/\">Mambo<\/a><\/li>\n\t<li id=\"menu-item-7273\" class=\"menu-item menu-item-type-post_type menu-item-object-page menu-item-7273\"><a href=\"https:\/\/www.fredastaire.com\/barcelona\/es\/hustle\/\">Hustle<\/a><\/li>\n\t<li id=\"menu-item-7275\" class=\"menu-item menu-item-type-post_type menu-item-object-page menu-item-7275\"><a href=\"https:\/\/www.fredastaire.com\/barcelona\/es\/east-coast-swing\/\">East Coast Swing<\/a><\/li>\n\t<li id=\"menu-item-7261\" class=\"menu-item menu-item-type-post_type menu-item-object-page menu-item-7261\"><a href=\"https:\/\/www.fredastaire.com\/barcelona\/es\/west-coast-swing\/\">West Coast Swing<\/a><\/li>\n\t<li id=\"menu-item-7270\" class=\"menu-item menu-item-type-post_type menu-item-object-page menu-item-7270\"><a href=\"https:\/\/www.fredastaire.com\/barcelona\/es\/merengue\/\">Merengue<\/a><\/li>\n\t<li id=\"menu-item-7267\" class=\"menu-item menu-item-type-post_type menu-item-object-page menu-item-7267\"><a href=\"https:\/\/www.fredastaire.com\/barcelona\/es\/rumba\/\">Rumba<\/a><\/li>\n\t<li id=\"menu-item-7276\" class=\"menu-item menu-item-type-post_type menu-item-object-page menu-item-7276\"><a href=\"https:\/\/www.fredastaire.com\/barcelona\/es\/cha-cha\/\">Cha Cha Ch\u00e1<\/a><\/li>\n\t<li id=\"menu-item-7265\" class=\"menu-item menu-item-type-post_type menu-item-object-page menu-item-7265\"><a href=\"https:\/\/www.fredastaire.com\/barcelona\/es\/samba\/\">Samba<\/a><\/li>\n\t<li id=\"menu-item-7277\" class=\"menu-item menu-item-type-post_type menu-item-object-page menu-item-7277\"><a href=\"https:\/\/www.fredastaire.com\/barcelona\/es\/bolero\/\">Bolero<\/a><\/li>\n\t<li id=\"menu-item-7269\" class=\"menu-item menu-item-type-post_type menu-item-object-page menu-item-7269\"><a href=\"https:\/\/www.fredastaire.com\/barcelona\/es\/paso-doble\/\">Paso Doble<\/a><\/li>\n\t<li id=\"menu-item-7272\" class=\"menu-item menu-item-type-post_type menu-item-object-page menu-item-7272\"><a href=\"https:\/\/www.fredastaire.com\/barcelona\/es\/jive\/\">Jive<\/a><\/li>\n\t<li id=\"menu-item-7260\" class=\"menu-item menu-item-type-post_type menu-item-object-page menu-item-7260\"><a href=\"https:\/\/www.fredastaire.com\/barcelona\/es\/bachata\/\">Bachata<\/a><\/li>\n<\/ul>\n<\/li>\n<li id=\"menu-item-7281\" class=\"menu-item menu-item-type-custom menu-item-object-custom menu-item-has-children menu-item-7281\"><a href=\"#\">Suave<\/a>\n<ul class=\"sub-menu\">\n\t<li id=\"menu-item-7278\" class=\"menu-item menu-item-type-post_type menu-item-object-page menu-item-7278\"><a href=\"https:\/\/www.fredastaire.com\/barcelona\/es\/argentine-tango\/\">Tango Argentino<\/a><\/li>\n\t<li id=\"menu-item-7264\" class=\"menu-item menu-item-type-post_type menu-item-object-page menu-item-7264\"><a href=\"https:\/\/www.fredastaire.com\/barcelona\/es\/tango\/\">Tango<\/a><\/li>\n\t<li id=\"menu-item-7274\" class=\"menu-item menu-item-type-post_type menu-item-object-page menu-item-7274\"><a href=\"https:\/\/www.fredastaire.com\/barcelona\/es\/foxtrot\/\">Foxtrot<\/a><\/li>\n\t<li id=\"menu-item-7262\" class=\"menu-item menu-item-type-post_type menu-item-object-page menu-item-7262\"><a href=\"https:\/\/www.fredastaire.com\/barcelona\/es\/waltz\/\">Vals<\/a><\/li>\n\t<li id=\"menu-item-7263\" class=\"menu-item menu-item-type-post_type menu-item-object-page menu-item-7263\"><a href=\"https:\/\/www.fredastaire.com\/barcelona\/es\/viennese-waltz\/\">Vals Vien\u00e9s<\/a><\/li>\n\t<li id=\"menu-item-7268\" class=\"menu-item menu-item-type-post_type menu-item-object-page menu-item-7268\"><a href=\"https:\/\/www.fredastaire.com\/barcelona\/es\/quickstep\/\">Quickstep<\/a><\/li>\n<\/ul>\n<\/li>\n<li id=\"menu-item-7282\" class=\"menu-item menu-item-type-custom menu-item-object-custom menu-item-has-children menu-item-7282\"><a href=\"#\">Country Western<\/a>\n<ul class=\"sub-menu\">\n\t<li id=\"menu-item-7259\" class=\"menu-item menu-item-type-post_type menu-item-object-page menu-item-7259\"><a href=\"https:\/\/www.fredastaire.com\/barcelona\/es\/country-western-two-step\/\">Two-Step<\/a><\/li>\n<\/ul>\n<\/li>\n<\/ul>\n<\/div>\n<!-- end List Menu -->\t\t\t\t<\/div>\n\t\t\t\t<\/div>\n\t\t\t\t\t<\/div>\n\t\t<\/div>\n\t\t\t\t\t<\/div>\n\t\t<\/section>\n\t\t\t\t<\/div>","protected":false},"excerpt":{"rendered":"<p>Hustle Into Disco Fever! In the late 1960s and throughout the 1970s, discotheques (or discos), with high quality sound systems and flashing lights became a popular form of entertainment in Europe and the U.S. Early \u201870s dancing in discos was mostly freestyle dancing (similar to the \u201crock\u201d style exhibited by pop stars of the day [&hellip;]<\/p>\n","protected":false},"author":4,"featured_media":0,"parent":0,"menu_order":0,"comment_status":"closed","ping_status":"closed","template":"","meta":{"_acf_changed":false,"footnotes":""},"class_list":["post-5774","page","type-page","status-publish","hentry"],"acf":[],"_links":{"self":[{"href":"https:\/\/www.fredastaire.com\/barcelona\/es\/wp-json\/wp\/v2\/pages\/5774","targetHints":{"allow":["GET"]}}],"collection":[{"href":"https:\/\/www.fredastaire.com\/barcelona\/es\/wp-json\/wp\/v2\/pages"}],"about":[{"href":"https:\/\/www.fredastaire.com\/barcelona\/es\/wp-json\/wp\/v2\/types\/page"}],"author":[{"embeddable":true,"href":"https:\/\/www.fredastaire.com\/barcelona\/es\/wp-json\/wp\/v2\/users\/4"}],"replies":[{"embeddable":true,"href":"https:\/\/www.fredastaire.com\/barcelona\/es\/wp-json\/wp\/v2\/comments?post=5774"}],"version-history":[{"count":0,"href":"https:\/\/www.fredastaire.com\/barcelona\/es\/wp-json\/wp\/v2\/pages\/5774\/revisions"}],"wp:attachment":[{"href":"https:\/\/www.fredastaire.com\/barcelona\/es\/wp-json\/wp\/v2\/media?parent=5774"}],"curies":[{"name":"wp","href":"https:\/\/api.w.org\/{rel}","templated":true}]}}