{"id":5864,"date":"2019-03-29T02:46:37","date_gmt":"2019-03-29T06:46:37","guid":{"rendered":"https:\/\/www.fredastaire.com\/barcelona\/?page_id=5864"},"modified":"2024-08-05T11:58:39","modified_gmt":"2024-08-05T15:58:39","slug":"history-fred-astaire-dance-studios","status":"publish","type":"page","link":"https:\/\/www.fredastaire.com\/barcelona\/es\/history-fred-astaire-dance-studios\/","title":{"rendered":"La Historia de Fred Astaire Dance Studios"},"content":{"rendered":"<div data-elementor-type=\"wp-page\" data-elementor-id=\"5864\" class=\"elementor elementor-5864\" data-elementor-settings=\"{&quot;ha_cmc_init_switcher&quot;:&quot;no&quot;}\" data-elementor-post-type=\"page\">\n\t\t\t\t\t\t<section class=\"elementor-section elementor-top-section elementor-element elementor-element-77b5f7ba elementor-section-height-min-height elementor-section-boxed elementor-section-height-default elementor-section-items-middle\" data-id=\"77b5f7ba\" data-element_type=\"section\" data-e-type=\"section\" data-settings=\"{&quot;background_background&quot;:&quot;classic&quot;,&quot;_ha_eqh_enable&quot;:false}\">\n\t\t\t\t\t\t\t<div class=\"elementor-background-overlay\"><\/div>\n\t\t\t\t\t\t\t<div class=\"elementor-container elementor-column-gap-default\">\n\t\t\t\t\t<div class=\"elementor-column elementor-col-100 elementor-top-column elementor-element elementor-element-3ca6facb\" data-id=\"3ca6facb\" data-element_type=\"column\" data-e-type=\"column\">\n\t\t\t<div class=\"elementor-widget-wrap elementor-element-populated\">\n\t\t\t\t\t\t<div class=\"elementor-element elementor-element-2787c7a1 elementor-widget elementor-widget-heading\" data-id=\"2787c7a1\" data-element_type=\"widget\" data-e-type=\"widget\" data-widget_type=\"heading.default\">\n\t\t\t\t<div class=\"elementor-widget-container\">\n\t\t\t\t\t<h2 class=\"elementor-heading-title elementor-size-default\">Nuestra Historia<\/h2>\t\t\t\t<\/div>\n\t\t\t\t<\/div>\n\t\t\t\t\t<\/div>\n\t\t<\/div>\n\t\t\t\t\t<\/div>\n\t\t<\/section>\n\t\t\t\t<section class=\"elementor-section elementor-top-section elementor-element elementor-element-18521b12 elementor-section-content-middle elementor-section-boxed elementor-section-height-default elementor-section-height-default\" data-id=\"18521b12\" data-element_type=\"section\" data-e-type=\"section\" data-settings=\"{&quot;background_background&quot;:&quot;classic&quot;,&quot;_ha_eqh_enable&quot;:false}\">\n\t\t\t\t\t\t<div class=\"elementor-container elementor-column-gap-no\">\n\t\t\t\t\t<div class=\"elementor-column elementor-col-50 elementor-top-column elementor-element elementor-element-17ea0a8c\" data-id=\"17ea0a8c\" data-element_type=\"column\" data-e-type=\"column\">\n\t\t\t<div class=\"elementor-widget-wrap elementor-element-populated\">\n\t\t\t\t\t\t<div class=\"elementor-element elementor-element-de23452 elementor-widget elementor-widget-heading\" data-id=\"de23452\" data-element_type=\"widget\" data-e-type=\"widget\" data-widget_type=\"heading.default\">\n\t\t\t\t<div class=\"elementor-widget-container\">\n\t\t\t\t\t<h2 class=\"elementor-heading-title elementor-size-default\">La Historia de Fred Astaire Dance Studios<\/h2>\t\t\t\t<\/div>\n\t\t\t\t<\/div>\n\t\t\t\t<div class=\"elementor-element elementor-element-5ae15048 elementor-widget elementor-widget-text-editor\" data-id=\"5ae15048\" data-element_type=\"widget\" data-e-type=\"widget\" data-widget_type=\"text-editor.default\">\n\t\t\t\t<div class=\"elementor-widget-container\">\n\t\t\t\t\t\t\t\t\t<p>Hoy en d\u00eda, es casi imposible no encontrar en cualquier medio de comunicaci\u00f3n una menci\u00f3n al Sr. Fred Astaire en referencia al baile. Ha dejado una huella imborrable en el mundo y, cuando la gente piensa en una leyenda del baile, Fred Astaire es el primero que le viene a la mente. Estamos orgullosos de nuestra gran herencia de baile, que comenz\u00f3 en 1947 cuando el mism\u00edsimo Maestro del baile, el Sr. Fred Astaire, cofund\u00f3 nuestra compa\u00f1\u00eda.<\/p><div class=\"read-more-text\"><div class=\"read-more-text\"><p>El Sr. Fred Astaire, considerado el mayor bailar\u00edn polifac\u00e9tico de todos los tiempos, quiso establecer una cadena de estudios con su nombre para asegurarse de que sus t\u00e9cnicas se conservaran y se transmitieran al p\u00fablico. El Sr. Astaire desempe\u00f1\u00f3 un papel decisivo en la elecci\u00f3n del plan de estudios de baile y las t\u00e9cnicas de instrucci\u00f3n. Con la apertura del primer Fred Astaire Studio en Park Avenue, Nueva York, Fred Astaire sac\u00f3 su inmenso talento del glamour de Hollywood y lo llev\u00f3 a las pistas de baile de Estados Unidos y del mundo.<\/p><\/div><\/div>\t\t\t\t\t\t\t\t<\/div>\n\t\t\t\t<\/div>\n\t\t\t\t\t<\/div>\n\t\t<\/div>\n\t\t\t\t<div class=\"elementor-column elementor-col-50 elementor-top-column elementor-element elementor-element-35c280cd\" data-id=\"35c280cd\" data-element_type=\"column\" data-e-type=\"column\" data-settings=\"{&quot;background_background&quot;:&quot;classic&quot;}\">\n\t\t\t<div class=\"elementor-widget-wrap elementor-element-populated\">\n\t\t\t\t\t\t<div class=\"elementor-element elementor-element-50237f59 elementor-widget elementor-widget-image\" data-id=\"50237f59\" data-element_type=\"widget\" data-e-type=\"widget\" data-widget_type=\"image.default\">\n\t\t\t\t<div class=\"elementor-widget-container\">\n\t\t\t\t\t\t\t\t\t\t\t\t\t\t\t<img fetchpriority=\"high\" decoding=\"async\" width=\"250\" height=\"320\" src=\"https:\/\/www.fredastaire.com\/barcelona\/wp-content\/uploads\/sites\/520\/2023\/05\/Fred-Astaire.png\" class=\"attachment-full size-full wp-image-7608\" alt=\"\" srcset=\"https:\/\/www.fredastaire.com\/barcelona\/wp-content\/uploads\/sites\/520\/2023\/05\/Fred-Astaire.png 250w, https:\/\/www.fredastaire.com\/barcelona\/wp-content\/uploads\/sites\/520\/2023\/05\/Fred-Astaire-234x300.png 234w\" sizes=\"(max-width: 250px) 100vw, 250px\" \/>\t\t\t\t\t\t\t\t\t\t\t\t\t\t\t<\/div>\n\t\t\t\t<\/div>\n\t\t\t\t\t<\/div>\n\t\t<\/div>\n\t\t\t\t\t<\/div>\n\t\t<\/section>\n\t\t\t\t<section class=\"elementor-section elementor-top-section elementor-element elementor-element-2b88b0e5 elementor-section-boxed elementor-section-height-default elementor-section-height-default\" data-id=\"2b88b0e5\" data-element_type=\"section\" data-e-type=\"section\" data-settings=\"{&quot;_ha_eqh_enable&quot;:false}\">\n\t\t\t\t\t\t<div class=\"elementor-container elementor-column-gap-default\">\n\t\t\t\t\t<div class=\"elementor-column elementor-col-100 elementor-top-column elementor-element elementor-element-1f6e1cfb\" data-id=\"1f6e1cfb\" data-element_type=\"column\" data-e-type=\"column\">\n\t\t\t<div class=\"elementor-widget-wrap elementor-element-populated\">\n\t\t\t\t\t\t<div class=\"elementor-element elementor-element-47d93fcb elementor-widget elementor-widget-text-editor\" data-id=\"47d93fcb\" data-element_type=\"widget\" data-e-type=\"widget\" data-widget_type=\"text-editor.default\">\n\t\t\t\t<div class=\"elementor-widget-container\">\n\t\t\t\t\t\t\t\t\t<p>Astaire observ\u00f3 una vez: \u201cAlgunas personas creen que los buenos bailarines nacen\u201d.  \u201cA todos los buenos bailarines que he conocido les han ense\u00f1ado o entrenado. Para m\u00ed, bailar siempre ha sido divertido. Disfruto cada minuto. Me alegra poder poner ahora mis conocimientos al servicio de tantas personas, ayud\u00e1ndolas a ganar confianza personal y a sentir la sensaci\u00f3n del logro.\u201d<\/p><p>Hoy en d\u00eda, numerosos estudios de baile franquiciados Fred Astaire, ubicados en ciudades de toda Norteam\u00e9rica y tambi\u00e9n a nivel internacional, deben mantener los m\u00e1s altos est\u00e1ndares de excelencia a trav\u00e9s de nuestro International Dance Council y de la certificaci\u00f3n del programa formativo de Fred Astaire Franchised Dance Studios.\nAunque el Sr. Astaire ya no est\u00e1 f\u00edsicamente entre nosotros, nuestros estudios han formado a una gran cantidad de bailarines amateurs y profesionales que encarnan el estilo y la elegancia que lo caracterizaban.<\/p>\t\t\t\t\t\t\t\t<\/div>\n\t\t\t\t<\/div>\n\t\t\t\t\t<\/div>\n\t\t<\/div>\n\t\t\t\t\t<\/div>\n\t\t<\/section>\n\t\t\t\t<\/div>","protected":false},"excerpt":{"rendered":"<p>Our History History of Fred Astaire Dance Studios Today, one almost can\u2019t turn on the TV or radio, or open a newspaper, magazine, or web page without hearing a mention of Mr. Fred Astaire in reference to dancing. He has left a lasting impact on the world and when people think of a dancing legend, [&hellip;]<\/p>\n","protected":false},"author":4,"featured_media":0,"parent":0,"menu_order":0,"comment_status":"closed","ping_status":"closed","template":"","meta":{"_acf_changed":false,"footnotes":""},"class_list":["post-5864","page","type-page","status-publish","hentry"],"acf":[],"_links":{"self":[{"href":"https:\/\/www.fredastaire.com\/barcelona\/es\/wp-json\/wp\/v2\/pages\/5864","targetHints":{"allow":["GET"]}}],"collection":[{"href":"https:\/\/www.fredastaire.com\/barcelona\/es\/wp-json\/wp\/v2\/pages"}],"about":[{"href":"https:\/\/www.fredastaire.com\/barcelona\/es\/wp-json\/wp\/v2\/types\/page"}],"author":[{"embeddable":true,"href":"https:\/\/www.fredastaire.com\/barcelona\/es\/wp-json\/wp\/v2\/users\/4"}],"replies":[{"embeddable":true,"href":"https:\/\/www.fredastaire.com\/barcelona\/es\/wp-json\/wp\/v2\/comments?post=5864"}],"version-history":[{"count":0,"href":"https:\/\/www.fredastaire.com\/barcelona\/es\/wp-json\/wp\/v2\/pages\/5864\/revisions"}],"wp:attachment":[{"href":"https:\/\/www.fredastaire.com\/barcelona\/es\/wp-json\/wp\/v2\/media?parent=5864"}],"curies":[{"name":"wp","href":"https:\/\/api.w.org\/{rel}","templated":true}]}}