{"id":7766,"date":"2023-06-05T12:23:59","date_gmt":"2023-06-05T16:23:59","guid":{"rendered":"https:\/\/www.fredastaire.com\/barcelona\/?page_id=7766"},"modified":"2024-08-28T11:01:52","modified_gmt":"2024-08-28T15:01:52","slug":"terms-service","status":"publish","type":"page","link":"https:\/\/www.fredastaire.com\/barcelona\/es\/terms-service\/","title":{"rendered":"Condiciones de uso del sitio web"},"content":{"rendered":"<div data-elementor-type=\"wp-page\" data-elementor-id=\"7766\" class=\"elementor elementor-7766\" data-elementor-settings=\"{&quot;ha_cmc_init_switcher&quot;:&quot;no&quot;}\" data-elementor-post-type=\"page\">\n\t\t\t\t\t\t<section class=\"elementor-section elementor-top-section elementor-element elementor-element-459ed94d elementor-section-height-min-height elementor-section-boxed elementor-section-height-default elementor-section-items-middle\" data-id=\"459ed94d\" data-element_type=\"section\" data-e-type=\"section\" data-settings=\"{&quot;background_background&quot;:&quot;classic&quot;,&quot;_ha_eqh_enable&quot;:false}\">\n\t\t\t\t\t\t\t<div class=\"elementor-background-overlay\"><\/div>\n\t\t\t\t\t\t\t<div class=\"elementor-container elementor-column-gap-default\">\n\t\t\t\t\t<div class=\"elementor-column elementor-col-100 elementor-top-column elementor-element elementor-element-49d2db31\" data-id=\"49d2db31\" data-element_type=\"column\" data-e-type=\"column\">\n\t\t\t<div class=\"elementor-widget-wrap elementor-element-populated\">\n\t\t\t\t\t\t<div class=\"elementor-element elementor-element-2688e416 elementor-widget elementor-widget-heading\" data-id=\"2688e416\" data-element_type=\"widget\" data-e-type=\"widget\" data-widget_type=\"heading.default\">\n\t\t\t\t<div class=\"elementor-widget-container\">\n\t\t\t\t\t<h1 class=\"elementor-heading-title elementor-size-default\">T\u00e9rminos y Condiciones<\/h1>\t\t\t\t<\/div>\n\t\t\t\t<\/div>\n\t\t\t\t\t<\/div>\n\t\t<\/div>\n\t\t\t\t\t<\/div>\n\t\t<\/section>\n\t\t\t\t<section class=\"elementor-section elementor-top-section elementor-element elementor-element-5567bdd9 elementor-section-boxed elementor-section-height-default elementor-section-height-default\" data-id=\"5567bdd9\" data-element_type=\"section\" data-e-type=\"section\" data-settings=\"{&quot;_ha_eqh_enable&quot;:false}\">\n\t\t\t\t\t\t<div class=\"elementor-container elementor-column-gap-default\">\n\t\t\t\t\t<div class=\"elementor-column elementor-col-100 elementor-top-column elementor-element elementor-element-77d661c9\" data-id=\"77d661c9\" data-element_type=\"column\" data-e-type=\"column\">\n\t\t\t<div class=\"elementor-widget-wrap elementor-element-populated\">\n\t\t\t\t\t\t<div class=\"elementor-element elementor-element-212fc074 elementor-widget elementor-widget-heading\" data-id=\"212fc074\" data-element_type=\"widget\" data-e-type=\"widget\" data-widget_type=\"heading.default\">\n\t\t\t\t<div class=\"elementor-widget-container\">\n\t\t\t\t\t<h2 class=\"elementor-heading-title elementor-size-default\">Condiciones de uso del sitio web<\/h2>\t\t\t\t<\/div>\n\t\t\t\t<\/div>\n\t\t\t\t<div class=\"elementor-element elementor-element-15be614 elementor-widget elementor-widget-ucaddon_list\" data-id=\"15be614\" data-element_type=\"widget\" data-e-type=\"widget\" data-widget_type=\"ucaddon_list.default\">\n\t\t\t\t<div class=\"elementor-widget-container\">\n\t\t\t\t\t\n<!-- start List -->\n\t\t<link id='font-awesome-css' href='https:\/\/www.fredastaire.com\/barcelona\/wp-content\/plugins\/unlimited-elements-for-elementor-premium\/assets_libraries\/font-awesome6\/fontawesome-all.min.css' type='text\/css' rel='stylesheet' >\n\t\t<link id='font-awesome-4-shim-css' href='https:\/\/www.fredastaire.com\/barcelona\/wp-content\/plugins\/unlimited-elements-for-elementor-premium\/assets_libraries\/font-awesome6\/fontawesome-v4-shims.min.css' type='text\/css' rel='stylesheet' >\n\n<style>\/* widget: List *\/\n\n\n\n#uc_list_elementor_15be614{\n  display:grid;\n}\n\n#uc_list_elementor_15be614 .ue-list-item\n{\n  display:flex;\n}\n\n\n#uc_list_elementor_15be614 .ue-list-item-image img\n{\n  max-width:100%;\n}\n#uc_list_elementor_15be614 .ue-list-item-text *{\n  margin-bottom:0px;\n}\n\n#uc_list_elementor_15be614 .ue-list-item-index\n{\n  flex-grow:0;\n  flex-shrink:0;\n  display:flex;\n  align-items:center;\n  justify-content:center;\n  line-height:1em;\n}\n\n#uc_list_elementor_15be614 .ue-list-item-index svg\n{\n  height:1em;\n  width:1em;\n}\n\n#uc_list_elementor_15be614 .ue-list-item-content\n{\n  flex-grow:1;\n}\n\n<\/style>\n\n<div id=\"uc_list_elementor_15be614\" class=\"ue-list uc-items-wrapper\"  >\n  <div class=\"ue-list-item elementor-repeater-item-b34aec2\">\n  <div class=\"ue-list-item-index\">\n      1        <\/div>\n  <div class=\"ue-list-item-content\">\n        <h3 class=\"ue-list-item-title\">T\u00e9rminos<\/h3>\n          <div class=\"ue-list-item-text\"><p>Al acceder a este sitio web, usted acepta quedar vinculado por estas Condiciones de uso del sitio web, todas las leyes y reglamentos aplicables, y acepta que es responsable del cumplimiento de cualquier ley local aplicable. Si no est\u00e1 de acuerdo con alguna de estas condiciones, se le proh\u00edbe utilizar o acceder a este sitio. Los materiales contenidos en este sitio web est\u00e1n protegidos por la legislaci\u00f3n aplicable en materia de derechos de autor y marcas.<\/p><\/div>\n             <\/div>\n<\/div>\n<div class=\"ue-list-item elementor-repeater-item-de77bac\">\n  <div class=\"ue-list-item-index\">\n      2        <\/div>\n  <div class=\"ue-list-item-content\">\n        <h3 class=\"ue-list-item-title\">Licencia de uso<\/h3>\n          <div class=\"ue-list-item-text\"><ol type=\"a\"><li>Se concede permiso para descargar temporalmente una copia de los materiales (informaci\u00f3n o software) del sitio web de Fred Astaire Dance Studios, Inc. para su visualizaci\u00f3n personal, transitoria y no comercial. Esto es la concesi\u00f3n de una licencia, no una transferencia de t\u00edtulo, y bajo esta licencia usted no puede:<br \/><ol type=\"i\"><li>modificar o copiar los materiales;<\/li><li>utilizar los materiales para cualquier fin comercial, o para cualquier exhibici\u00f3n p\u00fablica (comercial o no comercial);<\/li><li>intentar descompilar o aplicar ingenier\u00eda inversa a cualquier software contenido en el sitio web de Fred Astaire Dance Studios, Inc;<\/li><li>eliminar de los materiales cualquier menci\u00f3n relativa a derechos de autor u otros derechos de propiedad; o<\/li><li>transferir los materiales a otra persona o \u201creflejar\u201d los materiales en cualquier otro servidor.<\/li><\/ol><\/li><li>Esta licencia terminar\u00e1 autom\u00e1ticamente si usted viola cualquiera de estas restricciones y puede ser terminada por Fred Astaire Dance Studios, Inc en cualquier momento. Una vez finalizada la visualizaci\u00f3n de estos materiales o la rescisi\u00f3n de esta licencia, deber\u00e1 destruir cualquier material descargado que posea, ya sea en formato electr\u00f3nico o impreso.<\/li><\/ol><\/div>\n             <\/div>\n<\/div>\n<div class=\"ue-list-item elementor-repeater-item-e79eb31\">\n  <div class=\"ue-list-item-index\">\n      3        <\/div>\n  <div class=\"ue-list-item-content\">\n        <h3 class=\"ue-list-item-title\">Descargo de responsabilidad<\/h3>\n          <div class=\"ue-list-item-text\"><ol type=\"a\"><li>Los materiales del sitio web de Fred Astaire Dance Studios, Inc se proporcionan \u201ctal cual\u201d. Fred Astaire Dance Studios, Inc no ofrece garant\u00edas, expresas o impl\u00edcitas, y por la presente renuncia y niega cualquier otra garant\u00eda, incluyendo sin limitaci\u00f3n, garant\u00edas impl\u00edcitas o condiciones de comerciabilidad, idoneidad para un prop\u00f3sito particular, o no infracci\u00f3n de la propiedad intelectual u otra violaci\u00f3n de los derechos. Adem\u00e1s, Fred Astaire Dance Studios, Inc no garantiza ni hace ninguna declaraci\u00f3n relativa a la exactitud, los resultados probables o la fiabilidad del uso de los materiales en su sitio web de Internet o de otro tipo relativa a dichos materiales o en cualquier sitio vinculado a este sitio.<\/li><\/ol><\/div>\n             <\/div>\n<\/div>\n<div class=\"ue-list-item elementor-repeater-item-c4b834b\">\n  <div class=\"ue-list-item-index\">\n      4        <\/div>\n  <div class=\"ue-list-item-content\">\n        <h3 class=\"ue-list-item-title\">Limitaciones<\/h3>\n          <div class=\"ue-list-item-text\"><p>En ning\u00fan caso Fred Astaire Dance Studios, Inc o sus proveedores ser\u00e1n responsables de ning\u00fan da\u00f1o (incluyendo, sin limitaci\u00f3n, da\u00f1os por p\u00e9rdida de datos o beneficios, o debido a la interrupci\u00f3n del negocio) que surja del uso o la imposibilidad de usar los materiales del sitio de Internet de Fred Astaire Dance Studios, Inc, incluso si Fred Astaire Dance Studios, Inc o un representante autorizado de Fred Astaire Dance Studios, Inc ha sido notificado oralmente o por escrito de la posibilidad de tales da\u00f1os. Debido a que algunas jurisdicciones no permiten limitaciones en garant\u00edas impl\u00edcitas, o limitaciones de responsabilidad por da\u00f1os consecuenciales o incidentales, estas limitaciones pueden no aplicarse a usted.<\/p><\/div>\n             <\/div>\n<\/div>\n<div class=\"ue-list-item elementor-repeater-item-6a12bec\">\n  <div class=\"ue-list-item-index\">\n      5        <\/div>\n  <div class=\"ue-list-item-content\">\n        <h3 class=\"ue-list-item-title\">Revisiones y erratas<\/h3>\n          <div class=\"ue-list-item-text\"><p>Los materiales que aparecen en el sitio web de Fred Astaire Dance Studios, Inc podr\u00edan incluir errores t\u00e9cnicos, tipogr\u00e1ficos o fotogr\u00e1ficos. Fred Astaire Dance Studios, Inc no garantiza que ninguno de los materiales de su sitio web sea preciso, completo o actual. Fred Astaire Dance Studios, Inc puede hacer cambios a los materiales contenidos en su sitio web en cualquier momento sin previo aviso. Sin embargo, Fred Astaire Dance Studios, Inc no se compromete a actualizar los materiales.<\/p><\/div>\n             <\/div>\n<\/div>\n<div class=\"ue-list-item elementor-repeater-item-f272466\">\n  <div class=\"ue-list-item-index\">\n      6        <\/div>\n  <div class=\"ue-list-item-content\">\n        <h3 class=\"ue-list-item-title\">Enlaces<\/h3>\n          <div class=\"ue-list-item-text\"><p>Fred Astaire Dance Studios, Inc no ha revisado todos los sitios vinculados a su sitio Web de Internet y no es responsable de los contenidos de ninguno de dichos sitios vinculados. La inclusi\u00f3n de cualquier enlace no implica la aprobaci\u00f3n del sitio por parte de Fred Astaire Dance Studios, Inc. El uso de cualquiera de estos sitios web enlazados es por cuenta y riesgo del usuario.<\/p><\/div>\n             <\/div>\n<\/div>\n<div class=\"ue-list-item elementor-repeater-item-f9346e7\">\n  <div class=\"ue-list-item-index\">\n      7        <\/div>\n  <div class=\"ue-list-item-content\">\n        <h3 class=\"ue-list-item-title\">Modificaciones de las condiciones de uso del sitio<\/h3>\n          <div class=\"ue-list-item-text\"><p>Fred Astaire Dance Studios, Inc puede revisar estas condiciones de uso de su sitio web en cualquier momento y sin previo aviso. Al utilizar este sitio web, usted acepta quedar vinculado por la versi\u00f3n vigente de estos T\u00e9rminos y condiciones de uso.<\/p><\/div>\n             <\/div>\n<\/div>\n<div class=\"ue-list-item elementor-repeater-item-3a1eefa\">\n  <div class=\"ue-list-item-index\">\n      8        <\/div>\n  <div class=\"ue-list-item-content\">\n        <h3 class=\"ue-list-item-title\">Derecho aplicable<\/h3>\n          <div class=\"ue-list-item-text\"><p>Cualquier reclamaci\u00f3n relacionada con el sitio web de Fred Astaire Dance Studios, Inc se regir\u00e1 por las leyes del Estado de Massachusetts, sin tener en cuenta su conflicto de disposiciones legales.<\/p><p>Condiciones generales aplicables al uso de un sitio web.<\/p><\/div>\n             <\/div>\n<\/div>\n<div class=\"ue-list-item elementor-repeater-item-f2eae14\">\n  <div class=\"ue-list-item-index\">\n      9        <\/div>\n  <div class=\"ue-list-item-content\">\n        <h3 class=\"ue-list-item-title\">ReCAPTCHA<\/h3>\n          <div class=\"ue-list-item-text\"><p><strong>Este sitio est\u00e1 protegido por reCAPTCHA y por la pol\u00edtica de privacidad de Google. <a href=\"https:\/\/policies.google.com\/privacy\" target=\"_blank\" rel=\"noopener\">Pol\u00edtica de Privacidad<\/a> y <a href=\"https:\/\/policies.google.com\/terms\" target=\"_blank\" rel=\"noopener\">T\u00e9rminos y Condiciones<\/a> aplicar.<\/strong><\/p><\/div>\n             <\/div>\n<\/div>\n\n<\/div>\n<!-- end List -->\t\t\t\t<\/div>\n\t\t\t\t<\/div>\n\t\t\t\t\t<\/div>\n\t\t<\/div>\n\t\t\t\t\t<\/div>\n\t\t<\/section>\n\t\t\t\t<\/div>","protected":false},"excerpt":{"rendered":"<p>Terms of Service Web Site Terms and Conditions of Use 1 Terms By accessing this web site, you are agreeing to be bound by these web site Terms and Conditions of Use, all applicable laws and regulations, and agree that you are responsible for compliance with any applicable local laws. If you do not agree [&hellip;]<\/p>\n","protected":false},"author":313,"featured_media":0,"parent":0,"menu_order":0,"comment_status":"closed","ping_status":"closed","template":"","meta":{"_acf_changed":false,"footnotes":""},"class_list":["post-7766","page","type-page","status-publish","hentry"],"acf":[],"_links":{"self":[{"href":"https:\/\/www.fredastaire.com\/barcelona\/es\/wp-json\/wp\/v2\/pages\/7766","targetHints":{"allow":["GET"]}}],"collection":[{"href":"https:\/\/www.fredastaire.com\/barcelona\/es\/wp-json\/wp\/v2\/pages"}],"about":[{"href":"https:\/\/www.fredastaire.com\/barcelona\/es\/wp-json\/wp\/v2\/types\/page"}],"author":[{"embeddable":true,"href":"https:\/\/www.fredastaire.com\/barcelona\/es\/wp-json\/wp\/v2\/users\/313"}],"replies":[{"embeddable":true,"href":"https:\/\/www.fredastaire.com\/barcelona\/es\/wp-json\/wp\/v2\/comments?post=7766"}],"version-history":[{"count":0,"href":"https:\/\/www.fredastaire.com\/barcelona\/es\/wp-json\/wp\/v2\/pages\/7766\/revisions"}],"wp:attachment":[{"href":"https:\/\/www.fredastaire.com\/barcelona\/es\/wp-json\/wp\/v2\/media?parent=7766"}],"curies":[{"name":"wp","href":"https:\/\/api.w.org\/{rel}","templated":true}]}}