{"id":7813,"date":"2023-06-05T13:06:38","date_gmt":"2023-06-05T17:06:38","guid":{"rendered":"https:\/\/www.fredastaire.com\/barcelona\/?page_id=7813"},"modified":"2026-04-07T11:15:45","modified_gmt":"2026-04-07T09:15:45","slug":"about","status":"publish","type":"page","link":"https:\/\/www.fredastaire.com\/barcelona\/es\/about\/","title":{"rendered":"\u00bfQu\u00e9 hace especial a Fred Astaire Dance Studios?"},"content":{"rendered":"<div data-elementor-type=\"wp-page\" data-elementor-id=\"7813\" class=\"elementor elementor-7813\" data-elementor-settings=\"{&quot;ha_cmc_init_switcher&quot;:&quot;no&quot;}\" data-elementor-post-type=\"page\">\n\t\t\t\t\t\t<section class=\"elementor-section elementor-top-section elementor-element elementor-element-4316e30a elementor-section-height-min-height elementor-section-boxed elementor-section-height-default elementor-section-items-middle\" data-id=\"4316e30a\" data-element_type=\"section\" data-e-type=\"section\" data-settings=\"{&quot;background_background&quot;:&quot;classic&quot;,&quot;_ha_eqh_enable&quot;:false}\">\n\t\t\t\t\t\t\t<div class=\"elementor-background-overlay\"><\/div>\n\t\t\t\t\t\t\t<div class=\"elementor-container elementor-column-gap-default\">\n\t\t\t\t\t<div class=\"elementor-column elementor-col-100 elementor-top-column elementor-element elementor-element-7a0c39e\" data-id=\"7a0c39e\" data-element_type=\"column\" data-e-type=\"column\">\n\t\t\t<div class=\"elementor-widget-wrap elementor-element-populated\">\n\t\t\t\t\t\t<div class=\"elementor-element elementor-element-788fb1f2 elementor-widget elementor-widget-heading\" data-id=\"788fb1f2\" data-element_type=\"widget\" data-e-type=\"widget\" data-widget_type=\"heading.default\">\n\t\t\t\t<div class=\"elementor-widget-container\">\n\t\t\t\t\t<h1 class=\"elementor-heading-title elementor-size-default\">\u00bfPor qu\u00e9 bailar con nosotros?<\/h1>\t\t\t\t<\/div>\n\t\t\t\t<\/div>\n\t\t\t\t\t<\/div>\n\t\t<\/div>\n\t\t\t\t\t<\/div>\n\t\t<\/section>\n\t\t\t\t<section class=\"elementor-section elementor-top-section elementor-element elementor-element-5b4ed2fe elementor-section-boxed elementor-section-height-default elementor-section-height-default\" data-id=\"5b4ed2fe\" data-element_type=\"section\" data-e-type=\"section\" data-settings=\"{&quot;_ha_eqh_enable&quot;:false}\">\n\t\t\t\t\t\t<div class=\"elementor-container elementor-column-gap-default\">\n\t\t\t\t\t<div class=\"elementor-column elementor-col-50 elementor-top-column elementor-element elementor-element-164344b1\" data-id=\"164344b1\" data-element_type=\"column\" data-e-type=\"column\">\n\t\t\t<div class=\"elementor-widget-wrap elementor-element-populated\">\n\t\t\t\t\t\t<div class=\"elementor-element elementor-element-7fffcf4b elementor-widget elementor-widget-heading\" data-id=\"7fffcf4b\" data-element_type=\"widget\" data-e-type=\"widget\" data-widget_type=\"heading.default\">\n\t\t\t\t<div class=\"elementor-widget-container\">\n\t\t\t\t\t<h2 class=\"elementor-heading-title elementor-size-default\">\u00bfQu\u00e9 hace especial a Fred Astaire Dance Studios?<\/h2>\t\t\t\t<\/div>\n\t\t\t\t<\/div>\n\t\t\t\t<div class=\"elementor-element elementor-element-550e42df elementor-widget elementor-widget-text-editor\" data-id=\"550e42df\" data-element_type=\"widget\" data-e-type=\"widget\" data-widget_type=\"text-editor.default\">\n\t\t\t\t<div class=\"elementor-widget-container\">\n\t\t\t\t\t\t\t\t\t<p>Clases de baile nupcial, descubrir una nueva afici\u00f3n o una forma de conectar con tu pareja, mejorar tu vida social y tu salud f\u00edsica y emocional, o llevar tus habilidades de baile al siguiente nivel, bailar con Fred Astaire Dance Studios te permitir\u00e1 aprender m\u00e1s r\u00e1pido, alcanzar mayores logros\u2026 \u00a1y sonre\u00edr mucho m\u00e1s!\n\nEntonces, \u00bfpor qu\u00e9 elegir Fred Astaire Dance Studios Barcelona?<\/p>\t\t\t\t\t\t\t\t<\/div>\n\t\t\t\t<\/div>\n\t\t\t\t\t<\/div>\n\t\t<\/div>\n\t\t\t\t<div class=\"elementor-column elementor-col-50 elementor-top-column elementor-element elementor-element-3544bc45 elementor-hidden-tablet elementor-hidden-mobile\" data-id=\"3544bc45\" data-element_type=\"column\" data-e-type=\"column\">\n\t\t\t<div class=\"elementor-widget-wrap elementor-element-populated\">\n\t\t\t\t\t\t<div class=\"elementor-element elementor-element-4b6e39b7 elementor-widget elementor-widget-image\" data-id=\"4b6e39b7\" data-element_type=\"widget\" data-e-type=\"widget\" data-widget_type=\"image.default\">\n\t\t\t\t<div class=\"elementor-widget-container\">\n\t\t\t\t\t\t\t\t\t\t\t\t\t\t\t<img fetchpriority=\"high\" decoding=\"async\" width=\"270\" height=\"270\" src=\"https:\/\/www.fredastaire.com\/barcelona\/wp-content\/uploads\/sites\/520\/2023\/05\/fred-astaire-dance-studio2.jpg\" class=\"attachment-large size-large wp-image-7704\" alt=\"\" srcset=\"https:\/\/www.fredastaire.com\/barcelona\/wp-content\/uploads\/sites\/520\/2023\/05\/fred-astaire-dance-studio2.jpg 270w, https:\/\/www.fredastaire.com\/barcelona\/wp-content\/uploads\/sites\/520\/2023\/05\/fred-astaire-dance-studio2-150x150.jpg 150w\" sizes=\"(max-width: 270px) 100vw, 270px\" \/>\t\t\t\t\t\t\t\t\t\t\t\t\t\t\t<\/div>\n\t\t\t\t<\/div>\n\t\t\t\t\t<\/div>\n\t\t<\/div>\n\t\t\t\t\t<\/div>\n\t\t<\/section>\n\t\t\t\t<section class=\"elementor-section elementor-top-section elementor-element elementor-element-64ea9f4b elementor-section-boxed elementor-section-height-default elementor-section-height-default\" data-id=\"64ea9f4b\" data-element_type=\"section\" data-e-type=\"section\" data-settings=\"{&quot;background_background&quot;:&quot;classic&quot;,&quot;_ha_eqh_enable&quot;:false}\">\n\t\t\t\t\t\t<div class=\"elementor-container elementor-column-gap-default\">\n\t\t\t\t\t<div class=\"elementor-column elementor-col-50 elementor-top-column elementor-element elementor-element-cd4900b elementor-hidden-tablet elementor-hidden-mobile\" data-id=\"cd4900b\" data-element_type=\"column\" data-e-type=\"column\">\n\t\t\t<div class=\"elementor-widget-wrap elementor-element-populated\">\n\t\t\t\t\t\t<div class=\"elementor-element elementor-element-4ecae140 elementor-widget elementor-widget-image\" data-id=\"4ecae140\" data-element_type=\"widget\" data-e-type=\"widget\" data-widget_type=\"image.default\">\n\t\t\t\t<div class=\"elementor-widget-container\">\n\t\t\t\t\t\t\t\t\t\t\t\t\t\t\t<img decoding=\"async\" width=\"270\" height=\"270\" src=\"https:\/\/www.fredastaire.com\/barcelona\/wp-content\/uploads\/sites\/520\/2023\/05\/fred-astaire-dance-studio14.jpg\" class=\"attachment-large size-large wp-image-7705\" alt=\"\" srcset=\"https:\/\/www.fredastaire.com\/barcelona\/wp-content\/uploads\/sites\/520\/2023\/05\/fred-astaire-dance-studio14.jpg 270w, https:\/\/www.fredastaire.com\/barcelona\/wp-content\/uploads\/sites\/520\/2023\/05\/fred-astaire-dance-studio14-150x150.jpg 150w\" sizes=\"(max-width: 270px) 100vw, 270px\" \/>\t\t\t\t\t\t\t\t\t\t\t\t\t\t\t<\/div>\n\t\t\t\t<\/div>\n\t\t\t\t\t<\/div>\n\t\t<\/div>\n\t\t\t\t<div class=\"elementor-column elementor-col-50 elementor-top-column elementor-element elementor-element-7869d801\" data-id=\"7869d801\" data-element_type=\"column\" data-e-type=\"column\">\n\t\t\t<div class=\"elementor-widget-wrap elementor-element-populated\">\n\t\t\t\t\t\t<div class=\"elementor-element elementor-element-5e3a711b elementor-widget elementor-widget-text-editor\" data-id=\"5e3a711b\" data-element_type=\"widget\" data-e-type=\"widget\" data-widget_type=\"text-editor.default\">\n\t\t\t\t<div class=\"elementor-widget-container\">\n\t\t\t\t\t\t\t\t\t<p><strong>Porque en cada Fred Astaire Dance Studio te espera un ambiente amable, c\u00e1lido y de \u00a1inspiraci\u00f3n!<\/strong><\/p><p>Es lo que nuestros clientes nos cuentan que perciben desde el primer momento en que cruzan la puerta de nuestro estudio de la calle Par\u00eds: una energ\u00eda cercana y vibrante, y un aut\u00e9ntico esp\u00edritu de \u201ccomunidad FADS\u201d, acogedora, 100 % libre de prejuicios y genuinamente alegre.\nNuestra pasi\u00f3n es enriquecer vidas \u2014f\u00edsica, mental, emocional y socialmente\u2014 a trav\u00e9s del poder positivo y transformador de la danza.<\/p><p><strong>\u00a1Porque las clases de bailes de sal\u00f3n siempre deben ser DIVERTIDAS!<\/strong><\/p><p>La filosof\u00eda de ense\u00f1anza en cada Fred Astaire Dance Studio es simple y directa: \u00a1aprender a bailar siempre es divertido! Trabajamos con Alumnos de todas las edades y habilidades, y el ambiente amistoso e inspirador te ayudar\u00e1 a hacer realidad tu viaje por los bailes de sal\u00f3n. Hay miles de razones por las que la gente empieza a dar clases de baile - y una vez que te ense\u00f1emos lo divertidos que pueden ser los bailes de sal\u00f3n, \u00a1sabemos que querr\u00e1s volver! Somos f\u00e1ciles de encontrar - \u00a1a s\u00f3lo 700 metros de la Bodega Rinc\u00f3n Catal\u00e1!<\/p>\t\t\t\t\t\t\t\t<\/div>\n\t\t\t\t<\/div>\n\t\t\t\t\t<\/div>\n\t\t<\/div>\n\t\t\t\t\t<\/div>\n\t\t<\/section>\n\t\t\t\t<section class=\"elementor-section elementor-top-section elementor-element elementor-element-5a922563 elementor-section-boxed elementor-section-height-default elementor-section-height-default\" data-id=\"5a922563\" data-element_type=\"section\" data-e-type=\"section\" data-settings=\"{&quot;_ha_eqh_enable&quot;:false}\">\n\t\t\t\t\t\t<div class=\"elementor-container elementor-column-gap-default\">\n\t\t\t\t\t<div class=\"elementor-column elementor-col-50 elementor-top-column elementor-element elementor-element-453aae38\" data-id=\"453aae38\" data-element_type=\"column\" data-e-type=\"column\">\n\t\t\t<div class=\"elementor-widget-wrap elementor-element-populated\">\n\t\t\t\t\t\t<div class=\"elementor-element elementor-element-1c836bab elementor-widget elementor-widget-text-editor\" data-id=\"1c836bab\" data-element_type=\"widget\" data-e-type=\"widget\" data-widget_type=\"text-editor.default\">\n\t\t\t\t<div class=\"elementor-widget-container\">\n\t\t\t\t\t\t\t\t\t<p><strong>Porque los bailes de sal\u00f3n tienen muchos beneficios.<\/strong><br role=\"presentation\" data-uw-rm-sr=\"\" \/>Los bailes de sal\u00f3n son una combinaci\u00f3n perfecta de actividad f\u00edsica, interacci\u00f3n social y estimulaci\u00f3n mental, y pueden aportar mucho a tu vida. Es un gran ejercicio, tiene beneficios documentados para la salud f\u00edsica y mental, puede mejorar tu vida social y la confianza en ti mismo\/a, reduce el estr\u00e9s y la depresi\u00f3n, favorece la relajaci\u00f3n, es una magn\u00edfica v\u00e1lvula de escape para la autoexpresi\u00f3n y la creatividad, \u00a1y adem\u00e1s es DIVERTIDO! Con todas estas razones para empezar a bailar, te desafiamos a que encuentres una buena raz\u00f3n para NO hacerlo.<\/p><p><strong>Porque nuestro programa de bailes de sal\u00f3n te ayudan a aprender m\u00e1s r\u00e1pido, \u00a1y a conseguir m\u00e1s!<\/strong><br role=\"presentation\" data-uw-rm-sr=\"\" \/>El programa probado de Fred Astaire Dance Studios de Clases Privadas, Clases en Grupo y Fiestas de Baile y Pr\u00e1ctica, asegura que aprendas tanto como sea posible, en la menor cantidad de tiempo, con la mayor retenci\u00f3n, y la mayor DIVERSI\u00d3N. De hecho, \u00a1estar\u00e1s en camino de bailar con confianza al final de tu primera clase! Nuestro repertorio cubre toda la gama de bailes de sal\u00f3n - Americano, Latino, Estilo Internacional, Estilo de Sal\u00f3n, incluso Bailes de Exhibici\u00f3n y Arte Teatral, tanto para bailarines sociales como de competici\u00f3n.<\/p>\t\t\t\t\t\t\t\t<\/div>\n\t\t\t\t<\/div>\n\t\t\t\t\t<\/div>\n\t\t<\/div>\n\t\t\t\t<div class=\"elementor-column elementor-col-50 elementor-top-column elementor-element elementor-element-4159191c elementor-hidden-tablet elementor-hidden-mobile\" data-id=\"4159191c\" data-element_type=\"column\" data-e-type=\"column\">\n\t\t\t<div class=\"elementor-widget-wrap elementor-element-populated\">\n\t\t\t\t\t\t<div class=\"elementor-element elementor-element-4971002a elementor-widget elementor-widget-image\" data-id=\"4971002a\" data-element_type=\"widget\" data-e-type=\"widget\" data-widget_type=\"image.default\">\n\t\t\t\t<div class=\"elementor-widget-container\">\n\t\t\t\t\t\t\t\t\t\t\t\t\t\t\t<img decoding=\"async\" width=\"270\" height=\"270\" src=\"https:\/\/www.fredastaire.com\/barcelona\/wp-content\/uploads\/sites\/520\/2023\/05\/fred-astaire-dance-studio23.jpg\" class=\"attachment-large size-large wp-image-7706\" alt=\"\" srcset=\"https:\/\/www.fredastaire.com\/barcelona\/wp-content\/uploads\/sites\/520\/2023\/05\/fred-astaire-dance-studio23.jpg 270w, https:\/\/www.fredastaire.com\/barcelona\/wp-content\/uploads\/sites\/520\/2023\/05\/fred-astaire-dance-studio23-150x150.jpg 150w\" sizes=\"(max-width: 270px) 100vw, 270px\" \/>\t\t\t\t\t\t\t\t\t\t\t\t\t\t\t<\/div>\n\t\t\t\t<\/div>\n\t\t\t\t\t<\/div>\n\t\t<\/div>\n\t\t\t\t\t<\/div>\n\t\t<\/section>\n\t\t\t\t<section class=\"elementor-section elementor-top-section elementor-element elementor-element-1519b058 elementor-section-boxed elementor-section-height-default elementor-section-height-default\" data-id=\"1519b058\" data-element_type=\"section\" data-e-type=\"section\" data-settings=\"{&quot;background_background&quot;:&quot;classic&quot;,&quot;_ha_eqh_enable&quot;:false}\">\n\t\t\t\t\t\t<div class=\"elementor-container elementor-column-gap-default\">\n\t\t\t\t\t<div class=\"elementor-column elementor-col-100 elementor-top-column elementor-element elementor-element-49c7eaa0\" data-id=\"49c7eaa0\" data-element_type=\"column\" data-e-type=\"column\">\n\t\t\t<div class=\"elementor-widget-wrap elementor-element-populated\">\n\t\t\t\t\t\t<div class=\"elementor-element elementor-element-45b8803f elementor-widget elementor-widget-text-editor\" data-id=\"45b8803f\" data-element_type=\"widget\" data-e-type=\"widget\" data-widget_type=\"text-editor.default\">\n\t\t\t\t<div class=\"elementor-widget-container\">\n\t\t\t\t\t\t\t\t\t<p><strong>\u00a1Por nuestro Equipo de Profesionales y con talento!<\/strong><br role=\"presentation\" data-uw-rm-sr=\"\">Los Profesores de Fred Astaire Dance Studios son destacados profesionales de la danza procedentes de diferentes partes del mundo y que sienten verdadera pasi\u00f3n por su trabajo. Muchos poseen titulaciones en Bellas Artes y son bailarines profesionales en activo e incluso premiados en competiciones.\nTodos nuestros profesores completan una rigurosa formaci\u00f3n para certificarse en el M\u00e9todo Fred Astaire, un programa estructurado que ense\u00f1a los fundamentos del baile en pareja respetando la forma natural de aprendizaje de cada Alumno. Este m\u00e9todo, junto con la dedicaci\u00f3n, entusiasmo y calidad humana de nuestros profesores, te permitir\u00e1 aprovechar al m\u00e1ximo cada clase y avanzar con confianza y solidez en tu camino en el baile.<\/p>\n<p><strong>\u00a1Por nuestros grandes eventos y competiciones de bailes de sal\u00f3n!<\/strong><br role=\"presentation\" data-uw-rm-sr=\"\">Fred Astaire Dance Studios ofrece una variedad de divertidos eventos locales para que tu experiencia con el baile sea emocionante y gratificante. Fiestas con Invitados, Showcases, Spotlights, Eventos de Ayuda a la Comunidad, Sesiones especiales de Coaching y Salidas en Grupo fuera de las instalaciones fomentan la interacci\u00f3n social y te ayudan a aplicar lo que est\u00e1s aprendiendo. Tambi\u00e9n nuestra participaci\u00f3n en competiciones regionales, nacionales e internacionales Pro-Am y de danza profesional te ofrecen oportunidades inspiradoras para competir, viajar y perfeccionar tus habilidades de baile en entornos emocionantes y de apoyo.<\/p>\n<p><strong>\u00a1Por nuestra Oferta de Bienvenida!<\/strong><br role=\"presentation\" data-uw-rm-sr=\"\">Aprovecha nuestra Oferta Especial de Bienvenida exclusiva para nuevos Alumnos y da el primer paso para alcanzar tus metas en el baile. Contacta con nosotros para conocer todos los detalles acerca de nuestras opciones de programas con un descuento especial de bienvenida exclusivo para nuevos Alumnos (\u00a1lo que&nbsp;<em>sin duda<\/em>&nbsp;te har\u00e1 salir a bailar!). P\u00e1sate y comparte tus objetivos de baile con nosotros, \u00a1te ayudaremos a conseguirlos!<\/p>\n<p>\u00a1Esperamos verle pronto en la pista de baile!<\/p>\t\t\t\t\t\t\t\t<\/div>\n\t\t\t\t<\/div>\n\t\t\t\t\t<\/div>\n\t\t<\/div>\n\t\t\t\t\t<\/div>\n\t\t<\/section>\n\t\t\t\t<\/div>","protected":false},"excerpt":{"rendered":"<p>Why Dance With Us? What Makes Fred Astaire Dance Studios Special? From wedding dance instruction, a new hobby or way to connect with your partner, improving your social life, physical and emotional health, or taking your dance skills to the next level, dancing with Fred Astaire Dance Studios will result in faster learning, higher levels [&hellip;]<\/p>\n","protected":false},"author":313,"featured_media":0,"parent":0,"menu_order":0,"comment_status":"closed","ping_status":"closed","template":"","meta":{"_acf_changed":false,"footnotes":""},"class_list":["post-7813","page","type-page","status-publish","hentry"],"acf":[],"_links":{"self":[{"href":"https:\/\/www.fredastaire.com\/barcelona\/es\/wp-json\/wp\/v2\/pages\/7813","targetHints":{"allow":["GET"]}}],"collection":[{"href":"https:\/\/www.fredastaire.com\/barcelona\/es\/wp-json\/wp\/v2\/pages"}],"about":[{"href":"https:\/\/www.fredastaire.com\/barcelona\/es\/wp-json\/wp\/v2\/types\/page"}],"author":[{"embeddable":true,"href":"https:\/\/www.fredastaire.com\/barcelona\/es\/wp-json\/wp\/v2\/users\/313"}],"replies":[{"embeddable":true,"href":"https:\/\/www.fredastaire.com\/barcelona\/es\/wp-json\/wp\/v2\/comments?post=7813"}],"version-history":[{"count":0,"href":"https:\/\/www.fredastaire.com\/barcelona\/es\/wp-json\/wp\/v2\/pages\/7813\/revisions"}],"wp:attachment":[{"href":"https:\/\/www.fredastaire.com\/barcelona\/es\/wp-json\/wp\/v2\/media?parent=7813"}],"curies":[{"name":"wp","href":"https:\/\/api.w.org\/{rel}","templated":true}]}}