{"id":7814,"date":"2023-06-05T13:06:46","date_gmt":"2023-06-05T17:06:46","guid":{"rendered":"https:\/\/www.fredastaire.com\/barcelona\/?page_id=7814"},"modified":"2026-03-20T18:04:19","modified_gmt":"2026-03-20T17:04:19","slug":"teaching-methods","status":"publish","type":"page","link":"https:\/\/www.fredastaire.com\/barcelona\/es\/teaching-methods\/","title":{"rendered":"M\u00e9todos de Ense\u00f1anza Fred Astaire Dance Studios"},"content":{"rendered":"<div data-elementor-type=\"wp-page\" data-elementor-id=\"7814\" class=\"elementor elementor-7814\" data-elementor-settings=\"{&quot;ha_cmc_init_switcher&quot;:&quot;no&quot;}\" data-elementor-post-type=\"page\">\n\t\t\t\t\t\t<section class=\"elementor-section elementor-top-section elementor-element elementor-element-7cb19c35 elementor-section-height-min-height elementor-section-boxed elementor-section-height-default elementor-section-items-middle\" data-id=\"7cb19c35\" data-element_type=\"section\" data-e-type=\"section\" data-settings=\"{&quot;background_background&quot;:&quot;classic&quot;,&quot;_ha_eqh_enable&quot;:false}\">\n\t\t\t\t\t\t\t<div class=\"elementor-background-overlay\"><\/div>\n\t\t\t\t\t\t\t<div class=\"elementor-container elementor-column-gap-default\">\n\t\t\t\t\t<div class=\"elementor-column elementor-col-100 elementor-top-column elementor-element elementor-element-35df2a05\" data-id=\"35df2a05\" data-element_type=\"column\" data-e-type=\"column\">\n\t\t\t<div class=\"elementor-widget-wrap elementor-element-populated\">\n\t\t\t\t\t\t<div class=\"elementor-element elementor-element-6755219b elementor-widget elementor-widget-heading\" data-id=\"6755219b\" data-element_type=\"widget\" data-e-type=\"widget\" data-widget_type=\"heading.default\">\n\t\t\t\t<div class=\"elementor-widget-container\">\n\t\t\t\t\t<h1 class=\"elementor-heading-title elementor-size-default\">Nuestra Metodolog\u00eda<\/h1>\t\t\t\t<\/div>\n\t\t\t\t<\/div>\n\t\t\t\t\t<\/div>\n\t\t<\/div>\n\t\t\t\t\t<\/div>\n\t\t<\/section>\n\t\t\t\t<section class=\"elementor-section elementor-top-section elementor-element elementor-element-79f02980 elementor-section-boxed elementor-section-height-default elementor-section-height-default\" data-id=\"79f02980\" data-element_type=\"section\" data-e-type=\"section\" data-settings=\"{&quot;_ha_eqh_enable&quot;:false}\">\n\t\t\t\t\t\t<div class=\"elementor-container elementor-column-gap-default\">\n\t\t\t\t\t<div class=\"elementor-column elementor-col-50 elementor-top-column elementor-element elementor-element-17a2a5dd\" data-id=\"17a2a5dd\" data-element_type=\"column\" data-e-type=\"column\">\n\t\t\t<div class=\"elementor-widget-wrap elementor-element-populated\">\n\t\t\t\t\t\t<div class=\"elementor-element elementor-element-69821ebd elementor-widget elementor-widget-heading\" data-id=\"69821ebd\" data-element_type=\"widget\" data-e-type=\"widget\" data-widget_type=\"heading.default\">\n\t\t\t\t<div class=\"elementor-widget-container\">\n\t\t\t\t\t<h2 class=\"elementor-heading-title elementor-size-default\">M\u00e9todos de Ense\u00f1anza de Fred Astaire Dance Studios<\/h2>\t\t\t\t<\/div>\n\t\t\t\t<\/div>\n\t\t\t\t<div class=\"elementor-element elementor-element-22969928 elementor-widget elementor-widget-text-editor\" data-id=\"22969928\" data-element_type=\"widget\" data-e-type=\"widget\" data-widget_type=\"text-editor.default\">\n\t\t\t\t<div class=\"elementor-widget-container\">\n\t\t\t\t\t\t\t\t\t<p>Es un privilegio para nosotros llevar el nombre comercial \"Fred Astaire Dance Studios\", y estamos comprometidos a mantener la admirada reputaci\u00f3n de nuestro co-fundador, el Sr. Fred Astaire, en todo lo que hacemos. El ambiente c\u00e1lido, alegre y 100% sin prejuicios que descubrir\u00e1s en Fred Astaire Dance Studios Barcelona se debe a este compromiso - \u00a1y a que nuestros Alumnos tengan experiencias verdaderamente motivadoras y DIVERTIDAS mientras aprenden a bailar!<\/p>\t\t\t\t\t\t\t\t<\/div>\n\t\t\t\t<\/div>\n\t\t\t\t\t<\/div>\n\t\t<\/div>\n\t\t\t\t<div class=\"elementor-column elementor-col-50 elementor-top-column elementor-element elementor-element-2d139ec9 elementor-hidden-tablet elementor-hidden-mobile\" data-id=\"2d139ec9\" data-element_type=\"column\" data-e-type=\"column\">\n\t\t\t<div class=\"elementor-widget-wrap elementor-element-populated\">\n\t\t\t\t\t\t<div class=\"elementor-element elementor-element-3dc69318 elementor-widget elementor-widget-image\" data-id=\"3dc69318\" data-element_type=\"widget\" data-e-type=\"widget\" data-widget_type=\"image.default\">\n\t\t\t\t<div class=\"elementor-widget-container\">\n\t\t\t\t\t\t\t\t\t\t\t\t\t\t\t<img fetchpriority=\"high\" decoding=\"async\" width=\"270\" height=\"270\" src=\"https:\/\/www.fredastaire.com\/barcelona\/wp-content\/uploads\/sites\/520\/2023\/05\/fred-astaire-dance-studio7.jpg\" class=\"attachment-large size-large wp-image-7668\" alt=\"\" srcset=\"https:\/\/www.fredastaire.com\/barcelona\/wp-content\/uploads\/sites\/520\/2023\/05\/fred-astaire-dance-studio7.jpg 270w, https:\/\/www.fredastaire.com\/barcelona\/wp-content\/uploads\/sites\/520\/2023\/05\/fred-astaire-dance-studio7-150x150.jpg 150w\" sizes=\"(max-width: 270px) 100vw, 270px\" \/>\t\t\t\t\t\t\t\t\t\t\t\t\t\t\t<\/div>\n\t\t\t\t<\/div>\n\t\t\t\t\t<\/div>\n\t\t<\/div>\n\t\t\t\t\t<\/div>\n\t\t<\/section>\n\t\t\t\t<section class=\"elementor-section elementor-top-section elementor-element elementor-element-126d9898 elementor-section-boxed elementor-section-height-default elementor-section-height-default\" data-id=\"126d9898\" data-element_type=\"section\" data-e-type=\"section\" data-settings=\"{&quot;background_background&quot;:&quot;classic&quot;,&quot;_ha_eqh_enable&quot;:false}\">\n\t\t\t\t\t\t<div class=\"elementor-container elementor-column-gap-default\">\n\t\t\t\t\t<div class=\"elementor-column elementor-col-50 elementor-top-column elementor-element elementor-element-24e19a38 elementor-hidden-tablet elementor-hidden-mobile\" data-id=\"24e19a38\" data-element_type=\"column\" data-e-type=\"column\" data-settings=\"{&quot;background_background&quot;:&quot;classic&quot;}\">\n\t\t\t<div class=\"elementor-widget-wrap elementor-element-populated\">\n\t\t\t\t\t\t<div class=\"elementor-element elementor-element-7fd6121a elementor-widget elementor-widget-image\" data-id=\"7fd6121a\" data-element_type=\"widget\" data-e-type=\"widget\" data-widget_type=\"image.default\">\n\t\t\t\t<div class=\"elementor-widget-container\">\n\t\t\t\t\t\t\t\t\t\t\t\t\t\t\t<img decoding=\"async\" width=\"270\" height=\"270\" src=\"https:\/\/www.fredastaire.com\/barcelona\/wp-content\/uploads\/sites\/520\/2023\/05\/fred-astaire-dance-studio13.jpg\" class=\"attachment-large size-large wp-image-7669\" alt=\"\" srcset=\"https:\/\/www.fredastaire.com\/barcelona\/wp-content\/uploads\/sites\/520\/2023\/05\/fred-astaire-dance-studio13.jpg 270w, https:\/\/www.fredastaire.com\/barcelona\/wp-content\/uploads\/sites\/520\/2023\/05\/fred-astaire-dance-studio13-150x150.jpg 150w\" sizes=\"(max-width: 270px) 100vw, 270px\" \/>\t\t\t\t\t\t\t\t\t\t\t\t\t\t\t<\/div>\n\t\t\t\t<\/div>\n\t\t\t\t\t<\/div>\n\t\t<\/div>\n\t\t\t\t<div class=\"elementor-column elementor-col-50 elementor-top-column elementor-element elementor-element-7d1c72c6\" data-id=\"7d1c72c6\" data-element_type=\"column\" data-e-type=\"column\">\n\t\t\t<div class=\"elementor-widget-wrap elementor-element-populated\">\n\t\t\t\t\t\t<div class=\"elementor-element elementor-element-5a630548 elementor-widget elementor-widget-heading\" data-id=\"5a630548\" data-element_type=\"widget\" data-e-type=\"widget\" data-widget_type=\"heading.default\">\n\t\t\t\t<div class=\"elementor-widget-container\">\n\t\t\t\t\t<h2 class=\"elementor-heading-title elementor-size-default\">Curriculum de Fred Astaire Dance Studios<\/h2>\t\t\t\t<\/div>\n\t\t\t\t<\/div>\n\t\t\t\t<div class=\"elementor-element elementor-element-72992141 elementor-widget elementor-widget-text-editor\" data-id=\"72992141\" data-element_type=\"widget\" data-e-type=\"widget\" data-widget_type=\"text-editor.default\">\n\t\t\t\t<div class=\"elementor-widget-container\">\n\t\t\t\t\t\t\t\t\tInspirado originalmente en el magn\u00edfico estilo de baile de Fred Astaire, el programa de bailes de sal\u00f3n de Fred Astaire Dance Studios abarca toda la gama de estilos: Americano, Latinoamericano, Internacional, de Exhibici\u00f3n, de Artes Esc\u00e9nicas y mucho m\u00e1s. Campeones de renombre mundial y miembros registrados del Fred Astaire International Dance Council estudian y revisan continuamente nuestro programa para garantizar que solo se ofrezcan a nuestros Alumnos los m\u00e9todos m\u00e1s selectos y actualizados.\nNuestro exclusivo m\u00e9todo de ense\u00f1anza incluye un sistema de tres niveles compuesto por clases privadas programadas regularmente, clases en grupo y fiesta de baile y pr\u00e1ctica.\t\t\t\t\t\t\t\t<\/div>\n\t\t\t\t<\/div>\n\t\t\t\t\t<\/div>\n\t\t<\/div>\n\t\t\t\t\t<\/div>\n\t\t<\/section>\n\t\t\t\t<section class=\"elementor-section elementor-top-section elementor-element elementor-element-178ed908 elementor-section-boxed elementor-section-height-default elementor-section-height-default\" data-id=\"178ed908\" data-element_type=\"section\" data-e-type=\"section\" data-settings=\"{&quot;_ha_eqh_enable&quot;:false}\">\n\t\t\t\t\t\t<div class=\"elementor-container elementor-column-gap-default\">\n\t\t\t\t\t<div class=\"elementor-column elementor-col-50 elementor-top-column elementor-element elementor-element-1cf6dbee\" data-id=\"1cf6dbee\" data-element_type=\"column\" data-e-type=\"column\">\n\t\t\t<div class=\"elementor-widget-wrap elementor-element-populated\">\n\t\t\t\t\t\t<div class=\"elementor-element elementor-element-764421b8 elementor-widget elementor-widget-heading\" data-id=\"764421b8\" data-element_type=\"widget\" data-e-type=\"widget\" data-widget_type=\"heading.default\">\n\t\t\t\t<div class=\"elementor-widget-container\">\n\t\t\t\t\t<h2 class=\"elementor-heading-title elementor-size-default\">Clases Privadas\n<\/h2>\t\t\t\t<\/div>\n\t\t\t\t<\/div>\n\t\t\t\t<div class=\"elementor-element elementor-element-5fc8525 elementor-widget elementor-widget-text-editor\" data-id=\"5fc8525\" data-element_type=\"widget\" data-e-type=\"widget\" data-widget_type=\"text-editor.default\">\n\t\t\t\t<div class=\"elementor-widget-container\">\n\t\t\t\t\t\t\t\t\t<p>Las Clases Privadas, con uno o m\u00e1s profesores, te proporcionan la atenci\u00f3n especializada y personalizada para verte y sentirte seguro en la pista de baile, al tiempo que desarrollas la capacidad de dirigir o seguir a cualquier pareja. Nos movemos a tu ritmo, perfeccionando y puliendo tu baile todo el tiempo.<\/p>\t\t\t\t\t\t\t\t<\/div>\n\t\t\t\t<\/div>\n\t\t\t\t\t<\/div>\n\t\t<\/div>\n\t\t\t\t<div class=\"elementor-column elementor-col-50 elementor-top-column elementor-element elementor-element-5cbe7465 elementor-hidden-tablet elementor-hidden-mobile\" data-id=\"5cbe7465\" data-element_type=\"column\" data-e-type=\"column\">\n\t\t\t<div class=\"elementor-widget-wrap elementor-element-populated\">\n\t\t\t\t\t\t<div class=\"elementor-element elementor-element-5af37d3b elementor-widget elementor-widget-image\" data-id=\"5af37d3b\" data-element_type=\"widget\" data-e-type=\"widget\" data-widget_type=\"image.default\">\n\t\t\t\t<div class=\"elementor-widget-container\">\n\t\t\t\t\t\t\t\t\t\t\t\t\t\t\t<img decoding=\"async\" width=\"270\" height=\"270\" src=\"https:\/\/www.fredastaire.com\/barcelona\/wp-content\/uploads\/sites\/520\/2023\/05\/fred-astaire-dance-studio30.jpg\" class=\"attachment-large size-large wp-image-7670\" alt=\"\" srcset=\"https:\/\/www.fredastaire.com\/barcelona\/wp-content\/uploads\/sites\/520\/2023\/05\/fred-astaire-dance-studio30.jpg 270w, https:\/\/www.fredastaire.com\/barcelona\/wp-content\/uploads\/sites\/520\/2023\/05\/fred-astaire-dance-studio30-150x150.jpg 150w\" sizes=\"(max-width: 270px) 100vw, 270px\" \/>\t\t\t\t\t\t\t\t\t\t\t\t\t\t\t<\/div>\n\t\t\t\t<\/div>\n\t\t\t\t\t<\/div>\n\t\t<\/div>\n\t\t\t\t\t<\/div>\n\t\t<\/section>\n\t\t\t\t<section class=\"elementor-section elementor-top-section elementor-element elementor-element-36840301 elementor-section-boxed elementor-section-height-default elementor-section-height-default\" data-id=\"36840301\" data-element_type=\"section\" data-e-type=\"section\" data-settings=\"{&quot;background_background&quot;:&quot;classic&quot;,&quot;_ha_eqh_enable&quot;:false}\">\n\t\t\t\t\t\t<div class=\"elementor-container elementor-column-gap-default\">\n\t\t\t\t\t<div class=\"elementor-column elementor-col-100 elementor-top-column elementor-element elementor-element-6386774f\" data-id=\"6386774f\" data-element_type=\"column\" data-e-type=\"column\">\n\t\t\t<div class=\"elementor-widget-wrap elementor-element-populated\">\n\t\t\t\t\t\t<div class=\"elementor-element elementor-element-2e2d2b60 elementor-widget elementor-widget-heading\" data-id=\"2e2d2b60\" data-element_type=\"widget\" data-e-type=\"widget\" data-widget_type=\"heading.default\">\n\t\t\t\t<div class=\"elementor-widget-container\">\n\t\t\t\t\t<h2 class=\"elementor-heading-title elementor-size-default\">Clases en Grupo<\/h2>\t\t\t\t<\/div>\n\t\t\t\t<\/div>\n\t\t\t\t<div class=\"elementor-element elementor-element-2d5f2f11 elementor-widget elementor-widget-text-editor\" data-id=\"2d5f2f11\" data-element_type=\"widget\" data-e-type=\"widget\" data-widget_type=\"text-editor.default\">\n\t\t\t\t<div class=\"elementor-widget-container\">\n\t\t\t\t\t\t\t\t\tLas Clases en Grupo complementan las clases privadas, ya que es aqu\u00ed donde se aprenden los patrones, la t\u00e9cnica y el estilo. Las Clases en Grupo tambi\u00e9n te permiten conocer a otros Alumnos con objetivos similares, desarrollar el equilibrio y aprender la mec\u00e1nica del baile.\t\t\t\t\t\t\t\t<\/div>\n\t\t\t\t<\/div>\n\t\t\t\t<div class=\"elementor-element elementor-element-14e6bc81 elementor-widget elementor-widget-heading\" data-id=\"14e6bc81\" data-element_type=\"widget\" data-e-type=\"widget\" data-widget_type=\"heading.default\">\n\t\t\t\t<div class=\"elementor-widget-container\">\n\t\t\t\t\t<h2 class=\"elementor-heading-title elementor-size-default\">Fiestas de Baile y Pr\u00e1ctica\n<\/h2>\t\t\t\t<\/div>\n\t\t\t\t<\/div>\n\t\t\t\t<div class=\"elementor-element elementor-element-747f714d elementor-widget elementor-widget-text-editor\" data-id=\"747f714d\" data-element_type=\"widget\" data-e-type=\"widget\" data-widget_type=\"text-editor.default\">\n\t\t\t\t<div class=\"elementor-widget-container\">\n\t\t\t\t\t\t\t\t\t<p>Las Fiestas de Baile y Pr\u00e1ctica programadas regularmente completan la informaci\u00f3n aprendida en las clases privadas y en grupo. En las Fiestas de Baile y Pr\u00e1ctica de Fred Astaire Dance Studios Barcelona, bajamos las luces, subimos el volumen de la m\u00fasica y disfrutamos bailando con gente diferente en un ambiente social relajado. Las Fiestas de Baile y Pr\u00e1ctica te ayudan a \u2019ponerlo todo junto\u201c, te ayudan con la identificaci\u00f3n de la m\u00fasica, y te ayudan a aprender c\u00f3mo no chocar con otras personas en la pista. Las Fiestas de Baile y Pr\u00e1ctica son una forma estupenda (\u00a1y divertida!) de aplicar lo que est\u00e1s aprendiendo.<\/p>\t\t\t\t\t\t\t\t<\/div>\n\t\t\t\t<\/div>\n\t\t\t\t\t<\/div>\n\t\t<\/div>\n\t\t\t\t\t<\/div>\n\t\t<\/section>\n\t\t\t\t<section class=\"elementor-section elementor-top-section elementor-element elementor-element-619f3764 elementor-section-boxed elementor-section-height-default elementor-section-height-default\" data-id=\"619f3764\" data-element_type=\"section\" data-e-type=\"section\" data-settings=\"{&quot;background_background&quot;:&quot;classic&quot;,&quot;_ha_eqh_enable&quot;:false}\">\n\t\t\t\t\t\t\t<div class=\"elementor-background-overlay\"><\/div>\n\t\t\t\t\t\t\t<div class=\"elementor-container elementor-column-gap-default\">\n\t\t\t\t\t<div class=\"elementor-column elementor-col-100 elementor-top-column elementor-element elementor-element-5e7b5a7b\" data-id=\"5e7b5a7b\" data-element_type=\"column\" data-e-type=\"column\">\n\t\t\t<div class=\"elementor-widget-wrap elementor-element-populated\">\n\t\t\t\t\t\t<div class=\"elementor-element elementor-element-60e34d67 elementor-widget elementor-widget-heading\" data-id=\"60e34d67\" data-element_type=\"widget\" data-e-type=\"widget\" data-widget_type=\"heading.default\">\n\t\t\t\t<div class=\"elementor-widget-container\">\n\t\t\t\t\t<h2 class=\"elementor-heading-title elementor-size-default\">El Sistema de Trofeos Fred Astaire\n<\/h2>\t\t\t\t<\/div>\n\t\t\t\t<\/div>\n\t\t\t\t<div class=\"elementor-element elementor-element-749e9ba1 elementor-widget elementor-widget-text-editor\" data-id=\"749e9ba1\" data-element_type=\"widget\" data-e-type=\"widget\" data-widget_type=\"text-editor.default\">\n\t\t\t\t<div class=\"elementor-widget-container\">\n\t\t\t\t\t\t\t\t\t<p>El Sistema de Trofeos Fred Astaire Dance Studios te ofrece una manera f\u00e1cil de seguir tu progreso mientras disfrutas bailando. Nuestros Programas para Principiantes y de Nivel Intermedio ense\u00f1an a los Alumnos m\u00e1s nuevos los patrones de pasos y las t\u00e9cnicas para moverse c\u00f3modamente por la pista de baile. Desde este punto, los Alumnos pueden progresar al Programa Trofeo Bronce (\u00a1el m\u00e1s popular!), que permite bailar en pistas de cualquier tama\u00f1o, con cualquier m\u00fasica, con cualquier pareja, y sentirse c\u00f3modos y seguros. A partir de ah\u00ed, los Alumnos pueden continuar con el Programa Plata y llegar hasta el Oro.<\/p>\t\t\t\t\t\t\t\t<\/div>\n\t\t\t\t<\/div>\n\t\t\t\t<div class=\"elementor-element elementor-element-2436a82b elementor-widget elementor-widget-ha-creative-button happy-addon ha-creative-button\" data-id=\"2436a82b\" data-element_type=\"widget\" data-e-type=\"widget\" data-widget_type=\"ha-creative-button.default\">\n\t\t\t\t<div class=\"elementor-widget-container\">\n\t\t\t\t\t\t\t<div data-magnetic=\"no\" class=\"ha-creative-btn-wrap\">\n\t\t\t<a class=\"ha-creative-btn ha-stl--hermosa ha-eft--exploit\" href=\"\/barcelona\/es\/online-trophy-system\/\" rel=\"nofollow\"><span>Sistema de Trofeos Online<\/span><\/a>\n\t\t<\/div>\t\t\t\t<\/div>\n\t\t\t\t<\/div>\n\t\t\t\t\t<\/div>\n\t\t<\/div>\n\t\t\t\t\t<\/div>\n\t\t<\/section>\n\t\t\t\t<section class=\"elementor-section elementor-top-section elementor-element elementor-element-13da564a elementor-section-boxed elementor-section-height-default elementor-section-height-default\" data-id=\"13da564a\" data-element_type=\"section\" data-e-type=\"section\" data-settings=\"{&quot;_ha_eqh_enable&quot;:false}\">\n\t\t\t\t\t\t<div class=\"elementor-container elementor-column-gap-default\">\n\t\t\t\t\t<div class=\"elementor-column elementor-col-100 elementor-top-column elementor-element elementor-element-46ef0a86\" data-id=\"46ef0a86\" data-element_type=\"column\" data-e-type=\"column\">\n\t\t\t<div class=\"elementor-widget-wrap elementor-element-populated\">\n\t\t\t\t\t\t<div class=\"elementor-element elementor-element-6a511045 elementor-widget elementor-widget-text-editor\" data-id=\"6a511045\" data-element_type=\"widget\" data-e-type=\"widget\" data-widget_type=\"text-editor.default\">\n\t\t\t\t<div class=\"elementor-widget-container\">\n\t\t\t\t\t\t\t\t\t<p>El baile social es uno de los pasatiempos m\u00e1s populares del mundo, disfrutado en todos los pa\u00edses y por personas de todas las edades. En el arte de conocer y llevarse bien con la gente, el baile es una aut\u00e9ntica ventaja social. La buena noticia es que, dado que el baile es una forma natural de autoexpresi\u00f3n humana, \u00a1toda persona es un bailar\u00edn en potencia! En Fred Astaire Dance Studios Barcelona, descubrir\u00e1s que aprender a bailar, (como el baile en s\u00ed), est\u00e1 lleno de alegr\u00eda y una sensaci\u00f3n de logro. A medida que empieces a dominar este arte atemporal, te dar\u00e1s cuenta de los innumerables beneficios sociales, f\u00edsicos, emocionales y est\u00e9ticos del baile. Tanto si eres principiante como si ya tienes experiencia en bailes de sal\u00f3n, nuestro personal har\u00e1 todo lo posible para sacar el bailar\u00edn que llevas dentro y ayudarte a conseguir tus objetivos. Y te divertir\u00e1s tanto en el camino, que sabemos que querr\u00e1s seguir viniendo. Contacta con nosotros hoy mismo, \u00a1empecemos!<\/p>\t\t\t\t\t\t\t\t<\/div>\n\t\t\t\t<\/div>\n\t\t\t\t\t<\/div>\n\t\t<\/div>\n\t\t\t\t\t<\/div>\n\t\t<\/section>\n\t\t\t\t<\/div>","protected":false},"excerpt":{"rendered":"<p>Teaching Methods Fred Astaire Dance Studios\u2019 Teaching Methods It is our privilege to carry the trade name Fred Astaire Dance Studios, and we are committed to upholding the admired reputation of our co-founder, Mr. Fred Astaire, in everything we do. The warm, joyful, and 100% nonjudgmental atmosphere you\u2019ll discover at Fred Astaire Dance Studios &#8211; [&hellip;]<\/p>\n","protected":false},"author":313,"featured_media":0,"parent":0,"menu_order":0,"comment_status":"closed","ping_status":"closed","template":"","meta":{"_acf_changed":false,"footnotes":""},"class_list":["post-7814","page","type-page","status-publish","hentry"],"acf":[],"_links":{"self":[{"href":"https:\/\/www.fredastaire.com\/barcelona\/es\/wp-json\/wp\/v2\/pages\/7814","targetHints":{"allow":["GET"]}}],"collection":[{"href":"https:\/\/www.fredastaire.com\/barcelona\/es\/wp-json\/wp\/v2\/pages"}],"about":[{"href":"https:\/\/www.fredastaire.com\/barcelona\/es\/wp-json\/wp\/v2\/types\/page"}],"author":[{"embeddable":true,"href":"https:\/\/www.fredastaire.com\/barcelona\/es\/wp-json\/wp\/v2\/users\/313"}],"replies":[{"embeddable":true,"href":"https:\/\/www.fredastaire.com\/barcelona\/es\/wp-json\/wp\/v2\/comments?post=7814"}],"version-history":[{"count":0,"href":"https:\/\/www.fredastaire.com\/barcelona\/es\/wp-json\/wp\/v2\/pages\/7814\/revisions"}],"wp:attachment":[{"href":"https:\/\/www.fredastaire.com\/barcelona\/es\/wp-json\/wp\/v2\/media?parent=7814"}],"curies":[{"name":"wp","href":"https:\/\/api.w.org\/{rel}","templated":true}]}}