{"id":7911,"date":"2024-08-28T11:01:26","date_gmt":"2024-08-28T15:01:26","guid":{"rendered":"https:\/\/www.fredastaire.com\/barcelona\/?page_id=7911"},"modified":"2024-08-28T11:01:57","modified_gmt":"2024-08-28T15:01:57","slug":"privacy-policy","status":"publish","type":"page","link":"https:\/\/www.fredastaire.com\/barcelona\/es\/privacy-policy\/","title":{"rendered":"Pol\u00edtica de Privacidad"},"content":{"rendered":"<div data-elementor-type=\"wp-page\" data-elementor-id=\"7911\" class=\"elementor elementor-7911\" data-elementor-settings=\"{&quot;ha_cmc_init_switcher&quot;:&quot;no&quot;}\" data-elementor-post-type=\"page\">\n\t\t\t\t\t\t<section class=\"elementor-section elementor-top-section elementor-element elementor-element-33e1626f elementor-section-height-min-height elementor-section-boxed elementor-section-height-default elementor-section-items-middle\" data-id=\"33e1626f\" data-element_type=\"section\" data-e-type=\"section\" data-settings=\"{&quot;background_background&quot;:&quot;classic&quot;,&quot;_ha_eqh_enable&quot;:false}\">\n\t\t\t\t\t\t\t<div class=\"elementor-background-overlay\"><\/div>\n\t\t\t\t\t\t\t<div class=\"elementor-container elementor-column-gap-default\">\n\t\t\t\t\t<div class=\"elementor-column elementor-col-100 elementor-top-column elementor-element elementor-element-1be82da3\" data-id=\"1be82da3\" data-element_type=\"column\" data-e-type=\"column\">\n\t\t\t<div class=\"elementor-widget-wrap elementor-element-populated\">\n\t\t\t\t\t\t<div class=\"elementor-element elementor-element-5647ebff elementor-widget elementor-widget-heading\" data-id=\"5647ebff\" data-element_type=\"widget\" data-e-type=\"widget\" data-widget_type=\"heading.default\">\n\t\t\t\t<div class=\"elementor-widget-container\">\n\t\t\t\t\t<h1 class=\"elementor-heading-title elementor-size-default\">Pol\u00edtica de Privacidad<\/h1>\t\t\t\t<\/div>\n\t\t\t\t<\/div>\n\t\t\t\t\t<\/div>\n\t\t<\/div>\n\t\t\t\t\t<\/div>\n\t\t<\/section>\n\t\t\t\t<section class=\"elementor-section elementor-top-section elementor-element elementor-element-3a4432d6 elementor-section-boxed elementor-section-height-default elementor-section-height-default\" data-id=\"3a4432d6\" data-element_type=\"section\" data-e-type=\"section\" data-settings=\"{&quot;background_background&quot;:&quot;classic&quot;,&quot;_ha_eqh_enable&quot;:false}\">\n\t\t\t\t\t\t<div class=\"elementor-container elementor-column-gap-default\">\n\t\t\t\t\t<div class=\"elementor-column elementor-col-100 elementor-top-column elementor-element elementor-element-610ee189\" data-id=\"610ee189\" data-element_type=\"column\" data-e-type=\"column\">\n\t\t\t<div class=\"elementor-widget-wrap elementor-element-populated\">\n\t\t\t\t\t\t<div class=\"elementor-element elementor-element-3b499f24 elementor-widget elementor-widget-heading\" data-id=\"3b499f24\" data-element_type=\"widget\" data-e-type=\"widget\" data-widget_type=\"heading.default\">\n\t\t\t\t<div class=\"elementor-widget-container\">\n\t\t\t\t\t<h2 class=\"elementor-heading-title elementor-size-default\">Pol\u00edtica de privacidad de Fredastaire.com<\/h2>\t\t\t\t<\/div>\n\t\t\t\t<\/div>\n\t\t\t\t<div class=\"elementor-element elementor-element-8f90104 elementor-widget elementor-widget-text-editor\" data-id=\"8f90104\" data-element_type=\"widget\" data-e-type=\"widget\" data-widget_type=\"text-editor.default\">\n\t\t\t\t<div class=\"elementor-widget-container\">\n\t\t\t\t\t\t\t\t\t<p>Su privacidad es muy importante para nosotros. En consecuencia, hemos elaborado esta Pol\u00edtica para que comprenda c\u00f3mo recogemos, utilizamos, comunicamos y divulgamos y hacemos uso de la informaci\u00f3n personal. A continuaci\u00f3n se expone nuestra pol\u00edtica de privacidad.<\/p><ul><li>Antes o en el momento de recopilar informaci\u00f3n personal, identificaremos los fines para los que se recopila la informaci\u00f3n.<\/li><li>Recopilaremos y utilizaremos la informaci\u00f3n personal \u00fanicamente con el objetivo de cumplir los fines especificados por nosotros y para otros fines compatibles, a menos que obtengamos el consentimiento de la persona en cuesti\u00f3n o seg\u00fan lo exija la ley.<\/li><li>S\u00f3lo conservaremos la informaci\u00f3n personal durante el tiempo necesario para el cumplimiento de dichos fines.<\/li><li>Recopilaremos informaci\u00f3n personal por medios legales y justos y, cuando proceda, con el conocimiento o consentimiento de la persona afectada.<\/li><li>Los datos personales deben ser pertinentes para los fines para los que se van a utilizar y, en la medida necesaria para dichos fines, deben ser exactos, completos y actualizados.<\/li><li>Protegeremos la informaci\u00f3n personal mediante medidas de seguridad razonables contra p\u00e9rdidas o robos, as\u00ed como contra el acceso, la divulgaci\u00f3n, la copia, el uso o la modificaci\u00f3n no autorizados.<\/li><li>Pondremos a disposici\u00f3n de los clientes informaci\u00f3n sobre nuestras pol\u00edticas y pr\u00e1cticas relativas a la gesti\u00f3n de la informaci\u00f3n personal.<\/li><li><strong>La informaci\u00f3n de los m\u00f3viles no se vender\u00e1 a terceros con fines de marketing o promociones de terceros.<\/strong><\/li><li><strong>Este sitio est\u00e1 protegido por reCAPTCHA y por la pol\u00edtica de privacidad de Google. <a href=\"https:\/\/policies.google.com\/privacy\" target=\"_blank\" rel=\"noopener\">Pol\u00edtica de Privacidad<\/a> y <a href=\"https:\/\/policies.google.com\/terms\" target=\"_blank\" rel=\"noopener\">T\u00e9rminos y Condiciones<\/a> aplicar.<\/strong><\/li><\/ul><p><br \/>Nos comprometemos a desarrollar nuestra actividad de acuerdo con estos principios para garantizar la protecci\u00f3n y el mantenimiento de la confidencialidad de la informaci\u00f3n personal.<\/p>\t\t\t\t\t\t\t\t<\/div>\n\t\t\t\t<\/div>\n\t\t\t\t\t<\/div>\n\t\t<\/div>\n\t\t\t\t\t<\/div>\n\t\t<\/section>\n\t\t\t\t<\/div>","protected":false},"excerpt":{"rendered":"<p>Privacy Policy Fredastaire.com Privacy Policy Your privacy is very important to us. Accordingly, we have developed this Policy in order for you to understand how we collect, use, communicate and disclose and make use of personal information. The following outlines our privacy policy. Before or at the time of collecting personal information, we will identify [&hellip;]<\/p>\n","protected":false},"author":313,"featured_media":0,"parent":0,"menu_order":0,"comment_status":"closed","ping_status":"closed","template":"","meta":{"_acf_changed":false,"footnotes":""},"class_list":["post-7911","page","type-page","status-publish","hentry"],"acf":[],"_links":{"self":[{"href":"https:\/\/www.fredastaire.com\/barcelona\/es\/wp-json\/wp\/v2\/pages\/7911","targetHints":{"allow":["GET"]}}],"collection":[{"href":"https:\/\/www.fredastaire.com\/barcelona\/es\/wp-json\/wp\/v2\/pages"}],"about":[{"href":"https:\/\/www.fredastaire.com\/barcelona\/es\/wp-json\/wp\/v2\/types\/page"}],"author":[{"embeddable":true,"href":"https:\/\/www.fredastaire.com\/barcelona\/es\/wp-json\/wp\/v2\/users\/313"}],"replies":[{"embeddable":true,"href":"https:\/\/www.fredastaire.com\/barcelona\/es\/wp-json\/wp\/v2\/comments?post=7911"}],"version-history":[{"count":0,"href":"https:\/\/www.fredastaire.com\/barcelona\/es\/wp-json\/wp\/v2\/pages\/7911\/revisions"}],"wp:attachment":[{"href":"https:\/\/www.fredastaire.com\/barcelona\/es\/wp-json\/wp\/v2\/media?parent=7911"}],"curies":[{"name":"wp","href":"https:\/\/api.w.org\/{rel}","templated":true}]}}