{"id":5509,"date":"2019-01-11T04:36:40","date_gmt":"2019-01-11T09:36:40","guid":{"rendered":"http:\/\/fredastairedan.wpengine.com\/default\/?page_id=5509"},"modified":"2024-03-06T20:11:29","modified_gmt":"2024-03-06T19:11:29","slug":"about-us","status":"publish","type":"page","link":"https:\/\/www.fredastaire.com\/brescia\/about","title":{"rendered":"Cosa Rende i Fred Astaire Dance Studios Speciali?"},"content":{"rendered":"\t\t<div data-elementor-type=\"wp-page\" data-elementor-id=\"5509\" class=\"elementor elementor-5509\" data-elementor-settings=\"{&quot;ha_cmc_init_switcher&quot;:&quot;no&quot;}\" data-elementor-post-type=\"page\">\n\t\t\t\t\t\t<section class=\"elementor-section elementor-top-section elementor-element elementor-element-7a4ac7ac elementor-section-height-min-height elementor-section-boxed elementor-section-height-default elementor-section-items-middle\" data-id=\"7a4ac7ac\" data-element_type=\"section\" data-e-type=\"section\" data-settings=\"{&quot;background_background&quot;:&quot;classic&quot;,&quot;_ha_eqh_enable&quot;:false}\">\n\t\t\t\t\t\t\t<div class=\"elementor-background-overlay\"><\/div>\n\t\t\t\t\t\t\t<div class=\"elementor-container elementor-column-gap-default\">\n\t\t\t\t\t<div class=\"elementor-column elementor-col-100 elementor-top-column elementor-element elementor-element-560c30af\" data-id=\"560c30af\" data-element_type=\"column\" data-e-type=\"column\">\n\t\t\t<div class=\"elementor-widget-wrap elementor-element-populated\">\n\t\t\t\t\t\t<div class=\"elementor-element elementor-element-2a02a02e elementor-widget elementor-widget-heading\" data-id=\"2a02a02e\" data-element_type=\"widget\" data-e-type=\"widget\" data-widget_type=\"heading.default\">\n\t\t\t\t<div class=\"elementor-widget-container\">\n\t\t\t\t\t<h1 class=\"elementor-heading-title elementor-size-default\">Perch\u00e8 dovresti Ballare con Noi?<\/h1>\t\t\t\t<\/div>\n\t\t\t\t<\/div>\n\t\t\t\t\t<\/div>\n\t\t<\/div>\n\t\t\t\t\t<\/div>\n\t\t<\/section>\n\t\t\t\t<section class=\"elementor-section elementor-top-section elementor-element elementor-element-7c474520 elementor-section-boxed elementor-section-height-default elementor-section-height-default\" data-id=\"7c474520\" data-element_type=\"section\" data-e-type=\"section\" data-settings=\"{&quot;_ha_eqh_enable&quot;:false}\">\n\t\t\t\t\t\t<div class=\"elementor-container elementor-column-gap-default\">\n\t\t\t\t\t<div class=\"elementor-column elementor-col-50 elementor-top-column elementor-element elementor-element-4f67c4af\" data-id=\"4f67c4af\" data-element_type=\"column\" data-e-type=\"column\">\n\t\t\t<div class=\"elementor-widget-wrap elementor-element-populated\">\n\t\t\t\t\t\t<div class=\"elementor-element elementor-element-28274b4e elementor-widget elementor-widget-heading\" data-id=\"28274b4e\" data-element_type=\"widget\" data-e-type=\"widget\" data-widget_type=\"heading.default\">\n\t\t\t\t<div class=\"elementor-widget-container\">\n\t\t\t\t\t<h2 class=\"elementor-heading-title elementor-size-default\">Cosa Rende i Fred Astaire Dance Studios Speciali?<\/h2>\t\t\t\t<\/div>\n\t\t\t\t<\/div>\n\t\t\t\t<div class=\"elementor-element elementor-element-24cdc06 elementor-widget elementor-widget-text-editor\" data-id=\"24cdc06\" data-element_type=\"widget\" data-e-type=\"widget\" data-widget_type=\"text-editor.default\">\n\t\t\t\t<div class=\"elementor-widget-container\">\n\t\t\t\t\t\t\t\t\t<p>Dalle lezioni di ballo per gli Sposi, a un nuovo hobby o modo di entrare in contatto con il tuo partner, migliorando la tua vita sociale, la salute fisica ed emotiva o portando le tue abilit\u00e0 di ballo al livello successivo, ballare con Fred Astaire Dance Studios si tradurr\u00e0 in un apprendimento pi\u00f9 veloce, livelli pi\u00f9 alti di soddisfazione \u2013 e tanti sorrisi. Allora, perch\u00e9 dovresti scegliere Fred Astaire Dance Studios?<\/p>\t\t\t\t\t\t\t\t<\/div>\n\t\t\t\t<\/div>\n\t\t\t\t\t<\/div>\n\t\t<\/div>\n\t\t\t\t<div class=\"elementor-column elementor-col-50 elementor-top-column elementor-element elementor-element-5ca38581 elementor-hidden-tablet elementor-hidden-mobile\" data-id=\"5ca38581\" data-element_type=\"column\" data-e-type=\"column\">\n\t\t\t<div class=\"elementor-widget-wrap elementor-element-populated\">\n\t\t\t\t\t\t<div class=\"elementor-element elementor-element-56902eaf elementor-widget elementor-widget-image\" data-id=\"56902eaf\" data-element_type=\"widget\" data-e-type=\"widget\" data-widget_type=\"image.default\">\n\t\t\t\t<div class=\"elementor-widget-container\">\n\t\t\t\t\t\t\t\t\t\t\t\t\t\t\t<img fetchpriority=\"high\" decoding=\"async\" width=\"270\" height=\"270\" src=\"https:\/\/www.fredastaire.com\/brescia\/wp-content\/uploads\/sites\/353\/2024\/03\/fred-astaire-dance-studio2.jpg\" class=\"attachment-large size-large wp-image-8117\" alt=\"\" srcset=\"https:\/\/www.fredastaire.com\/brescia\/wp-content\/uploads\/sites\/353\/2024\/03\/fred-astaire-dance-studio2.jpg 270w, https:\/\/www.fredastaire.com\/brescia\/wp-content\/uploads\/sites\/353\/2024\/03\/fred-astaire-dance-studio2-150x150.jpg 150w\" sizes=\"(max-width: 270px) 100vw, 270px\" \/>\t\t\t\t\t\t\t\t\t\t\t\t\t\t\t<\/div>\n\t\t\t\t<\/div>\n\t\t\t\t\t<\/div>\n\t\t<\/div>\n\t\t\t\t\t<\/div>\n\t\t<\/section>\n\t\t\t\t<section class=\"elementor-section elementor-top-section elementor-element elementor-element-258327a3 elementor-section-boxed elementor-section-height-default elementor-section-height-default\" data-id=\"258327a3\" data-element_type=\"section\" data-e-type=\"section\" data-settings=\"{&quot;background_background&quot;:&quot;classic&quot;,&quot;_ha_eqh_enable&quot;:false}\">\n\t\t\t\t\t\t<div class=\"elementor-container elementor-column-gap-default\">\n\t\t\t\t\t<div class=\"elementor-column elementor-col-50 elementor-top-column elementor-element elementor-element-193b5731 elementor-hidden-tablet elementor-hidden-mobile\" data-id=\"193b5731\" data-element_type=\"column\" data-e-type=\"column\">\n\t\t\t<div class=\"elementor-widget-wrap elementor-element-populated\">\n\t\t\t\t\t\t<div class=\"elementor-element elementor-element-16efc687 elementor-widget elementor-widget-image\" data-id=\"16efc687\" data-element_type=\"widget\" data-e-type=\"widget\" data-widget_type=\"image.default\">\n\t\t\t\t<div class=\"elementor-widget-container\">\n\t\t\t\t\t\t\t\t\t\t\t\t\t\t\t<img decoding=\"async\" width=\"270\" height=\"270\" src=\"https:\/\/www.fredastaire.com\/brescia\/wp-content\/uploads\/sites\/353\/2024\/03\/fred-astaire-dance-studio14.jpg\" class=\"attachment-large size-large wp-image-8118\" alt=\"\" srcset=\"https:\/\/www.fredastaire.com\/brescia\/wp-content\/uploads\/sites\/353\/2024\/03\/fred-astaire-dance-studio14.jpg 270w, https:\/\/www.fredastaire.com\/brescia\/wp-content\/uploads\/sites\/353\/2024\/03\/fred-astaire-dance-studio14-150x150.jpg 150w\" sizes=\"(max-width: 270px) 100vw, 270px\" \/>\t\t\t\t\t\t\t\t\t\t\t\t\t\t\t<\/div>\n\t\t\t\t<\/div>\n\t\t\t\t\t<\/div>\n\t\t<\/div>\n\t\t\t\t<div class=\"elementor-column elementor-col-50 elementor-top-column elementor-element elementor-element-46a1d7f1\" data-id=\"46a1d7f1\" data-element_type=\"column\" data-e-type=\"column\">\n\t\t\t<div class=\"elementor-widget-wrap elementor-element-populated\">\n\t\t\t\t\t\t<div class=\"elementor-element elementor-element-2895f57c elementor-widget elementor-widget-text-editor\" data-id=\"2895f57c\" data-element_type=\"widget\" data-e-type=\"widget\" data-widget_type=\"text-editor.default\">\n\t\t\t\t<div class=\"elementor-widget-container\">\n\t\t\t\t\t\t\t\t\t<p><strong>Perch\u00e9 un\u2019atmosfera di gentilezza, calore e ispirazione ti aspetta in ogni Fred Astaire Dance Studio!<\/strong><br role=\"presentation\" data-uw-rm-sr=\"\" \/>\u00c8 ci\u00f2 che i nostri allievi ci dicono di notare dal primo momento in cui entrano: un\u2019energia amichevole e un senso di \u201ccomunit\u00e0 FADS\u201d che \u00e8 accogliente, non giudicante al 100% e veramente gioiosa! La nostra passione sta aiutando ad arricchire la vita \u2013 fisicamente, mentalmente, emotivamente e socialmente \u2013 attraverso il potere positivo e trasformante del ballo.<\/p><p><strong>Perch\u00e9 le lezioni di ballo sono sempre DIVERTENTI!<\/strong><br \/>La filosofia di insegnamento in ogni Fred Astaire Dance Studios \u00e8 semplice e diretta: imparare a ballare \u00e8 sempre divertente! Lavoriamo con allievi di tutte le et\u00e0 e livello e la nostra atmosfera amichevole e stimolante ti aiuter\u00e0 a trasformare in realt\u00e0 il tuo viaggio nel ballo. Ci sono migliaia di motivi per cui le persone iniziano le lezioni di ballo e una volta che ti mostreremo quanto pu\u00f2 essere divertente il ballo, sappiamo che vorrai continuare a tornare! start dance lessons \u2013 and once we show you how much fun ballroom dancing can be, we know you\u2019ll want to keep coming back!<\/p>\t\t\t\t\t\t\t\t<\/div>\n\t\t\t\t<\/div>\n\t\t\t\t\t<\/div>\n\t\t<\/div>\n\t\t\t\t\t<\/div>\n\t\t<\/section>\n\t\t\t\t<section class=\"elementor-section elementor-top-section elementor-element elementor-element-40d05041 elementor-section-boxed elementor-section-height-default elementor-section-height-default\" data-id=\"40d05041\" data-element_type=\"section\" data-e-type=\"section\" data-settings=\"{&quot;_ha_eqh_enable&quot;:false}\">\n\t\t\t\t\t\t<div class=\"elementor-container elementor-column-gap-default\">\n\t\t\t\t\t<div class=\"elementor-column elementor-col-50 elementor-top-column elementor-element elementor-element-6f17f7c3\" data-id=\"6f17f7c3\" data-element_type=\"column\" data-e-type=\"column\">\n\t\t\t<div class=\"elementor-widget-wrap elementor-element-populated\">\n\t\t\t\t\t\t<div class=\"elementor-element elementor-element-cda2163 elementor-widget elementor-widget-text-editor\" data-id=\"cda2163\" data-element_type=\"widget\" data-e-type=\"widget\" data-widget_type=\"text-editor.default\">\n\t\t\t\t<div class=\"elementor-widget-container\">\n\t\t\t\t\t\t\t\t\t<p><strong>Perch\u00e9 il Ballo ha tanti Benefici!<\/strong><br role=\"presentation\" data-uw-rm-sr=\"\" \/>Il ballo \u00e8 una combinazione perfetta di attivit\u00e0 fisica, interazione sociale e stimolazione mentale e pu\u00f2 portare molto alla tua vita. \u00c8 un ottimo allenamento; ha documentati benefici per la salute fisica e mentale; pu\u00f2 migliorare la tua vita sociale e la fiducia in te stesso; riduce lo stress e la depressione; favorisce il rilassamento; \u00e8 uno sbocco meraviglioso per l\u2019espressione personale e la creativit\u00e0; ed \u00e8 DIVERTENTE!! Con tutti questi motivi per iniziare a ballare, ti sfidiamo a trovare una buona ragione per NON farlo.<br \/><strong>Perch\u00e9 i nostri programmi di ballo ti aiutano a imparare pi\u00f9 velocemente e a ottenere di pi\u00f9!<\/strong><br role=\"presentation\" data-uw-rm-sr=\"\" \/>Il collaudato programma di lezioni private, lezioni di gruppo e practice parties dei Fred Astaire Dance Studios ti assicura di imparare il pi\u00f9 possibile, nel minor tempo possibile, con la massima resa e il massimo DIVERTIMENTO. Infatti, sarai sulla buona strada per ballare con sicurezza entro la fine della tua prima lezione! Il nostro repertorio copre l\u2019intera gamma di balli: americani, latini, in stile internazionale, in stile da sala, persino esibizioni e danze teatrali, sia per ballerini sociali che competitivi.<\/p>\t\t\t\t\t\t\t\t<\/div>\n\t\t\t\t<\/div>\n\t\t\t\t\t<\/div>\n\t\t<\/div>\n\t\t\t\t<div class=\"elementor-column elementor-col-50 elementor-top-column elementor-element elementor-element-25684c9e elementor-hidden-tablet elementor-hidden-mobile\" data-id=\"25684c9e\" data-element_type=\"column\" data-e-type=\"column\">\n\t\t\t<div class=\"elementor-widget-wrap elementor-element-populated\">\n\t\t\t\t\t\t<div class=\"elementor-element elementor-element-41b49f3a elementor-widget elementor-widget-image\" data-id=\"41b49f3a\" data-element_type=\"widget\" data-e-type=\"widget\" data-widget_type=\"image.default\">\n\t\t\t\t<div class=\"elementor-widget-container\">\n\t\t\t\t\t\t\t\t\t\t\t\t\t\t\t<img decoding=\"async\" width=\"270\" height=\"270\" src=\"https:\/\/www.fredastaire.com\/brescia\/wp-content\/uploads\/sites\/353\/2024\/03\/fred-astaire-dance-studio23.jpg\" class=\"attachment-large size-large wp-image-8119\" alt=\"\" srcset=\"https:\/\/www.fredastaire.com\/brescia\/wp-content\/uploads\/sites\/353\/2024\/03\/fred-astaire-dance-studio23.jpg 270w, https:\/\/www.fredastaire.com\/brescia\/wp-content\/uploads\/sites\/353\/2024\/03\/fred-astaire-dance-studio23-150x150.jpg 150w\" sizes=\"(max-width: 270px) 100vw, 270px\" \/>\t\t\t\t\t\t\t\t\t\t\t\t\t\t\t<\/div>\n\t\t\t\t<\/div>\n\t\t\t\t\t<\/div>\n\t\t<\/div>\n\t\t\t\t\t<\/div>\n\t\t<\/section>\n\t\t\t\t<section class=\"elementor-section elementor-top-section elementor-element elementor-element-1e34f048 elementor-section-boxed elementor-section-height-default elementor-section-height-default\" data-id=\"1e34f048\" data-element_type=\"section\" data-e-type=\"section\" data-settings=\"{&quot;background_background&quot;:&quot;classic&quot;,&quot;_ha_eqh_enable&quot;:false}\">\n\t\t\t\t\t\t<div class=\"elementor-container elementor-column-gap-default\">\n\t\t\t\t\t<div class=\"elementor-column elementor-col-100 elementor-top-column elementor-element elementor-element-86ee45\" data-id=\"86ee45\" data-element_type=\"column\" data-e-type=\"column\">\n\t\t\t<div class=\"elementor-widget-wrap elementor-element-populated\">\n\t\t\t\t\t\t<div class=\"elementor-element elementor-element-63f955c7 elementor-widget elementor-widget-text-editor\" data-id=\"63f955c7\" data-element_type=\"widget\" data-e-type=\"widget\" data-widget_type=\"text-editor.default\">\n\t\t\t\t<div class=\"elementor-widget-container\">\n\t\t\t\t\t\t\t\t\t<p><strong>Grazie ai nostri talentuosi e professionisti insegnanti di ballo!<\/strong><br role=\"presentation\" data-uw-rm-sr=\"\" \/>Gli insegnanti di Fred Astaire Dance Studio sono insegnanti di ballo dotati che provengono da tutto il mondo e amano davvero quello che fanno. Molti hanno una laurea in Belle Arti e sono ballerini professionisti pluripremiati e attivamente in competizione. I nostri insegnanti di ballo completano tutti il rigoroso lavoro richiesto per ottenere la certificazione nel curriculum Fred Astaire, che presenta gli elementi costitutivi del ballo in coppia nel modo in cui le persone imparano naturalmente. Il nostro curriculum di ballo, insieme all\u2019ascolto, all\u2019energia e alla gentilezza dei nostri insegnanti, ti aiuter\u00e0 a ottenere il massimo dalle tue lezioni di ballo.<\/p><p><strong>Grazie ai nostri emozionanti eventi e gare di ballo!<\/strong><br \/>I Fred Astaire Dance Studios offrono una variet\u00e0 di divertenti eventi locali per rendere la tua esperienza di ballo emozionante e gratificante. Guest Party, Showcase, Spotlights, eventi diBeneficenza, sessioni di coaching speciali e uscite di gruppo fuori incoraggiano l\u2019interazione sociale e ti aiutano ad applicare ci\u00f2 che stai imparando. E le nostre competizioni di ballo Pro-Am e Professionali regionali, nazionali e internazionali ti offrono opportunit\u00e0 stimolanti per competere, viaggiare e affinare le tue abilit\u00e0 di ballo in ambienti stimolanti ed eccitanti.<\/p>\t\t\t\t\t\t\t\t<\/div>\n\t\t\t\t<\/div>\n\t\t\t\t<div class=\"elementor-element elementor-element-603d829 elementor-widget elementor-widget-text-editor\" data-id=\"603d829\" data-element_type=\"widget\" data-e-type=\"widget\" data-widget_type=\"text-editor.default\">\n\t\t\t\t<div class=\"elementor-widget-container\">\n\t\t\t\t\t\t\t\t\t<p><strong>Grazie alla nostra Offerta Introduttiva per nuovi Allievi!<br \/><\/strong>Approfitta della nostra offerta introduttiva solo per i nuovi allievi e fai il primo passo verso la realizzazione dei tuoi obiettivi di ballo. Invia semplicemente il modulo informativo su questo sito Web e ti contatteremo con dettagli interessanti sulle opzioni del nostro programma e un\u2019offerta speciale solo per i nuovi allievi (che sicuramente ti far\u00e0 ballare!). Fermati e condividi con noi i tuoi obiettivi di ballo e ti aiuteremo ad arrivarci!<\/p><p>Non vediamo l\u2019ora di vederti presto sulla pista da ballo.<\/p>\t\t\t\t\t\t\t\t<\/div>\n\t\t\t\t<\/div>\n\t\t\t\t\t<\/div>\n\t\t<\/div>\n\t\t\t\t\t<\/div>\n\t\t<\/section>\n\t\t\t\t<\/div>\n\t\t","protected":false},"excerpt":{"rendered":"<p>Perch\u00e8 dovresti Ballare con Noi? Cosa Rende i Fred Astaire Dance Studios Speciali? Dalle lezioni di ballo per gli Sposi, a un nuovo hobby o modo di entrare in contatto con il tuo partner, migliorando la tua vita sociale, la salute fisica ed emotiva o portando le tue abilit\u00e0 di ballo al livello successivo, ballare [&hellip;]<\/p>\n","protected":false},"author":126,"featured_media":0,"parent":0,"menu_order":0,"comment_status":"closed","ping_status":"closed","template":"","meta":{"_acf_changed":false,"footnotes":""},"class_list":["post-5509","page","type-page","status-publish","hentry"],"acf":[],"_links":{"self":[{"href":"https:\/\/www.fredastaire.com\/brescia\/wp-json\/wp\/v2\/pages\/5509","targetHints":{"allow":["GET"]}}],"collection":[{"href":"https:\/\/www.fredastaire.com\/brescia\/wp-json\/wp\/v2\/pages"}],"about":[{"href":"https:\/\/www.fredastaire.com\/brescia\/wp-json\/wp\/v2\/types\/page"}],"author":[{"embeddable":true,"href":"https:\/\/www.fredastaire.com\/brescia\/wp-json\/wp\/v2\/users\/126"}],"replies":[{"embeddable":true,"href":"https:\/\/www.fredastaire.com\/brescia\/wp-json\/wp\/v2\/comments?post=5509"}],"version-history":[{"count":0,"href":"https:\/\/www.fredastaire.com\/brescia\/wp-json\/wp\/v2\/pages\/5509\/revisions"}],"wp:attachment":[{"href":"https:\/\/www.fredastaire.com\/brescia\/wp-json\/wp\/v2\/media?parent=5509"}],"curies":[{"name":"wp","href":"https:\/\/api.w.org\/{rel}","templated":true}]}}