{"id":5759,"date":"2019-03-28T07:12:09","date_gmt":"2019-03-28T11:12:09","guid":{"rendered":"https:\/\/www.fredastaire.com\/brescia\/?page_id=5759"},"modified":"2024-03-06T19:40:10","modified_gmt":"2024-03-06T18:40:10","slug":"argentine-tango","status":"publish","type":"page","link":"https:\/\/www.fredastaire.com\/brescia\/argentine-tango\/","title":{"rendered":"Tango Argentino"},"content":{"rendered":"\t\t<div data-elementor-type=\"wp-page\" data-elementor-id=\"5759\" class=\"elementor elementor-5759\" data-elementor-settings=\"{&quot;ha_cmc_init_switcher&quot;:&quot;no&quot;}\" data-elementor-post-type=\"page\">\n\t\t\t\t\t\t<section class=\"elementor-section elementor-top-section elementor-element elementor-element-5c6d1cc6 elementor-section-height-min-height elementor-section-boxed elementor-section-height-default elementor-section-items-middle\" data-id=\"5c6d1cc6\" data-element_type=\"section\" data-e-type=\"section\" data-settings=\"{&quot;background_background&quot;:&quot;classic&quot;,&quot;_ha_eqh_enable&quot;:false}\">\n\t\t\t\t\t\t<div class=\"elementor-container elementor-column-gap-default\">\n\t\t\t\t\t<div class=\"elementor-column elementor-col-100 elementor-top-column elementor-element elementor-element-43ffab73\" data-id=\"43ffab73\" data-element_type=\"column\" data-e-type=\"column\">\n\t\t\t<div class=\"elementor-widget-wrap\">\n\t\t\t\t\t\t\t<\/div>\n\t\t<\/div>\n\t\t\t\t\t<\/div>\n\t\t<\/section>\n\t\t\t\t<section class=\"elementor-section elementor-top-section elementor-element elementor-element-19d92142 elementor-section-boxed elementor-section-height-default elementor-section-height-default\" data-id=\"19d92142\" data-element_type=\"section\" data-e-type=\"section\" data-settings=\"{&quot;_ha_eqh_enable&quot;:false}\">\n\t\t\t\t\t\t<div class=\"elementor-container elementor-column-gap-default\">\n\t\t\t\t\t<div class=\"elementor-column elementor-col-50 elementor-top-column elementor-element elementor-element-3ebb542\" data-id=\"3ebb542\" data-element_type=\"column\" data-e-type=\"column\">\n\t\t\t<div class=\"elementor-widget-wrap elementor-element-populated\">\n\t\t\t\t\t\t<div class=\"elementor-element elementor-element-667a6adf elementor-widget elementor-widget-heading\" data-id=\"667a6adf\" data-element_type=\"widget\" data-e-type=\"widget\" data-widget_type=\"heading.default\">\n\t\t\t\t<div class=\"elementor-widget-container\">\n\t\t\t\t\t<h1 class=\"elementor-heading-title elementor-size-default\">Argentine Tango<\/h1>\t\t\t\t<\/div>\n\t\t\t\t<\/div>\n\t\t\t\t<div class=\"elementor-element elementor-element-172e853 elementor-widget__width-inherit elementor-widget elementor-widget-text-editor\" data-id=\"172e853\" data-element_type=\"widget\" data-e-type=\"widget\" data-widget_type=\"text-editor.default\">\n\t\t\t\t<div class=\"elementor-widget-container\">\n\t\t\t\t\t\t\t\t\t<p>Ci sono molte leggende e storie sulle origini e lo sviluppo del tango. Il tango \u00e8 un ballo e una musica nata a Buenos Aires all\u2019inizio del secolo, sviluppatasi nel crogiolo di culture che era Buenos Aires. La parola Tango era usata all\u2019epoca per descrivere varie musiche e danze.<\/p><p>Le origini esatte del tango, sia la danza che la parola stessa, si perdono nel mito e in una storia non documentata. La storia pi\u00f9 accreditata \u00e8 che a met\u00e0 del 1800, gli schiavi africani furono portati in Argentina e iniziarono a influenzare la cultura locale. La parola \u201cTango\u201d potrebbe essere di origine africana e significa \u201cluogo chiuso\u201d o \u201cterreno riservato\u201d. Oppure potrebbe derivare dal portoghese (e dal verbo latino tanguere, toccare) e venne presa dagli africani sulle navi degli schiavi. Qualunque sia la sua origine, la parola \u201cTango\u201d ha acquisito il significato standard del luogo in cui gli schiavi africani e altre persone si riunivano per ballare.<\/p><div class=\"read-more-text\"><p>Most likely the Tango was born in African-Argentine dance venues attended by compadritos, young men, mostly native born and poor, who liked to dress in slouch hats, loosely tied neckerchiefs and high-heeled boots with knives tucked casually into their belts. The compadritos took the Tango back to the Corrales Viejos\u2014the slaughterhouse district of Buenos Aires\u2014and introduced it in various low-life establishments where dancing took place: bars, dance halls and brothels. It was here that the African rhythms met the Argentine milonga music (a fast-paced polka) and soon new steps were invented and took hold.<\/p><p>Eventually, everyone found out about the Tango and, by the beginning of the twentieth century, the Tango as both a dance and as an embryonic form of popular music had established a firm foothold in the fast-expanding city of its birth. It soon spread to provincial towns of Argentina and across the River Plate to Montevideo, the capital of Uruguay, where it became as much a part of the urban culture as in Buenos Aires.<\/p><p>The worldwide spread of the Tango came in the early 1900s when wealthy sons of Argentine society families made their way to Paris and introduced the Tango into a society eager for innovation and not entirely averse to the risqu\u00e9 nature of the dance or dancing with young, wealthy Latin men. By 1913, the Tango had become an international phenomenon in Paris, London and New York. The Argentine elite who had shunned the Tango were now forced into accepting it with national pride. The Tango spread worldwide throughout the 1920s and 1930s and came to be a fundamental expression of Argentine culture, and the Golden Age lasted through the 1940s and 1950s. The current revival dates from the early 1980s, when a stage show Tango Argentino toured the world creating a dazzling version of the Tango that is said to have stimulated the revival in the US, Europe and Japan. 2008 is again a period of renewal, of tension between the international and the Argentine, between a desire to recreate the Golden Age, and another to evolve it in the light of modern culture and values. There is an explosion of interest around the world with places to dance in many cities and towns, and a growing circuit of international festivals.<\/p><p>Whether you\u2019re looking for a new hobby or a way to connect with your partner, want to improve your social life, or want to take your dancing skills to the next level, Fred Astaire Dance Studios will have you dancing confidently \u2013 and having FUN from your very first lesson! Contact us today.<\/p><\/div>\t\t\t\t\t\t\t\t<\/div>\n\t\t\t\t<\/div>\n\t\t\t\t<div class=\"elementor-element elementor-element-77980c2b elementor-widget elementor-widget-video\" data-id=\"77980c2b\" data-element_type=\"widget\" data-e-type=\"widget\" data-settings=\"{&quot;youtube_url&quot;:&quot;https:\\\/\\\/youtu.be\\\/MUw0cBwUuI8&quot;,&quot;video_type&quot;:&quot;youtube&quot;,&quot;controls&quot;:&quot;yes&quot;}\" data-widget_type=\"video.default\">\n\t\t\t\t<div class=\"elementor-widget-container\">\n\t\t\t\t\t\t\t<div class=\"elementor-wrapper elementor-open-inline\">\n\t\t\t<div class=\"elementor-video\"><\/div>\t\t<\/div>\n\t\t\t\t\t\t<\/div>\n\t\t\t\t<\/div>\n\t\t\t\t\t<\/div>\n\t\t<\/div>\n\t\t\t\t<div class=\"elementor-column elementor-col-50 elementor-top-column elementor-element elementor-element-405c2f3a\" data-id=\"405c2f3a\" data-element_type=\"column\" data-e-type=\"column\">\n\t\t\t<div class=\"elementor-widget-wrap elementor-element-populated\">\n\t\t\t\t\t\t<div class=\"elementor-element elementor-element-454820e9 elementor-widget elementor-widget-ucaddon_simple_list_menu\" data-id=\"454820e9\" data-element_type=\"widget\" data-e-type=\"widget\" data-widget_type=\"ucaddon_simple_list_menu.default\">\n\t\t\t\t<div class=\"elementor-widget-container\">\n\t\t\t\t\t\n<!-- start List Menu -->\n\t\t<link id='font-awesome-css' href='https:\/\/www.fredastaire.com\/brescia\/wp-content\/plugins\/unlimited-elements-for-elementor-premium\/assets_libraries\/font-awesome6\/fontawesome-all.min.css' type='text\/css' rel='stylesheet' >\n\t\t<link id='font-awesome-4-shim-css' href='https:\/\/www.fredastaire.com\/brescia\/wp-content\/plugins\/unlimited-elements-for-elementor-premium\/assets_libraries\/font-awesome6\/fontawesome-v4-shims.min.css' type='text\/css' rel='stylesheet' >\n\n<style>\/* widget: List Menu *\/\n\n#uc_simple_list_menu_elementor_454820e9\n{\n  text-align:left;\n}\n#uc_simple_list_menu_elementor_454820e9 ul\n{\n  padding:0;\n  list-style:none;\n  margin:0;\n}\n\n#uc_simple_list_menu_elementor_454820e9 ul li\n{\n  padding:0;\n  list-style:none;\n  margin:0;\n}\n\n#uc_simple_list_menu_elementor_454820e9 ul li.current_page_item\n{\n  background-color:#f2f2f2;\n}\n\n#uc_simple_list_menu_elementor_454820e9 ul ul li.current_page_item\n{\n  background-color:#f2f2f2;\n}\n\n#uc_simple_list_menu_elementor_454820e9 ul ul ul li.current_page_item\n{\n  background-color:#e6e6e6;\n}\n\n#uc_simple_list_menu_elementor_454820e9 ul li:last-child\n{\n  border-bottom:none;\n}\n\n#uc_simple_list_menu_elementor_454820e9 ul li a\n{\n  text-decoration:none;\n  display:block;\n}\n\n#uc_simple_list_menu_elementor_454820e9 ul li a:before {\n   font-family: \"Font Awesome 5 Free\";\n   content: \"\\f00c\";\n   display: inline-block;\n   vertical-align: middle;\n   font-weight: 900;\n}\n\n\n<\/style>\n\n<div id=\"uc_simple_list_menu_elementor_454820e9\" class=\"simple_list_menu\">\n<ul id=\"menu-types-of-dance\" class=\"uc-list-menu\"><li id=\"menu-item-8000\" class=\"menu-item menu-item-type-custom menu-item-object-custom menu-item-has-children menu-item-8000\"><a href=\"#\">Rhythm<\/a>\n<ul class=\"sub-menu\">\n\t<li id=\"menu-item-8016\" class=\"menu-item menu-item-type-post_type menu-item-object-page menu-item-8016\"><a href=\"https:\/\/www.fredastaire.com\/brescia\/salsa\/\">Salsa<\/a><\/li>\n\t<li id=\"menu-item-8011\" class=\"menu-item menu-item-type-post_type menu-item-object-page menu-item-8011\"><a href=\"https:\/\/www.fredastaire.com\/brescia\/mambo\/\">Mambo<\/a><\/li>\n\t<li id=\"menu-item-8009\" class=\"menu-item menu-item-type-post_type menu-item-object-page menu-item-8009\"><a href=\"https:\/\/www.fredastaire.com\/brescia\/hustle\/\">Hustle<\/a><\/li>\n\t<li id=\"menu-item-8007\" class=\"menu-item menu-item-type-post_type menu-item-object-page menu-item-8007\"><a href=\"https:\/\/www.fredastaire.com\/brescia\/east-coast-swing\/\">East Coast Swing<\/a><\/li>\n\t<li id=\"menu-item-8022\" class=\"menu-item menu-item-type-post_type menu-item-object-page menu-item-8022\"><a href=\"https:\/\/www.fredastaire.com\/brescia\/west-coast-swing\/\">West Coast Swing<\/a><\/li>\n\t<li id=\"menu-item-8012\" class=\"menu-item menu-item-type-post_type menu-item-object-page menu-item-8012\"><a href=\"https:\/\/www.fredastaire.com\/brescia\/merengue\/\">Merengue<\/a><\/li>\n\t<li id=\"menu-item-8015\" class=\"menu-item menu-item-type-post_type menu-item-object-page menu-item-8015\"><a href=\"https:\/\/www.fredastaire.com\/brescia\/rumba\/\">Rumba<\/a><\/li>\n\t<li id=\"menu-item-8005\" class=\"menu-item menu-item-type-post_type menu-item-object-page menu-item-8005\"><a href=\"https:\/\/www.fredastaire.com\/brescia\/cha-cha\/\">Cha Cha<\/a><\/li>\n\t<li id=\"menu-item-8017\" class=\"menu-item menu-item-type-post_type menu-item-object-page menu-item-8017\"><a href=\"https:\/\/www.fredastaire.com\/brescia\/samba\/\">Samba<\/a><\/li>\n\t<li id=\"menu-item-8004\" class=\"menu-item menu-item-type-post_type menu-item-object-page menu-item-8004\"><a href=\"https:\/\/www.fredastaire.com\/brescia\/bolero\/\">Bolero<\/a><\/li>\n\t<li id=\"menu-item-8013\" class=\"menu-item menu-item-type-post_type menu-item-object-page menu-item-8013\"><a href=\"https:\/\/www.fredastaire.com\/brescia\/paso-doble\/\">Paso Doble<\/a><\/li>\n\t<li id=\"menu-item-8010\" class=\"menu-item menu-item-type-post_type menu-item-object-page menu-item-8010\"><a href=\"https:\/\/www.fredastaire.com\/brescia\/jive\/\">Jive<\/a><\/li>\n\t<li id=\"menu-item-8003\" class=\"menu-item menu-item-type-post_type menu-item-object-page menu-item-8003\"><a href=\"https:\/\/www.fredastaire.com\/brescia\/bachata\/\">Bachata<\/a><\/li>\n<\/ul>\n<\/li>\n<li id=\"menu-item-8001\" class=\"menu-item menu-item-type-custom menu-item-object-custom menu-item-has-children menu-item-8001\"><a href=\"#\">Smooth<\/a>\n<ul class=\"sub-menu\">\n\t<li id=\"menu-item-8019\" class=\"menu-item menu-item-type-post_type menu-item-object-page menu-item-8019\"><a href=\"https:\/\/www.fredastaire.com\/brescia\/argentine-tango\/\">Tango Argentino<\/a><\/li>\n\t<li id=\"menu-item-8008\" class=\"menu-item menu-item-type-post_type menu-item-object-page menu-item-8008\"><a href=\"https:\/\/www.fredastaire.com\/brescia\/foxtrot\/\">Foxtrot<\/a><\/li>\n\t<li id=\"menu-item-8018\" class=\"menu-item menu-item-type-post_type menu-item-object-page menu-item-8018\"><a href=\"https:\/\/www.fredastaire.com\/brescia\/tango\/\">Tango<\/a><\/li>\n\t<li id=\"menu-item-8021\" class=\"menu-item menu-item-type-post_type menu-item-object-page menu-item-8021\"><a href=\"https:\/\/www.fredastaire.com\/brescia\/waltz\/\">Waltz<\/a><\/li>\n\t<li id=\"menu-item-8020\" class=\"menu-item menu-item-type-post_type menu-item-object-page menu-item-8020\"><a href=\"https:\/\/www.fredastaire.com\/brescia\/viennese-waltz\/\">Viennese Waltz<\/a><\/li>\n\t<li id=\"menu-item-8014\" class=\"menu-item menu-item-type-post_type menu-item-object-page menu-item-8014\"><a href=\"https:\/\/www.fredastaire.com\/brescia\/quickstep\/\">Quickstep<\/a><\/li>\n<\/ul>\n<\/li>\n<li id=\"menu-item-8002\" class=\"menu-item menu-item-type-custom menu-item-object-custom menu-item-has-children menu-item-8002\"><a href=\"#\">Country Western<\/a>\n<ul class=\"sub-menu\">\n\t<li id=\"menu-item-8006\" class=\"menu-item menu-item-type-post_type menu-item-object-page menu-item-8006\"><a href=\"https:\/\/www.fredastaire.com\/brescia\/country-western\/\">Two-Step<\/a><\/li>\n<\/ul>\n<\/li>\n<\/ul>\n<\/div>\n<!-- end List Menu -->\t\t\t\t<\/div>\n\t\t\t\t<\/div>\n\t\t\t\t\t<\/div>\n\t\t<\/div>\n\t\t\t\t\t<\/div>\n\t\t<\/section>\n\t\t\t\t<\/div>\n\t\t","protected":false},"excerpt":{"rendered":"<p>Argentine Tango Ci sono molte leggende e storie sulle origini e lo sviluppo del tango. Il tango \u00e8 un ballo e una musica nata a Buenos Aires all\u2019inizio del secolo, sviluppatasi nel crogiolo di culture che era Buenos Aires. La parola Tango era usata all\u2019epoca per descrivere varie musiche e danze. Le origini esatte del [&hellip;]<\/p>\n","protected":false},"author":126,"featured_media":0,"parent":0,"menu_order":0,"comment_status":"closed","ping_status":"closed","template":"","meta":{"_acf_changed":false,"footnotes":""},"class_list":["post-5759","page","type-page","status-publish","hentry"],"acf":[],"_links":{"self":[{"href":"https:\/\/www.fredastaire.com\/brescia\/wp-json\/wp\/v2\/pages\/5759","targetHints":{"allow":["GET"]}}],"collection":[{"href":"https:\/\/www.fredastaire.com\/brescia\/wp-json\/wp\/v2\/pages"}],"about":[{"href":"https:\/\/www.fredastaire.com\/brescia\/wp-json\/wp\/v2\/types\/page"}],"author":[{"embeddable":true,"href":"https:\/\/www.fredastaire.com\/brescia\/wp-json\/wp\/v2\/users\/126"}],"replies":[{"embeddable":true,"href":"https:\/\/www.fredastaire.com\/brescia\/wp-json\/wp\/v2\/comments?post=5759"}],"version-history":[{"count":0,"href":"https:\/\/www.fredastaire.com\/brescia\/wp-json\/wp\/v2\/pages\/5759\/revisions"}],"wp:attachment":[{"href":"https:\/\/www.fredastaire.com\/brescia\/wp-json\/wp\/v2\/media?parent=5759"}],"curies":[{"name":"wp","href":"https:\/\/api.w.org\/{rel}","templated":true}]}}