{"id":5762,"date":"2019-03-28T07:18:41","date_gmt":"2019-03-28T11:18:41","guid":{"rendered":"https:\/\/www.fredastaire.com\/brescia\/?page_id=5762"},"modified":"2024-03-06T19:37:53","modified_gmt":"2024-03-06T18:37:53","slug":"bolero","status":"publish","type":"page","link":"https:\/\/www.fredastaire.com\/brescia\/bolero\/","title":{"rendered":"Bolero"},"content":{"rendered":"\t\t<div data-elementor-type=\"wp-page\" data-elementor-id=\"5762\" class=\"elementor elementor-5762\" data-elementor-settings=\"{&quot;ha_cmc_init_switcher&quot;:&quot;no&quot;}\" data-elementor-post-type=\"page\">\n\t\t\t\t\t\t<section class=\"elementor-section elementor-top-section elementor-element elementor-element-4502e240 elementor-section-height-min-height elementor-section-boxed elementor-section-height-default elementor-section-items-middle\" data-id=\"4502e240\" data-element_type=\"section\" data-e-type=\"section\" data-settings=\"{&quot;background_background&quot;:&quot;classic&quot;,&quot;_ha_eqh_enable&quot;:false}\">\n\t\t\t\t\t\t<div class=\"elementor-container elementor-column-gap-default\">\n\t\t\t\t\t<div class=\"elementor-column elementor-col-100 elementor-top-column elementor-element elementor-element-5a26c2e3\" data-id=\"5a26c2e3\" data-element_type=\"column\" data-e-type=\"column\">\n\t\t\t<div class=\"elementor-widget-wrap\">\n\t\t\t\t\t\t\t<\/div>\n\t\t<\/div>\n\t\t\t\t\t<\/div>\n\t\t<\/section>\n\t\t\t\t<section class=\"elementor-section elementor-top-section elementor-element elementor-element-4691b911 elementor-section-boxed elementor-section-height-default elementor-section-height-default\" data-id=\"4691b911\" data-element_type=\"section\" data-e-type=\"section\" data-settings=\"{&quot;_ha_eqh_enable&quot;:false}\">\n\t\t\t\t\t\t<div class=\"elementor-container elementor-column-gap-default\">\n\t\t\t\t\t<div class=\"elementor-column elementor-col-50 elementor-top-column elementor-element elementor-element-63f2adc9\" data-id=\"63f2adc9\" data-element_type=\"column\" data-e-type=\"column\">\n\t\t\t<div class=\"elementor-widget-wrap elementor-element-populated\">\n\t\t\t\t\t\t<div class=\"elementor-element elementor-element-15f87460 elementor-widget elementor-widget-heading\" data-id=\"15f87460\" data-element_type=\"widget\" data-e-type=\"widget\" data-widget_type=\"heading.default\">\n\t\t\t\t<div class=\"elementor-widget-container\">\n\t\t\t\t\t<h1 class=\"elementor-heading-title elementor-size-default\">Bolero<\/h1>\t\t\t\t<\/div>\n\t\t\t\t<\/div>\n\t\t\t\t<div class=\"elementor-element elementor-element-6458fdf2 elementor-widget__width-inherit elementor-widget elementor-widget-text-editor\" data-id=\"6458fdf2\" data-element_type=\"widget\" data-e-type=\"widget\" data-widget_type=\"text-editor.default\">\n\t\t\t\t<div class=\"elementor-widget-container\">\n\t\t\t\t\t\t\t\t\t<p>Il Bolero fu presentato al pubblico statunitense a met\u00e0 degli anni \u201930; a quel tempo si ballava nella sua forma classica, che veniva eseguita al ritmo costante di tamburi. \u00c8 emerso da questa forma classica a quello che \u00e8 stato chiamato Son, con un tempo pi\u00f9 veloce e vivace (in seguito ribattezzato Rumba). Il ballerino spagnolo Sebastian Cereza \u00e8 accreditato di aver creato questo ballo nel 1780; da allora, il Bolero \u00e8 rimasto una vera fonte di espressione di sentimenti sensuali. \u00c8 davvero la \u201cdanza dell\u2019amore\u201d. Il Bolero \u00e8 uno dei balli pi\u00f9 espressivi: l\u2019uso di braccia e mani, gambe e piedi, cos\u00ec come l\u2019espressione facciale, contribuiscono alla sua bellezza. Inizia oggi la tua avventura di ballo nei Fred Astaire Dance Studios. Non vediamo l\u2019ora di vederti sulla pista da ballo!<\/p>\t\t\t\t\t\t\t\t<\/div>\n\t\t\t\t<\/div>\n\t\t\t\t<div class=\"elementor-element elementor-element-3a044cfa elementor-widget elementor-widget-video\" data-id=\"3a044cfa\" data-element_type=\"widget\" data-e-type=\"widget\" data-settings=\"{&quot;youtube_url&quot;:&quot;https:\\\/\\\/youtu.be\\\/qwNYPfWNL-s&quot;,&quot;video_type&quot;:&quot;youtube&quot;,&quot;controls&quot;:&quot;yes&quot;}\" data-widget_type=\"video.default\">\n\t\t\t\t<div class=\"elementor-widget-container\">\n\t\t\t\t\t\t\t<div class=\"elementor-wrapper elementor-open-inline\">\n\t\t\t<div class=\"elementor-video\"><\/div>\t\t<\/div>\n\t\t\t\t\t\t<\/div>\n\t\t\t\t<\/div>\n\t\t\t\t\t<\/div>\n\t\t<\/div>\n\t\t\t\t<div class=\"elementor-column elementor-col-50 elementor-top-column elementor-element elementor-element-159bc814\" data-id=\"159bc814\" data-element_type=\"column\" data-e-type=\"column\">\n\t\t\t<div class=\"elementor-widget-wrap elementor-element-populated\">\n\t\t\t\t\t\t<div class=\"elementor-element elementor-element-f2b4a78 elementor-widget elementor-widget-ucaddon_simple_list_menu\" data-id=\"f2b4a78\" data-element_type=\"widget\" data-e-type=\"widget\" data-widget_type=\"ucaddon_simple_list_menu.default\">\n\t\t\t\t<div class=\"elementor-widget-container\">\n\t\t\t\t\t\n<!-- start List Menu -->\n\t\t<link id='font-awesome-css' href='https:\/\/www.fredastaire.com\/brescia\/wp-content\/plugins\/unlimited-elements-for-elementor-premium\/assets_libraries\/font-awesome6\/fontawesome-all.min.css' type='text\/css' rel='stylesheet' >\n\t\t<link id='font-awesome-4-shim-css' href='https:\/\/www.fredastaire.com\/brescia\/wp-content\/plugins\/unlimited-elements-for-elementor-premium\/assets_libraries\/font-awesome6\/fontawesome-v4-shims.min.css' type='text\/css' rel='stylesheet' >\n\n<style>\/* widget: List Menu *\/\n\n#uc_simple_list_menu_elementor_f2b4a78\n{\n  text-align:left;\n}\n#uc_simple_list_menu_elementor_f2b4a78 ul\n{\n  padding:0;\n  list-style:none;\n  margin:0;\n}\n\n#uc_simple_list_menu_elementor_f2b4a78 ul li\n{\n  padding:0;\n  list-style:none;\n  margin:0;\n}\n\n#uc_simple_list_menu_elementor_f2b4a78 ul li.current_page_item\n{\n  background-color:#f2f2f2;\n}\n\n#uc_simple_list_menu_elementor_f2b4a78 ul ul li.current_page_item\n{\n  background-color:#EFEFEF;\n}\n\n#uc_simple_list_menu_elementor_f2b4a78 ul ul ul li.current_page_item\n{\n  background-color:#e6e6e6;\n}\n\n#uc_simple_list_menu_elementor_f2b4a78 ul li:last-child\n{\n  border-bottom:none;\n}\n\n#uc_simple_list_menu_elementor_f2b4a78 ul li a\n{\n  text-decoration:none;\n  display:block;\n}\n\n#uc_simple_list_menu_elementor_f2b4a78 ul li a:before {\n   font-family: \"Font Awesome 5 Free\";\n   content: \"\\f00c\";\n   display: inline-block;\n   vertical-align: middle;\n   font-weight: 900;\n}\n\n\n<\/style>\n\n<div id=\"uc_simple_list_menu_elementor_f2b4a78\" class=\"simple_list_menu\">\n<ul id=\"menu-types-of-dance\" class=\"uc-list-menu\"><li id=\"menu-item-8000\" class=\"menu-item menu-item-type-custom menu-item-object-custom menu-item-has-children menu-item-8000\"><a href=\"#\">Rhythm<\/a>\n<ul class=\"sub-menu\">\n\t<li id=\"menu-item-8016\" class=\"menu-item menu-item-type-post_type menu-item-object-page menu-item-8016\"><a href=\"https:\/\/www.fredastaire.com\/brescia\/salsa\/\">Salsa<\/a><\/li>\n\t<li id=\"menu-item-8011\" class=\"menu-item menu-item-type-post_type menu-item-object-page menu-item-8011\"><a href=\"https:\/\/www.fredastaire.com\/brescia\/mambo\/\">Mambo<\/a><\/li>\n\t<li id=\"menu-item-8009\" class=\"menu-item menu-item-type-post_type menu-item-object-page menu-item-8009\"><a href=\"https:\/\/www.fredastaire.com\/brescia\/hustle\/\">Hustle<\/a><\/li>\n\t<li id=\"menu-item-8007\" class=\"menu-item menu-item-type-post_type menu-item-object-page menu-item-8007\"><a href=\"https:\/\/www.fredastaire.com\/brescia\/east-coast-swing\/\">East Coast Swing<\/a><\/li>\n\t<li id=\"menu-item-8022\" class=\"menu-item menu-item-type-post_type menu-item-object-page menu-item-8022\"><a href=\"https:\/\/www.fredastaire.com\/brescia\/west-coast-swing\/\">West Coast Swing<\/a><\/li>\n\t<li id=\"menu-item-8012\" class=\"menu-item menu-item-type-post_type menu-item-object-page menu-item-8012\"><a href=\"https:\/\/www.fredastaire.com\/brescia\/merengue\/\">Merengue<\/a><\/li>\n\t<li id=\"menu-item-8015\" class=\"menu-item menu-item-type-post_type menu-item-object-page menu-item-8015\"><a href=\"https:\/\/www.fredastaire.com\/brescia\/rumba\/\">Rumba<\/a><\/li>\n\t<li id=\"menu-item-8005\" class=\"menu-item menu-item-type-post_type menu-item-object-page menu-item-8005\"><a href=\"https:\/\/www.fredastaire.com\/brescia\/cha-cha\/\">Cha Cha<\/a><\/li>\n\t<li id=\"menu-item-8017\" class=\"menu-item menu-item-type-post_type menu-item-object-page menu-item-8017\"><a href=\"https:\/\/www.fredastaire.com\/brescia\/samba\/\">Samba<\/a><\/li>\n\t<li id=\"menu-item-8004\" class=\"menu-item menu-item-type-post_type menu-item-object-page menu-item-8004\"><a href=\"https:\/\/www.fredastaire.com\/brescia\/bolero\/\">Bolero<\/a><\/li>\n\t<li id=\"menu-item-8013\" class=\"menu-item menu-item-type-post_type menu-item-object-page menu-item-8013\"><a href=\"https:\/\/www.fredastaire.com\/brescia\/paso-doble\/\">Paso Doble<\/a><\/li>\n\t<li id=\"menu-item-8010\" class=\"menu-item menu-item-type-post_type menu-item-object-page menu-item-8010\"><a href=\"https:\/\/www.fredastaire.com\/brescia\/jive\/\">Jive<\/a><\/li>\n\t<li id=\"menu-item-8003\" class=\"menu-item menu-item-type-post_type menu-item-object-page menu-item-8003\"><a href=\"https:\/\/www.fredastaire.com\/brescia\/bachata\/\">Bachata<\/a><\/li>\n<\/ul>\n<\/li>\n<li id=\"menu-item-8001\" class=\"menu-item menu-item-type-custom menu-item-object-custom menu-item-has-children menu-item-8001\"><a href=\"#\">Smooth<\/a>\n<ul class=\"sub-menu\">\n\t<li id=\"menu-item-8019\" class=\"menu-item menu-item-type-post_type menu-item-object-page menu-item-8019\"><a href=\"https:\/\/www.fredastaire.com\/brescia\/argentine-tango\/\">Tango Argentino<\/a><\/li>\n\t<li id=\"menu-item-8008\" class=\"menu-item menu-item-type-post_type menu-item-object-page menu-item-8008\"><a href=\"https:\/\/www.fredastaire.com\/brescia\/foxtrot\/\">Foxtrot<\/a><\/li>\n\t<li id=\"menu-item-8018\" class=\"menu-item menu-item-type-post_type menu-item-object-page menu-item-8018\"><a href=\"https:\/\/www.fredastaire.com\/brescia\/tango\/\">Tango<\/a><\/li>\n\t<li id=\"menu-item-8021\" class=\"menu-item menu-item-type-post_type menu-item-object-page menu-item-8021\"><a href=\"https:\/\/www.fredastaire.com\/brescia\/waltz\/\">Waltz<\/a><\/li>\n\t<li id=\"menu-item-8020\" class=\"menu-item menu-item-type-post_type menu-item-object-page menu-item-8020\"><a href=\"https:\/\/www.fredastaire.com\/brescia\/viennese-waltz\/\">Viennese Waltz<\/a><\/li>\n\t<li id=\"menu-item-8014\" class=\"menu-item menu-item-type-post_type menu-item-object-page menu-item-8014\"><a href=\"https:\/\/www.fredastaire.com\/brescia\/quickstep\/\">Quickstep<\/a><\/li>\n<\/ul>\n<\/li>\n<li id=\"menu-item-8002\" class=\"menu-item menu-item-type-custom menu-item-object-custom menu-item-has-children menu-item-8002\"><a href=\"#\">Country Western<\/a>\n<ul class=\"sub-menu\">\n\t<li id=\"menu-item-8006\" class=\"menu-item menu-item-type-post_type menu-item-object-page menu-item-8006\"><a href=\"https:\/\/www.fredastaire.com\/brescia\/country-western\/\">Two-Step<\/a><\/li>\n<\/ul>\n<\/li>\n<\/ul>\n<\/div>\n<!-- end List Menu -->\t\t\t\t<\/div>\n\t\t\t\t<\/div>\n\t\t\t\t\t<\/div>\n\t\t<\/div>\n\t\t\t\t\t<\/div>\n\t\t<\/section>\n\t\t\t\t<\/div>\n\t\t","protected":false},"excerpt":{"rendered":"<p>Bolero Il Bolero fu presentato al pubblico statunitense a met\u00e0 degli anni \u201930; a quel tempo si ballava nella sua forma classica, che veniva eseguita al ritmo costante di tamburi. \u00c8 emerso da questa forma classica a quello che \u00e8 stato chiamato Son, con un tempo pi\u00f9 veloce e vivace (in seguito ribattezzato Rumba). Il [&hellip;]<\/p>\n","protected":false},"author":126,"featured_media":0,"parent":0,"menu_order":0,"comment_status":"closed","ping_status":"closed","template":"","meta":{"_acf_changed":false,"footnotes":""},"class_list":["post-5762","page","type-page","status-publish","hentry"],"acf":[],"_links":{"self":[{"href":"https:\/\/www.fredastaire.com\/brescia\/wp-json\/wp\/v2\/pages\/5762","targetHints":{"allow":["GET"]}}],"collection":[{"href":"https:\/\/www.fredastaire.com\/brescia\/wp-json\/wp\/v2\/pages"}],"about":[{"href":"https:\/\/www.fredastaire.com\/brescia\/wp-json\/wp\/v2\/types\/page"}],"author":[{"embeddable":true,"href":"https:\/\/www.fredastaire.com\/brescia\/wp-json\/wp\/v2\/users\/126"}],"replies":[{"embeddable":true,"href":"https:\/\/www.fredastaire.com\/brescia\/wp-json\/wp\/v2\/comments?post=5762"}],"version-history":[{"count":0,"href":"https:\/\/www.fredastaire.com\/brescia\/wp-json\/wp\/v2\/pages\/5762\/revisions"}],"wp:attachment":[{"href":"https:\/\/www.fredastaire.com\/brescia\/wp-json\/wp\/v2\/media?parent=5762"}],"curies":[{"name":"wp","href":"https:\/\/api.w.org\/{rel}","templated":true}]}}