{"id":5801,"date":"2019-03-29T02:05:13","date_gmt":"2019-03-29T06:05:13","guid":{"rendered":"https:\/\/www.fredastaire.com\/brescia\/?page_id=5801"},"modified":"2024-03-06T19:30:43","modified_gmt":"2024-03-06T18:30:43","slug":"teaching-methods-dance","status":"publish","type":"page","link":"https:\/\/www.fredastaire.com\/brescia\/teaching-methods\/","title":{"rendered":"Metodo di Insegnamento Fred Astaire Dance Studios"},"content":{"rendered":"\t\t<div data-elementor-type=\"wp-page\" data-elementor-id=\"5801\" class=\"elementor elementor-5801\" data-elementor-settings=\"{&quot;ha_cmc_init_switcher&quot;:&quot;no&quot;}\" data-elementor-post-type=\"page\">\n\t\t\t\t\t\t<section class=\"elementor-section elementor-top-section elementor-element elementor-element-5504e80e elementor-section-height-min-height elementor-section-boxed elementor-section-height-default elementor-section-items-middle\" data-id=\"5504e80e\" data-element_type=\"section\" data-e-type=\"section\" data-settings=\"{&quot;background_background&quot;:&quot;classic&quot;,&quot;_ha_eqh_enable&quot;:false}\">\n\t\t\t\t\t\t\t<div class=\"elementor-background-overlay\"><\/div>\n\t\t\t\t\t\t\t<div class=\"elementor-container elementor-column-gap-default\">\n\t\t\t\t\t<div class=\"elementor-column elementor-col-100 elementor-top-column elementor-element elementor-element-7f9a3876\" data-id=\"7f9a3876\" data-element_type=\"column\" data-e-type=\"column\">\n\t\t\t<div class=\"elementor-widget-wrap elementor-element-populated\">\n\t\t\t\t\t\t<div class=\"elementor-element elementor-element-398ad5f2 elementor-widget elementor-widget-heading\" data-id=\"398ad5f2\" data-element_type=\"widget\" data-e-type=\"widget\" data-widget_type=\"heading.default\">\n\t\t\t\t<div class=\"elementor-widget-container\">\n\t\t\t\t\t<h1 class=\"elementor-heading-title elementor-size-default\">Teaching Methods<\/h1>\t\t\t\t<\/div>\n\t\t\t\t<\/div>\n\t\t\t\t\t<\/div>\n\t\t<\/div>\n\t\t\t\t\t<\/div>\n\t\t<\/section>\n\t\t\t\t<section class=\"elementor-section elementor-top-section elementor-element elementor-element-5db581e elementor-section-boxed elementor-section-height-default elementor-section-height-default\" data-id=\"5db581e\" data-element_type=\"section\" data-e-type=\"section\" data-settings=\"{&quot;_ha_eqh_enable&quot;:false}\">\n\t\t\t\t\t\t<div class=\"elementor-container elementor-column-gap-default\">\n\t\t\t\t\t<div class=\"elementor-column elementor-col-50 elementor-top-column elementor-element elementor-element-2b742b58\" data-id=\"2b742b58\" data-element_type=\"column\" data-e-type=\"column\">\n\t\t\t<div class=\"elementor-widget-wrap elementor-element-populated\">\n\t\t\t\t\t\t<div class=\"elementor-element elementor-element-67fd927c elementor-widget elementor-widget-heading\" data-id=\"67fd927c\" data-element_type=\"widget\" data-e-type=\"widget\" data-widget_type=\"heading.default\">\n\t\t\t\t<div class=\"elementor-widget-container\">\n\t\t\t\t\t<h2 class=\"elementor-heading-title elementor-size-default\">Metodo di Insegnamento Fred Astaire Dance Studios<\/h2>\t\t\t\t<\/div>\n\t\t\t\t<\/div>\n\t\t\t\t<div class=\"elementor-element elementor-element-386e2c8 elementor-widget elementor-widget-text-editor\" data-id=\"386e2c8\" data-element_type=\"widget\" data-e-type=\"widget\" data-widget_type=\"text-editor.default\">\n\t\t\t\t<div class=\"elementor-widget-container\">\n\t\t\t\t\t\t\t\t\t<p>\u00c8 nostro privilegio portare il nome Fred Astaire Dance Studios e ci impegniamo a sostenere la reputazione del nostro co-fondatore, Mr. Fred Astaire, in tutto ci\u00f2 che facciamo. L\u2019atmosfera calda, gioiosa e non giudicante al 100% che scoprirai nei Fred Astaire Dance Studios \u00e8 dovuta a quell\u2019impegno e perch\u00e9 i nostri allievi fanno esperienze davvero motivanti e DIVERTENTI mentre imparano a ballare!<\/p>\t\t\t\t\t\t\t\t<\/div>\n\t\t\t\t<\/div>\n\t\t\t\t\t<\/div>\n\t\t<\/div>\n\t\t\t\t<div class=\"elementor-column elementor-col-50 elementor-top-column elementor-element elementor-element-553d7aa2 elementor-hidden-tablet elementor-hidden-mobile\" data-id=\"553d7aa2\" data-element_type=\"column\" data-e-type=\"column\">\n\t\t\t<div class=\"elementor-widget-wrap elementor-element-populated\">\n\t\t\t\t\t\t<div class=\"elementor-element elementor-element-2cfd285c elementor-widget elementor-widget-image\" data-id=\"2cfd285c\" data-element_type=\"widget\" data-e-type=\"widget\" data-widget_type=\"image.default\">\n\t\t\t\t<div class=\"elementor-widget-container\">\n\t\t\t\t\t\t\t\t\t\t\t\t\t\t\t<img fetchpriority=\"high\" decoding=\"async\" width=\"270\" height=\"270\" src=\"https:\/\/www.fredastaire.com\/brescia\/wp-content\/uploads\/sites\/353\/2024\/03\/fred-astaire-dance-studio7.jpg\" class=\"attachment-large size-large wp-image-8060\" alt=\"\" srcset=\"https:\/\/www.fredastaire.com\/brescia\/wp-content\/uploads\/sites\/353\/2024\/03\/fred-astaire-dance-studio7.jpg 270w, https:\/\/www.fredastaire.com\/brescia\/wp-content\/uploads\/sites\/353\/2024\/03\/fred-astaire-dance-studio7-150x150.jpg 150w\" sizes=\"(max-width: 270px) 100vw, 270px\" \/>\t\t\t\t\t\t\t\t\t\t\t\t\t\t\t<\/div>\n\t\t\t\t<\/div>\n\t\t\t\t\t<\/div>\n\t\t<\/div>\n\t\t\t\t\t<\/div>\n\t\t<\/section>\n\t\t\t\t<section class=\"elementor-section elementor-top-section elementor-element elementor-element-73698b02 elementor-section-boxed elementor-section-height-default elementor-section-height-default\" data-id=\"73698b02\" data-element_type=\"section\" data-e-type=\"section\" data-settings=\"{&quot;background_background&quot;:&quot;classic&quot;,&quot;_ha_eqh_enable&quot;:false}\">\n\t\t\t\t\t\t<div class=\"elementor-container elementor-column-gap-default\">\n\t\t\t\t\t<div class=\"elementor-column elementor-col-50 elementor-top-column elementor-element elementor-element-2274329f elementor-hidden-tablet elementor-hidden-mobile\" data-id=\"2274329f\" data-element_type=\"column\" data-e-type=\"column\" data-settings=\"{&quot;background_background&quot;:&quot;classic&quot;}\">\n\t\t\t<div class=\"elementor-widget-wrap elementor-element-populated\">\n\t\t\t\t\t\t<div class=\"elementor-element elementor-element-5e55c213 elementor-widget elementor-widget-image\" data-id=\"5e55c213\" data-element_type=\"widget\" data-e-type=\"widget\" data-widget_type=\"image.default\">\n\t\t\t\t<div class=\"elementor-widget-container\">\n\t\t\t\t\t\t\t\t\t\t\t\t\t\t\t<img decoding=\"async\" width=\"270\" height=\"270\" src=\"https:\/\/www.fredastaire.com\/brescia\/wp-content\/uploads\/sites\/353\/2024\/03\/fred-astaire-dance-studio13.jpg\" class=\"attachment-large size-large wp-image-8061\" alt=\"\" srcset=\"https:\/\/www.fredastaire.com\/brescia\/wp-content\/uploads\/sites\/353\/2024\/03\/fred-astaire-dance-studio13.jpg 270w, https:\/\/www.fredastaire.com\/brescia\/wp-content\/uploads\/sites\/353\/2024\/03\/fred-astaire-dance-studio13-150x150.jpg 150w\" sizes=\"(max-width: 270px) 100vw, 270px\" \/>\t\t\t\t\t\t\t\t\t\t\t\t\t\t\t<\/div>\n\t\t\t\t<\/div>\n\t\t\t\t\t<\/div>\n\t\t<\/div>\n\t\t\t\t<div class=\"elementor-column elementor-col-50 elementor-top-column elementor-element elementor-element-7494ea86\" data-id=\"7494ea86\" data-element_type=\"column\" data-e-type=\"column\">\n\t\t\t<div class=\"elementor-widget-wrap elementor-element-populated\">\n\t\t\t\t\t\t<div class=\"elementor-element elementor-element-63bf9cb8 elementor-widget elementor-widget-heading\" data-id=\"63bf9cb8\" data-element_type=\"widget\" data-e-type=\"widget\" data-widget_type=\"heading.default\">\n\t\t\t\t<div class=\"elementor-widget-container\">\n\t\t\t\t\t<h2 class=\"elementor-heading-title elementor-size-default\">Il curriculum dei Fred Astaire Dance Studios<\/h2>\t\t\t\t<\/div>\n\t\t\t\t<\/div>\n\t\t\t\t<div class=\"elementor-element elementor-element-6d02c3db elementor-widget elementor-widget-text-editor\" data-id=\"6d02c3db\" data-element_type=\"widget\" data-e-type=\"widget\" data-widget_type=\"text-editor.default\">\n\t\t\t\t<div class=\"elementor-widget-container\">\n\t\t\t\t\t\t\t\t\t<p>Originariamente ispirato dal superbo stile di ballo di Fred Astaire, il curriculum di ballo dei Fred Astaire Dance Studios copre l\u2019intera gamma di balli american style, latinoamericani, in stile internazionale, esibizioni\/teatro e altro ancora. Campioni di ballo di fama mondiale e membri registrati del Fred Astaire International Dance Council studiano e rivedono continuamente il nostro curriculum, per garantire che ai nostri allievi vengano offerti solo i programmi di ballo pi\u00f9 raffinati e aggiornati. Il nostro metodo di insegnamento unico include un sistema a tre livelli di lezioni private regolarmente programmate, lezioni di gruppo e party di pratica.<\/p>\t\t\t\t\t\t\t\t<\/div>\n\t\t\t\t<\/div>\n\t\t\t\t\t<\/div>\n\t\t<\/div>\n\t\t\t\t\t<\/div>\n\t\t<\/section>\n\t\t\t\t<section class=\"elementor-section elementor-top-section elementor-element elementor-element-18babedd elementor-section-boxed elementor-section-height-default elementor-section-height-default\" data-id=\"18babedd\" data-element_type=\"section\" data-e-type=\"section\" data-settings=\"{&quot;_ha_eqh_enable&quot;:false}\">\n\t\t\t\t\t\t<div class=\"elementor-container elementor-column-gap-default\">\n\t\t\t\t\t<div class=\"elementor-column elementor-col-50 elementor-top-column elementor-element elementor-element-3214b5c4\" data-id=\"3214b5c4\" data-element_type=\"column\" data-e-type=\"column\">\n\t\t\t<div class=\"elementor-widget-wrap elementor-element-populated\">\n\t\t\t\t\t\t<div class=\"elementor-element elementor-element-2d06f840 elementor-widget elementor-widget-heading\" data-id=\"2d06f840\" data-element_type=\"widget\" data-e-type=\"widget\" data-widget_type=\"heading.default\">\n\t\t\t\t<div class=\"elementor-widget-container\">\n\t\t\t\t\t<h2 class=\"elementor-heading-title elementor-size-default\">Lezioni Private<\/h2>\t\t\t\t<\/div>\n\t\t\t\t<\/div>\n\t\t\t\t<div class=\"elementor-element elementor-element-2bf935d3 elementor-widget elementor-widget-text-editor\" data-id=\"2bf935d3\" data-element_type=\"widget\" data-e-type=\"widget\" data-widget_type=\"text-editor.default\">\n\t\t\t\t<div class=\"elementor-widget-container\">\n\t\t\t\t\t\t\t\t\t<p>Le lezioni private, con uno o pi\u00f9 insegnanti di ballo, ti danno l\u2019attenzione speciale e personalizzata per apparire e sentirti sicuro sulla pista da ballo, sviluppando al contempo la capacit\u00e0 di guidare o seguire qualsiasi partner. Ci muoviamo al tuo ritmo, perfezionando il tuo ballo tutto il tempo.<\/p>\t\t\t\t\t\t\t\t<\/div>\n\t\t\t\t<\/div>\n\t\t\t\t\t<\/div>\n\t\t<\/div>\n\t\t\t\t<div class=\"elementor-column elementor-col-50 elementor-top-column elementor-element elementor-element-713a4da6 elementor-hidden-tablet elementor-hidden-mobile\" data-id=\"713a4da6\" data-element_type=\"column\" data-e-type=\"column\">\n\t\t\t<div class=\"elementor-widget-wrap elementor-element-populated\">\n\t\t\t\t\t\t<div class=\"elementor-element elementor-element-7beda341 elementor-widget elementor-widget-image\" data-id=\"7beda341\" data-element_type=\"widget\" data-e-type=\"widget\" data-widget_type=\"image.default\">\n\t\t\t\t<div class=\"elementor-widget-container\">\n\t\t\t\t\t\t\t\t\t\t\t\t\t\t\t<img decoding=\"async\" width=\"270\" height=\"270\" src=\"https:\/\/www.fredastaire.com\/brescia\/wp-content\/uploads\/sites\/353\/2024\/03\/fred-astaire-dance-studio30.jpg\" class=\"attachment-large size-large wp-image-8062\" alt=\"\" srcset=\"https:\/\/www.fredastaire.com\/brescia\/wp-content\/uploads\/sites\/353\/2024\/03\/fred-astaire-dance-studio30.jpg 270w, https:\/\/www.fredastaire.com\/brescia\/wp-content\/uploads\/sites\/353\/2024\/03\/fred-astaire-dance-studio30-150x150.jpg 150w\" sizes=\"(max-width: 270px) 100vw, 270px\" \/>\t\t\t\t\t\t\t\t\t\t\t\t\t\t\t<\/div>\n\t\t\t\t<\/div>\n\t\t\t\t\t<\/div>\n\t\t<\/div>\n\t\t\t\t\t<\/div>\n\t\t<\/section>\n\t\t\t\t<section class=\"elementor-section elementor-top-section elementor-element elementor-element-76ca61aa elementor-section-boxed elementor-section-height-default elementor-section-height-default\" data-id=\"76ca61aa\" data-element_type=\"section\" data-e-type=\"section\" data-settings=\"{&quot;background_background&quot;:&quot;classic&quot;,&quot;_ha_eqh_enable&quot;:false}\">\n\t\t\t\t\t\t<div class=\"elementor-container elementor-column-gap-default\">\n\t\t\t\t\t<div class=\"elementor-column elementor-col-100 elementor-top-column elementor-element elementor-element-7a4b2427\" data-id=\"7a4b2427\" data-element_type=\"column\" data-e-type=\"column\">\n\t\t\t<div class=\"elementor-widget-wrap elementor-element-populated\">\n\t\t\t\t\t\t<div class=\"elementor-element elementor-element-19c1622c elementor-widget elementor-widget-heading\" data-id=\"19c1622c\" data-element_type=\"widget\" data-e-type=\"widget\" data-widget_type=\"heading.default\">\n\t\t\t\t<div class=\"elementor-widget-container\">\n\t\t\t\t\t<h2 class=\"elementor-heading-title elementor-size-default\">Lezioni di Gruppo<\/h2>\t\t\t\t<\/div>\n\t\t\t\t<\/div>\n\t\t\t\t<div class=\"elementor-element elementor-element-2058a679 elementor-widget elementor-widget-text-editor\" data-id=\"2058a679\" data-element_type=\"widget\" data-e-type=\"widget\" data-widget_type=\"text-editor.default\">\n\t\t\t\t<div class=\"elementor-widget-container\">\n\t\t\t\t\t\t\t\t\t<p>Le lezioni di gruppo completano le tue lezioni private, perch\u00e9 \u00e8 qui che si imparano nuovi passi, tecnica e stile. Le lezioni di gruppo ti consentono anche di incontrare altri allievi con obiettivi di ballo simili, sviluppare l\u2019equilibrio e imparare i meccanismi del ballo.<\/p>\t\t\t\t\t\t\t\t<\/div>\n\t\t\t\t<\/div>\n\t\t\t\t<div class=\"elementor-element elementor-element-5ecc8396 elementor-widget elementor-widget-heading\" data-id=\"5ecc8396\" data-element_type=\"widget\" data-e-type=\"widget\" data-widget_type=\"heading.default\">\n\t\t\t\t<div class=\"elementor-widget-container\">\n\t\t\t\t\t<h2 class=\"elementor-heading-title elementor-size-default\">Practice Parties<\/h2>\t\t\t\t<\/div>\n\t\t\t\t<\/div>\n\t\t\t\t<div class=\"elementor-element elementor-element-4f7cc7fb elementor-widget elementor-widget-text-editor\" data-id=\"4f7cc7fb\" data-element_type=\"widget\" data-e-type=\"widget\" data-widget_type=\"text-editor.default\">\n\t\t\t\t<div class=\"elementor-widget-container\">\n\t\t\t\t\t\t\t\t\t<p>Practice Parties regolarmente programmati completano le informazioni insegnate nelle lezioni private e nelle lezioni di gruppo. Durante queste sessioni, nei Fred Astaire Dance Studios, abbassiamo le luci, alziamo la musica e ci godiamo il tempo ballando con persone diverse in un ambiente sociale rilassato. I Practice Parties ti aiutano a \u201cmettere tutto insieme\u201d, aiutano\u00a0 l\u2019identificazione della musica e ti aiutano a imparare a gestire lo spazio sulla pista da ballo. Sono un ottimo (e DIVERTENTE!) modo per applicare ci\u00f2 che stai imparando.<\/p>\t\t\t\t\t\t\t\t<\/div>\n\t\t\t\t<\/div>\n\t\t\t\t\t<\/div>\n\t\t<\/div>\n\t\t\t\t\t<\/div>\n\t\t<\/section>\n\t\t\t\t<section class=\"elementor-section elementor-top-section elementor-element elementor-element-18d0b0c5 elementor-section-boxed elementor-section-height-default elementor-section-height-default\" data-id=\"18d0b0c5\" data-element_type=\"section\" data-e-type=\"section\" data-settings=\"{&quot;background_background&quot;:&quot;classic&quot;,&quot;_ha_eqh_enable&quot;:false}\">\n\t\t\t\t\t\t\t<div class=\"elementor-background-overlay\"><\/div>\n\t\t\t\t\t\t\t<div class=\"elementor-container elementor-column-gap-default\">\n\t\t\t\t\t<div class=\"elementor-column elementor-col-100 elementor-top-column elementor-element elementor-element-2a913bb6\" data-id=\"2a913bb6\" data-element_type=\"column\" data-e-type=\"column\">\n\t\t\t<div class=\"elementor-widget-wrap elementor-element-populated\">\n\t\t\t\t\t\t<div class=\"elementor-element elementor-element-5252d3af elementor-widget elementor-widget-heading\" data-id=\"5252d3af\" data-element_type=\"widget\" data-e-type=\"widget\" data-widget_type=\"heading.default\">\n\t\t\t\t<div class=\"elementor-widget-container\">\n\t\t\t\t\t<h2 class=\"elementor-heading-title elementor-size-default\">Il Fred Astaire Dance Studios Trophy System<\/h2>\t\t\t\t<\/div>\n\t\t\t\t<\/div>\n\t\t\t\t<div class=\"elementor-element elementor-element-adc3f5a elementor-widget elementor-widget-text-editor\" data-id=\"adc3f5a\" data-element_type=\"widget\" data-e-type=\"widget\" data-widget_type=\"text-editor.default\">\n\t\t\t\t<div class=\"elementor-widget-container\">\n\t\t\t\t\t\t\t\t\t<p>Il Trophy System dei Fred Astaire Dance Studios offre un modo semplice per monitorare i tuoi progressi mentre ti diverti a ballare! I nostri programmi per principianti e il programma Social Foundation insegnano ai nuovi allievi i passi e le tecniche per muoversi comodamente sulla pista da ballo. Da l\u00ec, gli allievi possono passare al programma Bronze (il nostro programma pi\u00f9 popolare!), che consente agli allievi di ballare su piste di qualsiasi dimensione, con qualsiasi musica, con qualsiasi partner e sentirsi a proprio agio e sicuri di s\u00e9. Da l\u00ec, gli allievi possono continuare con il programma Silver e poi fino a Gold!<\/p><p>Il ballo sociale \u00e8 uno dei passatempi pi\u00f9 popolari al mondo, apprezzato in ogni paese, da persone di tutte le et\u00e0. Nel conoscere e andare d\u2019accordo con le persone, ballare \u00e8 un vero vantaggio sociale. La buona notizia \u00e8 che, poich\u00e9 ballare \u00e8 una forma naturale di espressione umana, ogni persona \u00e8 un potenziale ballerino! Nei Fred Astaire Dance Studios, scoprirai che imparare a ballare, (come ballare in s\u00e9), \u00e8 pieno di euforia e senso di realizzazione. Quando inizierai a padroneggiare questa arte senza tempo, ti renderai conto degli innumerevoli benefici sociali, fisici, emotivi ed estetici della danza. Che tu sia un principiante o un ballerino esperto, il nostro staff far\u00e0 del suo meglio per far emergere il ballerino che \u00e8 in te e aiutarti a raggiungere i tuoi obiettivi di ballo. E ti divertirai cos\u00ec tanto durante il tuo percorso, che sappiamo gi\u00e0 che vorrai continuare! Contattaci oggi, iniziamo!<\/p>\t\t\t\t\t\t\t\t<\/div>\n\t\t\t\t<\/div>\n\t\t\t\t<div class=\"elementor-element elementor-element-72ffcc9c elementor-widget elementor-widget-ha-creative-button happy-addon ha-creative-button\" data-id=\"72ffcc9c\" data-element_type=\"widget\" data-e-type=\"widget\" data-widget_type=\"ha-creative-button.default\">\n\t\t\t\t<div class=\"elementor-widget-container\">\n\t\t\t\t\t\t\t<div data-magnetic=\"no\" class=\"ha-creative-btn-wrap\">\n\t\t\t<a class=\"ha-creative-btn ha-stl--hermosa ha-eft--exploit\" href=\"\/online-trophy-system\/\" rel=\"nofollow\"><span>Online Trophy System<\/span><\/a>\n\t\t<\/div>\t\t\t\t<\/div>\n\t\t\t\t<\/div>\n\t\t\t\t\t<\/div>\n\t\t<\/div>\n\t\t\t\t\t<\/div>\n\t\t<\/section>\n\t\t\t\t<\/div>\n\t\t","protected":false},"excerpt":{"rendered":"<p>Teaching Methods Metodo di Insegnamento Fred Astaire Dance Studios \u00c8 nostro privilegio portare il nome Fred Astaire Dance Studios e ci impegniamo a sostenere la reputazione del nostro co-fondatore, Mr. Fred Astaire, in tutto ci\u00f2 che facciamo. L\u2019atmosfera calda, gioiosa e non giudicante al 100% che scoprirai nei Fred Astaire Dance Studios \u00e8 dovuta a [&hellip;]<\/p>\n","protected":false},"author":126,"featured_media":0,"parent":0,"menu_order":0,"comment_status":"closed","ping_status":"closed","template":"","meta":{"_acf_changed":false,"footnotes":""},"class_list":["post-5801","page","type-page","status-publish","hentry"],"acf":[],"_links":{"self":[{"href":"https:\/\/www.fredastaire.com\/brescia\/wp-json\/wp\/v2\/pages\/5801","targetHints":{"allow":["GET"]}}],"collection":[{"href":"https:\/\/www.fredastaire.com\/brescia\/wp-json\/wp\/v2\/pages"}],"about":[{"href":"https:\/\/www.fredastaire.com\/brescia\/wp-json\/wp\/v2\/types\/page"}],"author":[{"embeddable":true,"href":"https:\/\/www.fredastaire.com\/brescia\/wp-json\/wp\/v2\/users\/126"}],"replies":[{"embeddable":true,"href":"https:\/\/www.fredastaire.com\/brescia\/wp-json\/wp\/v2\/comments?post=5801"}],"version-history":[{"count":0,"href":"https:\/\/www.fredastaire.com\/brescia\/wp-json\/wp\/v2\/pages\/5801\/revisions"}],"wp:attachment":[{"href":"https:\/\/www.fredastaire.com\/brescia\/wp-json\/wp\/v2\/media?parent=5801"}],"curies":[{"name":"wp","href":"https:\/\/api.w.org\/{rel}","templated":true}]}}