{"id":5839,"date":"2019-03-29T02:31:43","date_gmt":"2019-03-29T06:31:43","guid":{"rendered":"https:\/\/www.fredastaire.com\/brescia\/?page_id=5839"},"modified":"2024-03-06T19:19:10","modified_gmt":"2024-03-06T18:19:10","slug":"merengue","status":"publish","type":"page","link":"https:\/\/www.fredastaire.com\/brescia\/merengue\/","title":{"rendered":"Merengue"},"content":{"rendered":"\t\t<div data-elementor-type=\"wp-page\" data-elementor-id=\"5839\" class=\"elementor elementor-5839\" data-elementor-settings=\"{&quot;ha_cmc_init_switcher&quot;:&quot;no&quot;}\" data-elementor-post-type=\"page\">\n\t\t\t\t\t\t<section class=\"elementor-section elementor-top-section elementor-element elementor-element-41b685a3 elementor-section-height-min-height elementor-section-boxed elementor-section-height-default elementor-section-items-middle\" data-id=\"41b685a3\" data-element_type=\"section\" data-e-type=\"section\" data-settings=\"{&quot;background_background&quot;:&quot;classic&quot;,&quot;_ha_eqh_enable&quot;:false}\">\n\t\t\t\t\t\t<div class=\"elementor-container elementor-column-gap-default\">\n\t\t\t\t\t<div class=\"elementor-column elementor-col-100 elementor-top-column elementor-element elementor-element-d641e50\" data-id=\"d641e50\" data-element_type=\"column\" data-e-type=\"column\">\n\t\t\t<div class=\"elementor-widget-wrap\">\n\t\t\t\t\t\t\t<\/div>\n\t\t<\/div>\n\t\t\t\t\t<\/div>\n\t\t<\/section>\n\t\t\t\t<section class=\"elementor-section elementor-top-section elementor-element elementor-element-76243d17 elementor-section-boxed elementor-section-height-default elementor-section-height-default\" data-id=\"76243d17\" data-element_type=\"section\" data-e-type=\"section\" data-settings=\"{&quot;_ha_eqh_enable&quot;:false}\">\n\t\t\t\t\t\t<div class=\"elementor-container elementor-column-gap-default\">\n\t\t\t\t\t<div class=\"elementor-column elementor-col-50 elementor-top-column elementor-element elementor-element-6646f475\" data-id=\"6646f475\" data-element_type=\"column\" data-e-type=\"column\">\n\t\t\t<div class=\"elementor-widget-wrap elementor-element-populated\">\n\t\t\t\t\t\t<div class=\"elementor-element elementor-element-610c2b5a elementor-widget elementor-widget-heading\" data-id=\"610c2b5a\" data-element_type=\"widget\" data-e-type=\"widget\" data-widget_type=\"heading.default\">\n\t\t\t\t<div class=\"elementor-widget-container\">\n\t\t\t\t\t<h1 class=\"elementor-heading-title elementor-size-default\">Merengue<\/h1>\t\t\t\t<\/div>\n\t\t\t\t<\/div>\n\t\t\t\t<div class=\"elementor-element elementor-element-584ab06f elementor-widget__width-inherit elementor-widget elementor-widget-text-editor\" data-id=\"584ab06f\" data-element_type=\"widget\" data-e-type=\"widget\" data-widget_type=\"text-editor.default\">\n\t\t\t\t<div class=\"elementor-widget-container\">\n\t\t\t\t\t\t\t\t\t<p>Sia Haiti che la Repubblica Dominicana rivendicano il Merengue come loro. Secondo la tradizione haitiana, un precedente sovrano del loro paese aveva un figlio zoppo a cui piaceva ballare. Affinch\u00e9 questo amato principe non si sentisse imbarazzato per la sua afflizione, l\u2019intero popolo prese a ballare come se fossero tutti zoppi. La versione del domenicano \u00e8 che il ballo abbia avuto origine in una festa che \u00e8 stata data per onorare un eroe di guerra di ritorno. Quando il valoroso guerriero si alz\u00f2 per ballare, zoppic\u00f2 sulla gamba sinistra ferita. Piuttosto che farlo sentire imbarazzato, tutti gli uomini presenti hanno preferito zoppicare sulle loro gambe sinistre mentre ballavano.<\/p><div class=\"read-more-text\"><p>In both countries for many generations, the Merengue was taught and danced with these back stories in mind. When couples got up to dance the Merengue, the man favored his left leg and the lady favored her right leg; while flexing their knees a bit more than usual and at the same time leaning the body slightly to the same side. Haitians and Dominicans alike refer to the Merengue as their \u201csinging dance;\u201d this is understandable when you consider the exhilarating brightness of the staccato rhythm. The Merengue is danced in place to Latin music.<\/p><p>Whether you\u2019re looking for a new hobby or a way to connect with your partner, want to take your dancing skills to the next level, or just want to improve your social life, the teaching methods of Fred Astaire will result in faster learning rates, higher levels of achievement \u2013 and more FUN! Contact us today, we\u2019d love to help you get started.<\/p><\/div>\t\t\t\t\t\t\t\t<\/div>\n\t\t\t\t<\/div>\n\t\t\t\t<div class=\"elementor-element elementor-element-116abe3f elementor-widget elementor-widget-video\" data-id=\"116abe3f\" data-element_type=\"widget\" data-e-type=\"widget\" data-settings=\"{&quot;youtube_url&quot;:&quot;https:\\\/\\\/youtu.be\\\/DOivuVHhq0Y&quot;,&quot;video_type&quot;:&quot;youtube&quot;,&quot;controls&quot;:&quot;yes&quot;}\" data-widget_type=\"video.default\">\n\t\t\t\t<div class=\"elementor-widget-container\">\n\t\t\t\t\t\t\t<div class=\"elementor-wrapper elementor-open-inline\">\n\t\t\t<div class=\"elementor-video\"><\/div>\t\t<\/div>\n\t\t\t\t\t\t<\/div>\n\t\t\t\t<\/div>\n\t\t\t\t\t<\/div>\n\t\t<\/div>\n\t\t\t\t<div class=\"elementor-column elementor-col-50 elementor-top-column elementor-element elementor-element-2e31a95a\" data-id=\"2e31a95a\" data-element_type=\"column\" data-e-type=\"column\">\n\t\t\t<div class=\"elementor-widget-wrap elementor-element-populated\">\n\t\t\t\t\t\t<div class=\"elementor-element elementor-element-294df4e8 elementor-widget elementor-widget-ucaddon_simple_list_menu\" data-id=\"294df4e8\" data-element_type=\"widget\" data-e-type=\"widget\" data-widget_type=\"ucaddon_simple_list_menu.default\">\n\t\t\t\t<div class=\"elementor-widget-container\">\n\t\t\t\t\t\n<!-- start List Menu -->\n\t\t<link id='font-awesome-css' href='https:\/\/www.fredastaire.com\/brescia\/wp-content\/plugins\/unlimited-elements-for-elementor-premium\/assets_libraries\/font-awesome6\/fontawesome-all.min.css' type='text\/css' rel='stylesheet' >\n\t\t<link id='font-awesome-4-shim-css' href='https:\/\/www.fredastaire.com\/brescia\/wp-content\/plugins\/unlimited-elements-for-elementor-premium\/assets_libraries\/font-awesome6\/fontawesome-v4-shims.min.css' type='text\/css' rel='stylesheet' >\n\n<style>\/* widget: List Menu *\/\n\n#uc_simple_list_menu_elementor_294df4e8\n{\n  text-align:left;\n}\n#uc_simple_list_menu_elementor_294df4e8 ul\n{\n  padding:0;\n  list-style:none;\n  margin:0;\n}\n\n#uc_simple_list_menu_elementor_294df4e8 ul li\n{\n  padding:0;\n  list-style:none;\n  margin:0;\n}\n\n#uc_simple_list_menu_elementor_294df4e8 ul li.current_page_item\n{\n  background-color:#f2f2f2;\n}\n\n#uc_simple_list_menu_elementor_294df4e8 ul ul li.current_page_item\n{\n  background-color:#f2f2f2;\n}\n\n#uc_simple_list_menu_elementor_294df4e8 ul ul ul li.current_page_item\n{\n  background-color:#e6e6e6;\n}\n\n#uc_simple_list_menu_elementor_294df4e8 ul li:last-child\n{\n  border-bottom:none;\n}\n\n#uc_simple_list_menu_elementor_294df4e8 ul li a\n{\n  text-decoration:none;\n  display:block;\n}\n\n#uc_simple_list_menu_elementor_294df4e8 ul li a:before {\n   font-family: \"Font Awesome 5 Free\";\n   content: \"\\f00c\";\n   display: inline-block;\n   vertical-align: middle;\n   font-weight: 900;\n}\n\n\n<\/style>\n\n<div id=\"uc_simple_list_menu_elementor_294df4e8\" class=\"simple_list_menu\">\n<ul id=\"menu-types-of-dance\" class=\"uc-list-menu\"><li id=\"menu-item-8000\" class=\"menu-item menu-item-type-custom menu-item-object-custom menu-item-has-children menu-item-8000\"><a href=\"#\">Rhythm<\/a>\n<ul class=\"sub-menu\">\n\t<li id=\"menu-item-8016\" class=\"menu-item menu-item-type-post_type menu-item-object-page menu-item-8016\"><a href=\"https:\/\/www.fredastaire.com\/brescia\/salsa\/\">Salsa<\/a><\/li>\n\t<li id=\"menu-item-8011\" class=\"menu-item menu-item-type-post_type menu-item-object-page menu-item-8011\"><a href=\"https:\/\/www.fredastaire.com\/brescia\/mambo\/\">Mambo<\/a><\/li>\n\t<li id=\"menu-item-8009\" class=\"menu-item menu-item-type-post_type menu-item-object-page menu-item-8009\"><a href=\"https:\/\/www.fredastaire.com\/brescia\/hustle\/\">Hustle<\/a><\/li>\n\t<li id=\"menu-item-8007\" class=\"menu-item menu-item-type-post_type menu-item-object-page menu-item-8007\"><a href=\"https:\/\/www.fredastaire.com\/brescia\/east-coast-swing\/\">East Coast Swing<\/a><\/li>\n\t<li id=\"menu-item-8022\" class=\"menu-item menu-item-type-post_type menu-item-object-page menu-item-8022\"><a href=\"https:\/\/www.fredastaire.com\/brescia\/west-coast-swing\/\">West Coast Swing<\/a><\/li>\n\t<li id=\"menu-item-8012\" class=\"menu-item menu-item-type-post_type menu-item-object-page menu-item-8012\"><a href=\"https:\/\/www.fredastaire.com\/brescia\/merengue\/\">Merengue<\/a><\/li>\n\t<li id=\"menu-item-8015\" class=\"menu-item menu-item-type-post_type menu-item-object-page menu-item-8015\"><a href=\"https:\/\/www.fredastaire.com\/brescia\/rumba\/\">Rumba<\/a><\/li>\n\t<li id=\"menu-item-8005\" class=\"menu-item menu-item-type-post_type menu-item-object-page menu-item-8005\"><a href=\"https:\/\/www.fredastaire.com\/brescia\/cha-cha\/\">Cha Cha<\/a><\/li>\n\t<li id=\"menu-item-8017\" class=\"menu-item menu-item-type-post_type menu-item-object-page menu-item-8017\"><a href=\"https:\/\/www.fredastaire.com\/brescia\/samba\/\">Samba<\/a><\/li>\n\t<li id=\"menu-item-8004\" class=\"menu-item menu-item-type-post_type menu-item-object-page menu-item-8004\"><a href=\"https:\/\/www.fredastaire.com\/brescia\/bolero\/\">Bolero<\/a><\/li>\n\t<li id=\"menu-item-8013\" class=\"menu-item menu-item-type-post_type menu-item-object-page menu-item-8013\"><a href=\"https:\/\/www.fredastaire.com\/brescia\/paso-doble\/\">Paso Doble<\/a><\/li>\n\t<li id=\"menu-item-8010\" class=\"menu-item menu-item-type-post_type menu-item-object-page menu-item-8010\"><a href=\"https:\/\/www.fredastaire.com\/brescia\/jive\/\">Jive<\/a><\/li>\n\t<li id=\"menu-item-8003\" class=\"menu-item menu-item-type-post_type menu-item-object-page menu-item-8003\"><a href=\"https:\/\/www.fredastaire.com\/brescia\/bachata\/\">Bachata<\/a><\/li>\n<\/ul>\n<\/li>\n<li id=\"menu-item-8001\" class=\"menu-item menu-item-type-custom menu-item-object-custom menu-item-has-children menu-item-8001\"><a href=\"#\">Smooth<\/a>\n<ul class=\"sub-menu\">\n\t<li id=\"menu-item-8019\" class=\"menu-item menu-item-type-post_type menu-item-object-page menu-item-8019\"><a href=\"https:\/\/www.fredastaire.com\/brescia\/argentine-tango\/\">Tango Argentino<\/a><\/li>\n\t<li id=\"menu-item-8008\" class=\"menu-item menu-item-type-post_type menu-item-object-page menu-item-8008\"><a href=\"https:\/\/www.fredastaire.com\/brescia\/foxtrot\/\">Foxtrot<\/a><\/li>\n\t<li id=\"menu-item-8018\" class=\"menu-item menu-item-type-post_type menu-item-object-page menu-item-8018\"><a href=\"https:\/\/www.fredastaire.com\/brescia\/tango\/\">Tango<\/a><\/li>\n\t<li id=\"menu-item-8021\" class=\"menu-item menu-item-type-post_type menu-item-object-page menu-item-8021\"><a href=\"https:\/\/www.fredastaire.com\/brescia\/waltz\/\">Waltz<\/a><\/li>\n\t<li id=\"menu-item-8020\" class=\"menu-item menu-item-type-post_type menu-item-object-page menu-item-8020\"><a href=\"https:\/\/www.fredastaire.com\/brescia\/viennese-waltz\/\">Viennese Waltz<\/a><\/li>\n\t<li id=\"menu-item-8014\" class=\"menu-item menu-item-type-post_type menu-item-object-page menu-item-8014\"><a href=\"https:\/\/www.fredastaire.com\/brescia\/quickstep\/\">Quickstep<\/a><\/li>\n<\/ul>\n<\/li>\n<li id=\"menu-item-8002\" class=\"menu-item menu-item-type-custom menu-item-object-custom menu-item-has-children menu-item-8002\"><a href=\"#\">Country Western<\/a>\n<ul class=\"sub-menu\">\n\t<li id=\"menu-item-8006\" class=\"menu-item menu-item-type-post_type menu-item-object-page menu-item-8006\"><a href=\"https:\/\/www.fredastaire.com\/brescia\/country-western\/\">Two-Step<\/a><\/li>\n<\/ul>\n<\/li>\n<\/ul>\n<\/div>\n<!-- end List Menu -->\t\t\t\t<\/div>\n\t\t\t\t<\/div>\n\t\t\t\t\t<\/div>\n\t\t<\/div>\n\t\t\t\t\t<\/div>\n\t\t<\/section>\n\t\t\t\t<\/div>\n\t\t","protected":false},"excerpt":{"rendered":"<p>Merengue Sia Haiti che la Repubblica Dominicana rivendicano il Merengue come loro. Secondo la tradizione haitiana, un precedente sovrano del loro paese aveva un figlio zoppo a cui piaceva ballare. Affinch\u00e9 questo amato principe non si sentisse imbarazzato per la sua afflizione, l\u2019intero popolo prese a ballare come se fossero tutti zoppi. La versione del [&hellip;]<\/p>\n","protected":false},"author":126,"featured_media":0,"parent":0,"menu_order":0,"comment_status":"closed","ping_status":"closed","template":"","meta":{"_acf_changed":false,"footnotes":""},"class_list":["post-5839","page","type-page","status-publish","hentry"],"acf":[],"_links":{"self":[{"href":"https:\/\/www.fredastaire.com\/brescia\/wp-json\/wp\/v2\/pages\/5839","targetHints":{"allow":["GET"]}}],"collection":[{"href":"https:\/\/www.fredastaire.com\/brescia\/wp-json\/wp\/v2\/pages"}],"about":[{"href":"https:\/\/www.fredastaire.com\/brescia\/wp-json\/wp\/v2\/types\/page"}],"author":[{"embeddable":true,"href":"https:\/\/www.fredastaire.com\/brescia\/wp-json\/wp\/v2\/users\/126"}],"replies":[{"embeddable":true,"href":"https:\/\/www.fredastaire.com\/brescia\/wp-json\/wp\/v2\/comments?post=5839"}],"version-history":[{"count":0,"href":"https:\/\/www.fredastaire.com\/brescia\/wp-json\/wp\/v2\/pages\/5839\/revisions"}],"wp:attachment":[{"href":"https:\/\/www.fredastaire.com\/brescia\/wp-json\/wp\/v2\/media?parent=5839"}],"curies":[{"name":"wp","href":"https:\/\/api.w.org\/{rel}","templated":true}]}}