{"id":6689,"date":"2019-04-02T04:11:49","date_gmt":"2019-04-02T08:11:49","guid":{"rendered":"https:\/\/www.fredastaire.com\/brescia\/?page_id=6689"},"modified":"2024-03-06T18:16:31","modified_gmt":"2024-03-06T17:16:31","slug":"web-site-terms-conditions","status":"publish","type":"page","link":"https:\/\/www.fredastaire.com\/brescia\/terms-service\/","title":{"rendered":"Termini e Condizioni d&#8217;Uso del Sito Web"},"content":{"rendered":"\t\t<div data-elementor-type=\"wp-page\" data-elementor-id=\"6689\" class=\"elementor elementor-6689\" data-elementor-settings=\"{&quot;ha_cmc_init_switcher&quot;:&quot;no&quot;}\" data-elementor-post-type=\"page\">\n\t\t\t\t\t\t<section class=\"elementor-section elementor-top-section elementor-element elementor-element-bd102ed elementor-section-height-min-height elementor-section-boxed elementor-section-height-default elementor-section-items-middle\" data-id=\"bd102ed\" data-element_type=\"section\" data-e-type=\"section\" data-settings=\"{&quot;background_background&quot;:&quot;classic&quot;,&quot;_ha_eqh_enable&quot;:false}\">\n\t\t\t\t\t\t\t<div class=\"elementor-background-overlay\"><\/div>\n\t\t\t\t\t\t\t<div class=\"elementor-container elementor-column-gap-default\">\n\t\t\t\t\t<div class=\"elementor-column elementor-col-100 elementor-top-column elementor-element elementor-element-4324ea17\" data-id=\"4324ea17\" data-element_type=\"column\" data-e-type=\"column\">\n\t\t\t<div class=\"elementor-widget-wrap elementor-element-populated\">\n\t\t\t\t\t\t<div class=\"elementor-element elementor-element-2f0fe3ef elementor-widget elementor-widget-heading\" data-id=\"2f0fe3ef\" data-element_type=\"widget\" data-e-type=\"widget\" data-widget_type=\"heading.default\">\n\t\t\t\t<div class=\"elementor-widget-container\">\n\t\t\t\t\t<h1 class=\"elementor-heading-title elementor-size-default\">Termini e Condizioni<\/h1>\t\t\t\t<\/div>\n\t\t\t\t<\/div>\n\t\t\t\t\t<\/div>\n\t\t<\/div>\n\t\t\t\t\t<\/div>\n\t\t<\/section>\n\t\t\t\t<section class=\"elementor-section elementor-top-section elementor-element elementor-element-76f1608a elementor-section-boxed elementor-section-height-default elementor-section-height-default\" data-id=\"76f1608a\" data-element_type=\"section\" data-e-type=\"section\" data-settings=\"{&quot;_ha_eqh_enable&quot;:false}\">\n\t\t\t\t\t\t<div class=\"elementor-container elementor-column-gap-default\">\n\t\t\t\t\t<div class=\"elementor-column elementor-col-100 elementor-top-column elementor-element elementor-element-5d417c13\" data-id=\"5d417c13\" data-element_type=\"column\" data-e-type=\"column\">\n\t\t\t<div class=\"elementor-widget-wrap elementor-element-populated\">\n\t\t\t\t\t\t<div class=\"elementor-element elementor-element-16705857 elementor-widget elementor-widget-heading\" data-id=\"16705857\" data-element_type=\"widget\" data-e-type=\"widget\" data-widget_type=\"heading.default\">\n\t\t\t\t<div class=\"elementor-widget-container\">\n\t\t\t\t\t<h2 class=\"elementor-heading-title elementor-size-default\">Termini e Condizioni d\u2019Uso del Sito Web<\/h2>\t\t\t\t<\/div>\n\t\t\t\t<\/div>\n\t\t\t\t<div class=\"elementor-element elementor-element-2ebf7cd elementor-widget elementor-widget-ucaddon_list\" data-id=\"2ebf7cd\" data-element_type=\"widget\" data-e-type=\"widget\" data-widget_type=\"ucaddon_list.default\">\n\t\t\t\t<div class=\"elementor-widget-container\">\n\t\t\t\t\t\n<!-- start List -->\n\t\t<link id='font-awesome-css' href='https:\/\/www.fredastaire.com\/brescia\/wp-content\/plugins\/unlimited-elements-for-elementor-premium\/assets_libraries\/font-awesome6\/fontawesome-all.min.css' type='text\/css' rel='stylesheet' >\n\t\t<link id='font-awesome-4-shim-css' href='https:\/\/www.fredastaire.com\/brescia\/wp-content\/plugins\/unlimited-elements-for-elementor-premium\/assets_libraries\/font-awesome6\/fontawesome-v4-shims.min.css' type='text\/css' rel='stylesheet' >\n\n<style>\/* widget: List *\/\n\n\n\n#uc_list_elementor_2ebf7cd{\n  display:grid;\n  position:relative;\n}\n\n#uc_list_elementor_2ebf7cd .ue-list-item\n{\n  display:flex;\n}\n\n#uc_list_elementor_2ebf7cd .ue-list-item-title{\n  display:flex;\n  align-items: center;\n} \n\n#uc_list_elementor_2ebf7cd .ue-list-item-image img\n{\n  max-width:100%;\n}\n#uc_list_elementor_2ebf7cd .ue-list-item-text *{\n  margin-bottom:0px;\n  transition: inherit;\n}\n\n#uc_list_elementor_2ebf7cd .ue-list-item-index\n{\n  flex-grow:0;\n  flex-shrink:0;\n  display:flex;\n  align-items:center;\n  justify-content:center;\n  line-height:1em;\n}\n\n#uc_list_elementor_2ebf7cd .ue-list-item-index svg\n{\n  height:1em;\n  width:1em;\n}\n\n#uc_list_elementor_2ebf7cd .ue-list-item-content\n{\n  flex-grow:1;\n}\n.ue_badge{\n  font-size:13px;\n}\n\n<\/style>\n\n<div id=\"uc_list_elementor_2ebf7cd\" class=\"ue-list uc-items-wrapper  \"  >\n  <div class=\"ue-list-item elementor-repeater-item-b34aec2\">\n  <div class=\"ue-list-item-index\">\n      1            \n  <\/div>\n  <div class=\"ue-list-item-content\">\n      <h3 class=\"ue-list-item-title\">Termini e Condizioni \n                  <\/h3>\n          <div class=\"ue-list-item-text\"><p>Accedendo a questo sito web, accetti di essere vincolato da questi Termini e Condizioni d\u2019uso del sito web, tutte le leggi e i regolamenti applicabili e accetti di essere responsabile del rispetto di tutte le leggi locali applicabili. Se non sei d\u2019accordo con nessuno di questi termini, ti \u00e8 vietato utilizzare o accedere a questo sito. I materiali contenuti in questo sito web sono protetti dalle leggi sul diritto d\u2019autore e sui marchi applicabili.<\/p><\/div>             <\/div>\n<\/div>\n<div class=\"ue-list-item elementor-repeater-item-de77bac\">\n  <div class=\"ue-list-item-index\">\n      2            \n  <\/div>\n  <div class=\"ue-list-item-content\">\n      <h3 class=\"ue-list-item-title\">Licenza d\u2019Uso \n                  <\/h3>\n          <div class=\"ue-list-item-text\"><ol type=\"a\"><li>\u00c8 concesso il permesso di scaricare temporaneamente una copia dei materiali (informazioni o software) sul sito Web di Fred Astaire Dance Studios, Inc per la sola visualizzazione temporanea personale e non commerciale. Questa \u00e8 la concessione di una licenza, non un trasferimento di titolo, e in base a questa licenza non puoi:<p>modificare o copiare i materiali;<br \/>utilizzare i materiali per qualsiasi scopo commerciale o per qualsiasi esposizione pubblica (commerciale o non commerciale);<\/p><\/li><li>tentare di decompilare o decodificare qualsiasi software contenuto nel sito Web di Fred Astaire Dance Studios, Inc;<\/li><li>rimuovere qualsiasi copyright o altre annotazioni proprietarie dai materiali; o trasferire i materiali a un\u2019altra persona o \u201crispecchiare\u201d i materiali su qualsiasi altro server.<\/li><li>Questa licenza cesser\u00e0 automaticamente in caso di violazione di una qualsiasi di queste restrizioni e potrebbe essere revocata da Fred Astaire Dance Studios, Inc in qualsiasi momento. Al termine della visualizzazione di questi materiali o alla cessazione di questa licenza, \u00e8 necessario distruggere tutti i materiali scaricati in tuo possesso sia in formato elettronico che cartaceo.<\/li><li>\u00a0<\/li><\/ol><\/div>             <\/div>\n<\/div>\n<div class=\"ue-list-item elementor-repeater-item-e79eb31\">\n  <div class=\"ue-list-item-index\">\n      3            \n  <\/div>\n  <div class=\"ue-list-item-content\">\n      <h3 class=\"ue-list-item-title\">Disclaimer \n                  <\/h3>\n          <div class=\"ue-list-item-text\"><ol type=\"a\"><li>I materiali sul sito Web di Fred Astaire Dance Studios, Inc sono forniti \u201ccos\u00ec come sono\u201d. Fred Astaire Dance Studios, Inc non fornisce alcuna garanzia, espressa o implicita, e con la presente declina e nega tutte le altre garanzie, incluse, a titolo esemplificativo, garanzie o condizioni implicite di commerciabilit\u00e0, idoneit\u00e0 per uno scopo particolare o non violazione della propriet\u00e0 intellettuale o altra violazione di diritti. Inoltre, Fred Astaire Dance Studios, Inc non garantisce n\u00e9 rilascia alcuna dichiarazione in merito all\u2019accuratezza, ai risultati probabili o all\u2019affidabilit\u00e0 dell\u2019uso dei materiali sul proprio sito Web Internet o comunque relativi a tali materiali o su qualsiasi sito collegato a questo sito.<\/li><\/ol><\/div>             <\/div>\n<\/div>\n<div class=\"ue-list-item elementor-repeater-item-c4b834b\">\n  <div class=\"ue-list-item-index\">\n      4            \n  <\/div>\n  <div class=\"ue-list-item-content\">\n      <h3 class=\"ue-list-item-title\">Limitazioni \n                  <\/h3>\n          <div class=\"ue-list-item-text\"><p>In nessun caso Fred Astaire Dance Studios, Inc o i suoi fornitori potranno essere ritenuti responsabili per eventuali danni (inclusi, a titolo esemplificativo, danni per perdita di dati o profitti, o dovuti all\u2019interruzione dell\u2019attivit\u00e0) derivanti dall\u2019uso o dall\u2019impossibilit\u00e0 di utilizzare i materiali sul sito Internet di Fred Astaire Dance Studios, Inc, anche se Fred Astaire Dance Studios, Inc o un rappresentante autorizzato di Fred Astaire Dance Studios, Inc sono stati informati oralmente o per iscritto della possibilit\u00e0 di tale danno. Poich\u00e9 alcune giurisdizioni non consentono limitazioni alle garanzie implicite o limitazioni di responsabilit\u00e0 per danni consequenziali o incidentali, queste limitazioni potrebbero non essere applicabili all\u2019utente.<\/p><\/div>             <\/div>\n<\/div>\n<div class=\"ue-list-item elementor-repeater-item-6a12bec\">\n  <div class=\"ue-list-item-index\">\n      5            \n  <\/div>\n  <div class=\"ue-list-item-content\">\n      <h3 class=\"ue-list-item-title\">Revisioni ed Errori \n                  <\/h3>\n          <div class=\"ue-list-item-text\"><p>I materiali che appaiono sul sito Web di Fred Astaire Dance Studios, Inc potrebbero includere errori tecnici, tipografici o fotografici. Fred Astaire Dance Studios, Inc non garantisce che nessuno dei materiali sul proprio sito Web sia accurato, completo o aggiornato. Fred Astaire Dance Studios, Inc pu\u00f2 apportare modifiche ai materiali contenuti nel proprio sito Web in qualsiasi momento senza preavviso. Tuttavia, la Fred Astaire Dance Studios, Inc non si impegna ad aggiornare i materiali.<\/p><\/div>             <\/div>\n<\/div>\n<div class=\"ue-list-item elementor-repeater-item-f272466\">\n  <div class=\"ue-list-item-index\">\n      6            \n  <\/div>\n  <div class=\"ue-list-item-content\">\n      <h3 class=\"ue-list-item-title\">Links \n                  <\/h3>\n          <div class=\"ue-list-item-text\"><p>Fred Astaire Dance Studios, Inc non ha esaminato tutti i siti collegati al proprio sito Web Internet e non \u00e8 responsabile per i contenuti di tali siti collegati. L\u2019inclusione di qualsiasi collegamento non implica l\u2019approvazione del sito da parte di Fred Astaire Dance Studios, Inc. L\u2019uso di tali siti Web collegati \u00e8 a rischio e pericolo dell\u2019utente.<\/p><\/div>             <\/div>\n<\/div>\n<div class=\"ue-list-item elementor-repeater-item-f9346e7\">\n  <div class=\"ue-list-item-index\">\n      7            \n  <\/div>\n  <div class=\"ue-list-item-content\">\n      <h3 class=\"ue-list-item-title\">Site Terms of Use Modifications \n                  <\/h3>\n          <div class=\"ue-list-item-text\"><p>Fred Astaire Dance Studios, Inc may revise these terms of use for its web site at any time without notice. By using this web site you are agreeing to be bound by the then current version of these Terms and Conditions of Use.<\/p><\/div>             <\/div>\n<\/div>\n<div class=\"ue-list-item elementor-repeater-item-3a1eefa\">\n  <div class=\"ue-list-item-index\">\n      8            \n  <\/div>\n  <div class=\"ue-list-item-content\">\n      <h3 class=\"ue-list-item-title\">Governing Law \n                  <\/h3>\n          <div class=\"ue-list-item-text\"><p>Any claim relating to Fred Astaire Dance Studios, Inc\u2019s web site shall be governed by the laws of the State of Massachusetts without regard to its conflict of law provisions.<\/p><p>General Terms and Conditions applicable to Use of a Web Site.<\/p><\/div>             <\/div>\n<\/div>\n\n<\/div>\n<!-- end List -->\t\t\t\t<\/div>\n\t\t\t\t<\/div>\n\t\t\t\t\t<\/div>\n\t\t<\/div>\n\t\t\t\t\t<\/div>\n\t\t<\/section>\n\t\t\t\t<section class=\"elementor-section elementor-top-section elementor-element elementor-element-57efb2de elementor-section-boxed elementor-section-height-default elementor-section-height-default\" data-id=\"57efb2de\" data-element_type=\"section\" data-e-type=\"section\" data-settings=\"{&quot;background_background&quot;:&quot;classic&quot;,&quot;_ha_eqh_enable&quot;:false}\">\n\t\t\t\t\t\t<div class=\"elementor-container elementor-column-gap-default\">\n\t\t\t\t\t<div class=\"elementor-column elementor-col-100 elementor-top-column elementor-element elementor-element-28c62a23\" data-id=\"28c62a23\" data-element_type=\"column\" data-e-type=\"column\">\n\t\t\t<div class=\"elementor-widget-wrap elementor-element-populated\">\n\t\t\t\t\t\t<div class=\"elementor-element elementor-element-2765d14 elementor-widget elementor-widget-heading\" data-id=\"2765d14\" data-element_type=\"widget\" data-e-type=\"widget\" data-widget_type=\"heading.default\">\n\t\t\t\t<div class=\"elementor-widget-container\">\n\t\t\t\t\t<h2 class=\"elementor-heading-title elementor-size-default\">Privacy Policy<\/h2>\t\t\t\t<\/div>\n\t\t\t\t<\/div>\n\t\t\t\t<div class=\"elementor-element elementor-element-4cbb8149 elementor-widget elementor-widget-text-editor\" data-id=\"4cbb8149\" data-element_type=\"widget\" data-e-type=\"widget\" data-widget_type=\"text-editor.default\">\n\t\t\t\t<div class=\"elementor-widget-container\">\n\t\t\t\t\t\t\t\t\t<p>Your privacy is very important to us. Accordingly, we have developed this Policy in order for you to understand how we collect, use, communicate and disclose and make use of personal information. The following outlines our privacy policy.<\/p><ul><li>Before or at the time of collecting personal information, we will identify the purposes for which information is being collected.<\/li><li>We will collect and use of personal information solely with the objective of fulfilling those purposes specified by us and for other compatible purposes, unless we obtain the consent of the individual concerned or as required by law.<\/li><li>We will only retain personal information as long as necessary for the fulfillment of those purposes.<\/li><li>We will collect personal information by lawful and fair means and, where appropriate, with the knowledge or consent of the individual concerned.<\/li><li>Personal data should be relevant to the purposes for which it is to be used, and, to the extent necessary for those purposes, should be accurate, complete, and up-to-date.<\/li><li>We will protect personal information by reasonable security safeguards against loss or theft, as well as unauthorized access, disclosure, copying, use or modification.<\/li><li>We will make readily available to customers information about our policies and practices relating to the management of personal information.<\/li><\/ul><p>We are committed to conducting our business in accordance with these principles in order to ensure that the confidentiality of personal information is protected and maintained.<\/p>\t\t\t\t\t\t\t\t<\/div>\n\t\t\t\t<\/div>\n\t\t\t\t\t<\/div>\n\t\t<\/div>\n\t\t\t\t\t<\/div>\n\t\t<\/section>\n\t\t\t\t<\/div>\n\t\t","protected":false},"excerpt":{"rendered":"<p>Termini e Condizioni Termini e Condizioni d\u2019Uso del Sito Web 1 Termini e Condizioni Accedendo a questo sito web, accetti di essere vincolato da questi Termini e Condizioni d\u2019uso del sito web, tutte le leggi e i regolamenti applicabili e accetti di essere responsabile del rispetto di tutte le leggi locali applicabili. Se non sei [&hellip;]<\/p>\n","protected":false},"author":126,"featured_media":0,"parent":0,"menu_order":0,"comment_status":"closed","ping_status":"closed","template":"","meta":{"_acf_changed":false,"footnotes":""},"class_list":["post-6689","page","type-page","status-publish","hentry"],"acf":[],"_links":{"self":[{"href":"https:\/\/www.fredastaire.com\/brescia\/wp-json\/wp\/v2\/pages\/6689","targetHints":{"allow":["GET"]}}],"collection":[{"href":"https:\/\/www.fredastaire.com\/brescia\/wp-json\/wp\/v2\/pages"}],"about":[{"href":"https:\/\/www.fredastaire.com\/brescia\/wp-json\/wp\/v2\/types\/page"}],"author":[{"embeddable":true,"href":"https:\/\/www.fredastaire.com\/brescia\/wp-json\/wp\/v2\/users\/126"}],"replies":[{"embeddable":true,"href":"https:\/\/www.fredastaire.com\/brescia\/wp-json\/wp\/v2\/comments?post=6689"}],"version-history":[{"count":0,"href":"https:\/\/www.fredastaire.com\/brescia\/wp-json\/wp\/v2\/pages\/6689\/revisions"}],"wp:attachment":[{"href":"https:\/\/www.fredastaire.com\/brescia\/wp-json\/wp\/v2\/media?parent=6689"}],"curies":[{"name":"wp","href":"https:\/\/api.w.org\/{rel}","templated":true}]}}