{"id":7150,"date":"2019-12-10T10:16:59","date_gmt":"2019-12-10T15:16:59","guid":{"rendered":"https:\/\/www.fredastaire.com\/brescia\/?page_id=7150"},"modified":"2024-03-06T18:09:00","modified_gmt":"2024-03-06T17:09:00","slug":"bachata","status":"publish","type":"page","link":"https:\/\/www.fredastaire.com\/brescia\/bachata\/","title":{"rendered":"Bachata"},"content":{"rendered":"\t\t<div data-elementor-type=\"wp-page\" data-elementor-id=\"7150\" class=\"elementor elementor-7150\" data-elementor-settings=\"{&quot;ha_cmc_init_switcher&quot;:&quot;no&quot;}\" data-elementor-post-type=\"page\">\n\t\t\t\t\t\t<section class=\"elementor-section elementor-top-section elementor-element elementor-element-40509505 elementor-section-height-min-height elementor-section-boxed elementor-section-height-default elementor-section-items-middle\" data-id=\"40509505\" data-element_type=\"section\" data-e-type=\"section\" data-settings=\"{&quot;background_background&quot;:&quot;classic&quot;,&quot;_ha_eqh_enable&quot;:false}\">\n\t\t\t\t\t\t<div class=\"elementor-container elementor-column-gap-default\">\n\t\t\t\t\t<div class=\"elementor-column elementor-col-100 elementor-top-column elementor-element elementor-element-415f3303\" data-id=\"415f3303\" data-element_type=\"column\" data-e-type=\"column\">\n\t\t\t<div class=\"elementor-widget-wrap\">\n\t\t\t\t\t\t\t<\/div>\n\t\t<\/div>\n\t\t\t\t\t<\/div>\n\t\t<\/section>\n\t\t\t\t<section class=\"elementor-section elementor-top-section elementor-element elementor-element-6b4856e elementor-section-boxed elementor-section-height-default elementor-section-height-default\" data-id=\"6b4856e\" data-element_type=\"section\" data-e-type=\"section\" data-settings=\"{&quot;_ha_eqh_enable&quot;:false}\">\n\t\t\t\t\t\t<div class=\"elementor-container elementor-column-gap-default\">\n\t\t\t\t\t<div class=\"elementor-column elementor-col-50 elementor-top-column elementor-element elementor-element-46f03da6\" data-id=\"46f03da6\" data-element_type=\"column\" data-e-type=\"column\">\n\t\t\t<div class=\"elementor-widget-wrap elementor-element-populated\">\n\t\t\t\t\t\t<div class=\"elementor-element elementor-element-3052345 elementor-widget elementor-widget-heading\" data-id=\"3052345\" data-element_type=\"widget\" data-e-type=\"widget\" data-widget_type=\"heading.default\">\n\t\t\t\t<div class=\"elementor-widget-container\">\n\t\t\t\t\t<h1 class=\"elementor-heading-title elementor-size-default\">Bachata<\/h1>\t\t\t\t<\/div>\n\t\t\t\t<\/div>\n\t\t\t\t<div class=\"elementor-element elementor-element-39995109 elementor-widget__width-inherit elementor-widget elementor-widget-text-editor\" data-id=\"39995109\" data-element_type=\"widget\" data-e-type=\"widget\" data-widget_type=\"text-editor.default\">\n\t\t\t\t<div class=\"elementor-widget-container\">\n\t\t\t\t\t\t\t\t\t<p>La Bachata \u00e8 nata nella Repubblica Dominicana nei Caraibi all\u2019inizio del XX secolo e comprende elementi musicali indigeni, africani ed europei. Divenne popolare nei quartieri rurali dell\u2019isola, ma fu censurata quasi fino all\u2019estinzione durante la dittatura di Trujillo (1930-1961) per essere una \u201cforma d\u2019arte arretrata e inferiore per i contadini\u201d. Dopo la fine del regno di Trujillo, la Bachata fior\u00ec di nuovo e si diffuse rapidamente in altre parti dell\u2019America Latina e dell\u2019Europa mediterranea. Equivalente al blues negli Stati Uniti, la bachata \u00e8 una danza molto sensuale, spesso incentrata su temi di crepacuore, romanticismo e perdita o per esprimere i sentimenti romantici che si provano per altro.<\/p><p>Le basi del ballo sono in tre fasi con un movimento dell\u2019anca cubano, seguito da un tocco che include un movimento dell\u2019anca sul quarto movimento. Il movimento dei fianchi \u00e8 molto importante perch\u00e9 fa parte dell\u2019anima del ballo. Generalmente, la maggior parte del movimento del ballerino \u00e8 nella parte inferiore del corpo fino ai fianchi e la parte superiore del corpo si muove molto meno. Oggi, la Bachata \u00e8 un popolare ballo in stile discoteca che \u00e8 ampiamente ballata in tutto il mondo, ma non in modo identico.<\/p><p>Dalle lezioni di ballo nuziale, a un nuovo hobby o un modo per entrare in contatto con il tuo partner, imparerai di pi\u00f9, pi\u00f9 velocemente e con pi\u00f9 DIVERTIMENTO, nei Fred Astaire Dance Studios! Chiamaci e chiedi informazioni sulla nostra offerta introduttiva per i nuovi allievi\u2026 i nostri Insegnanti di ballo sono qui per te.<\/p>\t\t\t\t\t\t\t\t<\/div>\n\t\t\t\t<\/div>\n\t\t\t\t<div class=\"elementor-element elementor-element-21cbddaf elementor-widget elementor-widget-video\" data-id=\"21cbddaf\" data-element_type=\"widget\" data-e-type=\"widget\" data-settings=\"{&quot;youtube_url&quot;:&quot;https:\\\/\\\/youtu.be\\\/o3-eZOD_whk&quot;,&quot;video_type&quot;:&quot;youtube&quot;,&quot;controls&quot;:&quot;yes&quot;}\" data-widget_type=\"video.default\">\n\t\t\t\t<div class=\"elementor-widget-container\">\n\t\t\t\t\t\t\t<div class=\"elementor-wrapper elementor-open-inline\">\n\t\t\t<div class=\"elementor-video\"><\/div>\t\t<\/div>\n\t\t\t\t\t\t<\/div>\n\t\t\t\t<\/div>\n\t\t\t\t\t<\/div>\n\t\t<\/div>\n\t\t\t\t<div class=\"elementor-column elementor-col-50 elementor-top-column elementor-element elementor-element-b9b87e0\" data-id=\"b9b87e0\" data-element_type=\"column\" data-e-type=\"column\">\n\t\t\t<div class=\"elementor-widget-wrap elementor-element-populated\">\n\t\t\t\t\t\t<div class=\"elementor-element elementor-element-661e165e elementor-widget elementor-widget-ucaddon_simple_list_menu\" data-id=\"661e165e\" data-element_type=\"widget\" data-e-type=\"widget\" data-widget_type=\"ucaddon_simple_list_menu.default\">\n\t\t\t\t<div class=\"elementor-widget-container\">\n\t\t\t\t\t\n<!-- start List Menu -->\n\t\t<link id='font-awesome-css' href='https:\/\/www.fredastaire.com\/brescia\/wp-content\/plugins\/unlimited-elements-for-elementor-premium\/assets_libraries\/font-awesome6\/fontawesome-all.min.css' type='text\/css' rel='stylesheet' >\n\t\t<link id='font-awesome-4-shim-css' href='https:\/\/www.fredastaire.com\/brescia\/wp-content\/plugins\/unlimited-elements-for-elementor-premium\/assets_libraries\/font-awesome6\/fontawesome-v4-shims.min.css' type='text\/css' rel='stylesheet' >\n\n<style>\/* widget: List Menu *\/\n\n#uc_simple_list_menu_elementor_661e165e\n{\n  text-align:left;\n}\n#uc_simple_list_menu_elementor_661e165e ul\n{\n  padding:0;\n  list-style:none;\n  margin:0;\n}\n\n#uc_simple_list_menu_elementor_661e165e ul li\n{\n  padding:0;\n  list-style:none;\n  margin:0;\n}\n\n#uc_simple_list_menu_elementor_661e165e ul li.current_page_item\n{\n  background-color:#f2f2f2;\n}\n\n#uc_simple_list_menu_elementor_661e165e ul ul li.current_page_item\n{\n  background-color:#f2f2f2;\n}\n\n#uc_simple_list_menu_elementor_661e165e ul ul ul li.current_page_item\n{\n  background-color:#e6e6e6;\n}\n\n#uc_simple_list_menu_elementor_661e165e ul li:last-child\n{\n  border-bottom:none;\n}\n\n#uc_simple_list_menu_elementor_661e165e ul li a\n{\n  text-decoration:none;\n  display:block;\n}\n\n#uc_simple_list_menu_elementor_661e165e ul li a:before {\n   font-family: \"Font Awesome 5 Free\";\n   content: \"\\f00c\";\n   display: inline-block;\n   vertical-align: middle;\n   font-weight: 900;\n}\n\n\n<\/style>\n\n<div id=\"uc_simple_list_menu_elementor_661e165e\" class=\"simple_list_menu\">\n<ul id=\"menu-types-of-dance\" class=\"uc-list-menu\"><li id=\"menu-item-8000\" class=\"menu-item menu-item-type-custom menu-item-object-custom menu-item-has-children menu-item-8000\"><a href=\"#\">Rhythm<\/a>\n<ul class=\"sub-menu\">\n\t<li id=\"menu-item-8016\" class=\"menu-item menu-item-type-post_type menu-item-object-page menu-item-8016\"><a href=\"https:\/\/www.fredastaire.com\/brescia\/salsa\/\">Salsa<\/a><\/li>\n\t<li id=\"menu-item-8011\" class=\"menu-item menu-item-type-post_type menu-item-object-page menu-item-8011\"><a href=\"https:\/\/www.fredastaire.com\/brescia\/mambo\/\">Mambo<\/a><\/li>\n\t<li id=\"menu-item-8009\" class=\"menu-item menu-item-type-post_type menu-item-object-page menu-item-8009\"><a href=\"https:\/\/www.fredastaire.com\/brescia\/hustle\/\">Hustle<\/a><\/li>\n\t<li id=\"menu-item-8007\" class=\"menu-item menu-item-type-post_type menu-item-object-page menu-item-8007\"><a href=\"https:\/\/www.fredastaire.com\/brescia\/east-coast-swing\/\">East Coast Swing<\/a><\/li>\n\t<li id=\"menu-item-8022\" class=\"menu-item menu-item-type-post_type menu-item-object-page menu-item-8022\"><a href=\"https:\/\/www.fredastaire.com\/brescia\/west-coast-swing\/\">West Coast Swing<\/a><\/li>\n\t<li id=\"menu-item-8012\" class=\"menu-item menu-item-type-post_type menu-item-object-page menu-item-8012\"><a href=\"https:\/\/www.fredastaire.com\/brescia\/merengue\/\">Merengue<\/a><\/li>\n\t<li id=\"menu-item-8015\" class=\"menu-item menu-item-type-post_type menu-item-object-page menu-item-8015\"><a href=\"https:\/\/www.fredastaire.com\/brescia\/rumba\/\">Rumba<\/a><\/li>\n\t<li id=\"menu-item-8005\" class=\"menu-item menu-item-type-post_type menu-item-object-page menu-item-8005\"><a href=\"https:\/\/www.fredastaire.com\/brescia\/cha-cha\/\">Cha Cha<\/a><\/li>\n\t<li id=\"menu-item-8017\" class=\"menu-item menu-item-type-post_type menu-item-object-page menu-item-8017\"><a href=\"https:\/\/www.fredastaire.com\/brescia\/samba\/\">Samba<\/a><\/li>\n\t<li id=\"menu-item-8004\" class=\"menu-item menu-item-type-post_type menu-item-object-page menu-item-8004\"><a href=\"https:\/\/www.fredastaire.com\/brescia\/bolero\/\">Bolero<\/a><\/li>\n\t<li id=\"menu-item-8013\" class=\"menu-item menu-item-type-post_type menu-item-object-page menu-item-8013\"><a href=\"https:\/\/www.fredastaire.com\/brescia\/paso-doble\/\">Paso Doble<\/a><\/li>\n\t<li id=\"menu-item-8010\" class=\"menu-item menu-item-type-post_type menu-item-object-page menu-item-8010\"><a href=\"https:\/\/www.fredastaire.com\/brescia\/jive\/\">Jive<\/a><\/li>\n\t<li id=\"menu-item-8003\" class=\"menu-item menu-item-type-post_type menu-item-object-page menu-item-8003\"><a href=\"https:\/\/www.fredastaire.com\/brescia\/bachata\/\">Bachata<\/a><\/li>\n<\/ul>\n<\/li>\n<li id=\"menu-item-8001\" class=\"menu-item menu-item-type-custom menu-item-object-custom menu-item-has-children menu-item-8001\"><a href=\"#\">Smooth<\/a>\n<ul class=\"sub-menu\">\n\t<li id=\"menu-item-8019\" class=\"menu-item menu-item-type-post_type menu-item-object-page menu-item-8019\"><a href=\"https:\/\/www.fredastaire.com\/brescia\/argentine-tango\/\">Tango Argentino<\/a><\/li>\n\t<li id=\"menu-item-8008\" class=\"menu-item menu-item-type-post_type menu-item-object-page menu-item-8008\"><a href=\"https:\/\/www.fredastaire.com\/brescia\/foxtrot\/\">Foxtrot<\/a><\/li>\n\t<li id=\"menu-item-8018\" class=\"menu-item menu-item-type-post_type menu-item-object-page menu-item-8018\"><a href=\"https:\/\/www.fredastaire.com\/brescia\/tango\/\">Tango<\/a><\/li>\n\t<li id=\"menu-item-8021\" class=\"menu-item menu-item-type-post_type menu-item-object-page menu-item-8021\"><a href=\"https:\/\/www.fredastaire.com\/brescia\/waltz\/\">Waltz<\/a><\/li>\n\t<li id=\"menu-item-8020\" class=\"menu-item menu-item-type-post_type menu-item-object-page menu-item-8020\"><a href=\"https:\/\/www.fredastaire.com\/brescia\/viennese-waltz\/\">Viennese Waltz<\/a><\/li>\n\t<li id=\"menu-item-8014\" class=\"menu-item menu-item-type-post_type menu-item-object-page menu-item-8014\"><a href=\"https:\/\/www.fredastaire.com\/brescia\/quickstep\/\">Quickstep<\/a><\/li>\n<\/ul>\n<\/li>\n<li id=\"menu-item-8002\" class=\"menu-item menu-item-type-custom menu-item-object-custom menu-item-has-children menu-item-8002\"><a href=\"#\">Country Western<\/a>\n<ul class=\"sub-menu\">\n\t<li id=\"menu-item-8006\" class=\"menu-item menu-item-type-post_type menu-item-object-page menu-item-8006\"><a href=\"https:\/\/www.fredastaire.com\/brescia\/country-western\/\">Two-Step<\/a><\/li>\n<\/ul>\n<\/li>\n<\/ul>\n<\/div>\n<!-- end List Menu -->\t\t\t\t<\/div>\n\t\t\t\t<\/div>\n\t\t\t\t\t<\/div>\n\t\t<\/div>\n\t\t\t\t\t<\/div>\n\t\t<\/section>\n\t\t\t\t<\/div>\n\t\t","protected":false},"excerpt":{"rendered":"<p>Bachata La Bachata \u00e8 nata nella Repubblica Dominicana nei Caraibi all\u2019inizio del XX secolo e comprende elementi musicali indigeni, africani ed europei. Divenne popolare nei quartieri rurali dell\u2019isola, ma fu censurata quasi fino all\u2019estinzione durante la dittatura di Trujillo (1930-1961) per essere una \u201cforma d\u2019arte arretrata e inferiore per i contadini\u201d. Dopo la fine del [&hellip;]<\/p>\n","protected":false},"author":230,"featured_media":0,"parent":0,"menu_order":0,"comment_status":"closed","ping_status":"closed","template":"","meta":{"_acf_changed":false,"footnotes":""},"class_list":["post-7150","page","type-page","status-publish","hentry"],"acf":[],"_links":{"self":[{"href":"https:\/\/www.fredastaire.com\/brescia\/wp-json\/wp\/v2\/pages\/7150","targetHints":{"allow":["GET"]}}],"collection":[{"href":"https:\/\/www.fredastaire.com\/brescia\/wp-json\/wp\/v2\/pages"}],"about":[{"href":"https:\/\/www.fredastaire.com\/brescia\/wp-json\/wp\/v2\/types\/page"}],"author":[{"embeddable":true,"href":"https:\/\/www.fredastaire.com\/brescia\/wp-json\/wp\/v2\/users\/230"}],"replies":[{"embeddable":true,"href":"https:\/\/www.fredastaire.com\/brescia\/wp-json\/wp\/v2\/comments?post=7150"}],"version-history":[{"count":0,"href":"https:\/\/www.fredastaire.com\/brescia\/wp-json\/wp\/v2\/pages\/7150\/revisions"}],"wp:attachment":[{"href":"https:\/\/www.fredastaire.com\/brescia\/wp-json\/wp\/v2\/media?parent=7150"}],"curies":[{"name":"wp","href":"https:\/\/api.w.org\/{rel}","templated":true}]}}