{"id":5312,"date":"2018-12-28T06:15:39","date_gmt":"2018-12-28T11:15:39","guid":{"rendered":"http:\/\/fredastairedan.wpengine.com\/default\/?page_id=5312"},"modified":"2024-06-25T19:01:38","modified_gmt":"2024-06-25T17:01:38","slug":"careers","status":"publish","type":"page","link":"https:\/\/www.fredastaire.com\/milan-it\/careers\/","title":{"rendered":"Lavora come Insegnante di Ballo con FADS"},"content":{"rendered":"\t\t<div data-elementor-type=\"wp-page\" data-elementor-id=\"5312\" class=\"elementor elementor-5312\" data-elementor-settings=\"{&quot;ha_cmc_init_switcher&quot;:&quot;no&quot;}\" data-elementor-post-type=\"page\">\n\t\t\t\t\t\t<section class=\"elementor-section elementor-top-section elementor-element elementor-element-7dcb33c2 elementor-section-height-min-height elementor-section-boxed elementor-section-height-default elementor-section-items-middle\" data-id=\"7dcb33c2\" data-element_type=\"section\" data-e-type=\"section\" data-settings=\"{&quot;background_background&quot;:&quot;classic&quot;,&quot;_ha_eqh_enable&quot;:false}\">\n\t\t\t\t\t\t\t<div class=\"elementor-background-overlay\"><\/div>\n\t\t\t\t\t\t\t<div class=\"elementor-container elementor-column-gap-default\">\n\t\t\t\t\t<div class=\"elementor-column elementor-col-100 elementor-top-column elementor-element elementor-element-4556b50f\" data-id=\"4556b50f\" data-element_type=\"column\" data-e-type=\"column\">\n\t\t\t<div class=\"elementor-widget-wrap elementor-element-populated\">\n\t\t\t\t\t\t<div class=\"elementor-element elementor-element-7b005099 elementor-widget elementor-widget-heading\" data-id=\"7b005099\" data-element_type=\"widget\" data-e-type=\"widget\" data-widget_type=\"heading.default\">\n\t\t\t\t<div class=\"elementor-widget-container\">\n\t\t\t\t\t<h1 class=\"elementor-heading-title elementor-size-default\">Dai una scossa alla tua Carriera!<\/h1>\t\t\t\t<\/div>\n\t\t\t\t<\/div>\n\t\t\t\t\t<\/div>\n\t\t<\/div>\n\t\t\t\t\t<\/div>\n\t\t<\/section>\n\t\t\t\t<section class=\"elementor-section elementor-top-section elementor-element elementor-element-43fd3254 elementor-section-boxed elementor-section-height-default elementor-section-height-default\" data-id=\"43fd3254\" data-element_type=\"section\" data-e-type=\"section\" data-settings=\"{&quot;_ha_eqh_enable&quot;:false}\">\n\t\t\t\t\t\t<div class=\"elementor-container elementor-column-gap-default\">\n\t\t\t\t\t<div class=\"elementor-column elementor-col-100 elementor-top-column elementor-element elementor-element-3df4bc6d\" data-id=\"3df4bc6d\" data-element_type=\"column\" data-e-type=\"column\">\n\t\t\t<div class=\"elementor-widget-wrap elementor-element-populated\">\n\t\t\t\t\t\t<div class=\"elementor-element elementor-element-1101fb41 elementor-widget elementor-widget-heading\" data-id=\"1101fb41\" data-element_type=\"widget\" data-e-type=\"widget\" data-widget_type=\"heading.default\">\n\t\t\t\t<div class=\"elementor-widget-container\">\n\t\t\t\t\t<h2 class=\"elementor-heading-title elementor-size-default\">Lavora come Insegnante di Ballo con Fred Astaire Dance Studios<\/h2>\t\t\t\t<\/div>\n\t\t\t\t<\/div>\n\t\t\t\t<div class=\"elementor-element elementor-element-63652de7 elementor-widget elementor-widget-text-editor\" data-id=\"63652de7\" data-element_type=\"widget\" data-e-type=\"widget\" data-widget_type=\"text-editor.default\">\n\t\t\t\t<div class=\"elementor-widget-container\">\n\t\t\t\t\t\t\t\t\t<p>Il mondo dell\u2019insegnamento del ballo continua a crescere. In effetti, non c\u2019\u00e8 mai stato un momento migliore di questo per considerare una carriera eccitante e gratificante con i Fred Astaire Dance Studios come istruttore di ballo certificato! Siamo sempre alla ricerca di persone estroverse ed entusiaste da aggiungere alla nostra squadra vincente. Nei Fred Astaire Dance Studios, farai parte di una comunit\u00e0 calda e accogliente che ispirer\u00e0 te e i tuoi allievi a raggiungere nuove vette, sentirsi e apparire sicuri di s\u00e9 e divertirsi a farlo! La nostra filosofia di insegnamento \u00e8 semplice e diretta: imparare a ballare dovrebbe essere sempre divertente! Istruirai studenti di tutte le et\u00e0 e livello e li aiuterai a realizzare i loro obiettivi di ballo, in un\u2019atmosfera amichevole e stimolante.<\/p><div class=\"read-more-text-2\"><p>\u2013 Orario flessibile<br \/>\u2013 Grande potenziale di guadagno<br \/>\u2013 Competizioni nazionali e internazionali Pro-Am e di danza professionistica<br \/>\u2013 Oltre $ 580.000 in premi annuali Pro e Pro-Am assegnati<br \/>\u2013 Accesso a Coach di alto livello aiuta a migliorare le tue abilit\u00e0 di ballo<br \/>\u2013 Programmi di formazione sviluppano le tue abilit\u00e0 di ballo e di business<br \/>\u2013 Diventa un manager, un supervisore e persino un proprietario di una scuola di ballo!<br \/>\u2013 Ambiente di lavoro stabile, creativo e DIVERTENTE\u2026 dal 1947<\/p><p><strong>Allora, cosa stai aspettando? Invia il modulo sottostante per saperne di pi\u00f9 sulle offerte di lavoro. Restiamo in attesa della tua risposta!<\/strong><\/p><\/div>\t\t\t\t\t\t\t\t<\/div>\n\t\t\t\t<\/div>\n\t\t\t\t\t<\/div>\n\t\t<\/div>\n\t\t\t\t\t<\/div>\n\t\t<\/section>\n\t\t\t\t<section class=\"elementor-section elementor-top-section elementor-element elementor-element-4e0b5044 elementor-section-boxed elementor-section-height-default elementor-section-height-default\" data-id=\"4e0b5044\" data-element_type=\"section\" data-e-type=\"section\" data-settings=\"{&quot;background_background&quot;:&quot;classic&quot;,&quot;_ha_eqh_enable&quot;:false}\">\n\t\t\t\t\t\t<div class=\"elementor-container elementor-column-gap-default\">\n\t\t\t\t\t<div class=\"elementor-column elementor-col-100 elementor-top-column elementor-element elementor-element-6cb67550\" data-id=\"6cb67550\" data-element_type=\"column\" data-e-type=\"column\">\n\t\t\t<div class=\"elementor-widget-wrap elementor-element-populated\">\n\t\t\t\t\t\t<div class=\"elementor-element elementor-element-4303f431 elementor-widget elementor-widget-heading\" data-id=\"4303f431\" data-element_type=\"widget\" data-e-type=\"widget\" data-widget_type=\"heading.default\">\n\t\t\t\t<div class=\"elementor-widget-container\">\n\t\t\t\t\t<h2 class=\"elementor-heading-title elementor-size-default\">Domande Frequenti Sul Lavoro Di Insegnante Di Ballo Presso Fred Astaire Dance Studios<\/h2>\t\t\t\t<\/div>\n\t\t\t\t<\/div>\n\t\t\t\t<div class=\"elementor-element elementor-element-33f44d2a elementor-widget elementor-widget-ucaddon_uc_icon_accordion\" data-id=\"33f44d2a\" data-element_type=\"widget\" data-e-type=\"widget\" data-widget_type=\"ucaddon_uc_icon_accordion.default\">\n\t\t\t\t<div class=\"elementor-widget-container\">\n\t\t\t\t\t\n<!-- start Icon Accordion -->\n\t\t<link id='font-awesome-css' href='https:\/\/www.fredastaire.com\/milan-it\/wp-content\/plugins\/unlimited-elements-for-elementor-premium\/assets_libraries\/font-awesome6\/fontawesome-all.min.css' type='text\/css' rel='stylesheet' >\n\t\t<link id='font-awesome-4-shim-css' href='https:\/\/www.fredastaire.com\/milan-it\/wp-content\/plugins\/unlimited-elements-for-elementor-premium\/assets_libraries\/font-awesome6\/fontawesome-v4-shims.min.css' type='text\/css' rel='stylesheet' >\n\n<style>\/* widget: Icon Accordion *\/\n\n#uc_uc_icon_accordion_elementor_33f44d2a *{\n\tbox-sizing: border-box;\n}\n#uc_uc_icon_accordion_elementor_33f44d2a .uc_container .uc-heading\n{\n\tcursor:pointer;\n    display:flex;\n    align-items:center;\n    transition:0.3s;\n}\n#uc_uc_icon_accordion_elementor_33f44d2a .uc_container .uc-heading span.bbb\n{\n\tdisplay:block;\n\t\n}\n#uc_uc_icon_accordion_elementor_33f44d2a .uc_ac_box.uc-item-active span.uc_dactive\n{\n\tdisplay:none;\n}\n#uc_uc_icon_accordion_elementor_33f44d2a .uc_ac_box:not(.uc-item-active) span.uc_active\n{\n\tdisplay:none;\n}\n\n#uc_uc_icon_accordion_elementor_33f44d2a .ue_icon_holder,\n#uc_uc_icon_accordion_elementor_33f44d2a .ue_icon_spacing\n{\n  flex-grow:0;\n  flex-shrink:0; \n}\n#uc_uc_icon_accordion_elementor_33f44d2a .uc_content{\n\tdisplay: none;\n}\n#uc_uc_icon_accordion_elementor_33f44d2a .ue_icon\n{\n  display:flex;\n  justify-content:center;\n  align-items:center;\n  line-height:1em;\n  transition:0.3s;\n}\n\n#uc_uc_icon_accordion_elementor_33f44d2a .ue_icon svg\n{\n  height:1em;\n  width:1em;\n}\n\n#uc_uc_icon_accordion_elementor_33f44d2a .ue_expand_inside\n{\n  display:flex;\n  justify-content:center;\n  align-items:center;\n  line-height:1em;\n}\n\n#uc_uc_icon_accordion_elementor_33f44d2a .ue_expand_inside svg\n{\n  height:1em;\n  width:1em;\n}\n\n#uc_uc_icon_accordion_elementor_33f44d2a .ue_expand,\n#uc_uc_icon_accordion_elementor_33f44d2a .ue_expand_spacing\n{\n  flex-grow:0;\n  flex-shrink:0;\n}\n\n#uc_uc_icon_accordion_elementor_33f44d2a .ue_title\n{\n  flex-grow:1;\n}\n\n#uc_uc_icon_accordion_elementor_33f44d2a .uc_ac_box:last-child\n{\n  margin-bottom:0px;\n}\n\n#uc_uc_icon_accordion_elementor_33f44d2a .uc_ac_box\n{\n  overflow:hidden;\n}\n#uc_uc_icon_accordion_elementor_33f44d2a_item1 .ue_icon\n{\n  background-color:;\n}\n\n#uc_uc_icon_accordion_elementor_33f44d2a_item1 .uc-heading\n{\n  background-color:;\n}\n#uc_uc_icon_accordion_elementor_33f44d2a_item2 .ue_icon\n{\n  background-color:;\n}\n\n#uc_uc_icon_accordion_elementor_33f44d2a_item2 .uc-heading\n{\n  background-color:;\n}\n#uc_uc_icon_accordion_elementor_33f44d2a_item3 .ue_icon\n{\n  background-color:;\n}\n\n#uc_uc_icon_accordion_elementor_33f44d2a_item3 .uc-heading\n{\n  background-color:;\n}\n#uc_uc_icon_accordion_elementor_33f44d2a_item4 .ue_icon\n{\n  background-color:;\n}\n\n#uc_uc_icon_accordion_elementor_33f44d2a_item4 .uc-heading\n{\n  background-color:;\n}\n#uc_uc_icon_accordion_elementor_33f44d2a_item5 .ue_icon\n{\n  background-color:;\n}\n\n#uc_uc_icon_accordion_elementor_33f44d2a_item5 .uc-heading\n{\n  background-color:;\n}\n#uc_uc_icon_accordion_elementor_33f44d2a_item6 .ue_icon\n{\n  background-color:;\n}\n\n#uc_uc_icon_accordion_elementor_33f44d2a_item6 .uc-heading\n{\n  background-color:;\n}\n#uc_uc_icon_accordion_elementor_33f44d2a_item7 .ue_icon\n{\n  background-color:;\n}\n\n#uc_uc_icon_accordion_elementor_33f44d2a_item7 .uc-heading\n{\n  background-color:;\n}\n#uc_uc_icon_accordion_elementor_33f44d2a_item8 .ue_icon\n{\n  background-color:;\n}\n\n#uc_uc_icon_accordion_elementor_33f44d2a_item8 .uc-heading\n{\n  background-color:;\n}\n\n\n<\/style>\n\n<div class=\"uc_material_accordion \" id=\"uc_uc_icon_accordion_elementor_33f44d2a\" data-name=\"\" data-closeothers=\"true\" >\n    \t<div class=\"uc_container\">\n            \n\n<div id=\"uc_uc_icon_accordion_elementor_33f44d2a_item1\" class=\"uc_ac_box  elementor-repeater-item-68a3fe8\">\n  <div class=\"uc-heading uc_trigger\">\n    \n        \n    <div class=\"ue_title\">Quanto tempo ci vuole per diventare un insegnante di ballo certificato Fred Astaire?<\/div>\n    \n    \n        <div class=\"ue_expand_spacing\"><\/div>\n    <div class=\"ue_expand\">\n      <div class=\"ue_expand_inside\">\n      <span class=\"uc_dactive bbb ue_accordion_icon\" ><i class='fas fa-plus'><\/i><\/span>\n      <span class=\"uc_active bbb ue_accordion_icon\"><i class='fas fa-minus'><\/i><\/span>\n      <\/div>\n    <\/div>\n        \n  <\/div>\n  <!-- end of heading -->\n  \n  \n  <div class=\"uc_content\" >\n          <p>Dipende dal tuo livello di esperienza di ballo e da quanto tempo ti ci vuole per completare il rigoroso lavoro richiesto per ottenere la certificazione nel Fred Astaire Curriculum (il nostro metodo di insegnamento che non solo insegna i meccanismi del ballo in coppia, ma presenta anche gli elementi costitutivi di come le persone imparano e memorizzano le informazioni). Il nostro programma di formazione garantisce un'istruzione di ballo di alto livello, perch\u00e9 insegna ai nostri istruttori come insegnare in modo che le persone imparino naturalmente! Il nostro curriculum di ballo \u00e8 inoltre continuamente aggiornato da ex campioni di ballo di fama mondiale e giudici registrati nel Fred Astaire National Dance Board, per garantire solo il curriculum pi\u00f9 raffinato e aggiornato per te e per i nostri studenti.<\/p>\n     \n    \n     \n    \n  <\/div>\n<\/div>\n\n\n<div id=\"uc_uc_icon_accordion_elementor_33f44d2a_item2\" class=\"uc_ac_box  elementor-repeater-item-c958e0d\">\n  <div class=\"uc-heading uc_trigger\">\n    \n        \n    <div class=\"ue_title\">Di quanta esperienza di ballo ho bisogno?<\/div>\n    \n    \n        <div class=\"ue_expand_spacing\"><\/div>\n    <div class=\"ue_expand\">\n      <div class=\"ue_expand_inside\">\n      <span class=\"uc_dactive bbb ue_accordion_icon\" ><i class='fas fa-plus'><\/i><\/span>\n      <span class=\"uc_active bbb ue_accordion_icon\"><i class='fas fa-minus'><\/i><\/span>\n      <\/div>\n    <\/div>\n        \n  <\/div>\n  <!-- end of heading -->\n  \n  \n  <div class=\"uc_content\" >\n          <p>Gli insegnanti Fred Astaire Dance Studio provengono da tutto il paese e da tutto il mondo! Molti hanno una laurea in Belle Arti e sono ballerini professionisti pluripremiati. La maggior parte degli insegnanti ha precedenti esperienze di ballo professionale. Considerando il nostro programma di formazione e certificazione completo, si consiglia una precedente esperienza di insegnamento, ma non \u00e8 necessariamente richiesta.<\/p>\n     \n    \n     \n    \n  <\/div>\n<\/div>\n\n\n<div id=\"uc_uc_icon_accordion_elementor_33f44d2a_item3\" class=\"uc_ac_box  elementor-repeater-item-522ddcf\">\n  <div class=\"uc-heading uc_trigger\">\n    \n        \n    <div class=\"ue_title\">Dove sono le attuali posizioni aperte per gli Insegnanti di ballo?<\/div>\n    \n    \n        <div class=\"ue_expand_spacing\"><\/div>\n    <div class=\"ue_expand\">\n      <div class=\"ue_expand_inside\">\n      <span class=\"uc_dactive bbb ue_accordion_icon\" ><i class='fas fa-plus'><\/i><\/span>\n      <span class=\"uc_active bbb ue_accordion_icon\"><i class='fas fa-minus'><\/i><\/span>\n      <\/div>\n    <\/div>\n        \n  <\/div>\n  <!-- end of heading -->\n  \n  \n  <div class=\"uc_content\" >\n          <p>Ci sono Fred Astaire Dance Studios dislocati in diversi Paesi e siamo sempre alla ricerca di persone qualificate, estroverse ed entusiaste da aggiungere al nostro team vincente di istruttori di ballo. Invia semplicemente il modulo di richiesta in fondo a questa pagina per iniziare e le tue informazioni saranno immediatamente indirizzate ai proprietari delle scuole Fred Astaire nell'area geografica da te specificata.<\/p>\n     \n    \n     \n    \n  <\/div>\n<\/div>\n\n\n<div id=\"uc_uc_icon_accordion_elementor_33f44d2a_item4\" class=\"uc_ac_box  elementor-repeater-item-92e7c10\">\n  <div class=\"uc-heading uc_trigger\">\n    \n        \n    <div class=\"ue_title\">Questa posizione mi aiuter\u00e0 a migliorare le mie abilit\u00e0 di ballo?<\/div>\n    \n    \n        <div class=\"ue_expand_spacing\"><\/div>\n    <div class=\"ue_expand\">\n      <div class=\"ue_expand_inside\">\n      <span class=\"uc_dactive bbb ue_accordion_icon\" ><i class='fas fa-plus'><\/i><\/span>\n      <span class=\"uc_active bbb ue_accordion_icon\"><i class='fas fa-minus'><\/i><\/span>\n      <\/div>\n    <\/div>\n        \n  <\/div>\n  <!-- end of heading -->\n  \n  \n  <div class=\"uc_content\" >\n          <p>Assolutamente! I nostri programmi di formazione e certificazione per insegnanti ti aiuteranno a ballare (e insegnare) al tuo livello ottimale. Organizziamo anche una serie di spettacolari Competizioni nazionali e internazionali di Ballo Pro-Am e Professionistiche (con oltre $ 580.000 di premi annuali assegnati!) e avrai la possibilit\u00e0 di studiare con i nostri Coach di ballo di alto livello per migliorare le tue abilit\u00e0 di ballo.<\/p>\n     \n    \n     \n    \n  <\/div>\n<\/div>\n\n\n<div id=\"uc_uc_icon_accordion_elementor_33f44d2a_item5\" class=\"uc_ac_box  elementor-repeater-item-5bd3809\">\n  <div class=\"uc-heading uc_trigger\">\n    \n        \n    <div class=\"ue_title\">Qual \u00e8 il potenziale di carriera in un Fred Astaire Dance Studio?<\/div>\n    \n    \n        <div class=\"ue_expand_spacing\"><\/div>\n    <div class=\"ue_expand\">\n      <div class=\"ue_expand_inside\">\n      <span class=\"uc_dactive bbb ue_accordion_icon\" ><i class='fas fa-plus'><\/i><\/span>\n      <span class=\"uc_active bbb ue_accordion_icon\"><i class='fas fa-minus'><\/i><\/span>\n      <\/div>\n    <\/div>\n        \n  <\/div>\n  <!-- end of heading -->\n  \n  \n  <div class=\"uc_content\" >\n          <p>A livello mondiale, la nostra rete di Fred Astaire Dance Studios offre la possibilit\u00e0 di un potenziale illimitato di crescita professionale! Attualmente, la maggior parte dei proprietari degli studi di Fred Astaire ha iniziato come insegnante di ballo. La persona giusta con le competenze e le capacit\u00e0 necessarie potrebbe avere l'opportunit\u00e0 di progredire per diventare un manager, un supervisore e potrebbe persino aprire il proprio studio di ballo in franchising Fred Astaire in soli 5 anni dall'inizio del suo percorso. Il nostro programma di Insegnamento e le continue opportunit\u00e0 di formazione manageriale lo rendono possibile, contribuendo a garantire che i nostri insegnanti abbiano tutte le competenze necessarie per essere insegnanti eccellenti e per aprire potenzialmente il proprio Fred Astaire Dance Studio in futuro.<\/p>\n     \n    \n     \n    \n  <\/div>\n<\/div>\n\n\n<div id=\"uc_uc_icon_accordion_elementor_33f44d2a_item6\" class=\"uc_ac_box  elementor-repeater-item-868b605\">\n  <div class=\"uc-heading uc_trigger\">\n    \n        \n    <div class=\"ue_title\">Quali sono gli orari di lavoro presso Fred Astaire Dance Studios?<\/div>\n    \n    \n        <div class=\"ue_expand_spacing\"><\/div>\n    <div class=\"ue_expand\">\n      <div class=\"ue_expand_inside\">\n      <span class=\"uc_dactive bbb ue_accordion_icon\" ><i class='fas fa-plus'><\/i><\/span>\n      <span class=\"uc_active bbb ue_accordion_icon\"><i class='fas fa-minus'><\/i><\/span>\n      <\/div>\n    <\/div>\n        \n  <\/div>\n  <!-- end of heading -->\n  \n  \n  <div class=\"uc_content\" >\n          <p>La maggior parte dei Fred Astaire Dance Studios sono aperti dalle 11:00 alle 22:00 dal luned\u00ec al venerd\u00ec, per soddisfare i nostri studenti. Molte scuole svolgono anche lezioni, eventi e\/o sessioni di allenamento il sabato.<\/p>\n     \n    \n     \n    \n  <\/div>\n<\/div>\n\n\n<div id=\"uc_uc_icon_accordion_elementor_33f44d2a_item7\" class=\"uc_ac_box  elementor-repeater-item-047317b\">\n  <div class=\"uc-heading uc_trigger\">\n    \n        \n    <div class=\"ue_title\">Le posizioni per gli insegnanti di ballo Fred Astaire sono a tempo pieno o part-time?<\/div>\n    \n    \n        <div class=\"ue_expand_spacing\"><\/div>\n    <div class=\"ue_expand\">\n      <div class=\"ue_expand_inside\">\n      <span class=\"uc_dactive bbb ue_accordion_icon\" ><i class='fas fa-plus'><\/i><\/span>\n      <span class=\"uc_active bbb ue_accordion_icon\"><i class='fas fa-minus'><\/i><\/span>\n      <\/div>\n    <\/div>\n        \n  <\/div>\n  <!-- end of heading -->\n  \n  \n  <div class=\"uc_content\" >\n          <p>Nei Fred Astaire Dance Studios, generalmente assumiamo i nostri insegnanti a tempo pieno, poich\u00e9 \u00e8 necessaria molta formazione e stiamo cercando insegnanti di danza interessati a una carriera, non solo a un lavoro. Si noti che alcuni studi potrebbero anche avere posizioni part-time disponibili.<\/p>\n     \n    \n     \n    \n  <\/div>\n<\/div>\n\n\n<div id=\"uc_uc_icon_accordion_elementor_33f44d2a_item8\" class=\"uc_ac_box  elementor-repeater-item-e0a1f48\">\n  <div class=\"uc-heading uc_trigger\">\n    \n        \n    <div class=\"ue_title\">Cosa posso indossare per insegnare?<\/div>\n    \n    \n        <div class=\"ue_expand_spacing\"><\/div>\n    <div class=\"ue_expand\">\n      <div class=\"ue_expand_inside\">\n      <span class=\"uc_dactive bbb ue_accordion_icon\" ><i class='fas fa-plus'><\/i><\/span>\n      <span class=\"uc_active bbb ue_accordion_icon\"><i class='fas fa-minus'><\/i><\/span>\n      <\/div>\n    <\/div>\n        \n  <\/div>\n  <!-- end of heading -->\n  \n  \n  <div class=\"uc_content\" >\n          <p>Il Dress Code \u00e8 stabilito dallo studio, ma in generale gli istruttori di ballo certificati Fred Astaire si vestono in modo professionale per le lezioni di ballo, con abiti appropriati e comodi per ballare in coppia. Nella maggior parte dei Fred Astaire Dance Studios, questo significa pantaloni, camicie e cravatte per gli uomini; e gonne, vestiti o pantaloni per le donne e, naturalmente, scarpe da ballo. Per gli eventi il Dress Code pu\u00f2 variare.<\/p>\n     \n    \n     \n    \n  <\/div>\n<\/div>\n\n        <\/div>\n<\/div>\n<!-- end Icon Accordion -->\t\t\t\t<\/div>\n\t\t\t\t<\/div>\n\t\t\t\t\t<\/div>\n\t\t<\/div>\n\t\t\t\t\t<\/div>\n\t\t<\/section>\n\t\t\t\t<\/div>\n\t\t","protected":false},"excerpt":{"rendered":"<p>Dai una scossa alla tua Carriera! Lavora come Insegnante di Ballo con Fred Astaire Dance Studios Il mondo dell\u2019insegnamento del ballo continua a crescere. In effetti, non c\u2019\u00e8 mai stato un momento migliore di questo per considerare una carriera eccitante e gratificante con i Fred Astaire Dance Studios come istruttore di ballo certificato! Siamo sempre [&hellip;]<\/p>\n","protected":false},"author":12,"featured_media":0,"parent":0,"menu_order":0,"comment_status":"closed","ping_status":"closed","template":"","meta":{"_acf_changed":false,"footnotes":""},"class_list":["post-5312","page","type-page","status-publish","hentry"],"acf":[],"_links":{"self":[{"href":"https:\/\/www.fredastaire.com\/milan-it\/wp-json\/wp\/v2\/pages\/5312","targetHints":{"allow":["GET"]}}],"collection":[{"href":"https:\/\/www.fredastaire.com\/milan-it\/wp-json\/wp\/v2\/pages"}],"about":[{"href":"https:\/\/www.fredastaire.com\/milan-it\/wp-json\/wp\/v2\/types\/page"}],"author":[{"embeddable":true,"href":"https:\/\/www.fredastaire.com\/milan-it\/wp-json\/wp\/v2\/users\/12"}],"replies":[{"embeddable":true,"href":"https:\/\/www.fredastaire.com\/milan-it\/wp-json\/wp\/v2\/comments?post=5312"}],"version-history":[{"count":0,"href":"https:\/\/www.fredastaire.com\/milan-it\/wp-json\/wp\/v2\/pages\/5312\/revisions"}],"wp:attachment":[{"href":"https:\/\/www.fredastaire.com\/milan-it\/wp-json\/wp\/v2\/media?parent=5312"}],"curies":[{"name":"wp","href":"https:\/\/api.w.org\/{rel}","templated":true}]}}