{"id":5759,"date":"2019-03-28T07:12:09","date_gmt":"2019-03-28T11:12:09","guid":{"rendered":"https:\/\/www.fredastaire.com\/milan-it\/?page_id=5759"},"modified":"2024-06-25T19:30:59","modified_gmt":"2024-06-25T17:30:59","slug":"argentine-tango","status":"publish","type":"page","link":"https:\/\/www.fredastaire.com\/milan-it\/argentine-tango\/","title":{"rendered":"Tango Argentino"},"content":{"rendered":"\t\t<div data-elementor-type=\"wp-page\" data-elementor-id=\"5759\" class=\"elementor elementor-5759\" data-elementor-settings=\"{&quot;ha_cmc_init_switcher&quot;:&quot;no&quot;}\" data-elementor-post-type=\"page\">\n\t\t\t\t\t\t<section class=\"elementor-section elementor-top-section elementor-element elementor-element-4fd4d3c3 elementor-section-height-min-height elementor-section-boxed elementor-section-height-default elementor-section-items-middle\" data-id=\"4fd4d3c3\" data-element_type=\"section\" data-e-type=\"section\" data-settings=\"{&quot;background_background&quot;:&quot;classic&quot;,&quot;_ha_eqh_enable&quot;:false}\">\n\t\t\t\t\t\t<div class=\"elementor-container elementor-column-gap-default\">\n\t\t\t\t\t<div class=\"elementor-column elementor-col-100 elementor-top-column elementor-element elementor-element-64fb5c51\" data-id=\"64fb5c51\" data-element_type=\"column\" data-e-type=\"column\">\n\t\t\t<div class=\"elementor-widget-wrap\">\n\t\t\t\t\t\t\t<\/div>\n\t\t<\/div>\n\t\t\t\t\t<\/div>\n\t\t<\/section>\n\t\t\t\t<section class=\"elementor-section elementor-top-section elementor-element elementor-element-7eafec2e elementor-section-boxed elementor-section-height-default elementor-section-height-default\" data-id=\"7eafec2e\" data-element_type=\"section\" data-e-type=\"section\" data-settings=\"{&quot;_ha_eqh_enable&quot;:false}\">\n\t\t\t\t\t\t<div class=\"elementor-container elementor-column-gap-default\">\n\t\t\t\t\t<div class=\"elementor-column elementor-col-50 elementor-top-column elementor-element elementor-element-436fc145\" data-id=\"436fc145\" data-element_type=\"column\" data-e-type=\"column\">\n\t\t\t<div class=\"elementor-widget-wrap elementor-element-populated\">\n\t\t\t\t\t\t<div class=\"elementor-element elementor-element-6d15721c elementor-widget elementor-widget-heading\" data-id=\"6d15721c\" data-element_type=\"widget\" data-e-type=\"widget\" data-widget_type=\"heading.default\">\n\t\t\t\t<div class=\"elementor-widget-container\">\n\t\t\t\t\t<h1 class=\"elementor-heading-title elementor-size-default\">Argentine Tango<\/h1>\t\t\t\t<\/div>\n\t\t\t\t<\/div>\n\t\t\t\t<div class=\"elementor-element elementor-element-37b4aedf elementor-widget__width-inherit elementor-widget elementor-widget-text-editor\" data-id=\"37b4aedf\" data-element_type=\"widget\" data-e-type=\"widget\" data-widget_type=\"text-editor.default\">\n\t\t\t\t<div class=\"elementor-widget-container\">\n\t\t\t\t\t\t\t\t\t<p>Ci sono molte leggende e storie sulle origini e lo sviluppo del tango. Il tango \u00e8 un ballo e una musica nata a Buenos Aires all\u2019inizio del secolo, sviluppatasi nel crogiolo di culture che era Buenos Aires. La parola Tango era usata all\u2019epoca per descrivere varie musiche e danze.<\/p><p>Le origini esatte del tango, sia la danza che la parola stessa, si perdono nel mito e in una storia non documentata. La storia pi\u00f9 accreditata \u00e8 che a met\u00e0 del 1800, gli schiavi africani furono portati in Argentina e iniziarono a influenzare la cultura locale. La parola \u201cTango\u201d potrebbe essere di origine africana e significa \u201cluogo chiuso\u201d o \u201cterreno riservato\u201d. Oppure potrebbe derivare dal portoghese (e dal verbo latino tanguere, toccare) e venne presa dagli africani sulle navi degli schiavi. Qualunque sia la sua origine, la parola \u201cTango\u201d ha acquisito il significato standard del luogo in cui gli schiavi africani e altre persone si riunivano per ballare.<\/p><div class=\"read-more-text\"><p>Molto probabilmente il Tango \u00e8 nato in locali da ballo afro-argentini frequentati da compadritos, giovani uomini, per lo pi\u00f9 nativi e poveri, a cui piaceva vestirsi con cappelli larghi, fazzoletti al collo e stivali col tacco alto con coltelli infilati nelle cinture. I compadritos riportarono il Tango al Corrales Viejos, il quartiere dei macelli di Buenos Aires, e lo introdussero in vari locali della malavita dove si ballava: bar, sale da ballo e bordelli. Fu qui che i ritmi africani incontrarono la musica della milonga argentina (una polka frenetica) e presto furono inventati nuovi passi e prese piede.<\/p><p>Alla fine, tutti vennero a conoscenza del Tango e, all\u2019inizio del XX secolo, il Tango sia come ballo che come forma embrionale di musica popolare aveva stabilito un solido punto d\u2019appoggio nella citt\u00e0 natale in rapida espansione. Ben presto si diffuse nelle citt\u00e0 di provincia dell\u2019Argentina e attraverso il River Plate fino a Montevideo, la capitale dell\u2019Uruguay, dove divenne parte della cultura urbana tanto quanto a Buenos Aires.<\/p><p>La diffusione mondiale del tango avvenne all\u2019inizio del 1900, quando i ricchi figli delle famiglie della societ\u00e0 argentina si recarono a Parigi e introdussero il tango in una societ\u00e0 desiderosa di innovazione e non del tutto contraria alla natura os\u00e9 della danza o del ballo con giovani e ricchi Uomini latini. Nel 1913, il Tango era diventato un fenomeno internazionale a Parigi, Londra e New York. L\u2019\u00e9lite argentina che aveva evitato il tango era ora costretta ad accettarlo con orgoglio nazionale. Il Tango si diffuse in tutto il mondo negli anni \u201920 e \u201930 e divenne un\u2019espressione fondamentale della cultura argentina negli anni \u201940 e \u201950. L\u2019attuale revival risale ai primi anni \u201980, quando uno spettacolo teatrale di Tango Argentino fece il giro del mondo creando una versione abbagliante del Tango che si dice abbia stimolato il revival negli Stati Uniti, in Europa e in Giappone. Il 2008 \u00e8 di nuovo un periodo di rinnovamento, di tensione tra l\u2019internazionale e l\u2019argentino, tra il desiderio di ricreare l\u2019et\u00e0 dell\u2019oro e un altro di evolverlo alla luce della cultura e dei valori moderni. C\u2019\u00e8 un\u2019esplosione di interesse in tutto il mondo con luoghi per ballare in molte citt\u00e0 e paesi e un circuito in crescita di festival internazionali.<\/p><p>Sia che tu stia cercando un nuovo hobby o un modo per entrare in contatto con il tuo partner, che desideri migliorare la tua vita sociale o che desideri portare le tue abilit\u00e0 di ballo al livello successivo, i Fred Astaire Dance Studios ti faranno ballare con sicurezza e DIVERTIRTI dalla tua prima lezione! Contattaci oggi.<\/p><\/div>\t\t\t\t\t\t\t\t<\/div>\n\t\t\t\t<\/div>\n\t\t\t\t<div class=\"elementor-element elementor-element-11fd07bc elementor-widget elementor-widget-video\" data-id=\"11fd07bc\" data-element_type=\"widget\" data-e-type=\"widget\" data-settings=\"{&quot;youtube_url&quot;:&quot;https:\\\/\\\/youtu.be\\\/MUw0cBwUuI8&quot;,&quot;video_type&quot;:&quot;youtube&quot;,&quot;controls&quot;:&quot;yes&quot;}\" data-widget_type=\"video.default\">\n\t\t\t\t<div class=\"elementor-widget-container\">\n\t\t\t\t\t\t\t<div class=\"elementor-wrapper elementor-open-inline\">\n\t\t\t<div class=\"elementor-video\"><\/div>\t\t<\/div>\n\t\t\t\t\t\t<\/div>\n\t\t\t\t<\/div>\n\t\t\t\t\t<\/div>\n\t\t<\/div>\n\t\t\t\t<div class=\"elementor-column elementor-col-50 elementor-top-column elementor-element elementor-element-5cd4df5b\" data-id=\"5cd4df5b\" data-element_type=\"column\" data-e-type=\"column\">\n\t\t\t<div class=\"elementor-widget-wrap elementor-element-populated\">\n\t\t\t\t\t\t<div class=\"elementor-element elementor-element-3e03d680 elementor-widget elementor-widget-ucaddon_simple_list_menu\" data-id=\"3e03d680\" data-element_type=\"widget\" data-e-type=\"widget\" data-widget_type=\"ucaddon_simple_list_menu.default\">\n\t\t\t\t<div class=\"elementor-widget-container\">\n\t\t\t\t\t\n<!-- start List Menu -->\n\t\t<link id='font-awesome-css' href='https:\/\/www.fredastaire.com\/milan-it\/wp-content\/plugins\/unlimited-elements-for-elementor-premium\/assets_libraries\/font-awesome6\/fontawesome-all.min.css' type='text\/css' rel='stylesheet' >\n\t\t<link id='font-awesome-4-shim-css' href='https:\/\/www.fredastaire.com\/milan-it\/wp-content\/plugins\/unlimited-elements-for-elementor-premium\/assets_libraries\/font-awesome6\/fontawesome-v4-shims.min.css' type='text\/css' rel='stylesheet' >\n\n<style>\/* widget: List Menu *\/\n\n#uc_simple_list_menu_elementor_3e03d680\n{\n  text-align:left;\n}\n#uc_simple_list_menu_elementor_3e03d680 ul\n{\n  padding:0;\n  list-style:none;\n  margin:0;\n}\n\n#uc_simple_list_menu_elementor_3e03d680 ul li\n{\n  padding:0;\n  list-style:none;\n  margin:0;\n}\n\n#uc_simple_list_menu_elementor_3e03d680 ul li.current_page_item\n{\n  background-color:#f2f2f2;\n}\n\n#uc_simple_list_menu_elementor_3e03d680 ul ul li.current_page_item\n{\n  background-color:#f2f2f2;\n}\n\n#uc_simple_list_menu_elementor_3e03d680 ul ul ul li.current_page_item\n{\n  background-color:#e6e6e6;\n}\n\n#uc_simple_list_menu_elementor_3e03d680 ul li:last-child\n{\n  border-bottom:none;\n}\n\n#uc_simple_list_menu_elementor_3e03d680 ul li a\n{\n  text-decoration:none;\n  display:block;\n}\n\n#uc_simple_list_menu_elementor_3e03d680 ul li a:before {\n   font-family: \"Font Awesome 5 Free\";\n   content: \"\\f00c\";\n   display: inline-block;\n   vertical-align: middle;\n   font-weight: 900;\n}\n\n\n<\/style>\n\n<div id=\"uc_simple_list_menu_elementor_3e03d680\" class=\"simple_list_menu\">\n<ul id=\"menu-types-of-dance\" class=\"uc-list-menu\"><li id=\"menu-item-8079\" class=\"menu-item menu-item-type-custom menu-item-object-custom menu-item-has-children menu-item-8079\"><a href=\"#\">Rhythm<\/a>\n<ul class=\"sub-menu\">\n\t<li id=\"menu-item-8088\" class=\"menu-item menu-item-type-post_type menu-item-object-page menu-item-8088\"><a href=\"https:\/\/www.fredastaire.com\/milan-it\/salsa\/\">Salsa<\/a><\/li>\n\t<li id=\"menu-item-8093\" class=\"menu-item menu-item-type-post_type menu-item-object-page menu-item-8093\"><a href=\"https:\/\/www.fredastaire.com\/milan-it\/mambo\/\">Mambo<\/a><\/li>\n\t<li id=\"menu-item-8095\" class=\"menu-item menu-item-type-post_type menu-item-object-page menu-item-8095\"><a href=\"https:\/\/www.fredastaire.com\/milan-it\/hustle\/\">Hustle<\/a><\/li>\n\t<li id=\"menu-item-8097\" class=\"menu-item menu-item-type-post_type menu-item-object-page menu-item-8097\"><a href=\"https:\/\/www.fredastaire.com\/milan-it\/east-coast-swing\/\">Swing<\/a><\/li>\n\t<li id=\"menu-item-8101\" class=\"menu-item menu-item-type-post_type menu-item-object-page menu-item-8101\"><a href=\"https:\/\/www.fredastaire.com\/milan-it\/west-coast-swing\/\">West Coast Swing<\/a><\/li>\n\t<li id=\"menu-item-8092\" class=\"menu-item menu-item-type-post_type menu-item-object-page menu-item-8092\"><a href=\"https:\/\/www.fredastaire.com\/milan-it\/merengue\/\">Merengue<\/a><\/li>\n\t<li id=\"menu-item-8089\" class=\"menu-item menu-item-type-post_type menu-item-object-page menu-item-8089\"><a href=\"https:\/\/www.fredastaire.com\/milan-it\/rumba\/\">Rumba<\/a><\/li>\n\t<li id=\"menu-item-8098\" class=\"menu-item menu-item-type-post_type menu-item-object-page menu-item-8098\"><a href=\"https:\/\/www.fredastaire.com\/milan-it\/cha-cha\/\">Cha Cha<\/a><\/li>\n\t<li id=\"menu-item-8087\" class=\"menu-item menu-item-type-post_type menu-item-object-page menu-item-8087\"><a href=\"https:\/\/www.fredastaire.com\/milan-it\/samba\/\">Samba<\/a><\/li>\n\t<li id=\"menu-item-8099\" class=\"menu-item menu-item-type-post_type menu-item-object-page menu-item-8099\"><a href=\"https:\/\/www.fredastaire.com\/milan-it\/bolero\/\">Bolero<\/a><\/li>\n\t<li id=\"menu-item-8091\" class=\"menu-item menu-item-type-post_type menu-item-object-page menu-item-8091\"><a href=\"https:\/\/www.fredastaire.com\/milan-it\/paso-doble\/\">Paso Doble<\/a><\/li>\n\t<li id=\"menu-item-8094\" class=\"menu-item menu-item-type-post_type menu-item-object-page menu-item-8094\"><a href=\"https:\/\/www.fredastaire.com\/milan-it\/jive\/\">Jive<\/a><\/li>\n\t<li id=\"menu-item-8082\" class=\"menu-item menu-item-type-post_type menu-item-object-page menu-item-8082\"><a href=\"https:\/\/www.fredastaire.com\/milan-it\/bachata\/\">Bachata<\/a><\/li>\n<\/ul>\n<\/li>\n<li id=\"menu-item-8080\" class=\"menu-item menu-item-type-custom menu-item-object-custom menu-item-has-children menu-item-8080\"><a href=\"#\">Smooth<\/a>\n<ul class=\"sub-menu\">\n\t<li id=\"menu-item-8100\" class=\"menu-item menu-item-type-post_type menu-item-object-page menu-item-8100\"><a href=\"https:\/\/www.fredastaire.com\/milan-it\/argentine-tango\/\">Tango Argentino<\/a><\/li>\n\t<li id=\"menu-item-8096\" class=\"menu-item menu-item-type-post_type menu-item-object-page menu-item-8096\"><a href=\"https:\/\/www.fredastaire.com\/milan-it\/foxtrot\/\">Foxtrot<\/a><\/li>\n\t<li id=\"menu-item-8086\" class=\"menu-item menu-item-type-post_type menu-item-object-page menu-item-8086\"><a href=\"https:\/\/www.fredastaire.com\/milan-it\/tango\/\">Tango<\/a><\/li>\n\t<li id=\"menu-item-8084\" class=\"menu-item menu-item-type-post_type menu-item-object-page menu-item-8084\"><a href=\"https:\/\/www.fredastaire.com\/milan-it\/waltz\/\">Valzer Lento<\/a><\/li>\n\t<li id=\"menu-item-8085\" class=\"menu-item menu-item-type-post_type menu-item-object-page menu-item-8085\"><a href=\"https:\/\/www.fredastaire.com\/milan-it\/viennese-waltz\/\">Valzer Viennese<\/a><\/li>\n\t<li id=\"menu-item-8090\" class=\"menu-item menu-item-type-post_type menu-item-object-page menu-item-8090\"><a href=\"https:\/\/www.fredastaire.com\/milan-it\/quickstep\/\">Quickstep<\/a><\/li>\n<\/ul>\n<\/li>\n<\/ul>\n<\/div>\n<!-- end List Menu -->\t\t\t\t<\/div>\n\t\t\t\t<\/div>\n\t\t\t\t\t<\/div>\n\t\t<\/div>\n\t\t\t\t\t<\/div>\n\t\t<\/section>\n\t\t\t\t<\/div>\n\t\t","protected":false},"excerpt":{"rendered":"<p>Argentine Tango Ci sono molte leggende e storie sulle origini e lo sviluppo del tango. Il tango \u00e8 un ballo e una musica nata a Buenos Aires all\u2019inizio del secolo, sviluppatasi nel crogiolo di culture che era Buenos Aires. La parola Tango era usata all\u2019epoca per descrivere varie musiche e danze. Le origini esatte del [&hellip;]<\/p>\n","protected":false},"author":12,"featured_media":0,"parent":0,"menu_order":0,"comment_status":"closed","ping_status":"closed","template":"","meta":{"_acf_changed":false,"footnotes":""},"class_list":["post-5759","page","type-page","status-publish","hentry"],"acf":[],"_links":{"self":[{"href":"https:\/\/www.fredastaire.com\/milan-it\/wp-json\/wp\/v2\/pages\/5759","targetHints":{"allow":["GET"]}}],"collection":[{"href":"https:\/\/www.fredastaire.com\/milan-it\/wp-json\/wp\/v2\/pages"}],"about":[{"href":"https:\/\/www.fredastaire.com\/milan-it\/wp-json\/wp\/v2\/types\/page"}],"author":[{"embeddable":true,"href":"https:\/\/www.fredastaire.com\/milan-it\/wp-json\/wp\/v2\/users\/12"}],"replies":[{"embeddable":true,"href":"https:\/\/www.fredastaire.com\/milan-it\/wp-json\/wp\/v2\/comments?post=5759"}],"version-history":[{"count":0,"href":"https:\/\/www.fredastaire.com\/milan-it\/wp-json\/wp\/v2\/pages\/5759\/revisions"}],"wp:attachment":[{"href":"https:\/\/www.fredastaire.com\/milan-it\/wp-json\/wp\/v2\/media?parent=5759"}],"curies":[{"name":"wp","href":"https:\/\/api.w.org\/{rel}","templated":true}]}}