{"id":5847,"date":"2019-03-29T02:37:43","date_gmt":"2019-03-29T06:37:43","guid":{"rendered":"https:\/\/www.fredastaire.com\/milan-it\/?page_id=5847"},"modified":"2024-06-25T19:49:54","modified_gmt":"2024-06-25T17:49:54","slug":"quickstep","status":"publish","type":"page","link":"https:\/\/www.fredastaire.com\/milan-it\/quickstep\/","title":{"rendered":"Quickstep"},"content":{"rendered":"\t\t<div data-elementor-type=\"wp-page\" data-elementor-id=\"5847\" class=\"elementor elementor-5847\" data-elementor-settings=\"{&quot;ha_cmc_init_switcher&quot;:&quot;no&quot;}\" data-elementor-post-type=\"page\">\n\t\t\t\t\t\t<section class=\"elementor-section elementor-top-section elementor-element elementor-element-262647b9 elementor-section-height-min-height elementor-section-boxed elementor-section-height-default elementor-section-items-middle\" data-id=\"262647b9\" data-element_type=\"section\" data-e-type=\"section\" data-settings=\"{&quot;background_background&quot;:&quot;classic&quot;,&quot;_ha_eqh_enable&quot;:false}\">\n\t\t\t\t\t\t<div class=\"elementor-container elementor-column-gap-default\">\n\t\t\t\t\t<div class=\"elementor-column elementor-col-100 elementor-top-column elementor-element elementor-element-23bba30b\" data-id=\"23bba30b\" data-element_type=\"column\" data-e-type=\"column\">\n\t\t\t<div class=\"elementor-widget-wrap\">\n\t\t\t\t\t\t\t<\/div>\n\t\t<\/div>\n\t\t\t\t\t<\/div>\n\t\t<\/section>\n\t\t\t\t<section class=\"elementor-section elementor-top-section elementor-element elementor-element-50cf4563 elementor-section-boxed elementor-section-height-default elementor-section-height-default\" data-id=\"50cf4563\" data-element_type=\"section\" data-e-type=\"section\" data-settings=\"{&quot;_ha_eqh_enable&quot;:false}\">\n\t\t\t\t\t\t<div class=\"elementor-container elementor-column-gap-default\">\n\t\t\t\t\t<div class=\"elementor-column elementor-col-50 elementor-top-column elementor-element elementor-element-76068f8\" data-id=\"76068f8\" data-element_type=\"column\" data-e-type=\"column\">\n\t\t\t<div class=\"elementor-widget-wrap elementor-element-populated\">\n\t\t\t\t\t\t<div class=\"elementor-element elementor-element-70a2d0ed elementor-widget elementor-widget-heading\" data-id=\"70a2d0ed\" data-element_type=\"widget\" data-e-type=\"widget\" data-widget_type=\"heading.default\">\n\t\t\t\t<div class=\"elementor-widget-container\">\n\t\t\t\t\t<h1 class=\"elementor-heading-title elementor-size-default\">Quickstep<\/h1>\t\t\t\t<\/div>\n\t\t\t\t<\/div>\n\t\t\t\t<div class=\"elementor-element elementor-element-1e5781e6 elementor-widget__width-inherit elementor-widget elementor-widget-text-editor\" data-id=\"1e5781e6\" data-element_type=\"widget\" data-e-type=\"widget\" data-widget_type=\"text-editor.default\">\n\t\t\t\t<div class=\"elementor-widget-container\">\n\t\t\t\t\t\t\t\t\t<p>Il Quickstep, con le sue radici in Ragtime, \u00e8 stato sviluppato negli anni \u201920 a New York da una combinazione di Foxtrot, Charleston, Peabody e One-Step. In origine era ballato da solo, lontano dal partner, ma in seguito \u00e8 diventato un ballo di coppia. Inizialmente era stato chiamato \u201cQuick Time Fox Trot\u201d, ma alla fine quel nome \u00e8 stato cambiato in Quickstep. Il ballo ha viaggiato in Inghilterra ed \u00e8 stato sviluppato nel ballo che conosciamo oggi, ed \u00e8 stato standardizzato nel 1927. In una forma base il Quickstep \u00e8 una combinazione di passi e chasse, ma in una fase avanzata vengono utilizzati salti e molte sincopi. \u00c8 un ballo elegante e affascinante e il contatto con il corpo viene mantenuto per tutta la durata del ballo.<\/p><div class=\"read-more-text\"><p>La musica di Quickstep \u00e8 scritta in 4\/4 e dovrebbe essere suonata ad un tempo di circa 48 -\u2010 52 battiti al minuto per esami e concorsi.<\/p><p>Il Quickstep \u00e8 un ballo progressivo e di svolta che si muove lungo la linea di ballo, utilizzando i movimenti di Walks e Chasse. L\u2019azione Rise and Fall, Sway e Bounce sono le caratteristiche di base dell\u2019International Style Quickstep.<\/p><p>Approfitta della nostra speciale offerta introduttiva per i nuovi studenti e fai il primo passo verso la realizzazione dei tuoi obiettivi di ballo. Chiamaci, nei Fred Astaire Dance Studios. Ti aspettiamo sulla pista da ballo!<\/p><\/div>\t\t\t\t\t\t\t\t<\/div>\n\t\t\t\t<\/div>\n\t\t\t\t<div class=\"elementor-element elementor-element-539a4580 elementor-widget elementor-widget-video\" data-id=\"539a4580\" data-element_type=\"widget\" data-e-type=\"widget\" data-settings=\"{&quot;youtube_url&quot;:&quot;https:\\\/\\\/youtu.be\\\/GrF9pf2UjiQ&quot;,&quot;video_type&quot;:&quot;youtube&quot;,&quot;controls&quot;:&quot;yes&quot;}\" data-widget_type=\"video.default\">\n\t\t\t\t<div class=\"elementor-widget-container\">\n\t\t\t\t\t\t\t<div class=\"elementor-wrapper elementor-open-inline\">\n\t\t\t<div class=\"elementor-video\"><\/div>\t\t<\/div>\n\t\t\t\t\t\t<\/div>\n\t\t\t\t<\/div>\n\t\t\t\t\t<\/div>\n\t\t<\/div>\n\t\t\t\t<div class=\"elementor-column elementor-col-50 elementor-top-column elementor-element elementor-element-2e10c486\" data-id=\"2e10c486\" data-element_type=\"column\" data-e-type=\"column\">\n\t\t\t<div class=\"elementor-widget-wrap elementor-element-populated\">\n\t\t\t\t\t\t<div class=\"elementor-element elementor-element-56883472 elementor-widget elementor-widget-ucaddon_simple_list_menu\" data-id=\"56883472\" data-element_type=\"widget\" data-e-type=\"widget\" data-widget_type=\"ucaddon_simple_list_menu.default\">\n\t\t\t\t<div class=\"elementor-widget-container\">\n\t\t\t\t\t\n<!-- start List Menu -->\n\t\t<link id='font-awesome-css' href='https:\/\/www.fredastaire.com\/milan-it\/wp-content\/plugins\/unlimited-elements-for-elementor-premium\/assets_libraries\/font-awesome6\/fontawesome-all.min.css' type='text\/css' rel='stylesheet' >\n\t\t<link id='font-awesome-4-shim-css' href='https:\/\/www.fredastaire.com\/milan-it\/wp-content\/plugins\/unlimited-elements-for-elementor-premium\/assets_libraries\/font-awesome6\/fontawesome-v4-shims.min.css' type='text\/css' rel='stylesheet' >\n\n<style>\/* widget: List Menu *\/\n\n#uc_simple_list_menu_elementor_56883472\n{\n  text-align:left;\n}\n#uc_simple_list_menu_elementor_56883472 ul\n{\n  padding:0;\n  list-style:none;\n  margin:0;\n}\n\n#uc_simple_list_menu_elementor_56883472 ul li\n{\n  padding:0;\n  list-style:none;\n  margin:0;\n}\n\n#uc_simple_list_menu_elementor_56883472 ul li.current_page_item\n{\n  background-color:#f2f2f2;\n}\n\n#uc_simple_list_menu_elementor_56883472 ul ul li.current_page_item\n{\n  background-color:#f2f2f2;\n}\n\n#uc_simple_list_menu_elementor_56883472 ul ul ul li.current_page_item\n{\n  background-color:#e6e6e6;\n}\n\n#uc_simple_list_menu_elementor_56883472 ul li:last-child\n{\n  border-bottom:none;\n}\n\n#uc_simple_list_menu_elementor_56883472 ul li a\n{\n  text-decoration:none;\n  display:block;\n}\n\n#uc_simple_list_menu_elementor_56883472 ul li a:before {\n   font-family: \"Font Awesome 5 Free\";\n   content: \"\\f00c\";\n   display: inline-block;\n   vertical-align: middle;\n   font-weight: 900;\n}\n\n\n<\/style>\n\n<div id=\"uc_simple_list_menu_elementor_56883472\" class=\"simple_list_menu\">\n<ul id=\"menu-types-of-dance\" class=\"uc-list-menu\"><li id=\"menu-item-8079\" class=\"menu-item menu-item-type-custom menu-item-object-custom menu-item-has-children menu-item-8079\"><a href=\"#\">Rhythm<\/a>\n<ul class=\"sub-menu\">\n\t<li id=\"menu-item-8088\" class=\"menu-item menu-item-type-post_type menu-item-object-page menu-item-8088\"><a href=\"https:\/\/www.fredastaire.com\/milan-it\/salsa\/\">Salsa<\/a><\/li>\n\t<li id=\"menu-item-8093\" class=\"menu-item menu-item-type-post_type menu-item-object-page menu-item-8093\"><a href=\"https:\/\/www.fredastaire.com\/milan-it\/mambo\/\">Mambo<\/a><\/li>\n\t<li id=\"menu-item-8095\" class=\"menu-item menu-item-type-post_type menu-item-object-page menu-item-8095\"><a href=\"https:\/\/www.fredastaire.com\/milan-it\/hustle\/\">Hustle<\/a><\/li>\n\t<li id=\"menu-item-8097\" class=\"menu-item menu-item-type-post_type menu-item-object-page menu-item-8097\"><a href=\"https:\/\/www.fredastaire.com\/milan-it\/east-coast-swing\/\">Swing<\/a><\/li>\n\t<li id=\"menu-item-8101\" class=\"menu-item menu-item-type-post_type menu-item-object-page menu-item-8101\"><a href=\"https:\/\/www.fredastaire.com\/milan-it\/west-coast-swing\/\">West Coast Swing<\/a><\/li>\n\t<li id=\"menu-item-8092\" class=\"menu-item menu-item-type-post_type menu-item-object-page menu-item-8092\"><a href=\"https:\/\/www.fredastaire.com\/milan-it\/merengue\/\">Merengue<\/a><\/li>\n\t<li id=\"menu-item-8089\" class=\"menu-item menu-item-type-post_type menu-item-object-page menu-item-8089\"><a href=\"https:\/\/www.fredastaire.com\/milan-it\/rumba\/\">Rumba<\/a><\/li>\n\t<li id=\"menu-item-8098\" class=\"menu-item menu-item-type-post_type menu-item-object-page menu-item-8098\"><a href=\"https:\/\/www.fredastaire.com\/milan-it\/cha-cha\/\">Cha Cha<\/a><\/li>\n\t<li id=\"menu-item-8087\" class=\"menu-item menu-item-type-post_type menu-item-object-page menu-item-8087\"><a href=\"https:\/\/www.fredastaire.com\/milan-it\/samba\/\">Samba<\/a><\/li>\n\t<li id=\"menu-item-8099\" class=\"menu-item menu-item-type-post_type menu-item-object-page menu-item-8099\"><a href=\"https:\/\/www.fredastaire.com\/milan-it\/bolero\/\">Bolero<\/a><\/li>\n\t<li id=\"menu-item-8091\" class=\"menu-item menu-item-type-post_type menu-item-object-page menu-item-8091\"><a href=\"https:\/\/www.fredastaire.com\/milan-it\/paso-doble\/\">Paso Doble<\/a><\/li>\n\t<li id=\"menu-item-8094\" class=\"menu-item menu-item-type-post_type menu-item-object-page menu-item-8094\"><a href=\"https:\/\/www.fredastaire.com\/milan-it\/jive\/\">Jive<\/a><\/li>\n\t<li id=\"menu-item-8082\" class=\"menu-item menu-item-type-post_type menu-item-object-page menu-item-8082\"><a href=\"https:\/\/www.fredastaire.com\/milan-it\/bachata\/\">Bachata<\/a><\/li>\n<\/ul>\n<\/li>\n<li id=\"menu-item-8080\" class=\"menu-item menu-item-type-custom menu-item-object-custom menu-item-has-children menu-item-8080\"><a href=\"#\">Smooth<\/a>\n<ul class=\"sub-menu\">\n\t<li id=\"menu-item-8100\" class=\"menu-item menu-item-type-post_type menu-item-object-page menu-item-8100\"><a href=\"https:\/\/www.fredastaire.com\/milan-it\/argentine-tango\/\">Tango Argentino<\/a><\/li>\n\t<li id=\"menu-item-8096\" class=\"menu-item menu-item-type-post_type menu-item-object-page menu-item-8096\"><a href=\"https:\/\/www.fredastaire.com\/milan-it\/foxtrot\/\">Foxtrot<\/a><\/li>\n\t<li id=\"menu-item-8086\" class=\"menu-item menu-item-type-post_type menu-item-object-page menu-item-8086\"><a href=\"https:\/\/www.fredastaire.com\/milan-it\/tango\/\">Tango<\/a><\/li>\n\t<li id=\"menu-item-8084\" class=\"menu-item menu-item-type-post_type menu-item-object-page menu-item-8084\"><a href=\"https:\/\/www.fredastaire.com\/milan-it\/waltz\/\">Valzer Lento<\/a><\/li>\n\t<li id=\"menu-item-8085\" class=\"menu-item menu-item-type-post_type menu-item-object-page menu-item-8085\"><a href=\"https:\/\/www.fredastaire.com\/milan-it\/viennese-waltz\/\">Valzer Viennese<\/a><\/li>\n\t<li id=\"menu-item-8090\" class=\"menu-item menu-item-type-post_type menu-item-object-page menu-item-8090\"><a href=\"https:\/\/www.fredastaire.com\/milan-it\/quickstep\/\">Quickstep<\/a><\/li>\n<\/ul>\n<\/li>\n<\/ul>\n<\/div>\n<!-- end List Menu -->\t\t\t\t<\/div>\n\t\t\t\t<\/div>\n\t\t\t\t\t<\/div>\n\t\t<\/div>\n\t\t\t\t\t<\/div>\n\t\t<\/section>\n\t\t\t\t<\/div>\n\t\t","protected":false},"excerpt":{"rendered":"<p>Quickstep Il Quickstep, con le sue radici in Ragtime, \u00e8 stato sviluppato negli anni \u201920 a New York da una combinazione di Foxtrot, Charleston, Peabody e One-Step. In origine era ballato da solo, lontano dal partner, ma in seguito \u00e8 diventato un ballo di coppia. Inizialmente era stato chiamato \u201cQuick Time Fox Trot\u201d, ma alla [&hellip;]<\/p>\n","protected":false},"author":12,"featured_media":0,"parent":0,"menu_order":0,"comment_status":"closed","ping_status":"closed","template":"","meta":{"_acf_changed":false,"footnotes":""},"class_list":["post-5847","page","type-page","status-publish","hentry"],"acf":[],"_links":{"self":[{"href":"https:\/\/www.fredastaire.com\/milan-it\/wp-json\/wp\/v2\/pages\/5847","targetHints":{"allow":["GET"]}}],"collection":[{"href":"https:\/\/www.fredastaire.com\/milan-it\/wp-json\/wp\/v2\/pages"}],"about":[{"href":"https:\/\/www.fredastaire.com\/milan-it\/wp-json\/wp\/v2\/types\/page"}],"author":[{"embeddable":true,"href":"https:\/\/www.fredastaire.com\/milan-it\/wp-json\/wp\/v2\/users\/12"}],"replies":[{"embeddable":true,"href":"https:\/\/www.fredastaire.com\/milan-it\/wp-json\/wp\/v2\/comments?post=5847"}],"version-history":[{"count":0,"href":"https:\/\/www.fredastaire.com\/milan-it\/wp-json\/wp\/v2\/pages\/5847\/revisions"}],"wp:attachment":[{"href":"https:\/\/www.fredastaire.com\/milan-it\/wp-json\/wp\/v2\/media?parent=5847"}],"curies":[{"name":"wp","href":"https:\/\/api.w.org\/{rel}","templated":true}]}}