{"id":5851,"date":"2019-03-29T02:39:37","date_gmt":"2019-03-29T06:39:37","guid":{"rendered":"https:\/\/www.fredastaire.com\/milan-it\/?page_id=5851"},"modified":"2024-06-25T19:51:29","modified_gmt":"2024-06-25T17:51:29","slug":"rumba","status":"publish","type":"page","link":"https:\/\/www.fredastaire.com\/milan-it\/rumba\/","title":{"rendered":"Rumba"},"content":{"rendered":"\t\t<div data-elementor-type=\"wp-page\" data-elementor-id=\"5851\" class=\"elementor elementor-5851\" data-elementor-settings=\"{&quot;ha_cmc_init_switcher&quot;:&quot;no&quot;}\" data-elementor-post-type=\"page\">\n\t\t\t\t\t\t<section class=\"elementor-section elementor-top-section elementor-element elementor-element-6da70efa elementor-section-height-min-height elementor-section-boxed elementor-section-height-default elementor-section-items-middle\" data-id=\"6da70efa\" data-element_type=\"section\" data-e-type=\"section\" data-settings=\"{&quot;background_background&quot;:&quot;classic&quot;,&quot;_ha_eqh_enable&quot;:false}\">\n\t\t\t\t\t\t<div class=\"elementor-container elementor-column-gap-default\">\n\t\t\t\t\t<div class=\"elementor-column elementor-col-100 elementor-top-column elementor-element elementor-element-1c8e1562\" data-id=\"1c8e1562\" data-element_type=\"column\" data-e-type=\"column\">\n\t\t\t<div class=\"elementor-widget-wrap\">\n\t\t\t\t\t\t\t<\/div>\n\t\t<\/div>\n\t\t\t\t\t<\/div>\n\t\t<\/section>\n\t\t\t\t<section class=\"elementor-section elementor-top-section elementor-element elementor-element-517ad812 elementor-section-boxed elementor-section-height-default elementor-section-height-default\" data-id=\"517ad812\" data-element_type=\"section\" data-e-type=\"section\" data-settings=\"{&quot;_ha_eqh_enable&quot;:false}\">\n\t\t\t\t\t\t<div class=\"elementor-container elementor-column-gap-default\">\n\t\t\t\t\t<div class=\"elementor-column elementor-col-50 elementor-top-column elementor-element elementor-element-ad4a09c\" data-id=\"ad4a09c\" data-element_type=\"column\" data-e-type=\"column\">\n\t\t\t<div class=\"elementor-widget-wrap elementor-element-populated\">\n\t\t\t\t\t\t<div class=\"elementor-element elementor-element-48cc4ccf elementor-widget elementor-widget-heading\" data-id=\"48cc4ccf\" data-element_type=\"widget\" data-e-type=\"widget\" data-widget_type=\"heading.default\">\n\t\t\t\t<div class=\"elementor-widget-container\">\n\t\t\t\t\t<h1 class=\"elementor-heading-title elementor-size-default\">Rumba<\/h1>\t\t\t\t<\/div>\n\t\t\t\t<\/div>\n\t\t\t\t<div class=\"elementor-element elementor-element-270560e1 elementor-widget__width-inherit elementor-widget elementor-widget-text-editor\" data-id=\"270560e1\" data-element_type=\"widget\" data-e-type=\"widget\" data-widget_type=\"text-editor.default\">\n\t\t\t\t<div class=\"elementor-widget-container\">\n\t\t\t\t\t\t\t\t\t<p>La Rumba, \u00e8 uno dei balli che si trovano nei balli sociali e nelle competizioni internazionali. \u00c8 il pi\u00f9 lento dei cinque balli latini internazionali competitivi: il Paso Doble, il Samba, il Cha Cha e il Jive sono gli altri. La Rumba \u00e8 nata da un ritmo e una danza cubani chiamati Bolero-Son; lo stile internazionale \u00e8 nato dagli studi di ballo a Cuba nel periodo pre-rivoluzionario che \u00e8 stato poi reso popolare dai discendenti degli schiavi africani di Cuba. Il suo ritmo allettante invase per la prima volta gli Stati Uniti all\u2019inizio degli anni \u201930 ed \u00e8 rimasto uno dei balli sociali pi\u00f9 popolari. La Rumba \u00e8 caratterizzata da un movimento dell\u2019anca fluido e sottile e da un passo pesante.<\/p><div class=\"read-more-text\"><p>Dei tre stili di Rumba che furono introdotti negli Stati Uniti, il Bolero-Rumba, il Son-Rumba e il Guaracha-Rumba, solo il Bolero-Rumba (abbreviato in Bolero) e il Son-Rumba (abbreviato in Rumba) sono sopravvissuti alla prova del tempo. Il Guaracha-Rumba svan\u00ec rapidamente quando il pi\u00f9 eccitante Mambo fu presentato agli americani alla fine degli anni \u201940. La Rumba si balla sul posto poich\u00e9 i passi sono abbastanza compatti. Sebbene la Rumba non venga ballata con lo stesso contatto del corpo che viene utilizzato nei balli da sala, ci possono essere momenti in cui si sente un contatto pi\u00f9 stretto. Un movimento fluido e sottile dei fianchi \u00e8 caratteristico della Rumba.<\/p><p>Lascia che ti aiutiamo a iniziare con un nuovo ed eccitante hobby: il ballo! Contattaci oggi, nei Fred Astaire Dance Studios. Troverai una comunit\u00e0 calda e accogliente che ti ispirer\u00e0 a raggiungere nuovi obbiettivi mentre ti diverti a farlo!<\/p><\/div>\t\t\t\t\t\t\t\t<\/div>\n\t\t\t\t<\/div>\n\t\t\t\t<div class=\"elementor-element elementor-element-8b10ca0 elementor-widget elementor-widget-video\" data-id=\"8b10ca0\" data-element_type=\"widget\" data-e-type=\"widget\" data-settings=\"{&quot;youtube_url&quot;:&quot;https:\\\/\\\/youtu.be\\\/FOHxEirPvoU&quot;,&quot;video_type&quot;:&quot;youtube&quot;,&quot;controls&quot;:&quot;yes&quot;}\" data-widget_type=\"video.default\">\n\t\t\t\t<div class=\"elementor-widget-container\">\n\t\t\t\t\t\t\t<div class=\"elementor-wrapper elementor-open-inline\">\n\t\t\t<div class=\"elementor-video\"><\/div>\t\t<\/div>\n\t\t\t\t\t\t<\/div>\n\t\t\t\t<\/div>\n\t\t\t\t\t<\/div>\n\t\t<\/div>\n\t\t\t\t<div class=\"elementor-column elementor-col-50 elementor-top-column elementor-element elementor-element-1d0bc5fc\" data-id=\"1d0bc5fc\" data-element_type=\"column\" data-e-type=\"column\">\n\t\t\t<div class=\"elementor-widget-wrap elementor-element-populated\">\n\t\t\t\t\t\t<div class=\"elementor-element elementor-element-45a495ae elementor-widget elementor-widget-ucaddon_simple_list_menu\" data-id=\"45a495ae\" data-element_type=\"widget\" data-e-type=\"widget\" data-widget_type=\"ucaddon_simple_list_menu.default\">\n\t\t\t\t<div class=\"elementor-widget-container\">\n\t\t\t\t\t\n<!-- start List Menu -->\n\t\t<link id='font-awesome-css' href='https:\/\/www.fredastaire.com\/milan-it\/wp-content\/plugins\/unlimited-elements-for-elementor-premium\/assets_libraries\/font-awesome6\/fontawesome-all.min.css' type='text\/css' rel='stylesheet' >\n\t\t<link id='font-awesome-4-shim-css' href='https:\/\/www.fredastaire.com\/milan-it\/wp-content\/plugins\/unlimited-elements-for-elementor-premium\/assets_libraries\/font-awesome6\/fontawesome-v4-shims.min.css' type='text\/css' rel='stylesheet' >\n\n<style>\/* widget: List Menu *\/\n\n#uc_simple_list_menu_elementor_45a495ae\n{\n  text-align:left;\n}\n#uc_simple_list_menu_elementor_45a495ae ul\n{\n  padding:0;\n  list-style:none;\n  margin:0;\n}\n\n#uc_simple_list_menu_elementor_45a495ae ul li\n{\n  padding:0;\n  list-style:none;\n  margin:0;\n}\n\n#uc_simple_list_menu_elementor_45a495ae ul li.current_page_item\n{\n  background-color:#f2f2f2;\n}\n\n#uc_simple_list_menu_elementor_45a495ae ul ul li.current_page_item\n{\n  background-color:#EFEFEF;\n}\n\n#uc_simple_list_menu_elementor_45a495ae ul ul ul li.current_page_item\n{\n  background-color:#e6e6e6;\n}\n\n#uc_simple_list_menu_elementor_45a495ae ul li:last-child\n{\n  border-bottom:none;\n}\n\n#uc_simple_list_menu_elementor_45a495ae ul li a\n{\n  text-decoration:none;\n  display:block;\n}\n\n#uc_simple_list_menu_elementor_45a495ae ul li a:before {\n   font-family: \"Font Awesome 5 Free\";\n   content: \"\\f00c\";\n   display: inline-block;\n   vertical-align: middle;\n   font-weight: 900;\n}\n\n\n<\/style>\n\n<div id=\"uc_simple_list_menu_elementor_45a495ae\" class=\"simple_list_menu\">\n<ul id=\"menu-types-of-dance\" class=\"uc-list-menu\"><li id=\"menu-item-8079\" class=\"menu-item menu-item-type-custom menu-item-object-custom menu-item-has-children menu-item-8079\"><a href=\"#\">Rhythm<\/a>\n<ul class=\"sub-menu\">\n\t<li id=\"menu-item-8088\" class=\"menu-item menu-item-type-post_type menu-item-object-page menu-item-8088\"><a href=\"https:\/\/www.fredastaire.com\/milan-it\/salsa\/\">Salsa<\/a><\/li>\n\t<li id=\"menu-item-8093\" class=\"menu-item menu-item-type-post_type menu-item-object-page menu-item-8093\"><a href=\"https:\/\/www.fredastaire.com\/milan-it\/mambo\/\">Mambo<\/a><\/li>\n\t<li id=\"menu-item-8095\" class=\"menu-item menu-item-type-post_type menu-item-object-page menu-item-8095\"><a href=\"https:\/\/www.fredastaire.com\/milan-it\/hustle\/\">Hustle<\/a><\/li>\n\t<li id=\"menu-item-8097\" class=\"menu-item menu-item-type-post_type menu-item-object-page menu-item-8097\"><a href=\"https:\/\/www.fredastaire.com\/milan-it\/east-coast-swing\/\">Swing<\/a><\/li>\n\t<li id=\"menu-item-8101\" class=\"menu-item menu-item-type-post_type menu-item-object-page menu-item-8101\"><a href=\"https:\/\/www.fredastaire.com\/milan-it\/west-coast-swing\/\">West Coast Swing<\/a><\/li>\n\t<li id=\"menu-item-8092\" class=\"menu-item menu-item-type-post_type menu-item-object-page menu-item-8092\"><a href=\"https:\/\/www.fredastaire.com\/milan-it\/merengue\/\">Merengue<\/a><\/li>\n\t<li id=\"menu-item-8089\" class=\"menu-item menu-item-type-post_type menu-item-object-page menu-item-8089\"><a href=\"https:\/\/www.fredastaire.com\/milan-it\/rumba\/\">Rumba<\/a><\/li>\n\t<li id=\"menu-item-8098\" class=\"menu-item menu-item-type-post_type menu-item-object-page menu-item-8098\"><a href=\"https:\/\/www.fredastaire.com\/milan-it\/cha-cha\/\">Cha Cha<\/a><\/li>\n\t<li id=\"menu-item-8087\" class=\"menu-item menu-item-type-post_type menu-item-object-page menu-item-8087\"><a href=\"https:\/\/www.fredastaire.com\/milan-it\/samba\/\">Samba<\/a><\/li>\n\t<li id=\"menu-item-8099\" class=\"menu-item menu-item-type-post_type menu-item-object-page menu-item-8099\"><a href=\"https:\/\/www.fredastaire.com\/milan-it\/bolero\/\">Bolero<\/a><\/li>\n\t<li id=\"menu-item-8091\" class=\"menu-item menu-item-type-post_type menu-item-object-page menu-item-8091\"><a href=\"https:\/\/www.fredastaire.com\/milan-it\/paso-doble\/\">Paso Doble<\/a><\/li>\n\t<li id=\"menu-item-8094\" class=\"menu-item menu-item-type-post_type menu-item-object-page menu-item-8094\"><a href=\"https:\/\/www.fredastaire.com\/milan-it\/jive\/\">Jive<\/a><\/li>\n\t<li id=\"menu-item-8082\" class=\"menu-item menu-item-type-post_type menu-item-object-page menu-item-8082\"><a href=\"https:\/\/www.fredastaire.com\/milan-it\/bachata\/\">Bachata<\/a><\/li>\n<\/ul>\n<\/li>\n<li id=\"menu-item-8080\" class=\"menu-item menu-item-type-custom menu-item-object-custom menu-item-has-children menu-item-8080\"><a href=\"#\">Smooth<\/a>\n<ul class=\"sub-menu\">\n\t<li id=\"menu-item-8100\" class=\"menu-item menu-item-type-post_type menu-item-object-page menu-item-8100\"><a href=\"https:\/\/www.fredastaire.com\/milan-it\/argentine-tango\/\">Tango Argentino<\/a><\/li>\n\t<li id=\"menu-item-8096\" class=\"menu-item menu-item-type-post_type menu-item-object-page menu-item-8096\"><a href=\"https:\/\/www.fredastaire.com\/milan-it\/foxtrot\/\">Foxtrot<\/a><\/li>\n\t<li id=\"menu-item-8086\" class=\"menu-item menu-item-type-post_type menu-item-object-page menu-item-8086\"><a href=\"https:\/\/www.fredastaire.com\/milan-it\/tango\/\">Tango<\/a><\/li>\n\t<li id=\"menu-item-8084\" class=\"menu-item menu-item-type-post_type menu-item-object-page menu-item-8084\"><a href=\"https:\/\/www.fredastaire.com\/milan-it\/waltz\/\">Valzer Lento<\/a><\/li>\n\t<li id=\"menu-item-8085\" class=\"menu-item menu-item-type-post_type menu-item-object-page menu-item-8085\"><a href=\"https:\/\/www.fredastaire.com\/milan-it\/viennese-waltz\/\">Valzer Viennese<\/a><\/li>\n\t<li id=\"menu-item-8090\" class=\"menu-item menu-item-type-post_type menu-item-object-page menu-item-8090\"><a href=\"https:\/\/www.fredastaire.com\/milan-it\/quickstep\/\">Quickstep<\/a><\/li>\n<\/ul>\n<\/li>\n<\/ul>\n<\/div>\n<!-- end List Menu -->\t\t\t\t<\/div>\n\t\t\t\t<\/div>\n\t\t\t\t\t<\/div>\n\t\t<\/div>\n\t\t\t\t\t<\/div>\n\t\t<\/section>\n\t\t\t\t<\/div>\n\t\t","protected":false},"excerpt":{"rendered":"<p>Rumba La Rumba, \u00e8 uno dei balli che si trovano nei balli sociali e nelle competizioni internazionali. \u00c8 il pi\u00f9 lento dei cinque balli latini internazionali competitivi: il Paso Doble, il Samba, il Cha Cha e il Jive sono gli altri. La Rumba \u00e8 nata da un ritmo e una danza cubani chiamati Bolero-Son; lo [&hellip;]<\/p>\n","protected":false},"author":12,"featured_media":0,"parent":0,"menu_order":0,"comment_status":"closed","ping_status":"closed","template":"","meta":{"_acf_changed":false,"footnotes":""},"class_list":["post-5851","page","type-page","status-publish","hentry"],"acf":[],"_links":{"self":[{"href":"https:\/\/www.fredastaire.com\/milan-it\/wp-json\/wp\/v2\/pages\/5851","targetHints":{"allow":["GET"]}}],"collection":[{"href":"https:\/\/www.fredastaire.com\/milan-it\/wp-json\/wp\/v2\/pages"}],"about":[{"href":"https:\/\/www.fredastaire.com\/milan-it\/wp-json\/wp\/v2\/types\/page"}],"author":[{"embeddable":true,"href":"https:\/\/www.fredastaire.com\/milan-it\/wp-json\/wp\/v2\/users\/12"}],"replies":[{"embeddable":true,"href":"https:\/\/www.fredastaire.com\/milan-it\/wp-json\/wp\/v2\/comments?post=5851"}],"version-history":[{"count":0,"href":"https:\/\/www.fredastaire.com\/milan-it\/wp-json\/wp\/v2\/pages\/5851\/revisions"}],"wp:attachment":[{"href":"https:\/\/www.fredastaire.com\/milan-it\/wp-json\/wp\/v2\/media?parent=5851"}],"curies":[{"name":"wp","href":"https:\/\/api.w.org\/{rel}","templated":true}]}}