{"id":5867,"date":"2019-03-29T02:50:26","date_gmt":"2019-03-29T06:50:26","guid":{"rendered":"https:\/\/www.fredastaire.com\/milan-it\/?page_id=5867"},"modified":"2024-06-25T19:56:05","modified_gmt":"2024-06-25T17:56:05","slug":"tango","status":"publish","type":"page","link":"https:\/\/www.fredastaire.com\/milan-it\/tango\/","title":{"rendered":"Tango"},"content":{"rendered":"\t\t<div data-elementor-type=\"wp-page\" data-elementor-id=\"5867\" class=\"elementor elementor-5867\" data-elementor-settings=\"{&quot;ha_cmc_init_switcher&quot;:&quot;no&quot;}\" data-elementor-post-type=\"page\">\n\t\t\t\t\t\t<section class=\"elementor-section elementor-top-section elementor-element elementor-element-7dcb5f72 elementor-section-height-min-height elementor-section-boxed elementor-section-height-default elementor-section-items-middle\" data-id=\"7dcb5f72\" data-element_type=\"section\" data-e-type=\"section\" data-settings=\"{&quot;background_background&quot;:&quot;classic&quot;,&quot;_ha_eqh_enable&quot;:false}\">\n\t\t\t\t\t\t<div class=\"elementor-container elementor-column-gap-default\">\n\t\t\t\t\t<div class=\"elementor-column elementor-col-100 elementor-top-column elementor-element elementor-element-6d6c7fe5\" data-id=\"6d6c7fe5\" data-element_type=\"column\" data-e-type=\"column\">\n\t\t\t<div class=\"elementor-widget-wrap\">\n\t\t\t\t\t\t\t<\/div>\n\t\t<\/div>\n\t\t\t\t\t<\/div>\n\t\t<\/section>\n\t\t\t\t<section class=\"elementor-section elementor-top-section elementor-element elementor-element-1b2dd9db elementor-section-boxed elementor-section-height-default elementor-section-height-default\" data-id=\"1b2dd9db\" data-element_type=\"section\" data-e-type=\"section\" data-settings=\"{&quot;_ha_eqh_enable&quot;:false}\">\n\t\t\t\t\t\t<div class=\"elementor-container elementor-column-gap-default\">\n\t\t\t\t\t<div class=\"elementor-column elementor-col-50 elementor-top-column elementor-element elementor-element-17a42d88\" data-id=\"17a42d88\" data-element_type=\"column\" data-e-type=\"column\">\n\t\t\t<div class=\"elementor-widget-wrap elementor-element-populated\">\n\t\t\t\t\t\t<div class=\"elementor-element elementor-element-72099558 elementor-widget elementor-widget-heading\" data-id=\"72099558\" data-element_type=\"widget\" data-e-type=\"widget\" data-widget_type=\"heading.default\">\n\t\t\t\t<div class=\"elementor-widget-container\">\n\t\t\t\t\t<h1 class=\"elementor-heading-title elementor-size-default\">Tango<\/h1>\t\t\t\t<\/div>\n\t\t\t\t<\/div>\n\t\t\t\t<div class=\"elementor-element elementor-element-33080021 elementor-widget__width-inherit elementor-widget elementor-widget-text-editor\" data-id=\"33080021\" data-element_type=\"widget\" data-e-type=\"widget\" data-widget_type=\"text-editor.default\">\n\t\t\t\t<div class=\"elementor-widget-container\">\n\t\t\t\t\t\t\t\t\t<p>Durante il periodo di maggior evoluzione del ballo nella storia americana (1910-1914), il Tango fece la sua prima apparizione. \u00c8 stato immediatamente un successo con il pubblico attento al ballo per i suoi modelli intriganti, asimmetrici e sofisticati che hanno aggiunto un tocco di romanticismo alla coscienza del ballo del paese. Il Tango non ha un\u2019origine ben definita: potrebbe aver avuto origine in Argentina, Brasile, Spagna o Messico, ma discende chiaramente da una delle prime danze popolari spagnole, la Milonga, e porta tracce di origini moresche e arabe. Il Tango divenne noto per la prima volta come tale, all\u2019inizio del XX secolo in Argentina. Si ballava, tuttavia, sotto vari nomi in tutta l\u2019America Latina.<\/p><div class=\"read-more-text\"><p>Anni dopo, i \u201cgauchos\u201d argentini ballarono una versione modificata della Milonga nei caff\u00e8 di Buenos Aires. I giovani argentini e cubani in seguito cambiarono il nome (e lo stile) in Tango, che era pi\u00f9 accettabile per la societ\u00e0. I cubani lo ballavano su ritmi habanera che erano sincopati e oscuravano il ritmo di base della Milonga. Fu solo dopo che prese piede a Parigi e fu reintrodotto in Argentina, che la musica fu riportata al suo stile originario.<\/p><p>Per oltre 60 anni, il ritmo del tango a quattro tempi ha resistito e ha continuato a godere di popolarit\u00e0 ovunque poich\u00e9 la musica \u00e8 universale con molti tipi di sottostili. Di tutte le danze nate all\u2019inizio del XX secolo, solo il Tango ha continuato a godere di tanta popolarit\u00e0. Il Tango \u00e8 un ballo progressivo in cui il movimento staccato dei piedi e le ginocchia flesse evidenziano lo stile drammatico del ballo. Il Tango \u00e8 uno dei balli da sala pi\u00f9 stilizzati. \u00c8 drammatico con incroci misurati e passi flessi e pause in bilico. Forse il motivo principale della sua diffusa popolarit\u00e0 \u00e8 che viene ballato vicino al partner.<\/p><p>Approfitta della nostra speciale offerta introduttiva per i nuovi studenti e contatta oggi Fred Astaire Dance Studios. Ti aiuteremo a fare il primo passo verso uno stile di vita nuovo ed eccitante.<\/p><\/div>\t\t\t\t\t\t\t\t<\/div>\n\t\t\t\t<\/div>\n\t\t\t\t<div class=\"elementor-element elementor-element-11caf9fc elementor-widget elementor-widget-video\" data-id=\"11caf9fc\" data-element_type=\"widget\" data-e-type=\"widget\" data-settings=\"{&quot;youtube_url&quot;:&quot;https:\\\/\\\/youtu.be\\\/YWOKSvabFSQ&quot;,&quot;video_type&quot;:&quot;youtube&quot;,&quot;controls&quot;:&quot;yes&quot;}\" data-widget_type=\"video.default\">\n\t\t\t\t<div class=\"elementor-widget-container\">\n\t\t\t\t\t\t\t<div class=\"elementor-wrapper elementor-open-inline\">\n\t\t\t<div class=\"elementor-video\"><\/div>\t\t<\/div>\n\t\t\t\t\t\t<\/div>\n\t\t\t\t<\/div>\n\t\t\t\t\t<\/div>\n\t\t<\/div>\n\t\t\t\t<div class=\"elementor-column elementor-col-50 elementor-top-column elementor-element elementor-element-1dcc30e6\" data-id=\"1dcc30e6\" data-element_type=\"column\" data-e-type=\"column\">\n\t\t\t<div class=\"elementor-widget-wrap elementor-element-populated\">\n\t\t\t\t\t\t<div class=\"elementor-element elementor-element-3e06623e elementor-widget elementor-widget-ucaddon_simple_list_menu\" data-id=\"3e06623e\" data-element_type=\"widget\" data-e-type=\"widget\" data-widget_type=\"ucaddon_simple_list_menu.default\">\n\t\t\t\t<div class=\"elementor-widget-container\">\n\t\t\t\t\t\n<!-- start List Menu -->\n\t\t<link id='font-awesome-css' href='https:\/\/www.fredastaire.com\/milan-it\/wp-content\/plugins\/unlimited-elements-for-elementor-premium\/assets_libraries\/font-awesome6\/fontawesome-all.min.css' type='text\/css' rel='stylesheet' >\n\t\t<link id='font-awesome-4-shim-css' href='https:\/\/www.fredastaire.com\/milan-it\/wp-content\/plugins\/unlimited-elements-for-elementor-premium\/assets_libraries\/font-awesome6\/fontawesome-v4-shims.min.css' type='text\/css' rel='stylesheet' >\n\n<style>\/* widget: List Menu *\/\n\n#uc_simple_list_menu_elementor_3e06623e\n{\n  text-align:left;\n}\n#uc_simple_list_menu_elementor_3e06623e ul\n{\n  padding:0;\n  list-style:none;\n  margin:0;\n}\n\n#uc_simple_list_menu_elementor_3e06623e ul li\n{\n  padding:0;\n  list-style:none;\n  margin:0;\n}\n\n#uc_simple_list_menu_elementor_3e06623e ul li.current_page_item\n{\n  background-color:#f2f2f2;\n}\n\n#uc_simple_list_menu_elementor_3e06623e ul ul li.current_page_item\n{\n  background-color:#f2f2f2;\n}\n\n#uc_simple_list_menu_elementor_3e06623e ul ul ul li.current_page_item\n{\n  background-color:#e6e6e6;\n}\n\n#uc_simple_list_menu_elementor_3e06623e ul li:last-child\n{\n  border-bottom:none;\n}\n\n#uc_simple_list_menu_elementor_3e06623e ul li a\n{\n  text-decoration:none;\n  display:block;\n}\n\n#uc_simple_list_menu_elementor_3e06623e ul li a:before {\n   font-family: \"Font Awesome 5 Free\";\n   content: \"\\f00c\";\n   display: inline-block;\n   vertical-align: middle;\n   font-weight: 900;\n}\n\n\n<\/style>\n\n<div id=\"uc_simple_list_menu_elementor_3e06623e\" class=\"simple_list_menu\">\n<ul id=\"menu-types-of-dance\" class=\"uc-list-menu\"><li id=\"menu-item-8079\" class=\"menu-item menu-item-type-custom menu-item-object-custom menu-item-has-children menu-item-8079\"><a href=\"#\">Rhythm<\/a>\n<ul class=\"sub-menu\">\n\t<li id=\"menu-item-8088\" class=\"menu-item menu-item-type-post_type menu-item-object-page menu-item-8088\"><a href=\"https:\/\/www.fredastaire.com\/milan-it\/salsa\/\">Salsa<\/a><\/li>\n\t<li id=\"menu-item-8093\" class=\"menu-item menu-item-type-post_type menu-item-object-page menu-item-8093\"><a href=\"https:\/\/www.fredastaire.com\/milan-it\/mambo\/\">Mambo<\/a><\/li>\n\t<li id=\"menu-item-8095\" class=\"menu-item menu-item-type-post_type menu-item-object-page menu-item-8095\"><a href=\"https:\/\/www.fredastaire.com\/milan-it\/hustle\/\">Hustle<\/a><\/li>\n\t<li id=\"menu-item-8097\" class=\"menu-item menu-item-type-post_type menu-item-object-page menu-item-8097\"><a href=\"https:\/\/www.fredastaire.com\/milan-it\/east-coast-swing\/\">Swing<\/a><\/li>\n\t<li id=\"menu-item-8101\" class=\"menu-item menu-item-type-post_type menu-item-object-page menu-item-8101\"><a href=\"https:\/\/www.fredastaire.com\/milan-it\/west-coast-swing\/\">West Coast Swing<\/a><\/li>\n\t<li id=\"menu-item-8092\" class=\"menu-item menu-item-type-post_type menu-item-object-page menu-item-8092\"><a href=\"https:\/\/www.fredastaire.com\/milan-it\/merengue\/\">Merengue<\/a><\/li>\n\t<li id=\"menu-item-8089\" class=\"menu-item menu-item-type-post_type menu-item-object-page menu-item-8089\"><a href=\"https:\/\/www.fredastaire.com\/milan-it\/rumba\/\">Rumba<\/a><\/li>\n\t<li id=\"menu-item-8098\" class=\"menu-item menu-item-type-post_type menu-item-object-page menu-item-8098\"><a href=\"https:\/\/www.fredastaire.com\/milan-it\/cha-cha\/\">Cha Cha<\/a><\/li>\n\t<li id=\"menu-item-8087\" class=\"menu-item menu-item-type-post_type menu-item-object-page menu-item-8087\"><a href=\"https:\/\/www.fredastaire.com\/milan-it\/samba\/\">Samba<\/a><\/li>\n\t<li id=\"menu-item-8099\" class=\"menu-item menu-item-type-post_type menu-item-object-page menu-item-8099\"><a href=\"https:\/\/www.fredastaire.com\/milan-it\/bolero\/\">Bolero<\/a><\/li>\n\t<li id=\"menu-item-8091\" class=\"menu-item menu-item-type-post_type menu-item-object-page menu-item-8091\"><a href=\"https:\/\/www.fredastaire.com\/milan-it\/paso-doble\/\">Paso Doble<\/a><\/li>\n\t<li id=\"menu-item-8094\" class=\"menu-item menu-item-type-post_type menu-item-object-page menu-item-8094\"><a href=\"https:\/\/www.fredastaire.com\/milan-it\/jive\/\">Jive<\/a><\/li>\n\t<li id=\"menu-item-8082\" class=\"menu-item menu-item-type-post_type menu-item-object-page menu-item-8082\"><a href=\"https:\/\/www.fredastaire.com\/milan-it\/bachata\/\">Bachata<\/a><\/li>\n<\/ul>\n<\/li>\n<li id=\"menu-item-8080\" class=\"menu-item menu-item-type-custom menu-item-object-custom menu-item-has-children menu-item-8080\"><a href=\"#\">Smooth<\/a>\n<ul class=\"sub-menu\">\n\t<li id=\"menu-item-8100\" class=\"menu-item menu-item-type-post_type menu-item-object-page menu-item-8100\"><a href=\"https:\/\/www.fredastaire.com\/milan-it\/argentine-tango\/\">Tango Argentino<\/a><\/li>\n\t<li id=\"menu-item-8096\" class=\"menu-item menu-item-type-post_type menu-item-object-page menu-item-8096\"><a href=\"https:\/\/www.fredastaire.com\/milan-it\/foxtrot\/\">Foxtrot<\/a><\/li>\n\t<li id=\"menu-item-8086\" class=\"menu-item menu-item-type-post_type menu-item-object-page menu-item-8086\"><a href=\"https:\/\/www.fredastaire.com\/milan-it\/tango\/\">Tango<\/a><\/li>\n\t<li id=\"menu-item-8084\" class=\"menu-item menu-item-type-post_type menu-item-object-page menu-item-8084\"><a href=\"https:\/\/www.fredastaire.com\/milan-it\/waltz\/\">Valzer Lento<\/a><\/li>\n\t<li id=\"menu-item-8085\" class=\"menu-item menu-item-type-post_type menu-item-object-page menu-item-8085\"><a href=\"https:\/\/www.fredastaire.com\/milan-it\/viennese-waltz\/\">Valzer Viennese<\/a><\/li>\n\t<li id=\"menu-item-8090\" class=\"menu-item menu-item-type-post_type menu-item-object-page menu-item-8090\"><a href=\"https:\/\/www.fredastaire.com\/milan-it\/quickstep\/\">Quickstep<\/a><\/li>\n<\/ul>\n<\/li>\n<\/ul>\n<\/div>\n<!-- end List Menu -->\t\t\t\t<\/div>\n\t\t\t\t<\/div>\n\t\t\t\t\t<\/div>\n\t\t<\/div>\n\t\t\t\t\t<\/div>\n\t\t<\/section>\n\t\t\t\t<\/div>\n\t\t","protected":false},"excerpt":{"rendered":"<p>Tango Durante il periodo di maggior evoluzione del ballo nella storia americana (1910-1914), il Tango fece la sua prima apparizione. \u00c8 stato immediatamente un successo con il pubblico attento al ballo per i suoi modelli intriganti, asimmetrici e sofisticati che hanno aggiunto un tocco di romanticismo alla coscienza del ballo del paese. Il Tango non [&hellip;]<\/p>\n","protected":false},"author":12,"featured_media":0,"parent":0,"menu_order":0,"comment_status":"closed","ping_status":"closed","template":"","meta":{"_acf_changed":false,"footnotes":""},"class_list":["post-5867","page","type-page","status-publish","hentry"],"acf":[],"_links":{"self":[{"href":"https:\/\/www.fredastaire.com\/milan-it\/wp-json\/wp\/v2\/pages\/5867","targetHints":{"allow":["GET"]}}],"collection":[{"href":"https:\/\/www.fredastaire.com\/milan-it\/wp-json\/wp\/v2\/pages"}],"about":[{"href":"https:\/\/www.fredastaire.com\/milan-it\/wp-json\/wp\/v2\/types\/page"}],"author":[{"embeddable":true,"href":"https:\/\/www.fredastaire.com\/milan-it\/wp-json\/wp\/v2\/users\/12"}],"replies":[{"embeddable":true,"href":"https:\/\/www.fredastaire.com\/milan-it\/wp-json\/wp\/v2\/comments?post=5867"}],"version-history":[{"count":0,"href":"https:\/\/www.fredastaire.com\/milan-it\/wp-json\/wp\/v2\/pages\/5867\/revisions"}],"wp:attachment":[{"href":"https:\/\/www.fredastaire.com\/milan-it\/wp-json\/wp\/v2\/media?parent=5867"}],"curies":[{"name":"wp","href":"https:\/\/api.w.org\/{rel}","templated":true}]}}