{"id":5876,"date":"2019-03-29T02:57:37","date_gmt":"2019-03-29T06:57:37","guid":{"rendered":"https:\/\/www.fredastaire.com\/milan-it\/?page_id=5876"},"modified":"2024-06-25T20:00:18","modified_gmt":"2024-06-25T18:00:18","slug":"west-coast-swing","status":"publish","type":"page","link":"https:\/\/www.fredastaire.com\/milan-it\/west-coast-swing\/","title":{"rendered":"West Coast Swing"},"content":{"rendered":"\t\t<div data-elementor-type=\"wp-page\" data-elementor-id=\"5876\" class=\"elementor elementor-5876\" data-elementor-settings=\"{&quot;ha_cmc_init_switcher&quot;:&quot;no&quot;}\" data-elementor-post-type=\"page\">\n\t\t\t\t\t\t<section class=\"elementor-section elementor-top-section elementor-element elementor-element-63a297c4 elementor-section-height-min-height elementor-section-boxed elementor-section-height-default elementor-section-items-middle\" data-id=\"63a297c4\" data-element_type=\"section\" data-e-type=\"section\" data-settings=\"{&quot;background_background&quot;:&quot;classic&quot;,&quot;_ha_eqh_enable&quot;:false}\">\n\t\t\t\t\t\t<div class=\"elementor-container elementor-column-gap-default\">\n\t\t\t\t\t<div class=\"elementor-column elementor-col-100 elementor-top-column elementor-element elementor-element-3cb700de\" data-id=\"3cb700de\" data-element_type=\"column\" data-e-type=\"column\">\n\t\t\t<div class=\"elementor-widget-wrap\">\n\t\t\t\t\t\t\t<\/div>\n\t\t<\/div>\n\t\t\t\t\t<\/div>\n\t\t<\/section>\n\t\t\t\t<section class=\"elementor-section elementor-top-section elementor-element elementor-element-18f152c1 elementor-section-boxed elementor-section-height-default elementor-section-height-default\" data-id=\"18f152c1\" data-element_type=\"section\" data-e-type=\"section\" data-settings=\"{&quot;_ha_eqh_enable&quot;:false}\">\n\t\t\t\t\t\t<div class=\"elementor-container elementor-column-gap-default\">\n\t\t\t\t\t<div class=\"elementor-column elementor-col-50 elementor-top-column elementor-element elementor-element-1ec57d1b\" data-id=\"1ec57d1b\" data-element_type=\"column\" data-e-type=\"column\">\n\t\t\t<div class=\"elementor-widget-wrap elementor-element-populated\">\n\t\t\t\t\t\t<div class=\"elementor-element elementor-element-297aed03 elementor-widget elementor-widget-heading\" data-id=\"297aed03\" data-element_type=\"widget\" data-e-type=\"widget\" data-widget_type=\"heading.default\">\n\t\t\t\t<div class=\"elementor-widget-container\">\n\t\t\t\t\t<h1 class=\"elementor-heading-title elementor-size-default\">West Coast Swing<\/h1>\t\t\t\t<\/div>\n\t\t\t\t<\/div>\n\t\t\t\t<div class=\"elementor-element elementor-element-241bc61c elementor-widget__width-inherit elementor-widget elementor-widget-text-editor\" data-id=\"241bc61c\" data-element_type=\"widget\" data-e-type=\"widget\" data-widget_type=\"text-editor.default\">\n\t\t\t\t<div class=\"elementor-widget-container\">\n\t\t\t\t\t\t\t\t\t<p>Il West Coast Swing (o Western Swing) ha rapidamente guadagnato popolarit\u00e0 negli Stati Uniti grazie al suo stile sofisticato e al facile adattamento alla musica rock contemporanea. Uno stile popolare sulla costa occidentale degli Stati Uniti, il ballo ha ottenuto il riconoscimento nazionale alla fine degli anni \u201950 e continua a crescere in popolarit\u00e0 nel 21\u00b0 secolo.<\/p><div class=\"read-more-text\"><p>Il West Coast Swing incorpora molte forme di swing tra cui Lindy, Shag, Whip e Push. Ballerini versatili, desiderosi di mostrare il loro talento, innovano continuamente nuovi e interessanti movimenti nello swing.<\/p><p>Dopo quasi cinque decenni, il Western Swing ha resistito alla prova del tempo e, come con lo Swing, \u00e8 possibile ballarlo in un\u2019area relativamente piccola. Il West Coast Swing \u00e8 ballato, infatti, sul posto. Il suo tempo pi\u00f9 lento consente interpretazioni ritmiche pi\u00f9 libere utilizzando ritmi sincopati singoli, doppi, tripli e altri. Sono caratteristici un movimento rilassato, a volte strascicato, e una posizione eretta. L\u2019uso occasionale dei movimenti dell\u2019anca viene utilizzato anche per migliorare lo stile del ballo. Entra nei Fred Astaire Dance Studios e inizia oggi! E assicurati di chiedere informazioni sulla nostra speciale offerta introduttiva per i nuovi allievi.<\/p><\/div>\t\t\t\t\t\t\t\t<\/div>\n\t\t\t\t<\/div>\n\t\t\t\t<div class=\"elementor-element elementor-element-262a7de4 elementor-widget elementor-widget-video\" data-id=\"262a7de4\" data-element_type=\"widget\" data-e-type=\"widget\" data-settings=\"{&quot;youtube_url&quot;:&quot;https:\\\/\\\/youtu.be\\\/vshuW3KkN34&quot;,&quot;video_type&quot;:&quot;youtube&quot;,&quot;controls&quot;:&quot;yes&quot;}\" data-widget_type=\"video.default\">\n\t\t\t\t<div class=\"elementor-widget-container\">\n\t\t\t\t\t\t\t<div class=\"elementor-wrapper elementor-open-inline\">\n\t\t\t<div class=\"elementor-video\"><\/div>\t\t<\/div>\n\t\t\t\t\t\t<\/div>\n\t\t\t\t<\/div>\n\t\t\t\t\t<\/div>\n\t\t<\/div>\n\t\t\t\t<div class=\"elementor-column elementor-col-50 elementor-top-column elementor-element elementor-element-f0ea73f\" data-id=\"f0ea73f\" data-element_type=\"column\" data-e-type=\"column\">\n\t\t\t<div class=\"elementor-widget-wrap elementor-element-populated\">\n\t\t\t\t\t\t<div class=\"elementor-element elementor-element-2a260d7b elementor-widget elementor-widget-ucaddon_simple_list_menu\" data-id=\"2a260d7b\" data-element_type=\"widget\" data-e-type=\"widget\" data-widget_type=\"ucaddon_simple_list_menu.default\">\n\t\t\t\t<div class=\"elementor-widget-container\">\n\t\t\t\t\t\n<!-- start List Menu -->\n\t\t<link id='font-awesome-css' href='https:\/\/www.fredastaire.com\/milan-it\/wp-content\/plugins\/unlimited-elements-for-elementor-premium\/assets_libraries\/font-awesome6\/fontawesome-all.min.css' type='text\/css' rel='stylesheet' >\n\t\t<link id='font-awesome-4-shim-css' href='https:\/\/www.fredastaire.com\/milan-it\/wp-content\/plugins\/unlimited-elements-for-elementor-premium\/assets_libraries\/font-awesome6\/fontawesome-v4-shims.min.css' type='text\/css' rel='stylesheet' >\n\n<style>\/* widget: List Menu *\/\n\n#uc_simple_list_menu_elementor_2a260d7b\n{\n  text-align:left;\n}\n#uc_simple_list_menu_elementor_2a260d7b ul\n{\n  padding:0;\n  list-style:none;\n  margin:0;\n}\n\n#uc_simple_list_menu_elementor_2a260d7b ul li\n{\n  padding:0;\n  list-style:none;\n  margin:0;\n}\n\n#uc_simple_list_menu_elementor_2a260d7b ul li.current_page_item\n{\n  background-color:#f2f2f2;\n}\n\n#uc_simple_list_menu_elementor_2a260d7b ul ul li.current_page_item\n{\n  background-color:#f2f2f2;\n}\n\n#uc_simple_list_menu_elementor_2a260d7b ul ul ul li.current_page_item\n{\n  background-color:#e6e6e6;\n}\n\n#uc_simple_list_menu_elementor_2a260d7b ul li:last-child\n{\n  border-bottom:none;\n}\n\n#uc_simple_list_menu_elementor_2a260d7b ul li a\n{\n  text-decoration:none;\n  display:block;\n}\n\n#uc_simple_list_menu_elementor_2a260d7b ul li a:before {\n   font-family: \"Font Awesome 5 Free\";\n   content: \"\\f00c\";\n   display: inline-block;\n   vertical-align: middle;\n   font-weight: 900;\n}\n\n\n<\/style>\n\n<div id=\"uc_simple_list_menu_elementor_2a260d7b\" class=\"simple_list_menu\">\n<ul id=\"menu-types-of-dance\" class=\"uc-list-menu\"><li id=\"menu-item-8079\" class=\"menu-item menu-item-type-custom menu-item-object-custom menu-item-has-children menu-item-8079\"><a href=\"#\">Rhythm<\/a>\n<ul class=\"sub-menu\">\n\t<li id=\"menu-item-8088\" class=\"menu-item menu-item-type-post_type menu-item-object-page menu-item-8088\"><a href=\"https:\/\/www.fredastaire.com\/milan-it\/salsa\/\">Salsa<\/a><\/li>\n\t<li id=\"menu-item-8093\" class=\"menu-item menu-item-type-post_type menu-item-object-page menu-item-8093\"><a href=\"https:\/\/www.fredastaire.com\/milan-it\/mambo\/\">Mambo<\/a><\/li>\n\t<li id=\"menu-item-8095\" class=\"menu-item menu-item-type-post_type menu-item-object-page menu-item-8095\"><a href=\"https:\/\/www.fredastaire.com\/milan-it\/hustle\/\">Hustle<\/a><\/li>\n\t<li id=\"menu-item-8097\" class=\"menu-item menu-item-type-post_type menu-item-object-page menu-item-8097\"><a href=\"https:\/\/www.fredastaire.com\/milan-it\/east-coast-swing\/\">Swing<\/a><\/li>\n\t<li id=\"menu-item-8101\" class=\"menu-item menu-item-type-post_type menu-item-object-page menu-item-8101\"><a href=\"https:\/\/www.fredastaire.com\/milan-it\/west-coast-swing\/\">West Coast Swing<\/a><\/li>\n\t<li id=\"menu-item-8092\" class=\"menu-item menu-item-type-post_type menu-item-object-page menu-item-8092\"><a href=\"https:\/\/www.fredastaire.com\/milan-it\/merengue\/\">Merengue<\/a><\/li>\n\t<li id=\"menu-item-8089\" class=\"menu-item menu-item-type-post_type menu-item-object-page menu-item-8089\"><a href=\"https:\/\/www.fredastaire.com\/milan-it\/rumba\/\">Rumba<\/a><\/li>\n\t<li id=\"menu-item-8098\" class=\"menu-item menu-item-type-post_type menu-item-object-page menu-item-8098\"><a href=\"https:\/\/www.fredastaire.com\/milan-it\/cha-cha\/\">Cha Cha<\/a><\/li>\n\t<li id=\"menu-item-8087\" class=\"menu-item menu-item-type-post_type menu-item-object-page menu-item-8087\"><a href=\"https:\/\/www.fredastaire.com\/milan-it\/samba\/\">Samba<\/a><\/li>\n\t<li id=\"menu-item-8099\" class=\"menu-item menu-item-type-post_type menu-item-object-page menu-item-8099\"><a href=\"https:\/\/www.fredastaire.com\/milan-it\/bolero\/\">Bolero<\/a><\/li>\n\t<li id=\"menu-item-8091\" class=\"menu-item menu-item-type-post_type menu-item-object-page menu-item-8091\"><a href=\"https:\/\/www.fredastaire.com\/milan-it\/paso-doble\/\">Paso Doble<\/a><\/li>\n\t<li id=\"menu-item-8094\" class=\"menu-item menu-item-type-post_type menu-item-object-page menu-item-8094\"><a href=\"https:\/\/www.fredastaire.com\/milan-it\/jive\/\">Jive<\/a><\/li>\n\t<li id=\"menu-item-8082\" class=\"menu-item menu-item-type-post_type menu-item-object-page menu-item-8082\"><a href=\"https:\/\/www.fredastaire.com\/milan-it\/bachata\/\">Bachata<\/a><\/li>\n<\/ul>\n<\/li>\n<li id=\"menu-item-8080\" class=\"menu-item menu-item-type-custom menu-item-object-custom menu-item-has-children menu-item-8080\"><a href=\"#\">Smooth<\/a>\n<ul class=\"sub-menu\">\n\t<li id=\"menu-item-8100\" class=\"menu-item menu-item-type-post_type menu-item-object-page menu-item-8100\"><a href=\"https:\/\/www.fredastaire.com\/milan-it\/argentine-tango\/\">Tango Argentino<\/a><\/li>\n\t<li id=\"menu-item-8096\" class=\"menu-item menu-item-type-post_type menu-item-object-page menu-item-8096\"><a href=\"https:\/\/www.fredastaire.com\/milan-it\/foxtrot\/\">Foxtrot<\/a><\/li>\n\t<li id=\"menu-item-8086\" class=\"menu-item menu-item-type-post_type menu-item-object-page menu-item-8086\"><a href=\"https:\/\/www.fredastaire.com\/milan-it\/tango\/\">Tango<\/a><\/li>\n\t<li id=\"menu-item-8084\" class=\"menu-item menu-item-type-post_type menu-item-object-page menu-item-8084\"><a href=\"https:\/\/www.fredastaire.com\/milan-it\/waltz\/\">Valzer Lento<\/a><\/li>\n\t<li id=\"menu-item-8085\" class=\"menu-item menu-item-type-post_type menu-item-object-page menu-item-8085\"><a href=\"https:\/\/www.fredastaire.com\/milan-it\/viennese-waltz\/\">Valzer Viennese<\/a><\/li>\n\t<li id=\"menu-item-8090\" class=\"menu-item menu-item-type-post_type menu-item-object-page menu-item-8090\"><a href=\"https:\/\/www.fredastaire.com\/milan-it\/quickstep\/\">Quickstep<\/a><\/li>\n<\/ul>\n<\/li>\n<\/ul>\n<\/div>\n<!-- end List Menu -->\t\t\t\t<\/div>\n\t\t\t\t<\/div>\n\t\t\t\t\t<\/div>\n\t\t<\/div>\n\t\t\t\t\t<\/div>\n\t\t<\/section>\n\t\t\t\t<\/div>\n\t\t","protected":false},"excerpt":{"rendered":"<p>West Coast Swing Il West Coast Swing (o Western Swing) ha rapidamente guadagnato popolarit\u00e0 negli Stati Uniti grazie al suo stile sofisticato e al facile adattamento alla musica rock contemporanea. Uno stile popolare sulla costa occidentale degli Stati Uniti, il ballo ha ottenuto il riconoscimento nazionale alla fine degli anni \u201950 e continua a crescere [&hellip;]<\/p>\n","protected":false},"author":12,"featured_media":0,"parent":0,"menu_order":0,"comment_status":"closed","ping_status":"closed","template":"","meta":{"_acf_changed":false,"footnotes":""},"class_list":["post-5876","page","type-page","status-publish","hentry"],"acf":[],"_links":{"self":[{"href":"https:\/\/www.fredastaire.com\/milan-it\/wp-json\/wp\/v2\/pages\/5876","targetHints":{"allow":["GET"]}}],"collection":[{"href":"https:\/\/www.fredastaire.com\/milan-it\/wp-json\/wp\/v2\/pages"}],"about":[{"href":"https:\/\/www.fredastaire.com\/milan-it\/wp-json\/wp\/v2\/types\/page"}],"author":[{"embeddable":true,"href":"https:\/\/www.fredastaire.com\/milan-it\/wp-json\/wp\/v2\/users\/12"}],"replies":[{"embeddable":true,"href":"https:\/\/www.fredastaire.com\/milan-it\/wp-json\/wp\/v2\/comments?post=5876"}],"version-history":[{"count":0,"href":"https:\/\/www.fredastaire.com\/milan-it\/wp-json\/wp\/v2\/pages\/5876\/revisions"}],"wp:attachment":[{"href":"https:\/\/www.fredastaire.com\/milan-it\/wp-json\/wp\/v2\/media?parent=5876"}],"curies":[{"name":"wp","href":"https:\/\/api.w.org\/{rel}","templated":true}]}}