{"id":5774,"date":"2019-03-28T07:41:24","date_gmt":"2019-03-28T11:41:24","guid":{"rendered":"https:\/\/www.fredastaire.com\/napoli-chiaia\/?page_id=5774"},"modified":"2023-06-05T11:53:50","modified_gmt":"2023-06-05T15:53:50","slug":"fretta","status":"publish","type":"page","link":"https:\/\/www.fredastaire.com\/napoli-chiaia\/it\/fretta\/","title":{"rendered":"Fretta"},"content":{"rendered":"<div data-elementor-type=\"wp-page\" data-elementor-id=\"5774\" class=\"elementor elementor-5774\" data-elementor-settings=\"{&quot;ha_cmc_init_switcher&quot;:&quot;no&quot;}\" data-elementor-post-type=\"page\">\n\t\t\t\t\t\t<section class=\"elementor-section elementor-top-section elementor-element elementor-element-29ce855a elementor-section-height-min-height elementor-section-boxed elementor-section-height-default elementor-section-items-middle\" data-id=\"29ce855a\" data-element_type=\"section\" data-e-type=\"section\" data-settings=\"{&quot;background_background&quot;:&quot;classic&quot;,&quot;_ha_eqh_enable&quot;:false}\">\n\t\t\t\t\t\t<div class=\"elementor-container elementor-column-gap-default\">\n\t\t\t\t\t<div class=\"elementor-column elementor-col-100 elementor-top-column elementor-element elementor-element-8e193d2\" data-id=\"8e193d2\" data-element_type=\"column\" data-e-type=\"column\">\n\t\t\t<div class=\"elementor-widget-wrap\">\n\t\t\t\t\t\t\t<\/div>\n\t\t<\/div>\n\t\t\t\t\t<\/div>\n\t\t<\/section>\n\t\t\t\t<section class=\"elementor-section elementor-top-section elementor-element elementor-element-31cd21b6 elementor-section-boxed elementor-section-height-default elementor-section-height-default\" data-id=\"31cd21b6\" data-element_type=\"section\" data-e-type=\"section\" data-settings=\"{&quot;_ha_eqh_enable&quot;:false}\">\n\t\t\t\t\t\t<div class=\"elementor-container elementor-column-gap-default\">\n\t\t\t\t\t<div class=\"elementor-column elementor-col-50 elementor-top-column elementor-element elementor-element-222bef3f\" data-id=\"222bef3f\" data-element_type=\"column\" data-e-type=\"column\">\n\t\t\t<div class=\"elementor-widget-wrap elementor-element-populated\">\n\t\t\t\t\t\t<div class=\"elementor-element elementor-element-e9e764d elementor-widget elementor-widget-heading\" data-id=\"e9e764d\" data-element_type=\"widget\" data-e-type=\"widget\" data-widget_type=\"heading.default\">\n\t\t\t\t<div class=\"elementor-widget-container\">\n\t\t\t\t\t<h1 class=\"elementor-heading-title elementor-size-default\">Fretta<\/h1>\t\t\t\t<\/div>\n\t\t\t\t<\/div>\n\t\t\t\t<div class=\"elementor-element elementor-element-31bd9b35 elementor-widget__width-inherit elementor-widget elementor-widget-text-editor\" data-id=\"31bd9b35\" data-element_type=\"widget\" data-e-type=\"widget\" data-widget_type=\"text-editor.default\">\n\t\t\t\t<div class=\"elementor-widget-container\">\n\t\t\t\t\t\t\t\t\t<p>Alla fine degli anni Sessanta e per tutti gli anni Settanta, le discoteche (o discobar), con impianti audio di alta qualit\u00e0 e luci intermittenti, divennero una forma di intrattenimento popolare in Europa e negli Stati Uniti. All'inizio degli anni Settanta, i balli in discoteca erano per lo pi\u00f9 di tipo freestyle (simili allo stile \u2018rock\u201c esibito dalle pop star dell'epoca, come i Jackson 5), insieme al codice di abbigliamento necessario: pantaloni a zampa e scarpe da ascensore.<\/p><div class=\"read-more-text\"><p>Nel 1973, in una discoteca chiamata The Grand Ballroom, un nuovo tipo di \u201ctouch dance\u201d senza nome veniva esibito dalle donne. Questo semplice passo di 6 conti con una forma molto elementare, che comprendeva giri singoli interni ed esterni, avrebbe dato vita a quello che in seguito sarebbe stato chiamato \u201cHustle\u201d. I giovani uomini del club presero nota e si interessarono a questo nuovo ballo.<\/p><p>Con l'aumento della popolarit\u00e0 e la partecipazione di un maggior numero di persone, l'Hustle inizi\u00f2 a evolversi. Nelle discoteche latine dell'epoca, tra cui il Corso, il Barney Goo Goo's e l'Ipanema, la musica da discoteca veniva utilizzata come ponte tra i set di band dal vivo. In queste discoteche il ballo touch era sempre stato presente sotto forma di mambo, salsa, cha cha e bolero. Pur essendo considerato un ballo di tocco, l'Hustle veniva ora eseguito per lo pi\u00f9 di fianco e incorporava molti degli intricati schemi di rotazione del mambo. Il ballo comprendeva anche giri multipli e cambi di mano con una sensazione di corda nei movimenti delle braccia; per questo motivo, il ballo veniva ora chiamato \u201cRope Hustle\u201d o \u201cLatin Hustle\u201d.\u201d<\/p><p>Con la nascita di gare di danza in tutti gli Stati Uniti e il diffondersi del fenomeno, molti ballerini di Hustle furono coinvolti anche nella comunit\u00e0 professionale delle arti dello spettacolo e contribuirono al movimento con lunghe braccia ballate ed elasticit\u00e0. In questo periodo, inoltre, la danza inizi\u00f2 a passare da uno schema a fessure a uno a rotazione. Con l'aumento delle gare di ballo, i giovani concorrenti cercavano un vantaggio e cos\u00ec vennero introdotti nella danza movimenti acrobatici e adagi per le esibizioni e le competizioni. Nel 1975, questo nuovo settore dell'intrattenimento ispir\u00f2 locali notturni, alberghi e programmi televisivi ad assumere giovani e innovativi professionisti per esibirsi. Con queste nuove opportunit\u00e0 che si aprivano, i giovani ballerini cercavano modi innovativi per eccitare il pubblico dei locali.<\/p><p>Alla fine degli anni \u201870, anche se l'Hustle veniva ancora insegnato in molte forme diverse (Hustle a 4 conti, latino o Rope Hustle) dalle scuole di danza, la forma pi\u00f9 eccitante era quella dei ballerini e dei concorrenti dei club di New York, che eseguivano l'Hustle a 3 conti (&amp;-1-2-3.). I ballerini di Hustle di New York degli anni '70 hanno aperto la strada al resto della comunit\u00e0 di Hustle negli Stati Uniti. Man mano che continuava a evolversi, l'Hustle ha iniziato a prendere in prestito da altri stili di danza, tra cui il liscio, da cui ha preso i movimenti di spostamento e i pivot, e altre forme di danza con partner come lo swing e le danze a ritmo latino.<\/p><p>L'Hustle si balla sulla musica pop dance contemporanea degli ultimi 20 anni. \u00c8 un ballo veloce e scorrevole, con la donna che gira quasi costantemente, mentre il partner la avvicina e la allontana. La libera interpretazione ritmica \u00e8 una caratteristica di questo ballo. Allora, cosa state aspettando? Chiamate il Fred Astaire Dance Studios. E chiedete della nostra offerta introduttiva per i nuovi studenti... i nostri istruttori di ballo, talentuosi e amichevoli, possono aiutarvi a realizzare\u00a0<em>il tuo<\/em>\u00a0Obiettivi per il ballo da sala!<\/p><\/div>\t\t\t\t\t\t\t\t<\/div>\n\t\t\t\t<\/div>\n\t\t\t\t<div class=\"elementor-element elementor-element-585daaeb elementor-widget elementor-widget-video\" data-id=\"585daaeb\" data-element_type=\"widget\" data-e-type=\"widget\" data-settings=\"{&quot;youtube_url&quot;:&quot;https:\\\/\\\/youtu.be\\\/hmF_wATx1t0&quot;,&quot;video_type&quot;:&quot;youtube&quot;,&quot;controls&quot;:&quot;yes&quot;}\" data-widget_type=\"video.default\">\n\t\t\t\t<div class=\"elementor-widget-container\">\n\t\t\t\t\t\t\t<div class=\"elementor-wrapper elementor-open-inline\">\n\t\t\t<div class=\"elementor-video\"><\/div>\t\t<\/div>\n\t\t\t\t\t\t<\/div>\n\t\t\t\t<\/div>\n\t\t\t\t\t<\/div>\n\t\t<\/div>\n\t\t\t\t<div class=\"elementor-column elementor-col-50 elementor-top-column elementor-element elementor-element-3240279a\" data-id=\"3240279a\" data-element_type=\"column\" data-e-type=\"column\">\n\t\t\t<div class=\"elementor-widget-wrap elementor-element-populated\">\n\t\t\t\t\t\t<div class=\"elementor-element elementor-element-481697b3 elementor-widget elementor-widget-ucaddon_simple_list_menu\" data-id=\"481697b3\" data-element_type=\"widget\" data-e-type=\"widget\" data-widget_type=\"ucaddon_simple_list_menu.default\">\n\t\t\t\t<div class=\"elementor-widget-container\">\n\t\t\t\t\t\n<!-- start List Menu -->\n\t\t<link id='font-awesome-css' href='https:\/\/www.fredastaire.com\/napoli-chiaia\/wp-content\/plugins\/unlimited-elements-for-elementor-premium\/assets_libraries\/font-awesome6\/fontawesome-all.min.css' type='text\/css' rel='stylesheet' >\n\t\t<link id='font-awesome-4-shim-css' href='https:\/\/www.fredastaire.com\/napoli-chiaia\/wp-content\/plugins\/unlimited-elements-for-elementor-premium\/assets_libraries\/font-awesome6\/fontawesome-v4-shims.min.css' type='text\/css' rel='stylesheet' >\n\n<style>\/* widget: List Menu *\/\n\n#uc_simple_list_menu_elementor_481697b3\n{\n  text-align:left;\n}\n#uc_simple_list_menu_elementor_481697b3 ul\n{\n  padding:0;\n  list-style:none;\n  margin:0;\n}\n\n#uc_simple_list_menu_elementor_481697b3 ul li\n{\n  padding:0;\n  list-style:none;\n  margin:0;\n}\n\n#uc_simple_list_menu_elementor_481697b3 ul li.current_page_item\n{\n  background-color:#f2f2f2;\n}\n\n#uc_simple_list_menu_elementor_481697b3 ul ul li.current_page_item\n{\n  background-color:#EFEFEF;\n}\n\n#uc_simple_list_menu_elementor_481697b3 ul ul ul li.current_page_item\n{\n  background-color:#e6e6e6;\n}\n\n#uc_simple_list_menu_elementor_481697b3 ul li:last-child\n{\n  border-bottom:none;\n}\n\n#uc_simple_list_menu_elementor_481697b3 ul li a\n{\n  text-decoration:none;\n  display:block;\n}\n\n#uc_simple_list_menu_elementor_481697b3 ul li a:before {\n   font-family: \"Font Awesome 5 Free\";\n   content: \"\\f00c\";\n   display: inline-block;\n   vertical-align: middle;\n   font-weight: 900;\n}\n\n\n<\/style>\n\n<div id=\"uc_simple_list_menu_elementor_481697b3\" class=\"simple_list_menu\">\n<ul id=\"menu-types-of-dance\" class=\"uc-list-menu\"><li id=\"menu-item-7280\" class=\"menu-item menu-item-type-custom menu-item-object-custom menu-item-has-children menu-item-7280\"><a href=\"#\">Ritmo<\/a>\n<ul class=\"sub-menu\">\n\t<li id=\"menu-item-7266\" class=\"menu-item menu-item-type-post_type menu-item-object-page menu-item-7266\"><a href=\"https:\/\/www.fredastaire.com\/napoli-chiaia\/it\/salsa\/\">Salsa<\/a><\/li>\n\t<li id=\"menu-item-7271\" class=\"menu-item menu-item-type-post_type menu-item-object-page menu-item-7271\"><a href=\"https:\/\/www.fredastaire.com\/napoli-chiaia\/it\/mambo\/\">Mambo<\/a><\/li>\n\t<li id=\"menu-item-7273\" class=\"menu-item menu-item-type-post_type menu-item-object-page menu-item-7273\"><a href=\"https:\/\/www.fredastaire.com\/napoli-chiaia\/it\/fretta\/\">Fretta<\/a><\/li>\n\t<li id=\"menu-item-7275\" class=\"menu-item menu-item-type-post_type menu-item-object-page menu-item-7275\"><a href=\"https:\/\/www.fredastaire.com\/napoli-chiaia\/it\/swing-della-costa-orientale\/\">East Coast Swing<\/a><\/li>\n\t<li id=\"menu-item-7261\" class=\"menu-item menu-item-type-post_type menu-item-object-page menu-item-7261\"><a href=\"https:\/\/www.fredastaire.com\/napoli-chiaia\/it\/swing-della-costa-occidentale\/\">West Coast Swing<\/a><\/li>\n\t<li id=\"menu-item-7270\" class=\"menu-item menu-item-type-post_type menu-item-object-page menu-item-7270\"><a href=\"https:\/\/www.fredastaire.com\/napoli-chiaia\/it\/merengue\/\">Merengue<\/a><\/li>\n\t<li id=\"menu-item-7267\" class=\"menu-item menu-item-type-post_type menu-item-object-page menu-item-7267\"><a href=\"https:\/\/www.fredastaire.com\/napoli-chiaia\/it\/rumba\/\">Rumba<\/a><\/li>\n\t<li id=\"menu-item-7276\" class=\"menu-item menu-item-type-post_type menu-item-object-page menu-item-7276\"><a href=\"https:\/\/www.fredastaire.com\/napoli-chiaia\/it\/cha-cha\/\">Cha Cha<\/a><\/li>\n\t<li id=\"menu-item-7265\" class=\"menu-item menu-item-type-post_type menu-item-object-page menu-item-7265\"><a href=\"https:\/\/www.fredastaire.com\/napoli-chiaia\/it\/samba\/\">Samba<\/a><\/li>\n\t<li id=\"menu-item-7277\" class=\"menu-item menu-item-type-post_type menu-item-object-page menu-item-7277\"><a href=\"https:\/\/www.fredastaire.com\/napoli-chiaia\/it\/bolero\/\">Bolero<\/a><\/li>\n\t<li id=\"menu-item-7269\" class=\"menu-item menu-item-type-post_type menu-item-object-page menu-item-7269\"><a href=\"https:\/\/www.fredastaire.com\/napoli-chiaia\/it\/paso-doble\/\">Paso Doble<\/a><\/li>\n\t<li id=\"menu-item-7272\" class=\"menu-item menu-item-type-post_type menu-item-object-page menu-item-7272\"><a href=\"https:\/\/www.fredastaire.com\/napoli-chiaia\/it\/jive\/\">Jive<\/a><\/li>\n\t<li id=\"menu-item-7260\" class=\"menu-item menu-item-type-post_type menu-item-object-page menu-item-7260\"><a href=\"https:\/\/www.fredastaire.com\/napoli-chiaia\/it\/bachata\/\">Bachata<\/a><\/li>\n<\/ul>\n<\/li>\n<li id=\"menu-item-7281\" class=\"menu-item menu-item-type-custom menu-item-object-custom menu-item-has-children menu-item-7281\"><a href=\"#\">Liscio<\/a>\n<ul class=\"sub-menu\">\n\t<li id=\"menu-item-7278\" class=\"menu-item menu-item-type-post_type menu-item-object-page menu-item-7278\"><a href=\"https:\/\/www.fredastaire.com\/napoli-chiaia\/it\/tango-argentino\/\">Tango argentino<\/a><\/li>\n\t<li id=\"menu-item-7264\" class=\"menu-item menu-item-type-post_type menu-item-object-page menu-item-7264\"><a href=\"https:\/\/www.fredastaire.com\/napoli-chiaia\/it\/tango\/\">Tango<\/a><\/li>\n\t<li id=\"menu-item-7274\" class=\"menu-item menu-item-type-post_type menu-item-object-page menu-item-7274\"><a href=\"https:\/\/www.fredastaire.com\/napoli-chiaia\/it\/foxtrot\/\">Foxtrot<\/a><\/li>\n\t<li id=\"menu-item-7262\" class=\"menu-item menu-item-type-post_type menu-item-object-page menu-item-7262\"><a href=\"https:\/\/www.fredastaire.com\/napoli-chiaia\/it\/valzer\/\">Valzer<\/a><\/li>\n\t<li id=\"menu-item-7263\" class=\"menu-item menu-item-type-post_type menu-item-object-page menu-item-7263\"><a href=\"https:\/\/www.fredastaire.com\/napoli-chiaia\/it\/valzer-viennese\/\">Valzer viennese<\/a><\/li>\n\t<li id=\"menu-item-7268\" class=\"menu-item menu-item-type-post_type menu-item-object-page menu-item-7268\"><a href=\"https:\/\/www.fredastaire.com\/napoli-chiaia\/it\/passo-veloce\/\">Passo veloce<\/a><\/li>\n<\/ul>\n<\/li>\n<li id=\"menu-item-7282\" class=\"menu-item menu-item-type-custom menu-item-object-custom menu-item-has-children menu-item-7282\"><a href=\"#\">Country Western<\/a>\n<ul class=\"sub-menu\">\n\t<li id=\"menu-item-7259\" class=\"menu-item menu-item-type-post_type menu-item-object-page menu-item-7259\"><a href=\"https:\/\/www.fredastaire.com\/napoli-chiaia\/it\/country-western-a-due-passi\/\">A due fasi<\/a><\/li>\n<\/ul>\n<\/li>\n<\/ul>\n<\/div>\n<!-- end List Menu -->\t\t\t\t<\/div>\n\t\t\t\t<\/div>\n\t\t\t\t\t<\/div>\n\t\t<\/div>\n\t\t\t\t\t<\/div>\n\t\t<\/section>\n\t\t\t\t<\/div>","protected":false},"excerpt":{"rendered":"<p>Hustle In the late 1960s and throughout the 1970s, discotheques (or discos), with high quality sound systems and flashing lights became a popular form of entertainment in Europe and the U.S. Early \u201870s dancing in discos was mostly freestyle dancing (similar to the \u201crock\u201d style exhibited by pop stars of the day like The Jackson [&hellip;]<\/p>\n","protected":false},"author":4,"featured_media":0,"parent":0,"menu_order":0,"comment_status":"closed","ping_status":"closed","template":"","meta":{"_acf_changed":false,"footnotes":""},"class_list":["post-5774","page","type-page","status-publish","hentry"],"acf":[],"_links":{"self":[{"href":"https:\/\/www.fredastaire.com\/napoli-chiaia\/it\/wp-json\/wp\/v2\/pages\/5774","targetHints":{"allow":["GET"]}}],"collection":[{"href":"https:\/\/www.fredastaire.com\/napoli-chiaia\/it\/wp-json\/wp\/v2\/pages"}],"about":[{"href":"https:\/\/www.fredastaire.com\/napoli-chiaia\/it\/wp-json\/wp\/v2\/types\/page"}],"author":[{"embeddable":true,"href":"https:\/\/www.fredastaire.com\/napoli-chiaia\/it\/wp-json\/wp\/v2\/users\/4"}],"replies":[{"embeddable":true,"href":"https:\/\/www.fredastaire.com\/napoli-chiaia\/it\/wp-json\/wp\/v2\/comments?post=5774"}],"version-history":[{"count":0,"href":"https:\/\/www.fredastaire.com\/napoli-chiaia\/it\/wp-json\/wp\/v2\/pages\/5774\/revisions"}],"wp:attachment":[{"href":"https:\/\/www.fredastaire.com\/napoli-chiaia\/it\/wp-json\/wp\/v2\/media?parent=5774"}],"curies":[{"name":"wp","href":"https:\/\/api.w.org\/{rel}","templated":true}]}}