{"id":7766,"date":"2023-06-05T12:23:59","date_gmt":"2023-06-05T16:23:59","guid":{"rendered":"https:\/\/www.fredastaire.com\/napoli-chiaia\/?page_id=7766"},"modified":"2024-08-28T11:01:52","modified_gmt":"2024-08-28T15:01:52","slug":"termini-di-servizio","status":"publish","type":"page","link":"https:\/\/www.fredastaire.com\/napoli-chiaia\/it\/termini-di-servizio\/","title":{"rendered":"Termini e condizioni d'uso del sito web"},"content":{"rendered":"<div data-elementor-type=\"wp-page\" data-elementor-id=\"7766\" class=\"elementor elementor-7766\" data-elementor-settings=\"{&quot;ha_cmc_init_switcher&quot;:&quot;no&quot;}\" data-elementor-post-type=\"page\">\n\t\t\t\t\t\t<section class=\"elementor-section elementor-top-section elementor-element elementor-element-459ed94d elementor-section-height-min-height elementor-section-boxed elementor-section-height-default elementor-section-items-middle\" data-id=\"459ed94d\" data-element_type=\"section\" data-e-type=\"section\" data-settings=\"{&quot;background_background&quot;:&quot;classic&quot;,&quot;_ha_eqh_enable&quot;:false}\">\n\t\t\t\t\t\t\t<div class=\"elementor-background-overlay\"><\/div>\n\t\t\t\t\t\t\t<div class=\"elementor-container elementor-column-gap-default\">\n\t\t\t\t\t<div class=\"elementor-column elementor-col-100 elementor-top-column elementor-element elementor-element-49d2db31\" data-id=\"49d2db31\" data-element_type=\"column\" data-e-type=\"column\">\n\t\t\t<div class=\"elementor-widget-wrap elementor-element-populated\">\n\t\t\t\t\t\t<div class=\"elementor-element elementor-element-2688e416 elementor-widget elementor-widget-heading\" data-id=\"2688e416\" data-element_type=\"widget\" data-e-type=\"widget\" data-widget_type=\"heading.default\">\n\t\t\t\t<div class=\"elementor-widget-container\">\n\t\t\t\t\t<h1 class=\"elementor-heading-title elementor-size-default\">Termini di servizio<\/h1>\t\t\t\t<\/div>\n\t\t\t\t<\/div>\n\t\t\t\t\t<\/div>\n\t\t<\/div>\n\t\t\t\t\t<\/div>\n\t\t<\/section>\n\t\t\t\t<section class=\"elementor-section elementor-top-section elementor-element elementor-element-5567bdd9 elementor-section-boxed elementor-section-height-default elementor-section-height-default\" data-id=\"5567bdd9\" data-element_type=\"section\" data-e-type=\"section\" data-settings=\"{&quot;_ha_eqh_enable&quot;:false}\">\n\t\t\t\t\t\t<div class=\"elementor-container elementor-column-gap-default\">\n\t\t\t\t\t<div class=\"elementor-column elementor-col-100 elementor-top-column elementor-element elementor-element-77d661c9\" data-id=\"77d661c9\" data-element_type=\"column\" data-e-type=\"column\">\n\t\t\t<div class=\"elementor-widget-wrap elementor-element-populated\">\n\t\t\t\t\t\t<div class=\"elementor-element elementor-element-212fc074 elementor-widget elementor-widget-heading\" data-id=\"212fc074\" data-element_type=\"widget\" data-e-type=\"widget\" data-widget_type=\"heading.default\">\n\t\t\t\t<div class=\"elementor-widget-container\">\n\t\t\t\t\t<h2 class=\"elementor-heading-title elementor-size-default\">Termini e condizioni d'uso del sito web<\/h2>\t\t\t\t<\/div>\n\t\t\t\t<\/div>\n\t\t\t\t<div class=\"elementor-element elementor-element-15be614 elementor-widget elementor-widget-ucaddon_list\" data-id=\"15be614\" data-element_type=\"widget\" data-e-type=\"widget\" data-widget_type=\"ucaddon_list.default\">\n\t\t\t\t<div class=\"elementor-widget-container\">\n\t\t\t\t\t\n<!-- start List -->\n\t\t<link id='font-awesome-css' href='https:\/\/www.fredastaire.com\/napoli-chiaia\/wp-content\/plugins\/unlimited-elements-for-elementor-premium\/assets_libraries\/font-awesome6\/fontawesome-all.min.css' type='text\/css' rel='stylesheet' >\n\t\t<link id='font-awesome-4-shim-css' href='https:\/\/www.fredastaire.com\/napoli-chiaia\/wp-content\/plugins\/unlimited-elements-for-elementor-premium\/assets_libraries\/font-awesome6\/fontawesome-v4-shims.min.css' type='text\/css' rel='stylesheet' >\n\n<style>\/* widget: List *\/\n\n\n\n#uc_list_elementor_15be614{\n  display:grid;\n}\n\n#uc_list_elementor_15be614 .ue-list-item\n{\n  display:flex;\n}\n\n\n#uc_list_elementor_15be614 .ue-list-item-image img\n{\n  max-width:100%;\n}\n#uc_list_elementor_15be614 .ue-list-item-text *{\n  margin-bottom:0px;\n}\n\n#uc_list_elementor_15be614 .ue-list-item-index\n{\n  flex-grow:0;\n  flex-shrink:0;\n  display:flex;\n  align-items:center;\n  justify-content:center;\n  line-height:1em;\n}\n\n#uc_list_elementor_15be614 .ue-list-item-index svg\n{\n  height:1em;\n  width:1em;\n}\n\n#uc_list_elementor_15be614 .ue-list-item-content\n{\n  flex-grow:1;\n}\n\n<\/style>\n\n<div id=\"uc_list_elementor_15be614\" class=\"ue-list uc-items-wrapper\"  >\n  <div class=\"ue-list-item elementor-repeater-item-b34aec2\">\n  <div class=\"ue-list-item-index\">\n      1        <\/div>\n  <div class=\"ue-list-item-content\">\n        <h3 class=\"ue-list-item-title\">Termini<\/h3>\n          <div class=\"ue-list-item-text\"><p>Accedendo a questo sito web, l'utente accetta di essere vincolato dai presenti Termini e condizioni d'uso del sito web, da tutte le leggi e i regolamenti applicabili e accetta di essere responsabile del rispetto di tutte le leggi locali applicabili. Se non siete d'accordo con uno qualsiasi di questi termini, vi \u00e8 vietato utilizzare o accedere a questo sito. I materiali contenuti in questo sito web sono protetti dalle leggi vigenti in materia di copyright e marchi.<\/p><\/div>\n             <\/div>\n<\/div>\n<div class=\"ue-list-item elementor-repeater-item-de77bac\">\n  <div class=\"ue-list-item-index\">\n      2        <\/div>\n  <div class=\"ue-list-item-content\">\n        <h3 class=\"ue-list-item-title\">Licenza d'uso<\/h3>\n          <div class=\"ue-list-item-text\"><ol type=\"a\"><li>\u00c8 concessa l'autorizzazione a scaricare temporaneamente una copia dei materiali (informazioni o software) presenti sul sito web di Fred Astaire Dance Studios, Inc. solo per uso personale e transitorio non commerciale. Questa \u00e8 la concessione di una licenza, non un trasferimento di titolo, e in base a questa licenza non si pu\u00f2:<br \/><ol type=\"i\"><li>modificare o copiare i materiali;<\/li><li>utilizzare i materiali per qualsiasi scopo commerciale o per qualsiasi esposizione pubblica (commerciale o non commerciale);<\/li><li>tentare di decompilare o decodificare qualsiasi software contenuto nel sito web di Fred Astaire Dance Studios, Inc;<\/li><li>rimuovere dal materiale qualsiasi nota relativa al copyright o ad altri diritti di propriet\u00e0; oppure<\/li><li>trasferire i materiali a un'altra persona o \u201crispecchiare\u201d i materiali su qualsiasi altro server.<\/li><\/ol><\/li><li>Questa licenza termina automaticamente se l'utente viola una qualsiasi di queste restrizioni e pu\u00f2 essere revocata da Fred Astaire Dance Studios, Inc in qualsiasi momento. Al termine della visione di questi materiali o alla cessazione della presente licenza, l'utente dovr\u00e0 distruggere tutti i materiali scaricati in suo possesso, sia in formato elettronico che cartaceo.<\/li><\/ol><\/div>\n             <\/div>\n<\/div>\n<div class=\"ue-list-item elementor-repeater-item-e79eb31\">\n  <div class=\"ue-list-item-index\">\n      3        <\/div>\n  <div class=\"ue-list-item-content\">\n        <h3 class=\"ue-list-item-title\">Dichiarazione di non responsabilit\u00e0<\/h3>\n          <div class=\"ue-list-item-text\"><ol type=\"a\"><li>I materiali presenti sul sito web di Fred Astaire Dance Studios, Inc sono forniti \u201ccos\u00ec come sono\u201d. Fred Astaire Dance Studios, Inc non fornisce alcuna garanzia, espressa o implicita, e con la presente esclude e nega tutte le altre garanzie, incluse, senza limitazioni, garanzie implicite o condizioni di commerciabilit\u00e0, idoneit\u00e0 per uno scopo particolare, o non violazione della propriet\u00e0 intellettuale o altre violazioni dei diritti. Inoltre, Fred Astaire Dance Studios, Inc non garantisce n\u00e9 rilascia alcuna dichiarazione in merito all'accuratezza, ai risultati probabili o all'affidabilit\u00e0 dell'uso dei materiali presenti sul proprio sito Internet o altrimenti relativi a tali materiali o a qualsiasi sito collegato a questo sito.<\/li><\/ol><\/div>\n             <\/div>\n<\/div>\n<div class=\"ue-list-item elementor-repeater-item-c4b834b\">\n  <div class=\"ue-list-item-index\">\n      4        <\/div>\n  <div class=\"ue-list-item-content\">\n        <h3 class=\"ue-list-item-title\">Limitazioni<\/h3>\n          <div class=\"ue-list-item-text\"><p>In nessun caso la Fred Astaire Dance Studios, Inc o i suoi fornitori saranno responsabili per eventuali danni (inclusi, senza limitazioni, danni per perdita di dati o profitti, o a causa di interruzione dell'attivit\u00e0) derivanti dall'uso o dall'impossibilit\u00e0 di utilizzare i materiali presenti sul sito Internet della Fred Astaire Dance Studios, Inc, anche nel caso in cui la Fred Astaire Dance Studios, Inc o un rappresentante autorizzato della Fred Astaire Dance Studios, Inc siano stati informati oralmente o per iscritto della possibilit\u00e0 di tali danni. Poich\u00e9 alcune giurisdizioni non consentono limitazioni di garanzie implicite o limitazioni di responsabilit\u00e0 per danni conseguenti o accidentali, tali limitazioni potrebbero non essere applicabili all'utente.<\/p><\/div>\n             <\/div>\n<\/div>\n<div class=\"ue-list-item elementor-repeater-item-6a12bec\">\n  <div class=\"ue-list-item-index\">\n      5        <\/div>\n  <div class=\"ue-list-item-content\">\n        <h3 class=\"ue-list-item-title\">Revisioni ed errori<\/h3>\n          <div class=\"ue-list-item-text\"><p>I materiali presenti sul sito web di Fred Astaire Dance Studios, Inc potrebbero contenere errori tecnici, tipografici o fotografici. Fred Astaire Dance Studios, Inc non garantisce che i materiali presenti sul suo sito web siano accurati, completi o aggiornati. La Fred Astaire Dance Studios, Inc pu\u00f2 apportare modifiche ai materiali contenuti nel suo sito web in qualsiasi momento senza preavviso. Tuttavia, la Fred Astaire Dance Studios, Inc non si impegna ad aggiornare i materiali.<\/p><\/div>\n             <\/div>\n<\/div>\n<div class=\"ue-list-item elementor-repeater-item-f272466\">\n  <div class=\"ue-list-item-index\">\n      6        <\/div>\n  <div class=\"ue-list-item-content\">\n        <h3 class=\"ue-list-item-title\">Collegamenti<\/h3>\n          <div class=\"ue-list-item-text\"><p>La Fred Astaire Dance Studios, Inc non ha esaminato tutti i siti collegati al proprio sito Internet e non \u00e8 responsabile dei contenuti di tali siti. L'inclusione di qualsiasi link non implica l'approvazione del sito da parte di Fred Astaire Dance Studios, Inc. L'uso di tali siti web collegati \u00e8 a rischio dell'utente.<\/p><\/div>\n             <\/div>\n<\/div>\n<div class=\"ue-list-item elementor-repeater-item-f9346e7\">\n  <div class=\"ue-list-item-index\">\n      7        <\/div>\n  <div class=\"ue-list-item-content\">\n        <h3 class=\"ue-list-item-title\">Modifiche alle condizioni d'uso del sito<\/h3>\n          <div class=\"ue-list-item-text\"><p>Fred Astaire Dance Studios, Inc pu\u00f2 rivedere le condizioni d'uso del proprio sito web in qualsiasi momento senza preavviso. Utilizzando questo sito web, l'utente accetta di essere vincolato dalla versione pi\u00f9 recente di questi Termini e condizioni d'uso.<\/p><\/div>\n             <\/div>\n<\/div>\n<div class=\"ue-list-item elementor-repeater-item-3a1eefa\">\n  <div class=\"ue-list-item-index\">\n      8        <\/div>\n  <div class=\"ue-list-item-content\">\n        <h3 class=\"ue-list-item-title\">Legge applicabile<\/h3>\n          <div class=\"ue-list-item-text\"><p>Qualsiasi reclamo relativo al sito web di Fred Astaire Dance Studios, Inc sar\u00e0 regolato dalle leggi dello Stato del Massachusetts, senza tener conto del conflitto di leggi.<\/p><p>Termini e condizioni generali applicabili all'uso di un sito web.<\/p><\/div>\n             <\/div>\n<\/div>\n<div class=\"ue-list-item elementor-repeater-item-f2eae14\">\n  <div class=\"ue-list-item-index\">\n      9        <\/div>\n  <div class=\"ue-list-item-content\">\n        <h3 class=\"ue-list-item-title\">ReCAPTCHA<\/h3>\n          <div class=\"ue-list-item-text\"><p><strong>Questo sito \u00e8 protetto da reCAPTCHA e da Google <a href=\"https:\/\/policies.google.com\/privacy\" target=\"_blank\" rel=\"noopener\">Informativa sulla privacy<\/a> e <a href=\"https:\/\/policies.google.com\/terms\" target=\"_blank\" rel=\"noopener\">Termini di servizio<\/a> applicare.<\/strong><\/p><\/div>\n             <\/div>\n<\/div>\n\n<\/div>\n<!-- end List -->\t\t\t\t<\/div>\n\t\t\t\t<\/div>\n\t\t\t\t\t<\/div>\n\t\t<\/div>\n\t\t\t\t\t<\/div>\n\t\t<\/section>\n\t\t\t\t<\/div>","protected":false},"excerpt":{"rendered":"<p>Terms of Service Web Site Terms and Conditions of Use 1 Terms By accessing this web site, you are agreeing to be bound by these web site Terms and Conditions of Use, all applicable laws and regulations, and agree that you are responsible for compliance with any applicable local laws. If you do not agree [&hellip;]<\/p>\n","protected":false},"author":313,"featured_media":0,"parent":0,"menu_order":0,"comment_status":"closed","ping_status":"closed","template":"","meta":{"_acf_changed":false,"footnotes":""},"class_list":["post-7766","page","type-page","status-publish","hentry"],"acf":[],"_links":{"self":[{"href":"https:\/\/www.fredastaire.com\/napoli-chiaia\/it\/wp-json\/wp\/v2\/pages\/7766","targetHints":{"allow":["GET"]}}],"collection":[{"href":"https:\/\/www.fredastaire.com\/napoli-chiaia\/it\/wp-json\/wp\/v2\/pages"}],"about":[{"href":"https:\/\/www.fredastaire.com\/napoli-chiaia\/it\/wp-json\/wp\/v2\/types\/page"}],"author":[{"embeddable":true,"href":"https:\/\/www.fredastaire.com\/napoli-chiaia\/it\/wp-json\/wp\/v2\/users\/313"}],"replies":[{"embeddable":true,"href":"https:\/\/www.fredastaire.com\/napoli-chiaia\/it\/wp-json\/wp\/v2\/comments?post=7766"}],"version-history":[{"count":0,"href":"https:\/\/www.fredastaire.com\/napoli-chiaia\/it\/wp-json\/wp\/v2\/pages\/7766\/revisions"}],"wp:attachment":[{"href":"https:\/\/www.fredastaire.com\/napoli-chiaia\/it\/wp-json\/wp\/v2\/media?parent=7766"}],"curies":[{"name":"wp","href":"https:\/\/api.w.org\/{rel}","templated":true}]}}