{"id":7813,"date":"2023-06-05T13:06:38","date_gmt":"2023-06-05T17:06:38","guid":{"rendered":"https:\/\/www.fredastaire.com\/napoli-chiaia\/?page_id=7813"},"modified":"2025-05-13T10:42:50","modified_gmt":"2025-05-13T14:42:50","slug":"circa","status":"publish","type":"page","link":"https:\/\/www.fredastaire.com\/napoli-chiaia\/it\/circa\/","title":{"rendered":"Cosa rende speciale la scuola di danza Fred Astaire?"},"content":{"rendered":"<div data-elementor-type=\"wp-page\" data-elementor-id=\"7813\" class=\"elementor elementor-7813\" data-elementor-settings=\"{&quot;ha_cmc_init_switcher&quot;:&quot;no&quot;}\" data-elementor-post-type=\"page\">\n\t\t\t\t\t\t<section class=\"elementor-section elementor-top-section elementor-element elementor-element-4316e30a elementor-section-height-min-height elementor-section-boxed elementor-section-height-default elementor-section-items-middle\" data-id=\"4316e30a\" data-element_type=\"section\" data-e-type=\"section\" data-settings=\"{&quot;background_background&quot;:&quot;classic&quot;,&quot;_ha_eqh_enable&quot;:false}\">\n\t\t\t\t\t\t\t<div class=\"elementor-background-overlay\"><\/div>\n\t\t\t\t\t\t\t<div class=\"elementor-container elementor-column-gap-default\">\n\t\t\t\t\t<div class=\"elementor-column elementor-col-100 elementor-top-column elementor-element elementor-element-7a0c39e\" data-id=\"7a0c39e\" data-element_type=\"column\" data-e-type=\"column\">\n\t\t\t<div class=\"elementor-widget-wrap elementor-element-populated\">\n\t\t\t\t\t\t<div class=\"elementor-element elementor-element-788fb1f2 elementor-widget elementor-widget-heading\" data-id=\"788fb1f2\" data-element_type=\"widget\" data-e-type=\"widget\" data-widget_type=\"heading.default\">\n\t\t\t\t<div class=\"elementor-widget-container\">\n\t\t\t\t\t<h1 class=\"elementor-heading-title elementor-size-default\">Perch\u00e9 ballare con noi?<\/h1>\t\t\t\t<\/div>\n\t\t\t\t<\/div>\n\t\t\t\t\t<\/div>\n\t\t<\/div>\n\t\t\t\t\t<\/div>\n\t\t<\/section>\n\t\t\t\t<section class=\"elementor-section elementor-top-section elementor-element elementor-element-5b4ed2fe elementor-section-boxed elementor-section-height-default elementor-section-height-default\" data-id=\"5b4ed2fe\" data-element_type=\"section\" data-e-type=\"section\" data-settings=\"{&quot;_ha_eqh_enable&quot;:false}\">\n\t\t\t\t\t\t<div class=\"elementor-container elementor-column-gap-default\">\n\t\t\t\t\t<div class=\"elementor-column elementor-col-50 elementor-top-column elementor-element elementor-element-164344b1\" data-id=\"164344b1\" data-element_type=\"column\" data-e-type=\"column\">\n\t\t\t<div class=\"elementor-widget-wrap elementor-element-populated\">\n\t\t\t\t\t\t<div class=\"elementor-element elementor-element-7fffcf4b elementor-widget elementor-widget-heading\" data-id=\"7fffcf4b\" data-element_type=\"widget\" data-e-type=\"widget\" data-widget_type=\"heading.default\">\n\t\t\t\t<div class=\"elementor-widget-container\">\n\t\t\t\t\t<h2 class=\"elementor-heading-title elementor-size-default\">Cosa rende speciale la scuola di danza Fred Astaire?<\/h2>\t\t\t\t<\/div>\n\t\t\t\t<\/div>\n\t\t\t\t<div class=\"elementor-element elementor-element-550e42df elementor-widget elementor-widget-text-editor\" data-id=\"550e42df\" data-element_type=\"widget\" data-e-type=\"widget\" data-widget_type=\"text-editor.default\">\n\t\t\t\t<div class=\"elementor-widget-container\">\n\t\t\t\t\t\t\t\t\tChe si tratti di un corso di ballo per matrimoni, di un nuovo hobby o di un modo per legare con il proprio partner, di migliorare la propria vita sociale, la propria salute fisica ed emotiva o di portare le proprie abilit\u00e0 di ballo a un livello superiore, ballare con i Fred Astaire Dance Studios si tradurr\u00e0 in un apprendimento pi\u00f9 rapido, in un livello pi\u00f9 elevato di risultati e in tanti sorrisi. Perch\u00e9 scegliere i Fred Astaire Dance Studios?\t\t\t\t\t\t\t\t<\/div>\n\t\t\t\t<\/div>\n\t\t\t\t\t<\/div>\n\t\t<\/div>\n\t\t\t\t<div class=\"elementor-column elementor-col-50 elementor-top-column elementor-element elementor-element-3544bc45 elementor-hidden-tablet elementor-hidden-mobile\" data-id=\"3544bc45\" data-element_type=\"column\" data-e-type=\"column\">\n\t\t\t<div class=\"elementor-widget-wrap elementor-element-populated\">\n\t\t\t\t\t\t<div class=\"elementor-element elementor-element-4b6e39b7 elementor-widget elementor-widget-image\" data-id=\"4b6e39b7\" data-element_type=\"widget\" data-e-type=\"widget\" data-widget_type=\"image.default\">\n\t\t\t\t<div class=\"elementor-widget-container\">\n\t\t\t\t\t\t\t\t\t\t\t\t\t\t\t<img fetchpriority=\"high\" decoding=\"async\" width=\"270\" height=\"270\" src=\"https:\/\/www.fredastaire.com\/napoli-chiaia\/wp-content\/uploads\/sites\/529\/2023\/05\/fred-astaire-dance-studio2.jpg\" class=\"attachment-large size-large wp-image-7704\" alt=\"\" srcset=\"https:\/\/www.fredastaire.com\/napoli-chiaia\/wp-content\/uploads\/sites\/529\/2023\/05\/fred-astaire-dance-studio2.jpg 270w, https:\/\/www.fredastaire.com\/napoli-chiaia\/wp-content\/uploads\/sites\/529\/2023\/05\/fred-astaire-dance-studio2-150x150.jpg 150w\" sizes=\"(max-width: 270px) 100vw, 270px\" \/>\t\t\t\t\t\t\t\t\t\t\t\t\t\t\t<\/div>\n\t\t\t\t<\/div>\n\t\t\t\t\t<\/div>\n\t\t<\/div>\n\t\t\t\t\t<\/div>\n\t\t<\/section>\n\t\t\t\t<section class=\"elementor-section elementor-top-section elementor-element elementor-element-64ea9f4b elementor-section-boxed elementor-section-height-default elementor-section-height-default\" data-id=\"64ea9f4b\" data-element_type=\"section\" data-e-type=\"section\" data-settings=\"{&quot;background_background&quot;:&quot;classic&quot;,&quot;_ha_eqh_enable&quot;:false}\">\n\t\t\t\t\t\t<div class=\"elementor-container elementor-column-gap-default\">\n\t\t\t\t\t<div class=\"elementor-column elementor-col-50 elementor-top-column elementor-element elementor-element-cd4900b elementor-hidden-tablet elementor-hidden-mobile\" data-id=\"cd4900b\" data-element_type=\"column\" data-e-type=\"column\">\n\t\t\t<div class=\"elementor-widget-wrap elementor-element-populated\">\n\t\t\t\t\t\t<div class=\"elementor-element elementor-element-4ecae140 elementor-widget elementor-widget-image\" data-id=\"4ecae140\" data-element_type=\"widget\" data-e-type=\"widget\" data-widget_type=\"image.default\">\n\t\t\t\t<div class=\"elementor-widget-container\">\n\t\t\t\t\t\t\t\t\t\t\t\t\t\t\t<img decoding=\"async\" width=\"270\" height=\"270\" src=\"https:\/\/www.fredastaire.com\/napoli-chiaia\/wp-content\/uploads\/sites\/529\/2023\/05\/fred-astaire-dance-studio14.jpg\" class=\"attachment-large size-large wp-image-7705\" alt=\"\" srcset=\"https:\/\/www.fredastaire.com\/napoli-chiaia\/wp-content\/uploads\/sites\/529\/2023\/05\/fred-astaire-dance-studio14.jpg 270w, https:\/\/www.fredastaire.com\/napoli-chiaia\/wp-content\/uploads\/sites\/529\/2023\/05\/fred-astaire-dance-studio14-150x150.jpg 150w\" sizes=\"(max-width: 270px) 100vw, 270px\" \/>\t\t\t\t\t\t\t\t\t\t\t\t\t\t\t<\/div>\n\t\t\t\t<\/div>\n\t\t\t\t\t<\/div>\n\t\t<\/div>\n\t\t\t\t<div class=\"elementor-column elementor-col-50 elementor-top-column elementor-element elementor-element-7869d801\" data-id=\"7869d801\" data-element_type=\"column\" data-e-type=\"column\">\n\t\t\t<div class=\"elementor-widget-wrap elementor-element-populated\">\n\t\t\t\t\t\t<div class=\"elementor-element elementor-element-5e3a711b elementor-widget elementor-widget-text-editor\" data-id=\"5e3a711b\" data-element_type=\"widget\" data-e-type=\"widget\" data-widget_type=\"text-editor.default\">\n\t\t\t\t<div class=\"elementor-widget-container\">\n\t\t\t\t\t\t\t\t\t<p><strong>Perch\u00e9 in ogni Fred Astaire Dance Studio vi aspetta un'atmosfera di gentilezza, calore e ispirazione!<\/strong><\/p><p>\u00c8 quello che i nostri clienti ci dicono di aver notato fin dal primo momento in cui sono entrati: un'energia amichevole e un senso di \u201ccomunit\u00e0 FADS\u201d che \u00e8 accogliente, 100% non giudicante e veramente gioioso! La nostra passione \u00e8 aiutare ad arricchire le vite - fisicamente, mentalmente, emotivamente e socialmente - attraverso il potere positivo e trasformativo della danza.<\/p><p><strong>Perch\u00e9 le lezioni di ballo devono sempre essere divertenti!<\/strong><\/p><p>La filosofia di insegnamento di ogni scuola di danza Fred Astaire \u00e8 semplice e diretta: imparare a ballare il liscio \u00e8 sempre divertente! Lavoriamo con studenti di tutte le et\u00e0 e capacit\u00e0 e la nostra atmosfera amichevole e stimolante vi aiuter\u00e0 a trasformare il vostro viaggio nel ballo da sala in una realt\u00e0. Ci sono migliaia di motivi per cui le persone iniziano a prendere lezioni di ballo, e una volta che vi avremo mostrato quanto pu\u00f2 essere divertente ballare il liscio, sappiamo che vorrete continuare a tornare!<\/p>\t\t\t\t\t\t\t\t<\/div>\n\t\t\t\t<\/div>\n\t\t\t\t\t<\/div>\n\t\t<\/div>\n\t\t\t\t\t<\/div>\n\t\t<\/section>\n\t\t\t\t<section class=\"elementor-section elementor-top-section elementor-element elementor-element-5a922563 elementor-section-boxed elementor-section-height-default elementor-section-height-default\" data-id=\"5a922563\" data-element_type=\"section\" data-e-type=\"section\" data-settings=\"{&quot;_ha_eqh_enable&quot;:false}\">\n\t\t\t\t\t\t<div class=\"elementor-container elementor-column-gap-default\">\n\t\t\t\t\t<div class=\"elementor-column elementor-col-50 elementor-top-column elementor-element elementor-element-453aae38\" data-id=\"453aae38\" data-element_type=\"column\" data-e-type=\"column\">\n\t\t\t<div class=\"elementor-widget-wrap elementor-element-populated\">\n\t\t\t\t\t\t<div class=\"elementor-element elementor-element-1c836bab elementor-widget elementor-widget-text-editor\" data-id=\"1c836bab\" data-element_type=\"widget\" data-e-type=\"widget\" data-widget_type=\"text-editor.default\">\n\t\t\t\t<div class=\"elementor-widget-container\">\n\t\t\t\t\t\t\t\t\t<p><strong>Perch\u00e9 il ballo da sala ha tanti benefici!<\/strong><br role=\"presentation\" data-uw-rm-sr=\"\" \/>Il ballo da sala \u00e8 una combinazione perfetta di attivit\u00e0 fisica, interazione sociale e stimolazione mentale, e pu\u00f2 portare molto alla vostra vita. \u00c8 un ottimo allenamento; ha benefici documentati per la salute fisica e mentale; pu\u00f2 migliorare la vostra vita sociale e la fiducia in voi stessi; riduce lo stress e la depressione; favorisce il rilassamento; \u00e8 un meraviglioso sfogo per l'espressione di s\u00e9 e la creativit\u00e0; ed \u00e8 divertente!!! Con tutti questi motivi per iniziare a ballare, vi sfidiamo a trovare un buon motivo per non farlo.<\/p><p><strong>Perch\u00e9 il nostro programma di ballo da sala vi aiuta a imparare pi\u00f9 velocemente e a ottenere di pi\u00f9!<\/strong><br role=\"presentation\" data-uw-rm-sr=\"\" \/>Il programma collaudato di Fred Astaire Dance Studios, composto da lezioni private, lezioni di gruppo e feste di prova, garantisce che impariate il pi\u00f9 possibile, nel minor tempo possibile, con la massima ritenzione e il massimo divertimento. Infatti, gi\u00e0 alla fine della prima lezione sarete in grado di ballare con sicurezza! Il nostro repertorio copre l'intera gamma dei balli da sala - americani, latini, International Style, Ballroom Style, persino balli da esibizione e arti teatrali, sia per i ballerini sociali che per quelli competitivi.<\/p>\t\t\t\t\t\t\t\t<\/div>\n\t\t\t\t<\/div>\n\t\t\t\t\t<\/div>\n\t\t<\/div>\n\t\t\t\t<div class=\"elementor-column elementor-col-50 elementor-top-column elementor-element elementor-element-4159191c elementor-hidden-tablet elementor-hidden-mobile\" data-id=\"4159191c\" data-element_type=\"column\" data-e-type=\"column\">\n\t\t\t<div class=\"elementor-widget-wrap elementor-element-populated\">\n\t\t\t\t\t\t<div class=\"elementor-element elementor-element-4971002a elementor-widget elementor-widget-image\" data-id=\"4971002a\" data-element_type=\"widget\" data-e-type=\"widget\" data-widget_type=\"image.default\">\n\t\t\t\t<div class=\"elementor-widget-container\">\n\t\t\t\t\t\t\t\t\t\t\t\t\t\t\t<img decoding=\"async\" width=\"270\" height=\"270\" src=\"https:\/\/www.fredastaire.com\/napoli-chiaia\/wp-content\/uploads\/sites\/529\/2023\/05\/fred-astaire-dance-studio23.jpg\" class=\"attachment-large size-large wp-image-7706\" alt=\"\" srcset=\"https:\/\/www.fredastaire.com\/napoli-chiaia\/wp-content\/uploads\/sites\/529\/2023\/05\/fred-astaire-dance-studio23.jpg 270w, https:\/\/www.fredastaire.com\/napoli-chiaia\/wp-content\/uploads\/sites\/529\/2023\/05\/fred-astaire-dance-studio23-150x150.jpg 150w\" sizes=\"(max-width: 270px) 100vw, 270px\" \/>\t\t\t\t\t\t\t\t\t\t\t\t\t\t\t<\/div>\n\t\t\t\t<\/div>\n\t\t\t\t\t<\/div>\n\t\t<\/div>\n\t\t\t\t\t<\/div>\n\t\t<\/section>\n\t\t\t\t<section class=\"elementor-section elementor-top-section elementor-element elementor-element-1519b058 elementor-section-boxed elementor-section-height-default elementor-section-height-default\" data-id=\"1519b058\" data-element_type=\"section\" data-e-type=\"section\" data-settings=\"{&quot;background_background&quot;:&quot;classic&quot;,&quot;_ha_eqh_enable&quot;:false}\">\n\t\t\t\t\t\t<div class=\"elementor-container elementor-column-gap-default\">\n\t\t\t\t\t<div class=\"elementor-column elementor-col-100 elementor-top-column elementor-element elementor-element-49c7eaa0\" data-id=\"49c7eaa0\" data-element_type=\"column\" data-e-type=\"column\">\n\t\t\t<div class=\"elementor-widget-wrap elementor-element-populated\">\n\t\t\t\t\t\t<div class=\"elementor-element elementor-element-45b8803f elementor-widget elementor-widget-text-editor\" data-id=\"45b8803f\" data-element_type=\"widget\" data-e-type=\"widget\" data-widget_type=\"text-editor.default\">\n\t\t\t\t<div class=\"elementor-widget-container\">\n\t\t\t\t\t\t\t\t\t<p><strong>Grazie ai nostri istruttori di danza professionisti e di talento!<\/strong><br role=\"presentation\" data-uw-rm-sr=\"\" \/>Gli istruttori del Fred Astaire Dance Studio sono dotati di talento, provengono da tutto il mondo e amano veramente quello che fanno. Molti di loro sono laureati in Belle Arti e sono ballerini professionisti pluripremiati che gareggiano attivamente. I nostri istruttori di danza completano tutti il rigoroso lavoro richiesto per ottenere la certificazione del curriculum Fred Astaire, che presenta gli elementi costitutivi della danza di coppia nel modo in cui le persone imparano naturalmente. Il nostro programma di danza, unito alla compassione, all'energia e alla gentilezza dei nostri istruttori, vi permetter\u00e0 di ottenere il massimo dalle vostre lezioni di danza.<\/p><p><strong>Grazie ai nostri entusiasmanti eventi e competizioni di ballo da sala!<\/strong><br role=\"presentation\" data-uw-rm-sr=\"\" \/>I Fred Astaire Dance Studios offrono una variet\u00e0 di eventi locali divertenti per rendere la vostra esperienza di danza emozionante e gratificante. Feste per gli ospiti, vetrine, riflettori, eventi di sensibilizzazione della comunit\u00e0, sessioni speciali di coaching e uscite di gruppo fuori sede incoraggiano l'interazione sociale e aiutano a mettere in pratica ci\u00f2 che si sta imparando. Inoltre, i nostri concorsi regionali, nazionali e internazionali Pro-Am e Professional Dance vi offrono stimolanti opportunit\u00e0 di competere, viaggiare e affinare le vostre abilit\u00e0 di danza in ambienti stimolanti e di supporto.<\/p><p><strong>Grazie alla nostra offerta introduttiva per risparmiare!<\/strong><br role=\"presentation\" data-uw-rm-sr=\"\" \/>Approfittate della nostra speciale offerta introduttiva riservata ai nuovi studenti e fate il primo passo verso la realizzazione dei vostri obiettivi di ballo. Basta inviare il modulo informativo su questo sito web e ci metteremo in contatto con dettagli interessanti sulle opzioni del nostro programma e su uno sconto speciale solo per i nuovi studenti (che \u00e8\u00a0<em>sicuro<\/em>\u00a0per farvi ballare!). Venite a trovarci e condividete con noi i vostri obiettivi di danza: vi aiuteremo a raggiungerli!<\/p><p>Ci auguriamo di vedervi presto sulla pista da ballo.<\/p>\t\t\t\t\t\t\t\t<\/div>\n\t\t\t\t<\/div>\n\t\t\t\t\t<\/div>\n\t\t<\/div>\n\t\t\t\t\t<\/div>\n\t\t<\/section>\n\t\t\t\t<\/div>","protected":false},"excerpt":{"rendered":"<p>Why Dance With Us? What Makes Fred Astaire Dance Studios Special? From wedding dance instruction, a new hobby or way to connect with your partner, improving your social life, physical and emotional health, or taking your dance skills to the next level, dancing with Fred Astaire Dance Studios will result in faster learning, higher levels [&hellip;]<\/p>\n","protected":false},"author":313,"featured_media":0,"parent":0,"menu_order":0,"comment_status":"closed","ping_status":"closed","template":"","meta":{"_acf_changed":false,"footnotes":""},"class_list":["post-7813","page","type-page","status-publish","hentry"],"acf":[],"_links":{"self":[{"href":"https:\/\/www.fredastaire.com\/napoli-chiaia\/it\/wp-json\/wp\/v2\/pages\/7813","targetHints":{"allow":["GET"]}}],"collection":[{"href":"https:\/\/www.fredastaire.com\/napoli-chiaia\/it\/wp-json\/wp\/v2\/pages"}],"about":[{"href":"https:\/\/www.fredastaire.com\/napoli-chiaia\/it\/wp-json\/wp\/v2\/types\/page"}],"author":[{"embeddable":true,"href":"https:\/\/www.fredastaire.com\/napoli-chiaia\/it\/wp-json\/wp\/v2\/users\/313"}],"replies":[{"embeddable":true,"href":"https:\/\/www.fredastaire.com\/napoli-chiaia\/it\/wp-json\/wp\/v2\/comments?post=7813"}],"version-history":[{"count":0,"href":"https:\/\/www.fredastaire.com\/napoli-chiaia\/it\/wp-json\/wp\/v2\/pages\/7813\/revisions"}],"wp:attachment":[{"href":"https:\/\/www.fredastaire.com\/napoli-chiaia\/it\/wp-json\/wp\/v2\/media?parent=7813"}],"curies":[{"name":"wp","href":"https:\/\/api.w.org\/{rel}","templated":true}]}}