{"id":7814,"date":"2023-06-05T13:06:46","date_gmt":"2023-06-05T17:06:46","guid":{"rendered":"https:\/\/www.fredastaire.com\/napoli-chiaia\/?page_id=7814"},"modified":"2025-05-13T10:45:22","modified_gmt":"2025-05-13T14:45:22","slug":"metodi-di-insegnamento","status":"publish","type":"page","link":"https:\/\/www.fredastaire.com\/napoli-chiaia\/it\/metodi-di-insegnamento\/","title":{"rendered":"Metodi di insegnamento della scuola di danza Fred Astaire"},"content":{"rendered":"<div data-elementor-type=\"wp-page\" data-elementor-id=\"7814\" class=\"elementor elementor-7814\" data-elementor-settings=\"{&quot;ha_cmc_init_switcher&quot;:&quot;no&quot;}\" data-elementor-post-type=\"page\">\n\t\t\t\t\t\t<section class=\"elementor-section elementor-top-section elementor-element elementor-element-7cb19c35 elementor-section-height-min-height elementor-section-boxed elementor-section-height-default elementor-section-items-middle\" data-id=\"7cb19c35\" data-element_type=\"section\" data-e-type=\"section\" data-settings=\"{&quot;background_background&quot;:&quot;classic&quot;,&quot;_ha_eqh_enable&quot;:false}\">\n\t\t\t\t\t\t\t<div class=\"elementor-background-overlay\"><\/div>\n\t\t\t\t\t\t\t<div class=\"elementor-container elementor-column-gap-default\">\n\t\t\t\t\t<div class=\"elementor-column elementor-col-100 elementor-top-column elementor-element elementor-element-35df2a05\" data-id=\"35df2a05\" data-element_type=\"column\" data-e-type=\"column\">\n\t\t\t<div class=\"elementor-widget-wrap elementor-element-populated\">\n\t\t\t\t\t\t<div class=\"elementor-element elementor-element-6755219b elementor-widget elementor-widget-heading\" data-id=\"6755219b\" data-element_type=\"widget\" data-e-type=\"widget\" data-widget_type=\"heading.default\">\n\t\t\t\t<div class=\"elementor-widget-container\">\n\t\t\t\t\t<h1 class=\"elementor-heading-title elementor-size-default\">Metodi di insegnamento<\/h1>\t\t\t\t<\/div>\n\t\t\t\t<\/div>\n\t\t\t\t\t<\/div>\n\t\t<\/div>\n\t\t\t\t\t<\/div>\n\t\t<\/section>\n\t\t\t\t<section class=\"elementor-section elementor-top-section elementor-element elementor-element-79f02980 elementor-section-boxed elementor-section-height-default elementor-section-height-default\" data-id=\"79f02980\" data-element_type=\"section\" data-e-type=\"section\" data-settings=\"{&quot;_ha_eqh_enable&quot;:false}\">\n\t\t\t\t\t\t<div class=\"elementor-container elementor-column-gap-default\">\n\t\t\t\t\t<div class=\"elementor-column elementor-col-50 elementor-top-column elementor-element elementor-element-17a2a5dd\" data-id=\"17a2a5dd\" data-element_type=\"column\" data-e-type=\"column\">\n\t\t\t<div class=\"elementor-widget-wrap elementor-element-populated\">\n\t\t\t\t\t\t<div class=\"elementor-element elementor-element-69821ebd elementor-widget elementor-widget-heading\" data-id=\"69821ebd\" data-element_type=\"widget\" data-e-type=\"widget\" data-widget_type=\"heading.default\">\n\t\t\t\t<div class=\"elementor-widget-container\">\n\t\t\t\t\t<h2 class=\"elementor-heading-title elementor-size-default\">Metodi di insegnamento della scuola di danza Fred Astaire<\/h2>\t\t\t\t<\/div>\n\t\t\t\t<\/div>\n\t\t\t\t<div class=\"elementor-element elementor-element-22969928 elementor-widget elementor-widget-text-editor\" data-id=\"22969928\" data-element_type=\"widget\" data-e-type=\"widget\" data-widget_type=\"text-editor.default\">\n\t\t\t\t<div class=\"elementor-widget-container\">\n\t\t\t\t\t\t\t\t\t\u00c8 nostro privilegio portare il nome commerciale Fred Astaire Dance Studios e ci impegniamo a mantenere l'ammirata reputazione del nostro co-fondatore, Fred Astaire, in tutto ci\u00f2 che facciamo. L'atmosfera calorosa, gioiosa e 100% non giudicante che si respira alla Fred Astaire Dance Studios \u00e8 dovuta a questo impegno e al fatto che i nostri allievi vivono esperienze davvero motivanti e divertenti mentre imparano a ballare!\t\t\t\t\t\t\t\t<\/div>\n\t\t\t\t<\/div>\n\t\t\t\t\t<\/div>\n\t\t<\/div>\n\t\t\t\t<div class=\"elementor-column elementor-col-50 elementor-top-column elementor-element elementor-element-2d139ec9 elementor-hidden-tablet elementor-hidden-mobile\" data-id=\"2d139ec9\" data-element_type=\"column\" data-e-type=\"column\">\n\t\t\t<div class=\"elementor-widget-wrap elementor-element-populated\">\n\t\t\t\t\t\t<div class=\"elementor-element elementor-element-3dc69318 elementor-widget elementor-widget-image\" data-id=\"3dc69318\" data-element_type=\"widget\" data-e-type=\"widget\" data-widget_type=\"image.default\">\n\t\t\t\t<div class=\"elementor-widget-container\">\n\t\t\t\t\t\t\t\t\t\t\t\t\t\t\t<img fetchpriority=\"high\" decoding=\"async\" width=\"270\" height=\"270\" src=\"https:\/\/www.fredastaire.com\/napoli-chiaia\/wp-content\/uploads\/sites\/529\/2023\/05\/fred-astaire-dance-studio7.jpg\" class=\"attachment-large size-large wp-image-7668\" alt=\"\" srcset=\"https:\/\/www.fredastaire.com\/napoli-chiaia\/wp-content\/uploads\/sites\/529\/2023\/05\/fred-astaire-dance-studio7.jpg 270w, https:\/\/www.fredastaire.com\/napoli-chiaia\/wp-content\/uploads\/sites\/529\/2023\/05\/fred-astaire-dance-studio7-150x150.jpg 150w\" sizes=\"(max-width: 270px) 100vw, 270px\" \/>\t\t\t\t\t\t\t\t\t\t\t\t\t\t\t<\/div>\n\t\t\t\t<\/div>\n\t\t\t\t\t<\/div>\n\t\t<\/div>\n\t\t\t\t\t<\/div>\n\t\t<\/section>\n\t\t\t\t<section class=\"elementor-section elementor-top-section elementor-element elementor-element-126d9898 elementor-section-boxed elementor-section-height-default elementor-section-height-default\" data-id=\"126d9898\" data-element_type=\"section\" data-e-type=\"section\" data-settings=\"{&quot;background_background&quot;:&quot;classic&quot;,&quot;_ha_eqh_enable&quot;:false}\">\n\t\t\t\t\t\t<div class=\"elementor-container elementor-column-gap-default\">\n\t\t\t\t\t<div class=\"elementor-column elementor-col-50 elementor-top-column elementor-element elementor-element-24e19a38 elementor-hidden-tablet elementor-hidden-mobile\" data-id=\"24e19a38\" data-element_type=\"column\" data-e-type=\"column\" data-settings=\"{&quot;background_background&quot;:&quot;classic&quot;}\">\n\t\t\t<div class=\"elementor-widget-wrap elementor-element-populated\">\n\t\t\t\t\t\t<div class=\"elementor-element elementor-element-7fd6121a elementor-widget elementor-widget-image\" data-id=\"7fd6121a\" data-element_type=\"widget\" data-e-type=\"widget\" data-widget_type=\"image.default\">\n\t\t\t\t<div class=\"elementor-widget-container\">\n\t\t\t\t\t\t\t\t\t\t\t\t\t\t\t<img decoding=\"async\" width=\"270\" height=\"270\" src=\"https:\/\/www.fredastaire.com\/napoli-chiaia\/wp-content\/uploads\/sites\/529\/2023\/05\/fred-astaire-dance-studio13.jpg\" class=\"attachment-large size-large wp-image-7669\" alt=\"\" srcset=\"https:\/\/www.fredastaire.com\/napoli-chiaia\/wp-content\/uploads\/sites\/529\/2023\/05\/fred-astaire-dance-studio13.jpg 270w, https:\/\/www.fredastaire.com\/napoli-chiaia\/wp-content\/uploads\/sites\/529\/2023\/05\/fred-astaire-dance-studio13-150x150.jpg 150w\" sizes=\"(max-width: 270px) 100vw, 270px\" \/>\t\t\t\t\t\t\t\t\t\t\t\t\t\t\t<\/div>\n\t\t\t\t<\/div>\n\t\t\t\t\t<\/div>\n\t\t<\/div>\n\t\t\t\t<div class=\"elementor-column elementor-col-50 elementor-top-column elementor-element elementor-element-7d1c72c6\" data-id=\"7d1c72c6\" data-element_type=\"column\" data-e-type=\"column\">\n\t\t\t<div class=\"elementor-widget-wrap elementor-element-populated\">\n\t\t\t\t\t\t<div class=\"elementor-element elementor-element-5a630548 elementor-widget elementor-widget-heading\" data-id=\"5a630548\" data-element_type=\"widget\" data-e-type=\"widget\" data-widget_type=\"heading.default\">\n\t\t\t\t<div class=\"elementor-widget-container\">\n\t\t\t\t\t<h2 class=\"elementor-heading-title elementor-size-default\">Il curriculum degli studi di danza Fred Astaire<\/h2>\t\t\t\t<\/div>\n\t\t\t\t<\/div>\n\t\t\t\t<div class=\"elementor-element elementor-element-72992141 elementor-widget elementor-widget-text-editor\" data-id=\"72992141\" data-element_type=\"widget\" data-e-type=\"widget\" data-widget_type=\"text-editor.default\">\n\t\t\t\t<div class=\"elementor-widget-container\">\n\t\t\t\t\t\t\t\t\tOriginariamente ispirato al superbo stile di ballo di Fred Astaire, il programma di studi di ballo da sala del Fred Astaire Dance Studios copre l'intera gamma di danze americane, latino-americane, International Style, Exhibition\/Theater Arts e altro ancora. Campioni di ballo di fama mondiale e membri registrati del Fred Astaire International Dance Council studiano e rivedono continuamente il nostro programma di studio, per garantire che ai nostri studenti vengano offerti solo i programmi migliori e pi\u00f9 aggiornati. Il nostro metodo di insegnamento, unico nel suo genere, prevede un sistema a tre livelli di lezioni private, lezioni di gruppo e feste di prova regolarmente programmate.\t\t\t\t\t\t\t\t<\/div>\n\t\t\t\t<\/div>\n\t\t\t\t\t<\/div>\n\t\t<\/div>\n\t\t\t\t\t<\/div>\n\t\t<\/section>\n\t\t\t\t<section class=\"elementor-section elementor-top-section elementor-element elementor-element-178ed908 elementor-section-boxed elementor-section-height-default elementor-section-height-default\" data-id=\"178ed908\" data-element_type=\"section\" data-e-type=\"section\" data-settings=\"{&quot;_ha_eqh_enable&quot;:false}\">\n\t\t\t\t\t\t<div class=\"elementor-container elementor-column-gap-default\">\n\t\t\t\t\t<div class=\"elementor-column elementor-col-50 elementor-top-column elementor-element elementor-element-1cf6dbee\" data-id=\"1cf6dbee\" data-element_type=\"column\" data-e-type=\"column\">\n\t\t\t<div class=\"elementor-widget-wrap elementor-element-populated\">\n\t\t\t\t\t\t<div class=\"elementor-element elementor-element-764421b8 elementor-widget elementor-widget-heading\" data-id=\"764421b8\" data-element_type=\"widget\" data-e-type=\"widget\" data-widget_type=\"heading.default\">\n\t\t\t\t<div class=\"elementor-widget-container\">\n\t\t\t\t\t<h2 class=\"elementor-heading-title elementor-size-default\">Lezioni private\n<\/h2>\t\t\t\t<\/div>\n\t\t\t\t<\/div>\n\t\t\t\t<div class=\"elementor-element elementor-element-5fc8525 elementor-widget elementor-widget-text-editor\" data-id=\"5fc8525\" data-element_type=\"widget\" data-e-type=\"widget\" data-widget_type=\"text-editor.default\">\n\t\t\t\t<div class=\"elementor-widget-container\">\n\t\t\t\t\t\t\t\t\tLe lezioni private, con uno o pi\u00f9 istruttori di danza, offrono un'attenzione specializzata e personalizzata per apparire e sentirsi sicuri sulla pista da ballo, sviluppando al contempo la capacit\u00e0 di condurre o seguire qualsiasi partner. Ci muoviamo al vostro ritmo, perfezionando e lucidando il vostro ballo nel frattempo.\t\t\t\t\t\t\t\t<\/div>\n\t\t\t\t<\/div>\n\t\t\t\t\t<\/div>\n\t\t<\/div>\n\t\t\t\t<div class=\"elementor-column elementor-col-50 elementor-top-column elementor-element elementor-element-5cbe7465 elementor-hidden-tablet elementor-hidden-mobile\" data-id=\"5cbe7465\" data-element_type=\"column\" data-e-type=\"column\">\n\t\t\t<div class=\"elementor-widget-wrap elementor-element-populated\">\n\t\t\t\t\t\t<div class=\"elementor-element elementor-element-5af37d3b elementor-widget elementor-widget-image\" data-id=\"5af37d3b\" data-element_type=\"widget\" data-e-type=\"widget\" data-widget_type=\"image.default\">\n\t\t\t\t<div class=\"elementor-widget-container\">\n\t\t\t\t\t\t\t\t\t\t\t\t\t\t\t<img decoding=\"async\" width=\"270\" height=\"270\" src=\"https:\/\/www.fredastaire.com\/napoli-chiaia\/wp-content\/uploads\/sites\/529\/2023\/05\/fred-astaire-dance-studio30.jpg\" class=\"attachment-large size-large wp-image-7670\" alt=\"\" srcset=\"https:\/\/www.fredastaire.com\/napoli-chiaia\/wp-content\/uploads\/sites\/529\/2023\/05\/fred-astaire-dance-studio30.jpg 270w, https:\/\/www.fredastaire.com\/napoli-chiaia\/wp-content\/uploads\/sites\/529\/2023\/05\/fred-astaire-dance-studio30-150x150.jpg 150w\" sizes=\"(max-width: 270px) 100vw, 270px\" \/>\t\t\t\t\t\t\t\t\t\t\t\t\t\t\t<\/div>\n\t\t\t\t<\/div>\n\t\t\t\t\t<\/div>\n\t\t<\/div>\n\t\t\t\t\t<\/div>\n\t\t<\/section>\n\t\t\t\t<section class=\"elementor-section elementor-top-section elementor-element elementor-element-36840301 elementor-section-boxed elementor-section-height-default elementor-section-height-default\" data-id=\"36840301\" data-element_type=\"section\" data-e-type=\"section\" data-settings=\"{&quot;background_background&quot;:&quot;classic&quot;,&quot;_ha_eqh_enable&quot;:false}\">\n\t\t\t\t\t\t<div class=\"elementor-container elementor-column-gap-default\">\n\t\t\t\t\t<div class=\"elementor-column elementor-col-100 elementor-top-column elementor-element elementor-element-6386774f\" data-id=\"6386774f\" data-element_type=\"column\" data-e-type=\"column\">\n\t\t\t<div class=\"elementor-widget-wrap elementor-element-populated\">\n\t\t\t\t\t\t<div class=\"elementor-element elementor-element-2e2d2b60 elementor-widget elementor-widget-heading\" data-id=\"2e2d2b60\" data-element_type=\"widget\" data-e-type=\"widget\" data-widget_type=\"heading.default\">\n\t\t\t\t<div class=\"elementor-widget-container\">\n\t\t\t\t\t<h2 class=\"elementor-heading-title elementor-size-default\">Corsi di gruppo<\/h2>\t\t\t\t<\/div>\n\t\t\t\t<\/div>\n\t\t\t\t<div class=\"elementor-element elementor-element-2d5f2f11 elementor-widget elementor-widget-text-editor\" data-id=\"2d5f2f11\" data-element_type=\"widget\" data-e-type=\"widget\" data-widget_type=\"text-editor.default\">\n\t\t\t\t<div class=\"elementor-widget-container\">\n\t\t\t\t\t\t\t\t\tLe lezioni di gruppo sono complementari alle lezioni private, perch\u00e9 \u00e8 qui che si imparano gli schemi, la tecnica e lo stile. Le lezioni di gruppo permettono inoltre di incontrare altri studenti con obiettivi simili, di sviluppare l'equilibrio e di imparare i meccanismi della danza.\t\t\t\t\t\t\t\t<\/div>\n\t\t\t\t<\/div>\n\t\t\t\t<div class=\"elementor-element elementor-element-14e6bc81 elementor-widget elementor-widget-heading\" data-id=\"14e6bc81\" data-element_type=\"widget\" data-e-type=\"widget\" data-widget_type=\"heading.default\">\n\t\t\t\t<div class=\"elementor-widget-container\">\n\t\t\t\t\t<h2 class=\"elementor-heading-title elementor-size-default\">Feste pratiche\n<\/h2>\t\t\t\t<\/div>\n\t\t\t\t<\/div>\n\t\t\t\t<div class=\"elementor-element elementor-element-747f714d elementor-widget elementor-widget-text-editor\" data-id=\"747f714d\" data-element_type=\"widget\" data-e-type=\"widget\" data-widget_type=\"text-editor.default\">\n\t\t\t\t<div class=\"elementor-widget-container\">\n\t\t\t\t\t\t\t\t\tLe feste di prova programmate regolarmente completano le informazioni insegnate nelle lezioni private e nei corsi di gruppo. Alle feste di prova del Fred Astaire Dance Studios abbassiamo le luci, alziamo il volume della musica e ci divertiamo a ballare con altre persone in un ambiente sociale e rilassato. Le feste di prova aiutano a \u2019mettere tutto insieme\u201c, aiutano a identificare la musica e aiutano a imparare a non scontrarsi con altre persone sulla pista da ballo. Le feste di prova sono un modo fantastico (e divertente) per mettere in pratica ci\u00f2 che si sta imparando.\t\t\t\t\t\t\t\t<\/div>\n\t\t\t\t<\/div>\n\t\t\t\t\t<\/div>\n\t\t<\/div>\n\t\t\t\t\t<\/div>\n\t\t<\/section>\n\t\t\t\t<section class=\"elementor-section elementor-top-section elementor-element elementor-element-619f3764 elementor-section-boxed elementor-section-height-default elementor-section-height-default\" data-id=\"619f3764\" data-element_type=\"section\" data-e-type=\"section\" data-settings=\"{&quot;background_background&quot;:&quot;classic&quot;,&quot;_ha_eqh_enable&quot;:false}\">\n\t\t\t\t\t\t\t<div class=\"elementor-background-overlay\"><\/div>\n\t\t\t\t\t\t\t<div class=\"elementor-container elementor-column-gap-default\">\n\t\t\t\t\t<div class=\"elementor-column elementor-col-100 elementor-top-column elementor-element elementor-element-5e7b5a7b\" data-id=\"5e7b5a7b\" data-element_type=\"column\" data-e-type=\"column\">\n\t\t\t<div class=\"elementor-widget-wrap elementor-element-populated\">\n\t\t\t\t\t\t<div class=\"elementor-element elementor-element-60e34d67 elementor-widget elementor-widget-heading\" data-id=\"60e34d67\" data-element_type=\"widget\" data-e-type=\"widget\" data-widget_type=\"heading.default\">\n\t\t\t\t<div class=\"elementor-widget-container\">\n\t\t\t\t\t<h2 class=\"elementor-heading-title elementor-size-default\">Il sistema del Trofeo Fred Astaire\n<\/h2>\t\t\t\t<\/div>\n\t\t\t\t<\/div>\n\t\t\t\t<div class=\"elementor-element elementor-element-749e9ba1 elementor-widget elementor-widget-text-editor\" data-id=\"749e9ba1\" data-element_type=\"widget\" data-e-type=\"widget\" data-widget_type=\"text-editor.default\">\n\t\t\t\t<div class=\"elementor-widget-container\">\n\t\t\t\t\t\t\t\t\t<p>Il Fred Astaire Dance Studios Trophy System offre un modo semplice per tenere traccia dei propri progressi mentre ci si diverte a ballare! I nostri programmi Principianti e Social Foundation insegnano agli studenti pi\u00f9 giovani i passi e le tecniche per muoversi comodamente sulla pista da ballo. Da l\u00ec, gli studenti possono passare al programma Bronze Trophy (il pi\u00f9 popolare!), che consente loro di ballare su una pista di qualsiasi dimensione, con qualsiasi musica e con qualsiasi partner, sentendosi a proprio agio e sicuri di s\u00e9. Da qui, gli studenti possono continuare con il programma Silver e poi con il Gold!<\/p>\t\t\t\t\t\t\t\t<\/div>\n\t\t\t\t<\/div>\n\t\t\t\t<div class=\"elementor-element elementor-element-2436a82b elementor-widget elementor-widget-ha-creative-button happy-addon ha-creative-button\" data-id=\"2436a82b\" data-element_type=\"widget\" data-e-type=\"widget\" data-widget_type=\"ha-creative-button.default\">\n\t\t\t\t<div class=\"elementor-widget-container\">\n\t\t\t\t\t\t\t<div data-magnetic=\"no\" class=\"ha-creative-btn-wrap\">\n\t\t\t<a class=\"ha-creative-btn ha-stl--hermosa ha-eft--exploit\" href=\"\/napoli-chiaia\/it\/online-trophy-system\/\" rel=\"nofollow\"><span>Sistema di trofei online<\/span><\/a>\n\t\t<\/div>\t\t\t\t<\/div>\n\t\t\t\t<\/div>\n\t\t\t\t\t<\/div>\n\t\t<\/div>\n\t\t\t\t\t<\/div>\n\t\t<\/section>\n\t\t\t\t<section class=\"elementor-section elementor-top-section elementor-element elementor-element-13da564a elementor-section-boxed elementor-section-height-default elementor-section-height-default\" data-id=\"13da564a\" data-element_type=\"section\" data-e-type=\"section\" data-settings=\"{&quot;_ha_eqh_enable&quot;:false}\">\n\t\t\t\t\t\t<div class=\"elementor-container elementor-column-gap-default\">\n\t\t\t\t\t<div class=\"elementor-column elementor-col-100 elementor-top-column elementor-element elementor-element-46ef0a86\" data-id=\"46ef0a86\" data-element_type=\"column\" data-e-type=\"column\">\n\t\t\t<div class=\"elementor-widget-wrap elementor-element-populated\">\n\t\t\t\t\t\t<div class=\"elementor-element elementor-element-6a511045 elementor-widget elementor-widget-text-editor\" data-id=\"6a511045\" data-element_type=\"widget\" data-e-type=\"widget\" data-widget_type=\"text-editor.default\">\n\t\t\t\t<div class=\"elementor-widget-container\">\n\t\t\t\t\t\t\t\t\tIl ballo sociale \u00e8 uno dei passatempi pi\u00f9 popolari al mondo, praticato in ogni paese da persone di tutte le et\u00e0. Nell'arte di conoscere e andare d'accordo con le persone, il ballo \u00e8 un vero e proprio vantaggio sociale. La buona notizia \u00e8 che, essendo il ballo una forma naturale di autoespressione umana, ogni persona \u00e8 un potenziale ballerino! Presso i Fred Astaire Dance Studios scoprirete che imparare a ballare, come il ballo stesso, \u00e8 pieno di euforia e senso di realizzazione. Man mano che inizierete a padroneggiare quest'arte senza tempo, vi renderete conto degli innumerevoli benefici sociali, fisici, emotivi ed estetici della danza. Che siate principianti o ballerini esperti, il nostro staff far\u00e0 del suo meglio per far emergere il ballerino che \u00e8 in voi e per aiutarvi a raggiungere i vostri obiettivi di danza. E vi divertirete cos\u00ec tanto lungo il percorso che sappiamo che vorrete continuare a tornare! Contattateci oggi stesso, iniziamo!\t\t\t\t\t\t\t\t<\/div>\n\t\t\t\t<\/div>\n\t\t\t\t\t<\/div>\n\t\t<\/div>\n\t\t\t\t\t<\/div>\n\t\t<\/section>\n\t\t\t\t<\/div>","protected":false},"excerpt":{"rendered":"<p>Teaching Methods Fred Astaire Dance Studios\u2019 Teaching Methods It is our privilege to carry the trade name Fred Astaire Dance Studios, and we are committed to upholding the admired reputation of our co-founder, Mr. Fred Astaire, in everything we do. The warm, joyful, and 100% nonjudgmental atmosphere you\u2019ll discover at Fred Astaire Dance Studios is [&hellip;]<\/p>\n","protected":false},"author":313,"featured_media":0,"parent":0,"menu_order":0,"comment_status":"closed","ping_status":"closed","template":"","meta":{"_acf_changed":false,"footnotes":""},"class_list":["post-7814","page","type-page","status-publish","hentry"],"acf":[],"_links":{"self":[{"href":"https:\/\/www.fredastaire.com\/napoli-chiaia\/it\/wp-json\/wp\/v2\/pages\/7814","targetHints":{"allow":["GET"]}}],"collection":[{"href":"https:\/\/www.fredastaire.com\/napoli-chiaia\/it\/wp-json\/wp\/v2\/pages"}],"about":[{"href":"https:\/\/www.fredastaire.com\/napoli-chiaia\/it\/wp-json\/wp\/v2\/types\/page"}],"author":[{"embeddable":true,"href":"https:\/\/www.fredastaire.com\/napoli-chiaia\/it\/wp-json\/wp\/v2\/users\/313"}],"replies":[{"embeddable":true,"href":"https:\/\/www.fredastaire.com\/napoli-chiaia\/it\/wp-json\/wp\/v2\/comments?post=7814"}],"version-history":[{"count":0,"href":"https:\/\/www.fredastaire.com\/napoli-chiaia\/it\/wp-json\/wp\/v2\/pages\/7814\/revisions"}],"wp:attachment":[{"href":"https:\/\/www.fredastaire.com\/napoli-chiaia\/it\/wp-json\/wp\/v2\/media?parent=7814"}],"curies":[{"name":"wp","href":"https:\/\/api.w.org\/{rel}","templated":true}]}}